{"id":21813,"date":"2023-09-26T16:33:36","date_gmt":"2023-09-26T14:33:36","guid":{"rendered":"https:\/\/accessrec.eu\/product\/Bez kategorije\/romy-pmr-svlacionica-za-plazu-u-pvc-u\/"},"modified":"2023-09-26T16:33:36","modified_gmt":"2023-09-26T14:33:36","slug":"romy-pmr-svlacionica-za-plazu-u-pvc-u","status":"publish","type":"product","link":"https:\/\/accessrec.eu\/non-classe\/romy-pmr-svlacionica-za-plazu-u-pvc-u\/","title":{"rendered":"Romy &#8211; PMR svla\u010dionica za pla\u017eu u PVC-u"},"content":{"rendered":"","protected":false},"excerpt":{"rendered":"<p>PVC kabina dostupna svima<\/p>\n","protected":false},"featured_media":0,"comment_status":"open","ping_status":"closed","template":"","meta":{"_acf_changed":false,"site-sidebar-layout":"default","site-content-layout":"default","ast-site-content-layout":"","site-content-style":"default","site-sidebar-style":"default","ast-global-header-display":"","ast-banner-title-visibility":"","ast-main-header-display":"","ast-hfb-above-header-display":"","ast-hfb-below-header-display":"","ast-hfb-mobile-header-display":"","site-post-title":"","ast-breadcrumbs-content":"","ast-featured-img":"","footer-sml-layout":"","theme-transparent-header-meta":"default","adv-header-id-meta":"","stick-header-meta":"","header-above-stick-meta":"","header-main-stick-meta":"","header-below-stick-meta":"","astra-migrate-meta-layouts":"default","ast-page-background-enabled":"default","ast-page-background-meta":{"desktop":{"background-color":"","background-image":"","background-repeat":"repeat","background-position":"center center","background-size":"auto","background-attachment":"scroll","background-type":"","background-media":"","overlay-type":"","overlay-color":"","overlay-opacity":"","overlay-gradient":""},"tablet":{"background-color":"","background-image":"","background-repeat":"repeat","background-position":"center center","background-size":"auto","background-attachment":"scroll","background-type":"","background-media":"","overlay-type":"","overlay-color":"","overlay-opacity":"","overlay-gradient":""},"mobile":{"background-color":"","background-image":"","background-repeat":"repeat","background-position":"center center","background-size":"auto","background-attachment":"scroll","background-type":"","background-media":"","overlay-type":"","overlay-color":"","overlay-opacity":"","overlay-gradient":""}},"ast-content-background-meta":{"desktop":{"background-color":"var(--ast-global-color-5)","background-image":"","background-repeat":"repeat","background-position":"center center","background-size":"auto","background-attachment":"scroll","background-type":"","background-media":"","overlay-type":"","overlay-color":"","overlay-opacity":"","overlay-gradient":""},"tablet":{"background-color":"var(--ast-global-color-5)","background-image":"","background-repeat":"repeat","background-position":"center center","background-size":"auto","background-attachment":"scroll","background-type":"","background-media":"","overlay-type":"","overlay-color":"","overlay-opacity":"","overlay-gradient":""},"mobile":{"background-color":"var(--ast-global-color-5)","background-image":"","background-repeat":"repeat","background-position":"center center","background-size":"auto","background-attachment":"scroll","background-type":"","background-media":"","overlay-type":"","overlay-color":"","overlay-opacity":"","overlay-gradient":""}}},"product_brand":[],"product_cat":[23],"product_tag":[],"class_list":{"0":"post-21813","1":"product","2":"type-product","3":"status-publish","5":"product_cat-non-classe","6":"desktop-align-left","7":"tablet-align-left","8":"mobile-align-left","10":"first","11":"instock","12":"taxable","13":"shipping-taxable","14":"purchasable","15":"product-type-simple"},"acf":[],"yoast_head":"<!-- This site is optimized with the Yoast SEO plugin v27.5 - https:\/\/yoast.com\/product\/yoast-seo-wordpress\/ -->\n<title>Romy - PMR svla\u010dionica za pla\u017eu u PVC-u | Accessrec<\/title>\n<meta name=\"description\" content=\"Romy je PVC PMR svla\u010dionica za pla\u017eu koja vam omogu\u0107uje presvla\u010denje izvan vidokruga. Romy svla\u010dionica za pla\u017eu prakti\u010dno je i uklonjivo rje\u0161enje koje \u0107e dodati karakter va\u0161oj pla\u017ei ili vrtu.\" \/>\n<meta name=\"robots\" content=\"index, follow, max-snippet:-1, max-image-preview:large, max-video-preview:-1\" \/>\n<link rel=\"canonical\" href=\"https:\/\/accessrec.eu\/ar\/non-classe\/romy-pmr-svlacionica-za-plazu-u-pvc-u\/\" \/>\n<meta property=\"og:locale\" content=\"ar_AR\" \/>\n<meta property=\"og:type\" content=\"article\" \/>\n<meta property=\"og:title\" content=\"Romy - PMR svla\u010dionica za pla\u017eu u PVC-u | Accessrec\" \/>\n<meta property=\"og:description\" content=\"Romy je PVC PMR svla\u010dionica za pla\u017eu koja vam omogu\u0107uje presvla\u010denje izvan vidokruga. Romy svla\u010dionica za pla\u017eu prakti\u010dno je i uklonjivo rje\u0161enje koje \u0107e dodati karakter va\u0161oj pla\u017ei ili vrtu.\" \/>\n<meta property=\"og:url\" content=\"https:\/\/accessrec.eu\/non-classe\/romy-pmr-svlacionica-za-plazu-u-pvc-u\/\" \/>\n<meta property=\"og:site_name\" content=\"Accessrec\" \/>\n<meta name=\"twitter:card\" content=\"summary_large_image\" \/>\n<script type=\"application\/ld+json\" class=\"yoast-schema-graph\">{\"@context\":\"https:\\\/\\\/schema.org\",\"@graph\":[{\"@type\":\"WebPage\",\"@id\":\"https:\\\/\\\/accessrec.eu\\\/non-classe\\\/romy-pmr-svlacionica-za-plazu-u-pvc-u\\\/\",\"url\":\"https:\\\/\\\/accessrec.eu\\\/non-classe\\\/romy-pmr-svlacionica-za-plazu-u-pvc-u\\\/\",\"name\":\"Romy - PMR svla\u010dionica za pla\u017eu u PVC-u | Accessrec\",\"isPartOf\":{\"@id\":\"https:\\\/\\\/accessrec.eu\\\/ar\\\/#website\"},\"datePublished\":\"2023-09-26T14:33:36+00:00\",\"description\":\"Romy je PVC PMR svla\u010dionica za pla\u017eu koja vam omogu\u0107uje presvla\u010denje izvan vidokruga. Romy svla\u010dionica za pla\u017eu prakti\u010dno je i uklonjivo rje\u0161enje koje \u0107e dodati karakter va\u0161oj pla\u017ei ili vrtu.\",\"breadcrumb\":{\"@id\":\"https:\\\/\\\/accessrec.eu\\\/non-classe\\\/romy-pmr-svlacionica-za-plazu-u-pvc-u\\\/#breadcrumb\"},\"inLanguage\":\"ar\",\"potentialAction\":[{\"@type\":\"ReadAction\",\"target\":[\"https:\\\/\\\/accessrec.eu\\\/non-classe\\\/romy-pmr-svlacionica-za-plazu-u-pvc-u\\\/\"]}]},{\"@type\":\"BreadcrumbList\",\"@id\":\"https:\\\/\\\/accessrec.eu\\\/non-classe\\\/romy-pmr-svlacionica-za-plazu-u-pvc-u\\\/#breadcrumb\",\"itemListElement\":[{\"@type\":\"ListItem\",\"position\":1,\"name\":\"Accueil\",\"item\":\"https:\\\/\\\/accessrec.eu\\\/ar\\\/?page_id=36299\"},{\"@type\":\"ListItem\",\"position\":2,\"name\":\"\u0627\u0644\u0645\u0646\u062a\u062c\u0627\u062a\",\"item\":\"https:\\\/\\\/accessrec.eu\\\/ar\\\/shop\\\/\"},{\"@type\":\"ListItem\",\"position\":3,\"name\":\"Romy &#8211; PMR svla\u010dionica za pla\u017eu u PVC-u\"}]},{\"@type\":\"WebSite\",\"@id\":\"https:\\\/\\\/accessrec.eu\\\/ar\\\/#website\",\"url\":\"https:\\\/\\\/accessrec.eu\\\/ar\\\/\",\"name\":\"Accessrec\",\"description\":\"\",\"publisher\":{\"@id\":\"https:\\\/\\\/accessrec.eu\\\/ar\\\/#organization\"},\"potentialAction\":[{\"@type\":\"SearchAction\",\"target\":{\"@type\":\"EntryPoint\",\"urlTemplate\":\"https:\\\/\\\/accessrec.eu\\\/ar\\\/?s={search_term_string}\"},\"query-input\":{\"@type\":\"PropertyValueSpecification\",\"valueRequired\":true,\"valueName\":\"search_term_string\"}}],\"inLanguage\":\"ar\"},{\"@type\":\"Organization\",\"@id\":\"https:\\\/\\\/accessrec.eu\\\/ar\\\/#organization\",\"name\":\"Accessrec\",\"url\":\"https:\\\/\\\/accessrec.eu\\\/ar\\\/\",\"logo\":{\"@type\":\"ImageObject\",\"inLanguage\":\"ar\",\"@id\":\"https:\\\/\\\/accessrec.eu\\\/ar\\\/#\\\/schema\\\/logo\\\/image\\\/\",\"url\":\"https:\\\/\\\/accessrec.eu\\\/wp-content\\\/uploads\\\/2025\\\/11\\\/accessrec-by-deschamps.webp\",\"contentUrl\":\"https:\\\/\\\/accessrec.eu\\\/wp-content\\\/uploads\\\/2025\\\/11\\\/accessrec-by-deschamps.webp\",\"width\":600,\"height\":150,\"caption\":\"Accessrec\"},\"image\":{\"@id\":\"https:\\\/\\\/accessrec.eu\\\/ar\\\/#\\\/schema\\\/logo\\\/image\\\/\"}}]}<\/script>\n<!-- \/ Yoast SEO plugin. -->","yoast_head_json":{"title":"Romy - PMR svla\u010dionica za pla\u017eu u PVC-u | Accessrec","description":"Romy je PVC PMR svla\u010dionica za pla\u017eu koja vam omogu\u0107uje presvla\u010denje izvan vidokruga. Romy svla\u010dionica za pla\u017eu prakti\u010dno je i uklonjivo rje\u0161enje koje \u0107e dodati karakter va\u0161oj pla\u017ei ili vrtu.","robots":{"index":"index","follow":"follow","max-snippet":"max-snippet:-1","max-image-preview":"max-image-preview:large","max-video-preview":"max-video-preview:-1"},"canonical":"https:\/\/accessrec.eu\/ar\/non-classe\/romy-pmr-svlacionica-za-plazu-u-pvc-u\/","og_locale":"ar_AR","og_type":"article","og_title":"Romy - PMR svla\u010dionica za pla\u017eu u PVC-u | Accessrec","og_description":"Romy je PVC PMR svla\u010dionica za pla\u017eu koja vam omogu\u0107uje presvla\u010denje izvan vidokruga. Romy svla\u010dionica za pla\u017eu prakti\u010dno je i uklonjivo rje\u0161enje koje \u0107e dodati karakter va\u0161oj pla\u017ei ili vrtu.","og_url":"https:\/\/accessrec.eu\/non-classe\/romy-pmr-svlacionica-za-plazu-u-pvc-u\/","og_site_name":"Accessrec","twitter_card":"summary_large_image","schema":{"@context":"https:\/\/schema.org","@graph":[{"@type":"WebPage","@id":"https:\/\/accessrec.eu\/non-classe\/romy-pmr-svlacionica-za-plazu-u-pvc-u\/","url":"https:\/\/accessrec.eu\/non-classe\/romy-pmr-svlacionica-za-plazu-u-pvc-u\/","name":"Romy - PMR svla\u010dionica za pla\u017eu u PVC-u | Accessrec","isPartOf":{"@id":"https:\/\/accessrec.eu\/ar\/#website"},"datePublished":"2023-09-26T14:33:36+00:00","description":"Romy je PVC PMR svla\u010dionica za pla\u017eu koja vam omogu\u0107uje presvla\u010denje izvan vidokruga. Romy svla\u010dionica za pla\u017eu prakti\u010dno je i uklonjivo rje\u0161enje koje \u0107e dodati karakter va\u0161oj pla\u017ei ili vrtu.","breadcrumb":{"@id":"https:\/\/accessrec.eu\/non-classe\/romy-pmr-svlacionica-za-plazu-u-pvc-u\/#breadcrumb"},"inLanguage":"ar","potentialAction":[{"@type":"ReadAction","target":["https:\/\/accessrec.eu\/non-classe\/romy-pmr-svlacionica-za-plazu-u-pvc-u\/"]}]},{"@type":"BreadcrumbList","@id":"https:\/\/accessrec.eu\/non-classe\/romy-pmr-svlacionica-za-plazu-u-pvc-u\/#breadcrumb","itemListElement":[{"@type":"ListItem","position":1,"name":"Accueil","item":"https:\/\/accessrec.eu\/ar\/?page_id=36299"},{"@type":"ListItem","position":2,"name":"\u0627\u0644\u0645\u0646\u062a\u062c\u0627\u062a","item":"https:\/\/accessrec.eu\/ar\/shop\/"},{"@type":"ListItem","position":3,"name":"Romy &#8211; PMR svla\u010dionica za pla\u017eu u PVC-u"}]},{"@type":"WebSite","@id":"https:\/\/accessrec.eu\/ar\/#website","url":"https:\/\/accessrec.eu\/ar\/","name":"Accessrec","description":"","publisher":{"@id":"https:\/\/accessrec.eu\/ar\/#organization"},"potentialAction":[{"@type":"SearchAction","target":{"@type":"EntryPoint","urlTemplate":"https:\/\/accessrec.eu\/ar\/?s={search_term_string}"},"query-input":{"@type":"PropertyValueSpecification","valueRequired":true,"valueName":"search_term_string"}}],"inLanguage":"ar"},{"@type":"Organization","@id":"https:\/\/accessrec.eu\/ar\/#organization","name":"Accessrec","url":"https:\/\/accessrec.eu\/ar\/","logo":{"@type":"ImageObject","inLanguage":"ar","@id":"https:\/\/accessrec.eu\/ar\/#\/schema\/logo\/image\/","url":"https:\/\/accessrec.eu\/wp-content\/uploads\/2025\/11\/accessrec-by-deschamps.webp","contentUrl":"https:\/\/accessrec.eu\/wp-content\/uploads\/2025\/11\/accessrec-by-deschamps.webp","width":600,"height":150,"caption":"Accessrec"},"image":{"@id":"https:\/\/accessrec.eu\/ar\/#\/schema\/logo\/image\/"}}]}},"_links":{"self":[{"href":"https:\/\/accessrec.eu\/ar\/wp-json\/wp\/v2\/product\/21813","targetHints":{"allow":["GET"]}}],"collection":[{"href":"https:\/\/accessrec.eu\/ar\/wp-json\/wp\/v2\/product"}],"about":[{"href":"https:\/\/accessrec.eu\/ar\/wp-json\/wp\/v2\/types\/product"}],"replies":[{"embeddable":true,"href":"https:\/\/accessrec.eu\/ar\/wp-json\/wp\/v2\/comments?post=21813"}],"wp:attachment":[{"href":"https:\/\/accessrec.eu\/ar\/wp-json\/wp\/v2\/media?parent=21813"}],"wp:term":[{"taxonomy":"product_brand","embeddable":true,"href":"https:\/\/accessrec.eu\/ar\/wp-json\/wp\/v2\/product_brand?post=21813"},{"taxonomy":"product_cat","embeddable":true,"href":"https:\/\/accessrec.eu\/ar\/wp-json\/wp\/v2\/product_cat?post=21813"},{"taxonomy":"product_tag","embeddable":true,"href":"https:\/\/accessrec.eu\/ar\/wp-json\/wp\/v2\/product_tag?post=21813"}],"curies":[{"name":"wp","href":"https:\/\/api.w.org\/{rel}","templated":true}]}}