{"id":4025,"date":"2022-04-11T17:23:31","date_gmt":"2022-04-11T15:23:31","guid":{"rendered":"https:\/\/accessrec.projets-commpagnie.com\/?post_type=product&#038;p=4025"},"modified":"2025-07-11T11:57:44","modified_gmt":"2025-07-11T09:57:44","slug":"sangle-en-polyester-de-transport-des-tapis-avec-poignee-integree","status":"publish","type":"product","link":"https:\/\/accessrec.eu\/pieces-detachees\/sangle-en-polyester-de-transport-des-tapis-avec-poignee-integree\/","title":{"rendered":"Sangle en polyester"},"content":{"rendered":"","protected":false},"excerpt":{"rendered":"<p>Permet le transport des tapis avec poign\u00e9e int\u00e9gr\u00e9e<\/p>\n","protected":false},"featured_media":4027,"comment_status":"open","ping_status":"closed","template":"","meta":{"_acf_changed":false,"site-sidebar-layout":"default","site-content-layout":"default","ast-site-content-layout":"","site-content-style":"default","site-sidebar-style":"default","ast-global-header-display":"","ast-banner-title-visibility":"","ast-main-header-display":"","ast-hfb-above-header-display":"","ast-hfb-below-header-display":"","ast-hfb-mobile-header-display":"","site-post-title":"","ast-breadcrumbs-content":"","ast-featured-img":"","footer-sml-layout":"","theme-transparent-header-meta":"default","adv-header-id-meta":"","stick-header-meta":"","header-above-stick-meta":"","header-main-stick-meta":"","header-below-stick-meta":"","astra-migrate-meta-layouts":"default","ast-page-background-enabled":"default","ast-page-background-meta":{"desktop":{"background-color":"","background-image":"","background-repeat":"repeat","background-position":"center center","background-size":"auto","background-attachment":"scroll","background-type":"","background-media":"","overlay-type":"","overlay-color":"","overlay-opacity":"","overlay-gradient":""},"tablet":{"background-color":"","background-image":"","background-repeat":"repeat","background-position":"center center","background-size":"auto","background-attachment":"scroll","background-type":"","background-media":"","overlay-type":"","overlay-color":"","overlay-opacity":"","overlay-gradient":""},"mobile":{"background-color":"","background-image":"","background-repeat":"repeat","background-position":"center center","background-size":"auto","background-attachment":"scroll","background-type":"","background-media":"","overlay-type":"","overlay-color":"","overlay-opacity":"","overlay-gradient":""}},"ast-content-background-meta":{"desktop":{"background-color":"var(--ast-global-color-5)","background-image":"","background-repeat":"repeat","background-position":"center center","background-size":"auto","background-attachment":"scroll","background-type":"","background-media":"","overlay-type":"","overlay-color":"","overlay-opacity":"","overlay-gradient":""},"tablet":{"background-color":"var(--ast-global-color-5)","background-image":"","background-repeat":"repeat","background-position":"center center","background-size":"auto","background-attachment":"scroll","background-type":"","background-media":"","overlay-type":"","overlay-color":"","overlay-opacity":"","overlay-gradient":""},"mobile":{"background-color":"var(--ast-global-color-5)","background-image":"","background-repeat":"repeat","background-position":"center center","background-size":"auto","background-attachment":"scroll","background-type":"","background-media":"","overlay-type":"","overlay-color":"","overlay-opacity":"","overlay-gradient":""}}},"product_brand":[],"product_cat":[89],"product_tag":[],"class_list":{"0":"post-4025","1":"product","2":"type-product","3":"status-publish","4":"has-post-thumbnail","6":"product_cat-pieces-detachees","7":"desktop-align-left","8":"tablet-align-left","9":"mobile-align-left","11":"first","12":"instock","13":"taxable","14":"shipping-taxable","15":"purchasable","16":"product-type-simple"},"acf":[],"yoast_head":"<!-- This site is optimized with the Yoast SEO plugin v27.5 - https:\/\/yoast.com\/product\/yoast-seo-wordpress\/ -->\n<title>Sangle en polyester | Accessrec<\/title>\n<meta name=\"robots\" content=\"index, follow, max-snippet:-1, max-image-preview:large, max-video-preview:-1\" \/>\n<link rel=\"canonical\" href=\"https:\/\/accessrec.eu\/ar\/pieces-detachees\/sangle-en-polyester-de-transport-des-tapis-avec-poignee-integree\/\" \/>\n<meta property=\"og:locale\" content=\"ar_AR\" \/>\n<meta property=\"og:type\" content=\"article\" \/>\n<meta property=\"og:title\" content=\"Sangle en polyester | Accessrec\" \/>\n<meta property=\"og:description\" content=\"Permet le transport des tapis avec poign\u00e9e int\u00e9gr\u00e9e\" \/>\n<meta property=\"og:url\" content=\"https:\/\/accessrec.eu\/pieces-detachees\/sangle-en-polyester-de-transport-des-tapis-avec-poignee-integree\/\" \/>\n<meta property=\"og:site_name\" content=\"Accessrec\" \/>\n<meta property=\"article:modified_time\" content=\"2025-07-11T09:57:44+00:00\" \/>\n<meta property=\"og:image\" content=\"https:\/\/accessrec.eu\/wp-content\/uploads\/2022\/04\/sangle-polyester.jpg\" \/>\n\t<meta property=\"og:image:width\" content=\"855\" \/>\n\t<meta property=\"og:image:height\" content=\"624\" \/>\n\t<meta property=\"og:image:type\" content=\"image\/jpeg\" \/>\n<meta name=\"twitter:card\" content=\"summary_large_image\" \/>\n<meta name=\"twitter:label1\" content=\"\u0648\u0642\u062a \u0627\u0644\u0642\u0631\u0627\u0621\u0629 \u0627\u0644\u0645\u064f\u0642\u062f\u0651\u0631\" \/>\n\t<meta name=\"twitter:data1\" content=\"1 \u062f\u0642\u064a\u0642\u0629\" \/>\n<script type=\"application\/ld+json\" class=\"yoast-schema-graph\">{\"@context\":\"https:\\\/\\\/schema.org\",\"@graph\":[{\"@type\":\"WebPage\",\"@id\":\"https:\\\/\\\/accessrec.eu\\\/pieces-detachees\\\/sangle-en-polyester-de-transport-des-tapis-avec-poignee-integree\\\/\",\"url\":\"https:\\\/\\\/accessrec.eu\\\/pieces-detachees\\\/sangle-en-polyester-de-transport-des-tapis-avec-poignee-integree\\\/\",\"name\":\"Sangle en polyester | Accessrec\",\"isPartOf\":{\"@id\":\"https:\\\/\\\/accessrec.eu\\\/ar\\\/#website\"},\"primaryImageOfPage\":{\"@id\":\"https:\\\/\\\/accessrec.eu\\\/pieces-detachees\\\/sangle-en-polyester-de-transport-des-tapis-avec-poignee-integree\\\/#primaryimage\"},\"image\":{\"@id\":\"https:\\\/\\\/accessrec.eu\\\/pieces-detachees\\\/sangle-en-polyester-de-transport-des-tapis-avec-poignee-integree\\\/#primaryimage\"},\"thumbnailUrl\":\"https:\\\/\\\/accessrec.eu\\\/wp-content\\\/uploads\\\/2022\\\/04\\\/sangle-polyester.jpg\",\"datePublished\":\"2022-04-11T15:23:31+00:00\",\"dateModified\":\"2025-07-11T09:57:44+00:00\",\"breadcrumb\":{\"@id\":\"https:\\\/\\\/accessrec.eu\\\/pieces-detachees\\\/sangle-en-polyester-de-transport-des-tapis-avec-poignee-integree\\\/#breadcrumb\"},\"inLanguage\":\"ar\",\"potentialAction\":[{\"@type\":\"ReadAction\",\"target\":[\"https:\\\/\\\/accessrec.eu\\\/pieces-detachees\\\/sangle-en-polyester-de-transport-des-tapis-avec-poignee-integree\\\/\"]}]},{\"@type\":\"ImageObject\",\"inLanguage\":\"ar\",\"@id\":\"https:\\\/\\\/accessrec.eu\\\/pieces-detachees\\\/sangle-en-polyester-de-transport-des-tapis-avec-poignee-integree\\\/#primaryimage\",\"url\":\"https:\\\/\\\/accessrec.eu\\\/wp-content\\\/uploads\\\/2022\\\/04\\\/sangle-polyester.jpg\",\"contentUrl\":\"https:\\\/\\\/accessrec.eu\\\/wp-content\\\/uploads\\\/2022\\\/04\\\/sangle-polyester.jpg\",\"width\":855,\"height\":624,\"caption\":\"sangle polyester\"},{\"@type\":\"BreadcrumbList\",\"@id\":\"https:\\\/\\\/accessrec.eu\\\/pieces-detachees\\\/sangle-en-polyester-de-transport-des-tapis-avec-poignee-integree\\\/#breadcrumb\",\"itemListElement\":[{\"@type\":\"ListItem\",\"position\":1,\"name\":\"Accueil\",\"item\":\"https:\\\/\\\/accessrec.eu\\\/ar\\\/?page_id=36299\"},{\"@type\":\"ListItem\",\"position\":2,\"name\":\"\u0627\u0644\u0645\u0646\u062a\u062c\u0627\u062a\",\"item\":\"https:\\\/\\\/accessrec.eu\\\/ar\\\/shop\\\/\"},{\"@type\":\"ListItem\",\"position\":3,\"name\":\"Pi\u00e8ces d\u00e9tach\u00e9es\",\"item\":\"https:\\\/\\\/accessrec.eu\\\/pieces-detachees\\\/\"},{\"@type\":\"ListItem\",\"position\":4,\"name\":\"Sangle en polyester\"}]},{\"@type\":\"WebSite\",\"@id\":\"https:\\\/\\\/accessrec.eu\\\/ar\\\/#website\",\"url\":\"https:\\\/\\\/accessrec.eu\\\/ar\\\/\",\"name\":\"Accessrec\",\"description\":\"\",\"publisher\":{\"@id\":\"https:\\\/\\\/accessrec.eu\\\/ar\\\/#organization\"},\"potentialAction\":[{\"@type\":\"SearchAction\",\"target\":{\"@type\":\"EntryPoint\",\"urlTemplate\":\"https:\\\/\\\/accessrec.eu\\\/ar\\\/?s={search_term_string}\"},\"query-input\":{\"@type\":\"PropertyValueSpecification\",\"valueRequired\":true,\"valueName\":\"search_term_string\"}}],\"inLanguage\":\"ar\"},{\"@type\":\"Organization\",\"@id\":\"https:\\\/\\\/accessrec.eu\\\/ar\\\/#organization\",\"name\":\"Accessrec\",\"url\":\"https:\\\/\\\/accessrec.eu\\\/ar\\\/\",\"logo\":{\"@type\":\"ImageObject\",\"inLanguage\":\"ar\",\"@id\":\"https:\\\/\\\/accessrec.eu\\\/ar\\\/#\\\/schema\\\/logo\\\/image\\\/\",\"url\":\"https:\\\/\\\/accessrec.eu\\\/wp-content\\\/uploads\\\/2025\\\/11\\\/accessrec-by-deschamps.webp\",\"contentUrl\":\"https:\\\/\\\/accessrec.eu\\\/wp-content\\\/uploads\\\/2025\\\/11\\\/accessrec-by-deschamps.webp\",\"width\":600,\"height\":150,\"caption\":\"Accessrec\"},\"image\":{\"@id\":\"https:\\\/\\\/accessrec.eu\\\/ar\\\/#\\\/schema\\\/logo\\\/image\\\/\"}}]}<\/script>\n<!-- \/ Yoast SEO plugin. -->","yoast_head_json":{"title":"Sangle en polyester | Accessrec","robots":{"index":"index","follow":"follow","max-snippet":"max-snippet:-1","max-image-preview":"max-image-preview:large","max-video-preview":"max-video-preview:-1"},"canonical":"https:\/\/accessrec.eu\/ar\/pieces-detachees\/sangle-en-polyester-de-transport-des-tapis-avec-poignee-integree\/","og_locale":"ar_AR","og_type":"article","og_title":"Sangle en polyester | Accessrec","og_description":"Permet le transport des tapis avec poign\u00e9e int\u00e9gr\u00e9e","og_url":"https:\/\/accessrec.eu\/pieces-detachees\/sangle-en-polyester-de-transport-des-tapis-avec-poignee-integree\/","og_site_name":"Accessrec","article_modified_time":"2025-07-11T09:57:44+00:00","og_image":[{"width":855,"height":624,"url":"https:\/\/accessrec.eu\/wp-content\/uploads\/2022\/04\/sangle-polyester.jpg","type":"image\/jpeg"}],"twitter_card":"summary_large_image","twitter_misc":{"\u0648\u0642\u062a \u0627\u0644\u0642\u0631\u0627\u0621\u0629 \u0627\u0644\u0645\u064f\u0642\u062f\u0651\u0631":"1 \u062f\u0642\u064a\u0642\u0629"},"schema":{"@context":"https:\/\/schema.org","@graph":[{"@type":"WebPage","@id":"https:\/\/accessrec.eu\/pieces-detachees\/sangle-en-polyester-de-transport-des-tapis-avec-poignee-integree\/","url":"https:\/\/accessrec.eu\/pieces-detachees\/sangle-en-polyester-de-transport-des-tapis-avec-poignee-integree\/","name":"Sangle en polyester | Accessrec","isPartOf":{"@id":"https:\/\/accessrec.eu\/ar\/#website"},"primaryImageOfPage":{"@id":"https:\/\/accessrec.eu\/pieces-detachees\/sangle-en-polyester-de-transport-des-tapis-avec-poignee-integree\/#primaryimage"},"image":{"@id":"https:\/\/accessrec.eu\/pieces-detachees\/sangle-en-polyester-de-transport-des-tapis-avec-poignee-integree\/#primaryimage"},"thumbnailUrl":"https:\/\/accessrec.eu\/wp-content\/uploads\/2022\/04\/sangle-polyester.jpg","datePublished":"2022-04-11T15:23:31+00:00","dateModified":"2025-07-11T09:57:44+00:00","breadcrumb":{"@id":"https:\/\/accessrec.eu\/pieces-detachees\/sangle-en-polyester-de-transport-des-tapis-avec-poignee-integree\/#breadcrumb"},"inLanguage":"ar","potentialAction":[{"@type":"ReadAction","target":["https:\/\/accessrec.eu\/pieces-detachees\/sangle-en-polyester-de-transport-des-tapis-avec-poignee-integree\/"]}]},{"@type":"ImageObject","inLanguage":"ar","@id":"https:\/\/accessrec.eu\/pieces-detachees\/sangle-en-polyester-de-transport-des-tapis-avec-poignee-integree\/#primaryimage","url":"https:\/\/accessrec.eu\/wp-content\/uploads\/2022\/04\/sangle-polyester.jpg","contentUrl":"https:\/\/accessrec.eu\/wp-content\/uploads\/2022\/04\/sangle-polyester.jpg","width":855,"height":624,"caption":"sangle polyester"},{"@type":"BreadcrumbList","@id":"https:\/\/accessrec.eu\/pieces-detachees\/sangle-en-polyester-de-transport-des-tapis-avec-poignee-integree\/#breadcrumb","itemListElement":[{"@type":"ListItem","position":1,"name":"Accueil","item":"https:\/\/accessrec.eu\/ar\/?page_id=36299"},{"@type":"ListItem","position":2,"name":"\u0627\u0644\u0645\u0646\u062a\u062c\u0627\u062a","item":"https:\/\/accessrec.eu\/ar\/shop\/"},{"@type":"ListItem","position":3,"name":"Pi\u00e8ces d\u00e9tach\u00e9es","item":"https:\/\/accessrec.eu\/pieces-detachees\/"},{"@type":"ListItem","position":4,"name":"Sangle en polyester"}]},{"@type":"WebSite","@id":"https:\/\/accessrec.eu\/ar\/#website","url":"https:\/\/accessrec.eu\/ar\/","name":"Accessrec","description":"","publisher":{"@id":"https:\/\/accessrec.eu\/ar\/#organization"},"potentialAction":[{"@type":"SearchAction","target":{"@type":"EntryPoint","urlTemplate":"https:\/\/accessrec.eu\/ar\/?s={search_term_string}"},"query-input":{"@type":"PropertyValueSpecification","valueRequired":true,"valueName":"search_term_string"}}],"inLanguage":"ar"},{"@type":"Organization","@id":"https:\/\/accessrec.eu\/ar\/#organization","name":"Accessrec","url":"https:\/\/accessrec.eu\/ar\/","logo":{"@type":"ImageObject","inLanguage":"ar","@id":"https:\/\/accessrec.eu\/ar\/#\/schema\/logo\/image\/","url":"https:\/\/accessrec.eu\/wp-content\/uploads\/2025\/11\/accessrec-by-deschamps.webp","contentUrl":"https:\/\/accessrec.eu\/wp-content\/uploads\/2025\/11\/accessrec-by-deschamps.webp","width":600,"height":150,"caption":"Accessrec"},"image":{"@id":"https:\/\/accessrec.eu\/ar\/#\/schema\/logo\/image\/"}}]}},"_links":{"self":[{"href":"https:\/\/accessrec.eu\/ar\/wp-json\/wp\/v2\/product\/4025","targetHints":{"allow":["GET"]}}],"collection":[{"href":"https:\/\/accessrec.eu\/ar\/wp-json\/wp\/v2\/product"}],"about":[{"href":"https:\/\/accessrec.eu\/ar\/wp-json\/wp\/v2\/types\/product"}],"replies":[{"embeddable":true,"href":"https:\/\/accessrec.eu\/ar\/wp-json\/wp\/v2\/comments?post=4025"}],"wp:featuredmedia":[{"embeddable":true,"href":"https:\/\/accessrec.eu\/ar\/wp-json\/wp\/v2\/media\/4027"}],"wp:attachment":[{"href":"https:\/\/accessrec.eu\/ar\/wp-json\/wp\/v2\/media?parent=4025"}],"wp:term":[{"taxonomy":"product_brand","embeddable":true,"href":"https:\/\/accessrec.eu\/ar\/wp-json\/wp\/v2\/product_brand?post=4025"},{"taxonomy":"product_cat","embeddable":true,"href":"https:\/\/accessrec.eu\/ar\/wp-json\/wp\/v2\/product_cat?post=4025"},{"taxonomy":"product_tag","embeddable":true,"href":"https:\/\/accessrec.eu\/ar\/wp-json\/wp\/v2\/product_tag?post=4025"}],"curies":[{"name":"wp","href":"https:\/\/api.w.org\/{rel}","templated":true}]}}