{"id":15674,"date":"2023-01-19T15:07:18","date_gmt":"2023-01-19T14:07:18","guid":{"rendered":"https:\/\/accessrec.eu\/product\/Ikke%20kategoriseret\/aquaccess-mobile-den-mobile-poollift\/"},"modified":"2024-05-17T18:56:38","modified_gmt":"2024-05-17T16:56:38","slug":"adgangspulje-fri","status":"publish","type":"product","link":"https:\/\/accessrec.eu\/da\/bevaegelses-og-adgangsmaatter\/udstyr\/adgangspulje-fri\/","title":{"rendered":"Aquaccess Mobile &#8211; Den mobile poollift"},"content":{"rendered":"","protected":false},"excerpt":{"rendered":"<p>Mobil pool-lift<\/p>\n","protected":false},"featured_media":33440,"comment_status":"closed","ping_status":"closed","template":"","meta":{"_acf_changed":false,"site-sidebar-layout":"default","site-content-layout":"default","ast-site-content-layout":"default","site-content-style":"default","site-sidebar-style":"default","ast-global-header-display":"","ast-banner-title-visibility":"","ast-main-header-display":"","ast-hfb-above-header-display":"","ast-hfb-below-header-display":"","ast-hfb-mobile-header-display":"","site-post-title":"","ast-breadcrumbs-content":"","ast-featured-img":"","footer-sml-layout":"","theme-transparent-header-meta":"default","adv-header-id-meta":"","stick-header-meta":"","header-above-stick-meta":"","header-main-stick-meta":"","header-below-stick-meta":"","astra-migrate-meta-layouts":"default","ast-page-background-enabled":"default","ast-page-background-meta":{"desktop":{"background-color":"","background-image":"","background-repeat":"repeat","background-position":"center center","background-size":"auto","background-attachment":"scroll","background-type":"","background-media":"","overlay-type":"","overlay-color":"","overlay-opacity":"","overlay-gradient":""},"tablet":{"background-color":"","background-image":"","background-repeat":"repeat","background-position":"center center","background-size":"auto","background-attachment":"scroll","background-type":"","background-media":"","overlay-type":"","overlay-color":"","overlay-opacity":"","overlay-gradient":""},"mobile":{"background-color":"","background-image":"","background-repeat":"repeat","background-position":"center center","background-size":"auto","background-attachment":"scroll","background-type":"","background-media":"","overlay-type":"","overlay-color":"","overlay-opacity":"","overlay-gradient":""}},"ast-content-background-meta":{"desktop":{"background-color":"var(--ast-global-color-5)","background-image":"","background-repeat":"repeat","background-position":"center center","background-size":"auto","background-attachment":"scroll","background-type":"","background-media":"","overlay-type":"","overlay-color":"","overlay-opacity":"","overlay-gradient":""},"tablet":{"background-color":"var(--ast-global-color-5)","background-image":"","background-repeat":"repeat","background-position":"center center","background-size":"auto","background-attachment":"scroll","background-type":"","background-media":"","overlay-type":"","overlay-color":"","overlay-opacity":"","overlay-gradient":""},"mobile":{"background-color":"var(--ast-global-color-5)","background-image":"","background-repeat":"repeat","background-position":"center center","background-size":"auto","background-attachment":"scroll","background-type":"","background-media":"","overlay-type":"","overlay-color":"","overlay-opacity":"","overlay-gradient":""}}},"product_brand":[],"product_cat":[1194,1261],"product_tag":[],"class_list":{"0":"post-15674","1":"product","2":"type-product","3":"status-publish","4":"has-post-thumbnail","6":"product_cat-pool","7":"product_cat-udstyr","8":"product_shipping_class-gratis-forsendelse","9":"desktop-align-left","10":"tablet-align-left","11":"mobile-align-left","13":"first","14":"instock","15":"taxable","16":"shipping-taxable","17":"purchasable","18":"product-type-simple"},"acf":[],"yoast_head":"<!-- This site is optimized with the Yoast SEO plugin v27.5 - https:\/\/yoast.com\/product\/yoast-seo-wordpress\/ -->\n<title>Aquaccess Mobile - Den mobile poollift | Accessrec<\/title>\n<meta name=\"description\" content=\"Aquaccess Mobile er en mobil lift til indend\u00f8rs og udend\u00f8rs swimmingpools, der er tilpasset bev\u00e6gelsesh\u00e6mmede (PRM), og som er ideel til at forflytte sig komfortabelt fra omkl\u00e6dningsrummet til bassinkanten.\" \/>\n<meta name=\"robots\" content=\"index, follow, max-snippet:-1, max-image-preview:large, max-video-preview:-1\" \/>\n<link rel=\"canonical\" href=\"https:\/\/accessrec.eu\/da\/bevaegelses-og-adgangsmaatter\/udstyr\/adgangspulje-fri\/\" \/>\n<meta property=\"og:locale\" content=\"da_DK\" \/>\n<meta property=\"og:type\" content=\"article\" \/>\n<meta property=\"og:title\" content=\"Aquaccess Mobile - Den mobile poollift | Accessrec\" \/>\n<meta property=\"og:description\" content=\"Aquaccess Mobile er en mobil lift til indend\u00f8rs og udend\u00f8rs swimmingpools, der er tilpasset bev\u00e6gelsesh\u00e6mmede (PRM), og som er ideel til at forflytte sig komfortabelt fra omkl\u00e6dningsrummet til bassinkanten.\" \/>\n<meta property=\"og:url\" content=\"https:\/\/accessrec.eu\/da\/bevaegelses-og-adgangsmaatter\/udstyr\/adgangspulje-fri\/\" \/>\n<meta property=\"og:site_name\" content=\"Accessrec\" \/>\n<meta property=\"article:modified_time\" content=\"2024-05-17T16:56:38+00:00\" \/>\n<meta property=\"og:image\" content=\"https:\/\/accessrec.eu\/wp-content\/uploads\/2024\/03\/aquaccess-mobile-1.png\" \/>\n\t<meta property=\"og:image:width\" content=\"855\" \/>\n\t<meta property=\"og:image:height\" content=\"624\" \/>\n\t<meta property=\"og:image:type\" content=\"image\/png\" \/>\n<meta name=\"twitter:card\" content=\"summary_large_image\" \/>\n<script type=\"application\/ld+json\" class=\"yoast-schema-graph\">{\"@context\":\"https:\\\/\\\/schema.org\",\"@graph\":[{\"@type\":\"WebPage\",\"@id\":\"https:\\\/\\\/accessrec.eu\\\/da\\\/bevaegelses-og-adgangsmaatter\\\/udstyr\\\/adgangspulje-fri\\\/\",\"url\":\"https:\\\/\\\/accessrec.eu\\\/da\\\/bevaegelses-og-adgangsmaatter\\\/udstyr\\\/adgangspulje-fri\\\/\",\"name\":\"Aquaccess Mobile - Den mobile poollift | Accessrec\",\"isPartOf\":{\"@id\":\"https:\\\/\\\/accessrec.eu\\\/da\\\/#website\"},\"primaryImageOfPage\":{\"@id\":\"https:\\\/\\\/accessrec.eu\\\/da\\\/bevaegelses-og-adgangsmaatter\\\/udstyr\\\/adgangspulje-fri\\\/#primaryimage\"},\"image\":{\"@id\":\"https:\\\/\\\/accessrec.eu\\\/da\\\/bevaegelses-og-adgangsmaatter\\\/udstyr\\\/adgangspulje-fri\\\/#primaryimage\"},\"thumbnailUrl\":\"https:\\\/\\\/accessrec.eu\\\/wp-content\\\/uploads\\\/2023\\\/01\\\/DSCF6052-topaz-sharpen-scaled.jpg\",\"datePublished\":\"2023-01-19T14:07:18+00:00\",\"dateModified\":\"2024-05-17T16:56:38+00:00\",\"description\":\"Aquaccess Mobile er en mobil lift til indend\u00f8rs og udend\u00f8rs swimmingpools, der er tilpasset bev\u00e6gelsesh\u00e6mmede (PRM), og som er ideel til at forflytte sig komfortabelt fra omkl\u00e6dningsrummet til bassinkanten.\",\"breadcrumb\":{\"@id\":\"https:\\\/\\\/accessrec.eu\\\/da\\\/bevaegelses-og-adgangsmaatter\\\/udstyr\\\/adgangspulje-fri\\\/#breadcrumb\"},\"inLanguage\":\"da-DK\",\"potentialAction\":[{\"@type\":\"ReadAction\",\"target\":[\"https:\\\/\\\/accessrec.eu\\\/da\\\/bevaegelses-og-adgangsmaatter\\\/udstyr\\\/adgangspulje-fri\\\/\"]}]},{\"@type\":\"ImageObject\",\"inLanguage\":\"da-DK\",\"@id\":\"https:\\\/\\\/accessrec.eu\\\/da\\\/bevaegelses-og-adgangsmaatter\\\/udstyr\\\/adgangspulje-fri\\\/#primaryimage\",\"url\":\"https:\\\/\\\/accessrec.eu\\\/wp-content\\\/uploads\\\/2023\\\/01\\\/DSCF6052-topaz-sharpen-scaled.jpg\",\"contentUrl\":\"https:\\\/\\\/accessrec.eu\\\/wp-content\\\/uploads\\\/2023\\\/01\\\/DSCF6052-topaz-sharpen-scaled.jpg\",\"width\":2560,\"height\":1707},{\"@type\":\"BreadcrumbList\",\"@id\":\"https:\\\/\\\/accessrec.eu\\\/da\\\/bevaegelses-og-adgangsmaatter\\\/udstyr\\\/adgangspulje-fri\\\/#breadcrumb\",\"itemListElement\":[{\"@type\":\"ListItem\",\"position\":1,\"name\":\"Accueil\",\"item\":\"https:\\\/\\\/accessrec.eu\\\/da\\\/?page_id=36300\"},{\"@type\":\"ListItem\",\"position\":2,\"name\":\"Varer\",\"item\":\"https:\\\/\\\/accessrec.eu\\\/da\\\/shop\\\/\"},{\"@type\":\"ListItem\",\"position\":3,\"name\":\"Sv\u00f8mning og s\u00f8s\u00e6tning\",\"item\":\"https:\\\/\\\/accessrec.eu\\\/da\\\/svomning-og-sosaetning\\\/\"},{\"@type\":\"ListItem\",\"position\":4,\"name\":\"Pool\",\"item\":\"https:\\\/\\\/accessrec.eu\\\/da\\\/svomning-og-sosaetning\\\/pool\\\/\"},{\"@type\":\"ListItem\",\"position\":5,\"name\":\"Aquaccess Mobile &#8211; Den mobile poollift\"}]},{\"@type\":\"WebSite\",\"@id\":\"https:\\\/\\\/accessrec.eu\\\/da\\\/#website\",\"url\":\"https:\\\/\\\/accessrec.eu\\\/da\\\/\",\"name\":\"Accessrec\",\"description\":\"\",\"publisher\":{\"@id\":\"https:\\\/\\\/accessrec.eu\\\/da\\\/#organization\"},\"potentialAction\":[{\"@type\":\"SearchAction\",\"target\":{\"@type\":\"EntryPoint\",\"urlTemplate\":\"https:\\\/\\\/accessrec.eu\\\/da\\\/?s={search_term_string}\"},\"query-input\":{\"@type\":\"PropertyValueSpecification\",\"valueRequired\":true,\"valueName\":\"search_term_string\"}}],\"inLanguage\":\"da-DK\"},{\"@type\":\"Organization\",\"@id\":\"https:\\\/\\\/accessrec.eu\\\/da\\\/#organization\",\"name\":\"Accessrec\",\"url\":\"https:\\\/\\\/accessrec.eu\\\/da\\\/\",\"logo\":{\"@type\":\"ImageObject\",\"inLanguage\":\"da-DK\",\"@id\":\"https:\\\/\\\/accessrec.eu\\\/da\\\/#\\\/schema\\\/logo\\\/image\\\/\",\"url\":\"https:\\\/\\\/accessrec.eu\\\/wp-content\\\/uploads\\\/2025\\\/11\\\/accessrec-by-deschamps.webp\",\"contentUrl\":\"https:\\\/\\\/accessrec.eu\\\/wp-content\\\/uploads\\\/2025\\\/11\\\/accessrec-by-deschamps.webp\",\"width\":600,\"height\":150,\"caption\":\"Accessrec\"},\"image\":{\"@id\":\"https:\\\/\\\/accessrec.eu\\\/da\\\/#\\\/schema\\\/logo\\\/image\\\/\"}}]}<\/script>\n<!-- \/ Yoast SEO plugin. -->","yoast_head_json":{"title":"Aquaccess Mobile - Den mobile poollift | Accessrec","description":"Aquaccess Mobile er en mobil lift til indend\u00f8rs og udend\u00f8rs swimmingpools, der er tilpasset bev\u00e6gelsesh\u00e6mmede (PRM), og som er ideel til at forflytte sig komfortabelt fra omkl\u00e6dningsrummet til bassinkanten.","robots":{"index":"index","follow":"follow","max-snippet":"max-snippet:-1","max-image-preview":"max-image-preview:large","max-video-preview":"max-video-preview:-1"},"canonical":"https:\/\/accessrec.eu\/da\/bevaegelses-og-adgangsmaatter\/udstyr\/adgangspulje-fri\/","og_locale":"da_DK","og_type":"article","og_title":"Aquaccess Mobile - Den mobile poollift | Accessrec","og_description":"Aquaccess Mobile er en mobil lift til indend\u00f8rs og udend\u00f8rs swimmingpools, der er tilpasset bev\u00e6gelsesh\u00e6mmede (PRM), og som er ideel til at forflytte sig komfortabelt fra omkl\u00e6dningsrummet til bassinkanten.","og_url":"https:\/\/accessrec.eu\/da\/bevaegelses-og-adgangsmaatter\/udstyr\/adgangspulje-fri\/","og_site_name":"Accessrec","article_modified_time":"2024-05-17T16:56:38+00:00","og_image":[{"width":855,"height":624,"url":"https:\/\/accessrec.eu\/wp-content\/uploads\/2024\/03\/aquaccess-mobile-1.png","type":"image\/png"}],"twitter_card":"summary_large_image","schema":{"@context":"https:\/\/schema.org","@graph":[{"@type":"WebPage","@id":"https:\/\/accessrec.eu\/da\/bevaegelses-og-adgangsmaatter\/udstyr\/adgangspulje-fri\/","url":"https:\/\/accessrec.eu\/da\/bevaegelses-og-adgangsmaatter\/udstyr\/adgangspulje-fri\/","name":"Aquaccess Mobile - Den mobile poollift | Accessrec","isPartOf":{"@id":"https:\/\/accessrec.eu\/da\/#website"},"primaryImageOfPage":{"@id":"https:\/\/accessrec.eu\/da\/bevaegelses-og-adgangsmaatter\/udstyr\/adgangspulje-fri\/#primaryimage"},"image":{"@id":"https:\/\/accessrec.eu\/da\/bevaegelses-og-adgangsmaatter\/udstyr\/adgangspulje-fri\/#primaryimage"},"thumbnailUrl":"https:\/\/accessrec.eu\/wp-content\/uploads\/2023\/01\/DSCF6052-topaz-sharpen-scaled.jpg","datePublished":"2023-01-19T14:07:18+00:00","dateModified":"2024-05-17T16:56:38+00:00","description":"Aquaccess Mobile er en mobil lift til indend\u00f8rs og udend\u00f8rs swimmingpools, der er tilpasset bev\u00e6gelsesh\u00e6mmede (PRM), og som er ideel til at forflytte sig komfortabelt fra omkl\u00e6dningsrummet til bassinkanten.","breadcrumb":{"@id":"https:\/\/accessrec.eu\/da\/bevaegelses-og-adgangsmaatter\/udstyr\/adgangspulje-fri\/#breadcrumb"},"inLanguage":"da-DK","potentialAction":[{"@type":"ReadAction","target":["https:\/\/accessrec.eu\/da\/bevaegelses-og-adgangsmaatter\/udstyr\/adgangspulje-fri\/"]}]},{"@type":"ImageObject","inLanguage":"da-DK","@id":"https:\/\/accessrec.eu\/da\/bevaegelses-og-adgangsmaatter\/udstyr\/adgangspulje-fri\/#primaryimage","url":"https:\/\/accessrec.eu\/wp-content\/uploads\/2023\/01\/DSCF6052-topaz-sharpen-scaled.jpg","contentUrl":"https:\/\/accessrec.eu\/wp-content\/uploads\/2023\/01\/DSCF6052-topaz-sharpen-scaled.jpg","width":2560,"height":1707},{"@type":"BreadcrumbList","@id":"https:\/\/accessrec.eu\/da\/bevaegelses-og-adgangsmaatter\/udstyr\/adgangspulje-fri\/#breadcrumb","itemListElement":[{"@type":"ListItem","position":1,"name":"Accueil","item":"https:\/\/accessrec.eu\/da\/?page_id=36300"},{"@type":"ListItem","position":2,"name":"Varer","item":"https:\/\/accessrec.eu\/da\/shop\/"},{"@type":"ListItem","position":3,"name":"Sv\u00f8mning og s\u00f8s\u00e6tning","item":"https:\/\/accessrec.eu\/da\/svomning-og-sosaetning\/"},{"@type":"ListItem","position":4,"name":"Pool","item":"https:\/\/accessrec.eu\/da\/svomning-og-sosaetning\/pool\/"},{"@type":"ListItem","position":5,"name":"Aquaccess Mobile &#8211; Den mobile poollift"}]},{"@type":"WebSite","@id":"https:\/\/accessrec.eu\/da\/#website","url":"https:\/\/accessrec.eu\/da\/","name":"Accessrec","description":"","publisher":{"@id":"https:\/\/accessrec.eu\/da\/#organization"},"potentialAction":[{"@type":"SearchAction","target":{"@type":"EntryPoint","urlTemplate":"https:\/\/accessrec.eu\/da\/?s={search_term_string}"},"query-input":{"@type":"PropertyValueSpecification","valueRequired":true,"valueName":"search_term_string"}}],"inLanguage":"da-DK"},{"@type":"Organization","@id":"https:\/\/accessrec.eu\/da\/#organization","name":"Accessrec","url":"https:\/\/accessrec.eu\/da\/","logo":{"@type":"ImageObject","inLanguage":"da-DK","@id":"https:\/\/accessrec.eu\/da\/#\/schema\/logo\/image\/","url":"https:\/\/accessrec.eu\/wp-content\/uploads\/2025\/11\/accessrec-by-deschamps.webp","contentUrl":"https:\/\/accessrec.eu\/wp-content\/uploads\/2025\/11\/accessrec-by-deschamps.webp","width":600,"height":150,"caption":"Accessrec"},"image":{"@id":"https:\/\/accessrec.eu\/da\/#\/schema\/logo\/image\/"}}]}},"_links":{"self":[{"href":"https:\/\/accessrec.eu\/da\/wp-json\/wp\/v2\/product\/15674","targetHints":{"allow":["GET"]}}],"collection":[{"href":"https:\/\/accessrec.eu\/da\/wp-json\/wp\/v2\/product"}],"about":[{"href":"https:\/\/accessrec.eu\/da\/wp-json\/wp\/v2\/types\/product"}],"replies":[{"embeddable":true,"href":"https:\/\/accessrec.eu\/da\/wp-json\/wp\/v2\/comments?post=15674"}],"wp:featuredmedia":[{"embeddable":true,"href":"https:\/\/accessrec.eu\/da\/wp-json\/wp\/v2\/media\/33440"}],"wp:attachment":[{"href":"https:\/\/accessrec.eu\/da\/wp-json\/wp\/v2\/media?parent=15674"}],"wp:term":[{"taxonomy":"product_brand","embeddable":true,"href":"https:\/\/accessrec.eu\/da\/wp-json\/wp\/v2\/product_brand?post=15674"},{"taxonomy":"product_cat","embeddable":true,"href":"https:\/\/accessrec.eu\/da\/wp-json\/wp\/v2\/product_cat?post=15674"},{"taxonomy":"product_tag","embeddable":true,"href":"https:\/\/accessrec.eu\/da\/wp-json\/wp\/v2\/product_tag?post=15674"}],"curies":[{"name":"wp","href":"https:\/\/api.w.org\/{rel}","templated":true}]}}