{"id":17060,"date":"2022-05-03T01:43:41","date_gmt":"2022-05-02T23:43:41","guid":{"rendered":"https:\/\/accessrec.eu\/product\/Ikke%20kategoriseret\/accessmat-den-bedste-adgangsmaatte-til-stranden\/"},"modified":"2024-05-28T09:15:28","modified_gmt":"2024-05-28T07:15:28","slug":"mobi-mat","status":"publish","type":"product","link":"https:\/\/accessrec.eu\/da\/bevaegelses-og-adgangsmaatter\/lobere-og-taepper\/accessmat\/","title":{"rendered":"Mobi-Mat &#8211; Den bedste adgangsm\u00e5tte til stranden"},"content":{"rendered":"","protected":false},"excerpt":{"rendered":"<p>Skridsikre m\u00e5tter til at skabe adgang til strande<\/p>\n","protected":false},"featured_media":31077,"comment_status":"open","ping_status":"closed","template":"","meta":{"_acf_changed":false,"site-sidebar-layout":"default","site-content-layout":"default","ast-site-content-layout":"default","site-content-style":"default","site-sidebar-style":"default","ast-global-header-display":"","ast-banner-title-visibility":"","ast-main-header-display":"","ast-hfb-above-header-display":"","ast-hfb-below-header-display":"","ast-hfb-mobile-header-display":"","site-post-title":"","ast-breadcrumbs-content":"","ast-featured-img":"","footer-sml-layout":"","theme-transparent-header-meta":"default","adv-header-id-meta":"","stick-header-meta":"","header-above-stick-meta":"","header-main-stick-meta":"","header-below-stick-meta":"","astra-migrate-meta-layouts":"default","ast-page-background-enabled":"default","ast-page-background-meta":{"desktop":{"background-color":"","background-image":"","background-repeat":"repeat","background-position":"center center","background-size":"auto","background-attachment":"scroll","background-type":"","background-media":"","overlay-type":"","overlay-color":"","overlay-opacity":"","overlay-gradient":""},"tablet":{"background-color":"","background-image":"","background-repeat":"repeat","background-position":"center center","background-size":"auto","background-attachment":"scroll","background-type":"","background-media":"","overlay-type":"","overlay-color":"","overlay-opacity":"","overlay-gradient":""},"mobile":{"background-color":"","background-image":"","background-repeat":"repeat","background-position":"center center","background-size":"auto","background-attachment":"scroll","background-type":"","background-media":"","overlay-type":"","overlay-color":"","overlay-opacity":"","overlay-gradient":""}},"ast-content-background-meta":{"desktop":{"background-color":"var(--ast-global-color-5)","background-image":"","background-repeat":"repeat","background-position":"center center","background-size":"auto","background-attachment":"scroll","background-type":"","background-media":"","overlay-type":"","overlay-color":"","overlay-opacity":"","overlay-gradient":""},"tablet":{"background-color":"var(--ast-global-color-5)","background-image":"","background-repeat":"repeat","background-position":"center center","background-size":"auto","background-attachment":"scroll","background-type":"","background-media":"","overlay-type":"","overlay-color":"","overlay-opacity":"","overlay-gradient":""},"mobile":{"background-color":"var(--ast-global-color-5)","background-image":"","background-repeat":"repeat","background-position":"center center","background-size":"auto","background-attachment":"scroll","background-type":"","background-media":"","overlay-type":"","overlay-color":"","overlay-opacity":"","overlay-gradient":""}}},"product_brand":[],"product_cat":[1260],"product_tag":[],"class_list":{"0":"post-17060","1":"product","2":"type-product","3":"status-publish","4":"has-post-thumbnail","6":"product_cat-lobere-og-taepper","7":"desktop-align-left","8":"tablet-align-left","9":"mobile-align-left","11":"first","12":"instock","13":"taxable","14":"shipping-taxable","15":"purchasable","16":"product-type-variable"},"acf":[],"yoast_head":"<!-- This site is optimized with the Yoast SEO plugin v27.5 - https:\/\/yoast.com\/product\/yoast-seo-wordpress\/ -->\n<title>Mobi-Mat - Den bedste adgangsm\u00e5tte til stranden | Accessrec<\/title>\n<meta name=\"description\" content=\"Accessmat er ganske enkelt den bedste adgangsm\u00e5tte til strand og sand til at skabe adgang for bev\u00e6gelsesh\u00e6mmede.\" \/>\n<meta name=\"robots\" content=\"index, follow, max-snippet:-1, max-image-preview:large, max-video-preview:-1\" \/>\n<link rel=\"canonical\" href=\"https:\/\/accessrec.eu\/da\/bevaegelses-og-adgangsmaatter\/lobere-og-taepper\/accessmat\/\" \/>\n<meta property=\"og:locale\" content=\"da_DK\" \/>\n<meta property=\"og:type\" content=\"article\" \/>\n<meta property=\"og:title\" content=\"Mobi-Mat - Den bedste adgangsm\u00e5tte til stranden | Accessrec\" \/>\n<meta property=\"og:description\" content=\"Accessmat er ganske enkelt den bedste adgangsm\u00e5tte til strand og sand til at skabe adgang for bev\u00e6gelsesh\u00e6mmede.\" \/>\n<meta property=\"og:url\" content=\"https:\/\/accessrec.eu\/da\/bevaegelses-og-adgangsmaatter\/lobere-og-taepper\/accessmat\/\" \/>\n<meta property=\"og:site_name\" content=\"Accessrec\" \/>\n<meta property=\"article:modified_time\" content=\"2024-05-28T07:15:28+00:00\" \/>\n<meta property=\"og:image\" content=\"https:\/\/accessrec.eu\/wp-content\/uploads\/2021\/01\/ADA-beach-access-mat-01-1.jpg\" \/>\n\t<meta property=\"og:image:width\" content=\"428\" \/>\n\t<meta property=\"og:image:height\" content=\"312\" \/>\n\t<meta property=\"og:image:type\" content=\"image\/jpeg\" \/>\n<meta name=\"twitter:card\" content=\"summary_large_image\" \/>\n<script type=\"application\/ld+json\" class=\"yoast-schema-graph\">{\"@context\":\"https:\\\/\\\/schema.org\",\"@graph\":[{\"@type\":\"WebPage\",\"@id\":\"https:\\\/\\\/accessrec.eu\\\/da\\\/bevaegelses-og-adgangsmaatter\\\/lobere-og-taepper\\\/accessmat\\\/\",\"url\":\"https:\\\/\\\/accessrec.eu\\\/da\\\/bevaegelses-og-adgangsmaatter\\\/lobere-og-taepper\\\/accessmat\\\/\",\"name\":\"Mobi-Mat - Den bedste adgangsm\u00e5tte til stranden | Accessrec\",\"isPartOf\":{\"@id\":\"https:\\\/\\\/accessrec.eu\\\/da\\\/#website\"},\"primaryImageOfPage\":{\"@id\":\"https:\\\/\\\/accessrec.eu\\\/da\\\/bevaegelses-og-adgangsmaatter\\\/lobere-og-taepper\\\/accessmat\\\/#primaryimage\"},\"image\":{\"@id\":\"https:\\\/\\\/accessrec.eu\\\/da\\\/bevaegelses-og-adgangsmaatter\\\/lobere-og-taepper\\\/accessmat\\\/#primaryimage\"},\"thumbnailUrl\":\"https:\\\/\\\/accessrec.eu\\\/wp-content\\\/uploads\\\/2022\\\/05\\\/accessmat-1.jpg\",\"datePublished\":\"2022-05-02T23:43:41+00:00\",\"dateModified\":\"2024-05-28T07:15:28+00:00\",\"description\":\"Accessmat er ganske enkelt den bedste adgangsm\u00e5tte til strand og sand til at skabe adgang for bev\u00e6gelsesh\u00e6mmede.\",\"breadcrumb\":{\"@id\":\"https:\\\/\\\/accessrec.eu\\\/da\\\/bevaegelses-og-adgangsmaatter\\\/lobere-og-taepper\\\/accessmat\\\/#breadcrumb\"},\"inLanguage\":\"da-DK\",\"potentialAction\":[{\"@type\":\"ReadAction\",\"target\":[\"https:\\\/\\\/accessrec.eu\\\/da\\\/bevaegelses-og-adgangsmaatter\\\/lobere-og-taepper\\\/accessmat\\\/\"]}]},{\"@type\":\"ImageObject\",\"inLanguage\":\"da-DK\",\"@id\":\"https:\\\/\\\/accessrec.eu\\\/da\\\/bevaegelses-og-adgangsmaatter\\\/lobere-og-taepper\\\/accessmat\\\/#primaryimage\",\"url\":\"https:\\\/\\\/accessrec.eu\\\/wp-content\\\/uploads\\\/2022\\\/05\\\/accessmat-1.jpg\",\"contentUrl\":\"https:\\\/\\\/accessrec.eu\\\/wp-content\\\/uploads\\\/2022\\\/05\\\/accessmat-1.jpg\",\"width\":855,\"height\":624,\"caption\":\"accessmat\"},{\"@type\":\"BreadcrumbList\",\"@id\":\"https:\\\/\\\/accessrec.eu\\\/da\\\/bevaegelses-og-adgangsmaatter\\\/lobere-og-taepper\\\/accessmat\\\/#breadcrumb\",\"itemListElement\":[{\"@type\":\"ListItem\",\"position\":1,\"name\":\"Accueil\",\"item\":\"https:\\\/\\\/accessrec.eu\\\/da\\\/?page_id=36300\"},{\"@type\":\"ListItem\",\"position\":2,\"name\":\"Varer\",\"item\":\"https:\\\/\\\/accessrec.eu\\\/da\\\/shop\\\/\"},{\"@type\":\"ListItem\",\"position\":3,\"name\":\"Bev\u00e6gelses- og adgangsm\u00e5tter\",\"item\":\"https:\\\/\\\/accessrec.eu\\\/da\\\/bevaegelses-og-adgangsmaatter\\\/\"},{\"@type\":\"ListItem\",\"position\":4,\"name\":\"L\u00f8bere og t\u00e6pper\",\"item\":\"https:\\\/\\\/accessrec.eu\\\/da\\\/bevaegelses-og-adgangsmaatter\\\/lobere-og-taepper\\\/\"},{\"@type\":\"ListItem\",\"position\":5,\"name\":\"Accessmat &#8211; Den bedste adgangsm\u00e5tte til stranden\"}]},{\"@type\":\"WebSite\",\"@id\":\"https:\\\/\\\/accessrec.eu\\\/da\\\/#website\",\"url\":\"https:\\\/\\\/accessrec.eu\\\/da\\\/\",\"name\":\"Accessrec\",\"description\":\"\",\"publisher\":{\"@id\":\"https:\\\/\\\/accessrec.eu\\\/da\\\/#organization\"},\"potentialAction\":[{\"@type\":\"SearchAction\",\"target\":{\"@type\":\"EntryPoint\",\"urlTemplate\":\"https:\\\/\\\/accessrec.eu\\\/da\\\/?s={search_term_string}\"},\"query-input\":{\"@type\":\"PropertyValueSpecification\",\"valueRequired\":true,\"valueName\":\"search_term_string\"}}],\"inLanguage\":\"da-DK\"},{\"@type\":\"Organization\",\"@id\":\"https:\\\/\\\/accessrec.eu\\\/da\\\/#organization\",\"name\":\"Accessrec\",\"url\":\"https:\\\/\\\/accessrec.eu\\\/da\\\/\",\"logo\":{\"@type\":\"ImageObject\",\"inLanguage\":\"da-DK\",\"@id\":\"https:\\\/\\\/accessrec.eu\\\/da\\\/#\\\/schema\\\/logo\\\/image\\\/\",\"url\":\"https:\\\/\\\/accessrec.eu\\\/wp-content\\\/uploads\\\/2025\\\/11\\\/accessrec-by-deschamps.webp\",\"contentUrl\":\"https:\\\/\\\/accessrec.eu\\\/wp-content\\\/uploads\\\/2025\\\/11\\\/accessrec-by-deschamps.webp\",\"width\":600,\"height\":150,\"caption\":\"Accessrec\"},\"image\":{\"@id\":\"https:\\\/\\\/accessrec.eu\\\/da\\\/#\\\/schema\\\/logo\\\/image\\\/\"}}]}<\/script>\n<!-- \/ Yoast SEO plugin. -->","yoast_head_json":{"title":"Mobi-Mat - Den bedste adgangsm\u00e5tte til stranden | Accessrec","description":"Accessmat er ganske enkelt den bedste adgangsm\u00e5tte til strand og sand til at skabe adgang for bev\u00e6gelsesh\u00e6mmede.","robots":{"index":"index","follow":"follow","max-snippet":"max-snippet:-1","max-image-preview":"max-image-preview:large","max-video-preview":"max-video-preview:-1"},"canonical":"https:\/\/accessrec.eu\/da\/bevaegelses-og-adgangsmaatter\/lobere-og-taepper\/accessmat\/","og_locale":"da_DK","og_type":"article","og_title":"Mobi-Mat - Den bedste adgangsm\u00e5tte til stranden | Accessrec","og_description":"Accessmat er ganske enkelt den bedste adgangsm\u00e5tte til strand og sand til at skabe adgang for bev\u00e6gelsesh\u00e6mmede.","og_url":"https:\/\/accessrec.eu\/da\/bevaegelses-og-adgangsmaatter\/lobere-og-taepper\/accessmat\/","og_site_name":"Accessrec","article_modified_time":"2024-05-28T07:15:28+00:00","og_image":[{"width":428,"height":312,"url":"https:\/\/accessrec.eu\/wp-content\/uploads\/2021\/01\/ADA-beach-access-mat-01-1.jpg","type":"image\/jpeg"}],"twitter_card":"summary_large_image","schema":{"@context":"https:\/\/schema.org","@graph":[{"@type":"WebPage","@id":"https:\/\/accessrec.eu\/da\/bevaegelses-og-adgangsmaatter\/lobere-og-taepper\/accessmat\/","url":"https:\/\/accessrec.eu\/da\/bevaegelses-og-adgangsmaatter\/lobere-og-taepper\/accessmat\/","name":"Mobi-Mat - Den bedste adgangsm\u00e5tte til stranden | Accessrec","isPartOf":{"@id":"https:\/\/accessrec.eu\/da\/#website"},"primaryImageOfPage":{"@id":"https:\/\/accessrec.eu\/da\/bevaegelses-og-adgangsmaatter\/lobere-og-taepper\/accessmat\/#primaryimage"},"image":{"@id":"https:\/\/accessrec.eu\/da\/bevaegelses-og-adgangsmaatter\/lobere-og-taepper\/accessmat\/#primaryimage"},"thumbnailUrl":"https:\/\/accessrec.eu\/wp-content\/uploads\/2022\/05\/accessmat-1.jpg","datePublished":"2022-05-02T23:43:41+00:00","dateModified":"2024-05-28T07:15:28+00:00","description":"Accessmat er ganske enkelt den bedste adgangsm\u00e5tte til strand og sand til at skabe adgang for bev\u00e6gelsesh\u00e6mmede.","breadcrumb":{"@id":"https:\/\/accessrec.eu\/da\/bevaegelses-og-adgangsmaatter\/lobere-og-taepper\/accessmat\/#breadcrumb"},"inLanguage":"da-DK","potentialAction":[{"@type":"ReadAction","target":["https:\/\/accessrec.eu\/da\/bevaegelses-og-adgangsmaatter\/lobere-og-taepper\/accessmat\/"]}]},{"@type":"ImageObject","inLanguage":"da-DK","@id":"https:\/\/accessrec.eu\/da\/bevaegelses-og-adgangsmaatter\/lobere-og-taepper\/accessmat\/#primaryimage","url":"https:\/\/accessrec.eu\/wp-content\/uploads\/2022\/05\/accessmat-1.jpg","contentUrl":"https:\/\/accessrec.eu\/wp-content\/uploads\/2022\/05\/accessmat-1.jpg","width":855,"height":624,"caption":"accessmat"},{"@type":"BreadcrumbList","@id":"https:\/\/accessrec.eu\/da\/bevaegelses-og-adgangsmaatter\/lobere-og-taepper\/accessmat\/#breadcrumb","itemListElement":[{"@type":"ListItem","position":1,"name":"Accueil","item":"https:\/\/accessrec.eu\/da\/?page_id=36300"},{"@type":"ListItem","position":2,"name":"Varer","item":"https:\/\/accessrec.eu\/da\/shop\/"},{"@type":"ListItem","position":3,"name":"Bev\u00e6gelses- og adgangsm\u00e5tter","item":"https:\/\/accessrec.eu\/da\/bevaegelses-og-adgangsmaatter\/"},{"@type":"ListItem","position":4,"name":"L\u00f8bere og t\u00e6pper","item":"https:\/\/accessrec.eu\/da\/bevaegelses-og-adgangsmaatter\/lobere-og-taepper\/"},{"@type":"ListItem","position":5,"name":"Accessmat &#8211; Den bedste adgangsm\u00e5tte til stranden"}]},{"@type":"WebSite","@id":"https:\/\/accessrec.eu\/da\/#website","url":"https:\/\/accessrec.eu\/da\/","name":"Accessrec","description":"","publisher":{"@id":"https:\/\/accessrec.eu\/da\/#organization"},"potentialAction":[{"@type":"SearchAction","target":{"@type":"EntryPoint","urlTemplate":"https:\/\/accessrec.eu\/da\/?s={search_term_string}"},"query-input":{"@type":"PropertyValueSpecification","valueRequired":true,"valueName":"search_term_string"}}],"inLanguage":"da-DK"},{"@type":"Organization","@id":"https:\/\/accessrec.eu\/da\/#organization","name":"Accessrec","url":"https:\/\/accessrec.eu\/da\/","logo":{"@type":"ImageObject","inLanguage":"da-DK","@id":"https:\/\/accessrec.eu\/da\/#\/schema\/logo\/image\/","url":"https:\/\/accessrec.eu\/wp-content\/uploads\/2025\/11\/accessrec-by-deschamps.webp","contentUrl":"https:\/\/accessrec.eu\/wp-content\/uploads\/2025\/11\/accessrec-by-deschamps.webp","width":600,"height":150,"caption":"Accessrec"},"image":{"@id":"https:\/\/accessrec.eu\/da\/#\/schema\/logo\/image\/"}}]}},"_links":{"self":[{"href":"https:\/\/accessrec.eu\/da\/wp-json\/wp\/v2\/product\/17060","targetHints":{"allow":["GET"]}}],"collection":[{"href":"https:\/\/accessrec.eu\/da\/wp-json\/wp\/v2\/product"}],"about":[{"href":"https:\/\/accessrec.eu\/da\/wp-json\/wp\/v2\/types\/product"}],"replies":[{"embeddable":true,"href":"https:\/\/accessrec.eu\/da\/wp-json\/wp\/v2\/comments?post=17060"}],"wp:featuredmedia":[{"embeddable":true,"href":"https:\/\/accessrec.eu\/da\/wp-json\/wp\/v2\/media\/31077"}],"wp:attachment":[{"href":"https:\/\/accessrec.eu\/da\/wp-json\/wp\/v2\/media?parent=17060"}],"wp:term":[{"taxonomy":"product_brand","embeddable":true,"href":"https:\/\/accessrec.eu\/da\/wp-json\/wp\/v2\/product_brand?post=17060"},{"taxonomy":"product_cat","embeddable":true,"href":"https:\/\/accessrec.eu\/da\/wp-json\/wp\/v2\/product_cat?post=17060"},{"taxonomy":"product_tag","embeddable":true,"href":"https:\/\/accessrec.eu\/da\/wp-json\/wp\/v2\/product_tag?post=17060"}],"curies":[{"name":"wp","href":"https:\/\/api.w.org\/{rel}","templated":true}]}}