{"id":17443,"date":"2022-01-12T15:34:06","date_gmt":"2022-01-12T14:34:06","guid":{"rendered":"https:\/\/accessrec.eu\/product\/Ikke%20kategoriseret\/wetmat-skridsikre-maatter-til-vaadomraader-og-svoemmebassiner\/"},"modified":"2025-09-02T14:55:11","modified_gmt":"2025-09-02T12:55:11","slug":"vadmatte","status":"publish","type":"product","link":"https:\/\/accessrec.eu\/da\/bevaegelses-og-adgangsmaatter\/lobere-og-taepper\/wetfloor\/","title":{"rendered":"Wetfloor &#8211; Skridsikre m\u00e5tter til v\u00e5domr\u00e5der og swimmingpools"},"content":{"rendered":"","protected":false},"excerpt":{"rendered":"<p>Skridsikre m\u00e5tter til v\u00e5domr\u00e5der og sv\u00f8mmebassiner<\/p>\n","protected":false},"featured_media":34219,"comment_status":"closed","ping_status":"closed","template":"","meta":{"_acf_changed":false,"site-sidebar-layout":"default","site-content-layout":"default","ast-site-content-layout":"default","site-content-style":"default","site-sidebar-style":"default","ast-global-header-display":"","ast-banner-title-visibility":"","ast-main-header-display":"","ast-hfb-above-header-display":"","ast-hfb-below-header-display":"","ast-hfb-mobile-header-display":"","site-post-title":"","ast-breadcrumbs-content":"","ast-featured-img":"","footer-sml-layout":"","theme-transparent-header-meta":"default","adv-header-id-meta":"","stick-header-meta":"","header-above-stick-meta":"","header-main-stick-meta":"","header-below-stick-meta":"","astra-migrate-meta-layouts":"set","ast-page-background-enabled":"default","ast-page-background-meta":{"desktop":{"background-color":"","background-image":"","background-repeat":"repeat","background-position":"center center","background-size":"auto","background-attachment":"scroll","background-type":"","background-media":"","overlay-type":"","overlay-color":"","overlay-opacity":"","overlay-gradient":""},"tablet":{"background-color":"","background-image":"","background-repeat":"repeat","background-position":"center center","background-size":"auto","background-attachment":"scroll","background-type":"","background-media":"","overlay-type":"","overlay-color":"","overlay-opacity":"","overlay-gradient":""},"mobile":{"background-color":"","background-image":"","background-repeat":"repeat","background-position":"center center","background-size":"auto","background-attachment":"scroll","background-type":"","background-media":"","overlay-type":"","overlay-color":"","overlay-opacity":"","overlay-gradient":""}},"ast-content-background-meta":{"desktop":{"background-color":"var(--ast-global-color-5)","background-image":"","background-repeat":"repeat","background-position":"center center","background-size":"auto","background-attachment":"scroll","background-type":"","background-media":"","overlay-type":"","overlay-color":"","overlay-opacity":"","overlay-gradient":""},"tablet":{"background-color":"var(--ast-global-color-5)","background-image":"","background-repeat":"repeat","background-position":"center center","background-size":"auto","background-attachment":"scroll","background-type":"","background-media":"","overlay-type":"","overlay-color":"","overlay-opacity":"","overlay-gradient":""},"mobile":{"background-color":"var(--ast-global-color-5)","background-image":"","background-repeat":"repeat","background-position":"center center","background-size":"auto","background-attachment":"scroll","background-type":"","background-media":"","overlay-type":"","overlay-color":"","overlay-opacity":"","overlay-gradient":""}}},"product_brand":[],"product_cat":[1260,1194],"product_tag":[],"class_list":{"0":"post-17443","1":"product","2":"type-product","3":"status-publish","4":"has-post-thumbnail","6":"product_cat-lobere-og-taepper","7":"product_cat-pool","8":"product_shipping_class-gratis-forsendelse","9":"desktop-align-left","10":"tablet-align-left","11":"mobile-align-left","13":"first","14":"instock","15":"taxable","16":"shipping-taxable","17":"purchasable","18":"product-type-variable"},"acf":[],"yoast_head":"<!-- This site is optimized with the Yoast SEO plugin v27.5 - https:\/\/yoast.com\/product\/yoast-seo-wordpress\/ -->\n<title>Wetfloor - Skridsikre m\u00e5tter til v\u00e5domr\u00e5der og swimmingpools | Accessrec<\/title>\n<meta name=\"description\" content=\"Wetfloor er en skridsikker m\u00e5tte, der er velegnet til v\u00e5domr\u00e5der og sv\u00f8mmebassiner. Det g\u00f8r rejsen mere sikker og er hygiejnisk.\" \/>\n<meta name=\"robots\" content=\"index, follow, max-snippet:-1, max-image-preview:large, max-video-preview:-1\" \/>\n<link rel=\"canonical\" href=\"https:\/\/accessrec.eu\/da\/bevaegelses-og-adgangsmaatter\/lobere-og-taepper\/wetfloor\/\" \/>\n<meta property=\"og:locale\" content=\"da_DK\" \/>\n<meta property=\"og:type\" content=\"article\" \/>\n<meta property=\"og:title\" content=\"Wetfloor - Skridsikre m\u00e5tter til v\u00e5domr\u00e5der og swimmingpools | Accessrec\" \/>\n<meta property=\"og:description\" content=\"Wetfloor er en skridsikker m\u00e5tte, der er velegnet til v\u00e5domr\u00e5der og sv\u00f8mmebassiner. Det g\u00f8r rejsen mere sikker og er hygiejnisk.\" \/>\n<meta property=\"og:url\" content=\"https:\/\/accessrec.eu\/da\/bevaegelses-og-adgangsmaatter\/lobere-og-taepper\/wetfloor\/\" \/>\n<meta property=\"og:site_name\" content=\"Accessrec\" \/>\n<meta property=\"article:modified_time\" content=\"2025-09-02T12:55:11+00:00\" \/>\n<meta property=\"og:image\" content=\"https:\/\/accessrec.eu\/wp-content\/uploads\/2022\/01\/WetFloor6-min.jpg\" \/>\n\t<meta property=\"og:image:width\" content=\"855\" \/>\n\t<meta property=\"og:image:height\" content=\"624\" \/>\n\t<meta property=\"og:image:type\" content=\"image\/jpeg\" \/>\n<meta name=\"twitter:card\" content=\"summary_large_image\" \/>\n<meta name=\"twitter:label1\" content=\"Estimeret l\u00e6setid\" \/>\n\t<meta name=\"twitter:data1\" content=\"1 minut\" \/>\n<script type=\"application\/ld+json\" class=\"yoast-schema-graph\">{\"@context\":\"https:\\\/\\\/schema.org\",\"@graph\":[{\"@type\":\"WebPage\",\"@id\":\"https:\\\/\\\/accessrec.eu\\\/da\\\/bevaegelses-og-adgangsmaatter\\\/lobere-og-taepper\\\/wetfloor\\\/\",\"url\":\"https:\\\/\\\/accessrec.eu\\\/da\\\/bevaegelses-og-adgangsmaatter\\\/lobere-og-taepper\\\/wetfloor\\\/\",\"name\":\"Wetfloor - Skridsikre m\u00e5tter til v\u00e5domr\u00e5der og swimmingpools | Accessrec\",\"isPartOf\":{\"@id\":\"https:\\\/\\\/accessrec.eu\\\/da\\\/#website\"},\"primaryImageOfPage\":{\"@id\":\"https:\\\/\\\/accessrec.eu\\\/da\\\/bevaegelses-og-adgangsmaatter\\\/lobere-og-taepper\\\/wetfloor\\\/#primaryimage\"},\"image\":{\"@id\":\"https:\\\/\\\/accessrec.eu\\\/da\\\/bevaegelses-og-adgangsmaatter\\\/lobere-og-taepper\\\/wetfloor\\\/#primaryimage\"},\"thumbnailUrl\":\"https:\\\/\\\/accessrec.eu\\\/wp-content\\\/uploads\\\/2022\\\/01\\\/WetFloor6-min.jpg\",\"datePublished\":\"2022-01-12T14:34:06+00:00\",\"dateModified\":\"2025-09-02T12:55:11+00:00\",\"description\":\"Wetfloor er en skridsikker m\u00e5tte, der er velegnet til v\u00e5domr\u00e5der og sv\u00f8mmebassiner. Det g\u00f8r rejsen mere sikker og er hygiejnisk.\",\"breadcrumb\":{\"@id\":\"https:\\\/\\\/accessrec.eu\\\/da\\\/bevaegelses-og-adgangsmaatter\\\/lobere-og-taepper\\\/wetfloor\\\/#breadcrumb\"},\"inLanguage\":\"da-DK\",\"potentialAction\":[{\"@type\":\"ReadAction\",\"target\":[\"https:\\\/\\\/accessrec.eu\\\/da\\\/bevaegelses-og-adgangsmaatter\\\/lobere-og-taepper\\\/wetfloor\\\/\"]}]},{\"@type\":\"ImageObject\",\"inLanguage\":\"da-DK\",\"@id\":\"https:\\\/\\\/accessrec.eu\\\/da\\\/bevaegelses-og-adgangsmaatter\\\/lobere-og-taepper\\\/wetfloor\\\/#primaryimage\",\"url\":\"https:\\\/\\\/accessrec.eu\\\/wp-content\\\/uploads\\\/2022\\\/01\\\/WetFloor6-min.jpg\",\"contentUrl\":\"https:\\\/\\\/accessrec.eu\\\/wp-content\\\/uploads\\\/2022\\\/01\\\/WetFloor6-min.jpg\",\"width\":855,\"height\":624},{\"@type\":\"BreadcrumbList\",\"@id\":\"https:\\\/\\\/accessrec.eu\\\/da\\\/bevaegelses-og-adgangsmaatter\\\/lobere-og-taepper\\\/wetfloor\\\/#breadcrumb\",\"itemListElement\":[{\"@type\":\"ListItem\",\"position\":1,\"name\":\"Accueil\",\"item\":\"https:\\\/\\\/accessrec.eu\\\/da\\\/?page_id=36300\"},{\"@type\":\"ListItem\",\"position\":2,\"name\":\"Varer\",\"item\":\"https:\\\/\\\/accessrec.eu\\\/da\\\/shop\\\/\"},{\"@type\":\"ListItem\",\"position\":3,\"name\":\"Bev\u00e6gelses- og adgangsm\u00e5tter\",\"item\":\"https:\\\/\\\/accessrec.eu\\\/da\\\/bevaegelses-og-adgangsmaatter\\\/\"},{\"@type\":\"ListItem\",\"position\":4,\"name\":\"L\u00f8bere og t\u00e6pper\",\"item\":\"https:\\\/\\\/accessrec.eu\\\/da\\\/bevaegelses-og-adgangsmaatter\\\/lobere-og-taepper\\\/\"},{\"@type\":\"ListItem\",\"position\":5,\"name\":\"Wetfloor &#8211; Skridsikre m\u00e5tter til v\u00e5domr\u00e5der og swimmingpools\"}]},{\"@type\":\"WebSite\",\"@id\":\"https:\\\/\\\/accessrec.eu\\\/da\\\/#website\",\"url\":\"https:\\\/\\\/accessrec.eu\\\/da\\\/\",\"name\":\"Accessrec\",\"description\":\"\",\"publisher\":{\"@id\":\"https:\\\/\\\/accessrec.eu\\\/da\\\/#organization\"},\"potentialAction\":[{\"@type\":\"SearchAction\",\"target\":{\"@type\":\"EntryPoint\",\"urlTemplate\":\"https:\\\/\\\/accessrec.eu\\\/da\\\/?s={search_term_string}\"},\"query-input\":{\"@type\":\"PropertyValueSpecification\",\"valueRequired\":true,\"valueName\":\"search_term_string\"}}],\"inLanguage\":\"da-DK\"},{\"@type\":\"Organization\",\"@id\":\"https:\\\/\\\/accessrec.eu\\\/da\\\/#organization\",\"name\":\"Accessrec\",\"url\":\"https:\\\/\\\/accessrec.eu\\\/da\\\/\",\"logo\":{\"@type\":\"ImageObject\",\"inLanguage\":\"da-DK\",\"@id\":\"https:\\\/\\\/accessrec.eu\\\/da\\\/#\\\/schema\\\/logo\\\/image\\\/\",\"url\":\"https:\\\/\\\/accessrec.eu\\\/wp-content\\\/uploads\\\/2025\\\/11\\\/accessrec-by-deschamps.webp\",\"contentUrl\":\"https:\\\/\\\/accessrec.eu\\\/wp-content\\\/uploads\\\/2025\\\/11\\\/accessrec-by-deschamps.webp\",\"width\":600,\"height\":150,\"caption\":\"Accessrec\"},\"image\":{\"@id\":\"https:\\\/\\\/accessrec.eu\\\/da\\\/#\\\/schema\\\/logo\\\/image\\\/\"}}]}<\/script>\n<!-- \/ Yoast SEO plugin. -->","yoast_head_json":{"title":"Wetfloor - Skridsikre m\u00e5tter til v\u00e5domr\u00e5der og swimmingpools | Accessrec","description":"Wetfloor er en skridsikker m\u00e5tte, der er velegnet til v\u00e5domr\u00e5der og sv\u00f8mmebassiner. Det g\u00f8r rejsen mere sikker og er hygiejnisk.","robots":{"index":"index","follow":"follow","max-snippet":"max-snippet:-1","max-image-preview":"max-image-preview:large","max-video-preview":"max-video-preview:-1"},"canonical":"https:\/\/accessrec.eu\/da\/bevaegelses-og-adgangsmaatter\/lobere-og-taepper\/wetfloor\/","og_locale":"da_DK","og_type":"article","og_title":"Wetfloor - Skridsikre m\u00e5tter til v\u00e5domr\u00e5der og swimmingpools | Accessrec","og_description":"Wetfloor er en skridsikker m\u00e5tte, der er velegnet til v\u00e5domr\u00e5der og sv\u00f8mmebassiner. Det g\u00f8r rejsen mere sikker og er hygiejnisk.","og_url":"https:\/\/accessrec.eu\/da\/bevaegelses-og-adgangsmaatter\/lobere-og-taepper\/wetfloor\/","og_site_name":"Accessrec","article_modified_time":"2025-09-02T12:55:11+00:00","og_image":[{"width":855,"height":624,"url":"https:\/\/accessrec.eu\/wp-content\/uploads\/2022\/01\/WetFloor6-min.jpg","type":"image\/jpeg"}],"twitter_card":"summary_large_image","twitter_misc":{"Estimeret l\u00e6setid":"1 minut"},"schema":{"@context":"https:\/\/schema.org","@graph":[{"@type":"WebPage","@id":"https:\/\/accessrec.eu\/da\/bevaegelses-og-adgangsmaatter\/lobere-og-taepper\/wetfloor\/","url":"https:\/\/accessrec.eu\/da\/bevaegelses-og-adgangsmaatter\/lobere-og-taepper\/wetfloor\/","name":"Wetfloor - Skridsikre m\u00e5tter til v\u00e5domr\u00e5der og swimmingpools | Accessrec","isPartOf":{"@id":"https:\/\/accessrec.eu\/da\/#website"},"primaryImageOfPage":{"@id":"https:\/\/accessrec.eu\/da\/bevaegelses-og-adgangsmaatter\/lobere-og-taepper\/wetfloor\/#primaryimage"},"image":{"@id":"https:\/\/accessrec.eu\/da\/bevaegelses-og-adgangsmaatter\/lobere-og-taepper\/wetfloor\/#primaryimage"},"thumbnailUrl":"https:\/\/accessrec.eu\/wp-content\/uploads\/2022\/01\/WetFloor6-min.jpg","datePublished":"2022-01-12T14:34:06+00:00","dateModified":"2025-09-02T12:55:11+00:00","description":"Wetfloor er en skridsikker m\u00e5tte, der er velegnet til v\u00e5domr\u00e5der og sv\u00f8mmebassiner. Det g\u00f8r rejsen mere sikker og er hygiejnisk.","breadcrumb":{"@id":"https:\/\/accessrec.eu\/da\/bevaegelses-og-adgangsmaatter\/lobere-og-taepper\/wetfloor\/#breadcrumb"},"inLanguage":"da-DK","potentialAction":[{"@type":"ReadAction","target":["https:\/\/accessrec.eu\/da\/bevaegelses-og-adgangsmaatter\/lobere-og-taepper\/wetfloor\/"]}]},{"@type":"ImageObject","inLanguage":"da-DK","@id":"https:\/\/accessrec.eu\/da\/bevaegelses-og-adgangsmaatter\/lobere-og-taepper\/wetfloor\/#primaryimage","url":"https:\/\/accessrec.eu\/wp-content\/uploads\/2022\/01\/WetFloor6-min.jpg","contentUrl":"https:\/\/accessrec.eu\/wp-content\/uploads\/2022\/01\/WetFloor6-min.jpg","width":855,"height":624},{"@type":"BreadcrumbList","@id":"https:\/\/accessrec.eu\/da\/bevaegelses-og-adgangsmaatter\/lobere-og-taepper\/wetfloor\/#breadcrumb","itemListElement":[{"@type":"ListItem","position":1,"name":"Accueil","item":"https:\/\/accessrec.eu\/da\/?page_id=36300"},{"@type":"ListItem","position":2,"name":"Varer","item":"https:\/\/accessrec.eu\/da\/shop\/"},{"@type":"ListItem","position":3,"name":"Bev\u00e6gelses- og adgangsm\u00e5tter","item":"https:\/\/accessrec.eu\/da\/bevaegelses-og-adgangsmaatter\/"},{"@type":"ListItem","position":4,"name":"L\u00f8bere og t\u00e6pper","item":"https:\/\/accessrec.eu\/da\/bevaegelses-og-adgangsmaatter\/lobere-og-taepper\/"},{"@type":"ListItem","position":5,"name":"Wetfloor &#8211; Skridsikre m\u00e5tter til v\u00e5domr\u00e5der og swimmingpools"}]},{"@type":"WebSite","@id":"https:\/\/accessrec.eu\/da\/#website","url":"https:\/\/accessrec.eu\/da\/","name":"Accessrec","description":"","publisher":{"@id":"https:\/\/accessrec.eu\/da\/#organization"},"potentialAction":[{"@type":"SearchAction","target":{"@type":"EntryPoint","urlTemplate":"https:\/\/accessrec.eu\/da\/?s={search_term_string}"},"query-input":{"@type":"PropertyValueSpecification","valueRequired":true,"valueName":"search_term_string"}}],"inLanguage":"da-DK"},{"@type":"Organization","@id":"https:\/\/accessrec.eu\/da\/#organization","name":"Accessrec","url":"https:\/\/accessrec.eu\/da\/","logo":{"@type":"ImageObject","inLanguage":"da-DK","@id":"https:\/\/accessrec.eu\/da\/#\/schema\/logo\/image\/","url":"https:\/\/accessrec.eu\/wp-content\/uploads\/2025\/11\/accessrec-by-deschamps.webp","contentUrl":"https:\/\/accessrec.eu\/wp-content\/uploads\/2025\/11\/accessrec-by-deschamps.webp","width":600,"height":150,"caption":"Accessrec"},"image":{"@id":"https:\/\/accessrec.eu\/da\/#\/schema\/logo\/image\/"}}]}},"_links":{"self":[{"href":"https:\/\/accessrec.eu\/da\/wp-json\/wp\/v2\/product\/17443","targetHints":{"allow":["GET"]}}],"collection":[{"href":"https:\/\/accessrec.eu\/da\/wp-json\/wp\/v2\/product"}],"about":[{"href":"https:\/\/accessrec.eu\/da\/wp-json\/wp\/v2\/types\/product"}],"replies":[{"embeddable":true,"href":"https:\/\/accessrec.eu\/da\/wp-json\/wp\/v2\/comments?post=17443"}],"wp:featuredmedia":[{"embeddable":true,"href":"https:\/\/accessrec.eu\/da\/wp-json\/wp\/v2\/media\/34219"}],"wp:attachment":[{"href":"https:\/\/accessrec.eu\/da\/wp-json\/wp\/v2\/media?parent=17443"}],"wp:term":[{"taxonomy":"product_brand","embeddable":true,"href":"https:\/\/accessrec.eu\/da\/wp-json\/wp\/v2\/product_brand?post=17443"},{"taxonomy":"product_cat","embeddable":true,"href":"https:\/\/accessrec.eu\/da\/wp-json\/wp\/v2\/product_cat?post=17443"},{"taxonomy":"product_tag","embeddable":true,"href":"https:\/\/accessrec.eu\/da\/wp-json\/wp\/v2\/product_tag?post=17443"}],"curies":[{"name":"wp","href":"https:\/\/api.w.org\/{rel}","templated":true}]}}