{"id":21822,"date":"2023-09-26T16:33:36","date_gmt":"2023-09-26T14:33:36","guid":{"rendered":"https:\/\/accessrec.eu\/product\/Ikke%20kategoriseret\/romy-prm-strandens-omklaedningsrum-i-pvc\/"},"modified":"2024-05-17T19:02:35","modified_gmt":"2024-05-17T17:02:35","slug":"romy-prm-strandens-omklaedningsrum-i-pvc","status":"publish","type":"product","link":"https:\/\/accessrec.eu\/da\/hytter-og-omklaedningsrum\/romy-prm-strandens-omklaedningsrum-i-pvc\/","title":{"rendered":"Romy &#8211; PRM-strandens omkl\u00e6dningsrum i PVC"},"content":{"rendered":"","protected":false},"excerpt":{"rendered":"<p>PVC-kabiner tilg\u00e6ngelige for alle<\/p>\n","protected":false},"featured_media":17979,"comment_status":"open","ping_status":"closed","template":"","meta":{"_acf_changed":false,"site-sidebar-layout":"default","site-content-layout":"default","ast-site-content-layout":"default","site-content-style":"default","site-sidebar-style":"default","ast-global-header-display":"","ast-banner-title-visibility":"","ast-main-header-display":"","ast-hfb-above-header-display":"","ast-hfb-below-header-display":"","ast-hfb-mobile-header-display":"","site-post-title":"","ast-breadcrumbs-content":"","ast-featured-img":"","footer-sml-layout":"","theme-transparent-header-meta":"default","adv-header-id-meta":"","stick-header-meta":"","header-above-stick-meta":"","header-main-stick-meta":"","header-below-stick-meta":"","astra-migrate-meta-layouts":"default","ast-page-background-enabled":"default","ast-page-background-meta":{"desktop":{"background-color":"","background-image":"","background-repeat":"repeat","background-position":"center center","background-size":"auto","background-attachment":"scroll","background-type":"","background-media":"","overlay-type":"","overlay-color":"","overlay-opacity":"","overlay-gradient":""},"tablet":{"background-color":"","background-image":"","background-repeat":"repeat","background-position":"center center","background-size":"auto","background-attachment":"scroll","background-type":"","background-media":"","overlay-type":"","overlay-color":"","overlay-opacity":"","overlay-gradient":""},"mobile":{"background-color":"","background-image":"","background-repeat":"repeat","background-position":"center center","background-size":"auto","background-attachment":"scroll","background-type":"","background-media":"","overlay-type":"","overlay-color":"","overlay-opacity":"","overlay-gradient":""}},"ast-content-background-meta":{"desktop":{"background-color":"var(--ast-global-color-5)","background-image":"","background-repeat":"repeat","background-position":"center center","background-size":"auto","background-attachment":"scroll","background-type":"","background-media":"","overlay-type":"","overlay-color":"","overlay-opacity":"","overlay-gradient":""},"tablet":{"background-color":"var(--ast-global-color-5)","background-image":"","background-repeat":"repeat","background-position":"center center","background-size":"auto","background-attachment":"scroll","background-type":"","background-media":"","overlay-type":"","overlay-color":"","overlay-opacity":"","overlay-gradient":""},"mobile":{"background-color":"var(--ast-global-color-5)","background-image":"","background-repeat":"repeat","background-position":"center center","background-size":"auto","background-attachment":"scroll","background-type":"","background-media":"","overlay-type":"","overlay-color":"","overlay-opacity":"","overlay-gradient":""}}},"product_brand":[],"product_cat":[1258],"product_tag":[],"class_list":{"0":"post-21822","1":"product","2":"type-product","3":"status-publish","4":"has-post-thumbnail","6":"product_cat-hytter-og-omklaedningsrum","7":"desktop-align-left","8":"tablet-align-left","9":"mobile-align-left","11":"first","12":"instock","13":"taxable","14":"shipping-taxable","15":"purchasable","16":"product-type-variable"},"acf":[],"yoast_head":"<!-- This site is optimized with the Yoast SEO plugin v27.5 - https:\/\/yoast.com\/product\/yoast-seo-wordpress\/ -->\n<title>Romy - PRM-strandens omkl\u00e6dningsrum i PVC | Accessrec<\/title>\n<meta name=\"description\" content=\"Romy er et PRM PVC-strandomkl\u00e6dningsrum, hvor du kan kl\u00e6de om ude af syne. Romy strandomkl\u00e6dningsrum er en praktisk, flytbar l\u00f8sning, der vil give karakter til din strand eller have.\" \/>\n<meta name=\"robots\" content=\"index, follow, max-snippet:-1, max-image-preview:large, max-video-preview:-1\" \/>\n<link rel=\"canonical\" href=\"https:\/\/accessrec.eu\/da\/hytter-og-omklaedningsrum\/romy-prm-strandens-omklaedningsrum-i-pvc\/\" \/>\n<meta property=\"og:locale\" content=\"da_DK\" \/>\n<meta property=\"og:type\" content=\"article\" \/>\n<meta property=\"og:title\" content=\"Romy - PRM-strandens omkl\u00e6dningsrum i PVC | Accessrec\" \/>\n<meta property=\"og:description\" content=\"Romy er et PRM PVC-strandomkl\u00e6dningsrum, hvor du kan kl\u00e6de om ude af syne. Romy strandomkl\u00e6dningsrum er en praktisk, flytbar l\u00f8sning, der vil give karakter til din strand eller have.\" \/>\n<meta property=\"og:url\" content=\"https:\/\/accessrec.eu\/da\/hytter-og-omklaedningsrum\/romy-prm-strandens-omklaedningsrum-i-pvc\/\" \/>\n<meta property=\"og:site_name\" content=\"Accessrec\" \/>\n<meta property=\"article:modified_time\" content=\"2024-05-17T17:02:35+00:00\" \/>\n<meta property=\"og:image\" content=\"https:\/\/accessrec.eu\/wp-content\/uploads\/2023\/09\/cabine-romy.jpg\" \/>\n\t<meta property=\"og:image:width\" content=\"855\" \/>\n\t<meta property=\"og:image:height\" content=\"624\" \/>\n\t<meta property=\"og:image:type\" content=\"image\/jpeg\" \/>\n<meta name=\"twitter:card\" content=\"summary_large_image\" \/>\n<script type=\"application\/ld+json\" class=\"yoast-schema-graph\">{\"@context\":\"https:\\\/\\\/schema.org\",\"@graph\":[{\"@type\":\"WebPage\",\"@id\":\"https:\\\/\\\/accessrec.eu\\\/da\\\/hytter-og-omklaedningsrum\\\/romy-prm-strandens-omklaedningsrum-i-pvc\\\/\",\"url\":\"https:\\\/\\\/accessrec.eu\\\/da\\\/hytter-og-omklaedningsrum\\\/romy-prm-strandens-omklaedningsrum-i-pvc\\\/\",\"name\":\"Romy - PRM-strandens omkl\u00e6dningsrum i PVC | Accessrec\",\"isPartOf\":{\"@id\":\"https:\\\/\\\/accessrec.eu\\\/da\\\/#website\"},\"primaryImageOfPage\":{\"@id\":\"https:\\\/\\\/accessrec.eu\\\/da\\\/hytter-og-omklaedningsrum\\\/romy-prm-strandens-omklaedningsrum-i-pvc\\\/#primaryimage\"},\"image\":{\"@id\":\"https:\\\/\\\/accessrec.eu\\\/da\\\/hytter-og-omklaedningsrum\\\/romy-prm-strandens-omklaedningsrum-i-pvc\\\/#primaryimage\"},\"thumbnailUrl\":\"https:\\\/\\\/accessrec.eu\\\/wp-content\\\/uploads\\\/2023\\\/09\\\/cabine-romy.jpg\",\"datePublished\":\"2023-09-26T14:33:36+00:00\",\"dateModified\":\"2024-05-17T17:02:35+00:00\",\"description\":\"Romy er et PRM PVC-strandomkl\u00e6dningsrum, hvor du kan kl\u00e6de om ude af syne. Romy strandomkl\u00e6dningsrum er en praktisk, flytbar l\u00f8sning, der vil give karakter til din strand eller have.\",\"breadcrumb\":{\"@id\":\"https:\\\/\\\/accessrec.eu\\\/da\\\/hytter-og-omklaedningsrum\\\/romy-prm-strandens-omklaedningsrum-i-pvc\\\/#breadcrumb\"},\"inLanguage\":\"da-DK\",\"potentialAction\":[{\"@type\":\"ReadAction\",\"target\":[\"https:\\\/\\\/accessrec.eu\\\/da\\\/hytter-og-omklaedningsrum\\\/romy-prm-strandens-omklaedningsrum-i-pvc\\\/\"]}]},{\"@type\":\"ImageObject\",\"inLanguage\":\"da-DK\",\"@id\":\"https:\\\/\\\/accessrec.eu\\\/da\\\/hytter-og-omklaedningsrum\\\/romy-prm-strandens-omklaedningsrum-i-pvc\\\/#primaryimage\",\"url\":\"https:\\\/\\\/accessrec.eu\\\/wp-content\\\/uploads\\\/2023\\\/09\\\/cabine-romy.jpg\",\"contentUrl\":\"https:\\\/\\\/accessrec.eu\\\/wp-content\\\/uploads\\\/2023\\\/09\\\/cabine-romy.jpg\",\"width\":855,\"height\":624,\"caption\":\"Kabine PMR Romy\"},{\"@type\":\"BreadcrumbList\",\"@id\":\"https:\\\/\\\/accessrec.eu\\\/da\\\/hytter-og-omklaedningsrum\\\/romy-prm-strandens-omklaedningsrum-i-pvc\\\/#breadcrumb\",\"itemListElement\":[{\"@type\":\"ListItem\",\"position\":1,\"name\":\"Accueil\",\"item\":\"https:\\\/\\\/accessrec.eu\\\/da\\\/?page_id=36300\"},{\"@type\":\"ListItem\",\"position\":2,\"name\":\"Varer\",\"item\":\"https:\\\/\\\/accessrec.eu\\\/da\\\/shop\\\/\"},{\"@type\":\"ListItem\",\"position\":3,\"name\":\"Hytter og omkl\u00e6dningsrum\",\"item\":\"https:\\\/\\\/accessrec.eu\\\/da\\\/hytter-og-omklaedningsrum\\\/\"},{\"@type\":\"ListItem\",\"position\":4,\"name\":\"Romy &#8211; PRM-strandens omkl\u00e6dningsrum i PVC\"}]},{\"@type\":\"WebSite\",\"@id\":\"https:\\\/\\\/accessrec.eu\\\/da\\\/#website\",\"url\":\"https:\\\/\\\/accessrec.eu\\\/da\\\/\",\"name\":\"Accessrec\",\"description\":\"\",\"publisher\":{\"@id\":\"https:\\\/\\\/accessrec.eu\\\/da\\\/#organization\"},\"potentialAction\":[{\"@type\":\"SearchAction\",\"target\":{\"@type\":\"EntryPoint\",\"urlTemplate\":\"https:\\\/\\\/accessrec.eu\\\/da\\\/?s={search_term_string}\"},\"query-input\":{\"@type\":\"PropertyValueSpecification\",\"valueRequired\":true,\"valueName\":\"search_term_string\"}}],\"inLanguage\":\"da-DK\"},{\"@type\":\"Organization\",\"@id\":\"https:\\\/\\\/accessrec.eu\\\/da\\\/#organization\",\"name\":\"Accessrec\",\"url\":\"https:\\\/\\\/accessrec.eu\\\/da\\\/\",\"logo\":{\"@type\":\"ImageObject\",\"inLanguage\":\"da-DK\",\"@id\":\"https:\\\/\\\/accessrec.eu\\\/da\\\/#\\\/schema\\\/logo\\\/image\\\/\",\"url\":\"https:\\\/\\\/accessrec.eu\\\/wp-content\\\/uploads\\\/2025\\\/11\\\/accessrec-by-deschamps.webp\",\"contentUrl\":\"https:\\\/\\\/accessrec.eu\\\/wp-content\\\/uploads\\\/2025\\\/11\\\/accessrec-by-deschamps.webp\",\"width\":600,\"height\":150,\"caption\":\"Accessrec\"},\"image\":{\"@id\":\"https:\\\/\\\/accessrec.eu\\\/da\\\/#\\\/schema\\\/logo\\\/image\\\/\"}}]}<\/script>\n<!-- \/ Yoast SEO plugin. -->","yoast_head_json":{"title":"Romy - PRM-strandens omkl\u00e6dningsrum i PVC | Accessrec","description":"Romy er et PRM PVC-strandomkl\u00e6dningsrum, hvor du kan kl\u00e6de om ude af syne. Romy strandomkl\u00e6dningsrum er en praktisk, flytbar l\u00f8sning, der vil give karakter til din strand eller have.","robots":{"index":"index","follow":"follow","max-snippet":"max-snippet:-1","max-image-preview":"max-image-preview:large","max-video-preview":"max-video-preview:-1"},"canonical":"https:\/\/accessrec.eu\/da\/hytter-og-omklaedningsrum\/romy-prm-strandens-omklaedningsrum-i-pvc\/","og_locale":"da_DK","og_type":"article","og_title":"Romy - PRM-strandens omkl\u00e6dningsrum i PVC | Accessrec","og_description":"Romy er et PRM PVC-strandomkl\u00e6dningsrum, hvor du kan kl\u00e6de om ude af syne. Romy strandomkl\u00e6dningsrum er en praktisk, flytbar l\u00f8sning, der vil give karakter til din strand eller have.","og_url":"https:\/\/accessrec.eu\/da\/hytter-og-omklaedningsrum\/romy-prm-strandens-omklaedningsrum-i-pvc\/","og_site_name":"Accessrec","article_modified_time":"2024-05-17T17:02:35+00:00","og_image":[{"width":855,"height":624,"url":"https:\/\/accessrec.eu\/wp-content\/uploads\/2023\/09\/cabine-romy.jpg","type":"image\/jpeg"}],"twitter_card":"summary_large_image","schema":{"@context":"https:\/\/schema.org","@graph":[{"@type":"WebPage","@id":"https:\/\/accessrec.eu\/da\/hytter-og-omklaedningsrum\/romy-prm-strandens-omklaedningsrum-i-pvc\/","url":"https:\/\/accessrec.eu\/da\/hytter-og-omklaedningsrum\/romy-prm-strandens-omklaedningsrum-i-pvc\/","name":"Romy - PRM-strandens omkl\u00e6dningsrum i PVC | Accessrec","isPartOf":{"@id":"https:\/\/accessrec.eu\/da\/#website"},"primaryImageOfPage":{"@id":"https:\/\/accessrec.eu\/da\/hytter-og-omklaedningsrum\/romy-prm-strandens-omklaedningsrum-i-pvc\/#primaryimage"},"image":{"@id":"https:\/\/accessrec.eu\/da\/hytter-og-omklaedningsrum\/romy-prm-strandens-omklaedningsrum-i-pvc\/#primaryimage"},"thumbnailUrl":"https:\/\/accessrec.eu\/wp-content\/uploads\/2023\/09\/cabine-romy.jpg","datePublished":"2023-09-26T14:33:36+00:00","dateModified":"2024-05-17T17:02:35+00:00","description":"Romy er et PRM PVC-strandomkl\u00e6dningsrum, hvor du kan kl\u00e6de om ude af syne. Romy strandomkl\u00e6dningsrum er en praktisk, flytbar l\u00f8sning, der vil give karakter til din strand eller have.","breadcrumb":{"@id":"https:\/\/accessrec.eu\/da\/hytter-og-omklaedningsrum\/romy-prm-strandens-omklaedningsrum-i-pvc\/#breadcrumb"},"inLanguage":"da-DK","potentialAction":[{"@type":"ReadAction","target":["https:\/\/accessrec.eu\/da\/hytter-og-omklaedningsrum\/romy-prm-strandens-omklaedningsrum-i-pvc\/"]}]},{"@type":"ImageObject","inLanguage":"da-DK","@id":"https:\/\/accessrec.eu\/da\/hytter-og-omklaedningsrum\/romy-prm-strandens-omklaedningsrum-i-pvc\/#primaryimage","url":"https:\/\/accessrec.eu\/wp-content\/uploads\/2023\/09\/cabine-romy.jpg","contentUrl":"https:\/\/accessrec.eu\/wp-content\/uploads\/2023\/09\/cabine-romy.jpg","width":855,"height":624,"caption":"Kabine PMR Romy"},{"@type":"BreadcrumbList","@id":"https:\/\/accessrec.eu\/da\/hytter-og-omklaedningsrum\/romy-prm-strandens-omklaedningsrum-i-pvc\/#breadcrumb","itemListElement":[{"@type":"ListItem","position":1,"name":"Accueil","item":"https:\/\/accessrec.eu\/da\/?page_id=36300"},{"@type":"ListItem","position":2,"name":"Varer","item":"https:\/\/accessrec.eu\/da\/shop\/"},{"@type":"ListItem","position":3,"name":"Hytter og omkl\u00e6dningsrum","item":"https:\/\/accessrec.eu\/da\/hytter-og-omklaedningsrum\/"},{"@type":"ListItem","position":4,"name":"Romy &#8211; PRM-strandens omkl\u00e6dningsrum i PVC"}]},{"@type":"WebSite","@id":"https:\/\/accessrec.eu\/da\/#website","url":"https:\/\/accessrec.eu\/da\/","name":"Accessrec","description":"","publisher":{"@id":"https:\/\/accessrec.eu\/da\/#organization"},"potentialAction":[{"@type":"SearchAction","target":{"@type":"EntryPoint","urlTemplate":"https:\/\/accessrec.eu\/da\/?s={search_term_string}"},"query-input":{"@type":"PropertyValueSpecification","valueRequired":true,"valueName":"search_term_string"}}],"inLanguage":"da-DK"},{"@type":"Organization","@id":"https:\/\/accessrec.eu\/da\/#organization","name":"Accessrec","url":"https:\/\/accessrec.eu\/da\/","logo":{"@type":"ImageObject","inLanguage":"da-DK","@id":"https:\/\/accessrec.eu\/da\/#\/schema\/logo\/image\/","url":"https:\/\/accessrec.eu\/wp-content\/uploads\/2025\/11\/accessrec-by-deschamps.webp","contentUrl":"https:\/\/accessrec.eu\/wp-content\/uploads\/2025\/11\/accessrec-by-deschamps.webp","width":600,"height":150,"caption":"Accessrec"},"image":{"@id":"https:\/\/accessrec.eu\/da\/#\/schema\/logo\/image\/"}}]}},"_links":{"self":[{"href":"https:\/\/accessrec.eu\/da\/wp-json\/wp\/v2\/product\/21822","targetHints":{"allow":["GET"]}}],"collection":[{"href":"https:\/\/accessrec.eu\/da\/wp-json\/wp\/v2\/product"}],"about":[{"href":"https:\/\/accessrec.eu\/da\/wp-json\/wp\/v2\/types\/product"}],"replies":[{"embeddable":true,"href":"https:\/\/accessrec.eu\/da\/wp-json\/wp\/v2\/comments?post=21822"}],"wp:featuredmedia":[{"embeddable":true,"href":"https:\/\/accessrec.eu\/da\/wp-json\/wp\/v2\/media\/17979"}],"wp:attachment":[{"href":"https:\/\/accessrec.eu\/da\/wp-json\/wp\/v2\/media?parent=21822"}],"wp:term":[{"taxonomy":"product_brand","embeddable":true,"href":"https:\/\/accessrec.eu\/da\/wp-json\/wp\/v2\/product_brand?post=21822"},{"taxonomy":"product_cat","embeddable":true,"href":"https:\/\/accessrec.eu\/da\/wp-json\/wp\/v2\/product_cat?post=21822"},{"taxonomy":"product_tag","embeddable":true,"href":"https:\/\/accessrec.eu\/da\/wp-json\/wp\/v2\/product_tag?post=21822"}],"curies":[{"name":"wp","href":"https:\/\/api.w.org\/{rel}","templated":true}]}}