{"id":22772,"date":"2023-10-24T15:37:00","date_gmt":"2023-10-24T13:37:00","guid":{"rendered":"https:\/\/accessrec.eu\/product\/unkategorisiert\/stabilo-lagerungskissen-fuer-kinder\/"},"modified":"2024-02-27T15:27:29","modified_gmt":"2024-02-27T14:27:29","slug":"stabilo-lagerungskissen-fuer-kinder","status":"publish","type":"product","link":"https:\/\/accessrec.eu\/de\/ersatzteile\/stabilo-lagerungskissen-fuer-kinder\/","title":{"rendered":"Stabilo &#8211; Lagerungskissen f\u00fcr Kinder"},"content":{"rendered":"<p>Das Kissensystem optimiert den Halt eines Kindes auf dem Stuhl<\/p>\n<p>St\u00e4rken:<\/p>\n<ul>\n<li>Unterst\u00fctzung von Patienten mit Skoliose oder Kyphose<\/li>\n<li>Multidirektionale Unterst\u00fctzung des Rumpfes<\/li>\n<li>Aufrechterhaltung einer korrekten Kopfposition<\/li>\n<li>Wirkt wie ein bequemes modelliertes Korsett<\/li>\n<\/ul>\n","protected":false},"excerpt":{"rendered":"<p>Stabilo &#8211; Lagerungskissen f\u00fcr Kinder<br \/>\n<br \/>\nDas Kissensystem optimiert den Halt eines Kindes auf dem Stuhl<br \/>\n<br \/>\n<strong>St\u00e4rken:<\/strong><\/p>\n<ul>\n<li>Unterst\u00fctzung von Patienten mit Skoliose oder Kyphose<\/li>\n<li>Multidirektionale Unterst\u00fctzung des Rumpfes<\/li>\n<li>Aufrechterhaltung einer korrekten Kopfposition<\/li>\n<li>Wirkt wie ein bequemes modelliertes Korsett<\/li>\n<\/ul>\n<p>Das Stabilo-Kissen passt auf die folgenden Sessel: WaterWheels, TerraWheels, Hippocampus und Hippocampus Marathon.<br \/>\n<br \/>\n<strong>Eigenschaften :<\/strong><\/p>\n<ul>\n<li>Gewicht: 3,5kg<\/li>\n<li>Wasserdichte Nylonbeschichtung<\/li>\n<li>Befestigung mit Klettverschlussriemen<\/li>\n<\/ul>\n","protected":false},"featured_media":18784,"comment_status":"open","ping_status":"closed","template":"","meta":{"_acf_changed":false,"site-sidebar-layout":"default","site-content-layout":"default","ast-site-content-layout":"default","site-content-style":"default","site-sidebar-style":"default","ast-global-header-display":"","ast-banner-title-visibility":"","ast-main-header-display":"","ast-hfb-above-header-display":"","ast-hfb-below-header-display":"","ast-hfb-mobile-header-display":"","site-post-title":"","ast-breadcrumbs-content":"","ast-featured-img":"","footer-sml-layout":"","theme-transparent-header-meta":"default","adv-header-id-meta":"","stick-header-meta":"","header-above-stick-meta":"","header-main-stick-meta":"","header-below-stick-meta":"","astra-migrate-meta-layouts":"default","ast-page-background-enabled":"default","ast-page-background-meta":{"desktop":{"background-color":"","background-image":"","background-repeat":"repeat","background-position":"center center","background-size":"auto","background-attachment":"scroll","background-type":"","background-media":"","overlay-type":"","overlay-color":"","overlay-opacity":"","overlay-gradient":""},"tablet":{"background-color":"","background-image":"","background-repeat":"repeat","background-position":"center center","background-size":"auto","background-attachment":"scroll","background-type":"","background-media":"","overlay-type":"","overlay-color":"","overlay-opacity":"","overlay-gradient":""},"mobile":{"background-color":"","background-image":"","background-repeat":"repeat","background-position":"center center","background-size":"auto","background-attachment":"scroll","background-type":"","background-media":"","overlay-type":"","overlay-color":"","overlay-opacity":"","overlay-gradient":""}},"ast-content-background-meta":{"desktop":{"background-color":"var(--ast-global-color-5)","background-image":"","background-repeat":"repeat","background-position":"center center","background-size":"auto","background-attachment":"scroll","background-type":"","background-media":"","overlay-type":"","overlay-color":"","overlay-opacity":"","overlay-gradient":""},"tablet":{"background-color":"var(--ast-global-color-5)","background-image":"","background-repeat":"repeat","background-position":"center center","background-size":"auto","background-attachment":"scroll","background-type":"","background-media":"","overlay-type":"","overlay-color":"","overlay-opacity":"","overlay-gradient":""},"mobile":{"background-color":"var(--ast-global-color-5)","background-image":"","background-repeat":"repeat","background-position":"center center","background-size":"auto","background-attachment":"scroll","background-type":"","background-media":"","overlay-type":"","overlay-color":"","overlay-opacity":"","overlay-gradient":""}}},"product_brand":[],"product_cat":[216],"product_tag":[],"class_list":{"0":"post-22772","1":"product","2":"type-product","3":"status-publish","4":"has-post-thumbnail","6":"product_cat-ersatzteile","7":"desktop-align-left","8":"tablet-align-left","9":"mobile-align-left","11":"first","12":"instock","13":"taxable","14":"shipping-taxable","15":"purchasable","16":"product-type-simple"},"acf":[],"yoast_head":"<!-- This site is optimized with the Yoast SEO plugin v27.5 - https:\/\/yoast.com\/product\/yoast-seo-wordpress\/ -->\n<title>Stabilo - Lagerungskissen f\u00fcr Kinder | Accessrec<\/title>\n<meta name=\"robots\" content=\"index, follow, max-snippet:-1, max-image-preview:large, max-video-preview:-1\" \/>\n<link rel=\"canonical\" href=\"https:\/\/accessrec.eu\/de\/ersatzteile\/stabilo-lagerungskissen-fuer-kinder\/\" \/>\n<meta property=\"og:locale\" content=\"de_DE\" \/>\n<meta property=\"og:type\" content=\"article\" \/>\n<meta property=\"og:title\" content=\"Stabilo - Lagerungskissen f\u00fcr Kinder | Accessrec\" \/>\n<meta property=\"og:description\" content=\"Stabilo - Lagerungskissen f\u00fcr Kinder  Das Kissensystem optimiert den Halt eines Kindes auf dem Stuhl  St\u00e4rken:   Unterst\u00fctzung von Patienten mit Skoliose oder Kyphose  Multidirektionale Unterst\u00fctzung des Rumpfes  Aufrechterhaltung einer korrekten Kopfposition  Wirkt wie ein bequemes modelliertes Korsett  Das Stabilo-Kissen passt auf die folgenden Sessel: WaterWheels, TerraWheels, Hippocampus und Hippocampus Marathon.  Eigenschaften :   Gewicht: 3,5kg  Wasserdichte Nylonbeschichtung  Befestigung mit Klettverschlussriemen\" \/>\n<meta property=\"og:url\" content=\"https:\/\/accessrec.eu\/de\/ersatzteile\/stabilo-lagerungskissen-fuer-kinder\/\" \/>\n<meta property=\"og:site_name\" content=\"Accessrec\" \/>\n<meta property=\"article:modified_time\" content=\"2024-02-27T14:27:29+00:00\" \/>\n<meta property=\"og:image\" content=\"https:\/\/accessrec.eu\/wp-content\/uploads\/2023\/10\/stabilo.jpg\" \/>\n\t<meta property=\"og:image:width\" content=\"855\" \/>\n\t<meta property=\"og:image:height\" content=\"624\" \/>\n\t<meta property=\"og:image:type\" content=\"image\/jpeg\" \/>\n<meta name=\"twitter:card\" content=\"summary_large_image\" \/>\n<meta name=\"twitter:label1\" content=\"Gesch\u00e4tzte Lesezeit\" \/>\n\t<meta name=\"twitter:data1\" content=\"1 minute\" \/>\n<script type=\"application\/ld+json\" class=\"yoast-schema-graph\">{\"@context\":\"https:\\\/\\\/schema.org\",\"@graph\":[{\"@type\":\"WebPage\",\"@id\":\"https:\\\/\\\/accessrec.eu\\\/de\\\/ersatzteile\\\/stabilo-lagerungskissen-fuer-kinder\\\/\",\"url\":\"https:\\\/\\\/accessrec.eu\\\/de\\\/ersatzteile\\\/stabilo-lagerungskissen-fuer-kinder\\\/\",\"name\":\"Stabilo - Lagerungskissen f\u00fcr Kinder | Accessrec\",\"isPartOf\":{\"@id\":\"https:\\\/\\\/accessrec.eu\\\/de\\\/#website\"},\"primaryImageOfPage\":{\"@id\":\"https:\\\/\\\/accessrec.eu\\\/de\\\/ersatzteile\\\/stabilo-lagerungskissen-fuer-kinder\\\/#primaryimage\"},\"image\":{\"@id\":\"https:\\\/\\\/accessrec.eu\\\/de\\\/ersatzteile\\\/stabilo-lagerungskissen-fuer-kinder\\\/#primaryimage\"},\"thumbnailUrl\":\"https:\\\/\\\/accessrec.eu\\\/wp-content\\\/uploads\\\/2023\\\/10\\\/stabilo.jpg\",\"datePublished\":\"2023-10-24T13:37:00+00:00\",\"dateModified\":\"2024-02-27T14:27:29+00:00\",\"breadcrumb\":{\"@id\":\"https:\\\/\\\/accessrec.eu\\\/de\\\/ersatzteile\\\/stabilo-lagerungskissen-fuer-kinder\\\/#breadcrumb\"},\"inLanguage\":\"de-DE\",\"potentialAction\":[{\"@type\":\"ReadAction\",\"target\":[\"https:\\\/\\\/accessrec.eu\\\/de\\\/ersatzteile\\\/stabilo-lagerungskissen-fuer-kinder\\\/\"]}]},{\"@type\":\"ImageObject\",\"inLanguage\":\"de-DE\",\"@id\":\"https:\\\/\\\/accessrec.eu\\\/de\\\/ersatzteile\\\/stabilo-lagerungskissen-fuer-kinder\\\/#primaryimage\",\"url\":\"https:\\\/\\\/accessrec.eu\\\/wp-content\\\/uploads\\\/2023\\\/10\\\/stabilo.jpg\",\"contentUrl\":\"https:\\\/\\\/accessrec.eu\\\/wp-content\\\/uploads\\\/2023\\\/10\\\/stabilo.jpg\",\"width\":855,\"height\":624,\"caption\":\"Stabilo\"},{\"@type\":\"BreadcrumbList\",\"@id\":\"https:\\\/\\\/accessrec.eu\\\/de\\\/ersatzteile\\\/stabilo-lagerungskissen-fuer-kinder\\\/#breadcrumb\",\"itemListElement\":[{\"@type\":\"ListItem\",\"position\":1,\"name\":\"Accueil\",\"item\":\"https:\\\/\\\/accessrec.eu\\\/de\\\/\"},{\"@type\":\"ListItem\",\"position\":2,\"name\":\"Produkte\",\"item\":\"https:\\\/\\\/accessrec.eu\\\/de\\\/shop\\\/\"},{\"@type\":\"ListItem\",\"position\":3,\"name\":\"Ersatzteile\",\"item\":\"https:\\\/\\\/accessrec.eu\\\/de\\\/ersatzteile\\\/\"},{\"@type\":\"ListItem\",\"position\":4,\"name\":\"Stabilo &#8211; Lagerungskissen f\u00fcr Kinder\"}]},{\"@type\":\"WebSite\",\"@id\":\"https:\\\/\\\/accessrec.eu\\\/de\\\/#website\",\"url\":\"https:\\\/\\\/accessrec.eu\\\/de\\\/\",\"name\":\"Accessrec\",\"description\":\"\",\"publisher\":{\"@id\":\"https:\\\/\\\/accessrec.eu\\\/de\\\/#organization\"},\"potentialAction\":[{\"@type\":\"SearchAction\",\"target\":{\"@type\":\"EntryPoint\",\"urlTemplate\":\"https:\\\/\\\/accessrec.eu\\\/de\\\/?s={search_term_string}\"},\"query-input\":{\"@type\":\"PropertyValueSpecification\",\"valueRequired\":true,\"valueName\":\"search_term_string\"}}],\"inLanguage\":\"de-DE\"},{\"@type\":\"Organization\",\"@id\":\"https:\\\/\\\/accessrec.eu\\\/de\\\/#organization\",\"name\":\"Accessrec\",\"url\":\"https:\\\/\\\/accessrec.eu\\\/de\\\/\",\"logo\":{\"@type\":\"ImageObject\",\"inLanguage\":\"de-DE\",\"@id\":\"https:\\\/\\\/accessrec.eu\\\/de\\\/#\\\/schema\\\/logo\\\/image\\\/\",\"url\":\"https:\\\/\\\/accessrec.eu\\\/wp-content\\\/uploads\\\/2025\\\/11\\\/accessrec-by-deschamps.webp\",\"contentUrl\":\"https:\\\/\\\/accessrec.eu\\\/wp-content\\\/uploads\\\/2025\\\/11\\\/accessrec-by-deschamps.webp\",\"width\":600,\"height\":150,\"caption\":\"Accessrec\"},\"image\":{\"@id\":\"https:\\\/\\\/accessrec.eu\\\/de\\\/#\\\/schema\\\/logo\\\/image\\\/\"}}]}<\/script>\n<!-- \/ Yoast SEO plugin. -->","yoast_head_json":{"title":"Stabilo - Lagerungskissen f\u00fcr Kinder | Accessrec","robots":{"index":"index","follow":"follow","max-snippet":"max-snippet:-1","max-image-preview":"max-image-preview:large","max-video-preview":"max-video-preview:-1"},"canonical":"https:\/\/accessrec.eu\/de\/ersatzteile\/stabilo-lagerungskissen-fuer-kinder\/","og_locale":"de_DE","og_type":"article","og_title":"Stabilo - Lagerungskissen f\u00fcr Kinder | Accessrec","og_description":"Stabilo - Lagerungskissen f\u00fcr Kinder  Das Kissensystem optimiert den Halt eines Kindes auf dem Stuhl  St\u00e4rken:   Unterst\u00fctzung von Patienten mit Skoliose oder Kyphose  Multidirektionale Unterst\u00fctzung des Rumpfes  Aufrechterhaltung einer korrekten Kopfposition  Wirkt wie ein bequemes modelliertes Korsett  Das Stabilo-Kissen passt auf die folgenden Sessel: WaterWheels, TerraWheels, Hippocampus und Hippocampus Marathon.  Eigenschaften :   Gewicht: 3,5kg  Wasserdichte Nylonbeschichtung  Befestigung mit Klettverschlussriemen","og_url":"https:\/\/accessrec.eu\/de\/ersatzteile\/stabilo-lagerungskissen-fuer-kinder\/","og_site_name":"Accessrec","article_modified_time":"2024-02-27T14:27:29+00:00","og_image":[{"width":855,"height":624,"url":"https:\/\/accessrec.eu\/wp-content\/uploads\/2023\/10\/stabilo.jpg","type":"image\/jpeg"}],"twitter_card":"summary_large_image","twitter_misc":{"Gesch\u00e4tzte Lesezeit":"1 minute"},"schema":{"@context":"https:\/\/schema.org","@graph":[{"@type":"WebPage","@id":"https:\/\/accessrec.eu\/de\/ersatzteile\/stabilo-lagerungskissen-fuer-kinder\/","url":"https:\/\/accessrec.eu\/de\/ersatzteile\/stabilo-lagerungskissen-fuer-kinder\/","name":"Stabilo - Lagerungskissen f\u00fcr Kinder | Accessrec","isPartOf":{"@id":"https:\/\/accessrec.eu\/de\/#website"},"primaryImageOfPage":{"@id":"https:\/\/accessrec.eu\/de\/ersatzteile\/stabilo-lagerungskissen-fuer-kinder\/#primaryimage"},"image":{"@id":"https:\/\/accessrec.eu\/de\/ersatzteile\/stabilo-lagerungskissen-fuer-kinder\/#primaryimage"},"thumbnailUrl":"https:\/\/accessrec.eu\/wp-content\/uploads\/2023\/10\/stabilo.jpg","datePublished":"2023-10-24T13:37:00+00:00","dateModified":"2024-02-27T14:27:29+00:00","breadcrumb":{"@id":"https:\/\/accessrec.eu\/de\/ersatzteile\/stabilo-lagerungskissen-fuer-kinder\/#breadcrumb"},"inLanguage":"de-DE","potentialAction":[{"@type":"ReadAction","target":["https:\/\/accessrec.eu\/de\/ersatzteile\/stabilo-lagerungskissen-fuer-kinder\/"]}]},{"@type":"ImageObject","inLanguage":"de-DE","@id":"https:\/\/accessrec.eu\/de\/ersatzteile\/stabilo-lagerungskissen-fuer-kinder\/#primaryimage","url":"https:\/\/accessrec.eu\/wp-content\/uploads\/2023\/10\/stabilo.jpg","contentUrl":"https:\/\/accessrec.eu\/wp-content\/uploads\/2023\/10\/stabilo.jpg","width":855,"height":624,"caption":"Stabilo"},{"@type":"BreadcrumbList","@id":"https:\/\/accessrec.eu\/de\/ersatzteile\/stabilo-lagerungskissen-fuer-kinder\/#breadcrumb","itemListElement":[{"@type":"ListItem","position":1,"name":"Accueil","item":"https:\/\/accessrec.eu\/de\/"},{"@type":"ListItem","position":2,"name":"Produkte","item":"https:\/\/accessrec.eu\/de\/shop\/"},{"@type":"ListItem","position":3,"name":"Ersatzteile","item":"https:\/\/accessrec.eu\/de\/ersatzteile\/"},{"@type":"ListItem","position":4,"name":"Stabilo &#8211; Lagerungskissen f\u00fcr Kinder"}]},{"@type":"WebSite","@id":"https:\/\/accessrec.eu\/de\/#website","url":"https:\/\/accessrec.eu\/de\/","name":"Accessrec","description":"","publisher":{"@id":"https:\/\/accessrec.eu\/de\/#organization"},"potentialAction":[{"@type":"SearchAction","target":{"@type":"EntryPoint","urlTemplate":"https:\/\/accessrec.eu\/de\/?s={search_term_string}"},"query-input":{"@type":"PropertyValueSpecification","valueRequired":true,"valueName":"search_term_string"}}],"inLanguage":"de-DE"},{"@type":"Organization","@id":"https:\/\/accessrec.eu\/de\/#organization","name":"Accessrec","url":"https:\/\/accessrec.eu\/de\/","logo":{"@type":"ImageObject","inLanguage":"de-DE","@id":"https:\/\/accessrec.eu\/de\/#\/schema\/logo\/image\/","url":"https:\/\/accessrec.eu\/wp-content\/uploads\/2025\/11\/accessrec-by-deschamps.webp","contentUrl":"https:\/\/accessrec.eu\/wp-content\/uploads\/2025\/11\/accessrec-by-deschamps.webp","width":600,"height":150,"caption":"Accessrec"},"image":{"@id":"https:\/\/accessrec.eu\/de\/#\/schema\/logo\/image\/"}}]}},"_links":{"self":[{"href":"https:\/\/accessrec.eu\/de\/wp-json\/wp\/v2\/product\/22772","targetHints":{"allow":["GET"]}}],"collection":[{"href":"https:\/\/accessrec.eu\/de\/wp-json\/wp\/v2\/product"}],"about":[{"href":"https:\/\/accessrec.eu\/de\/wp-json\/wp\/v2\/types\/product"}],"replies":[{"embeddable":true,"href":"https:\/\/accessrec.eu\/de\/wp-json\/wp\/v2\/comments?post=22772"}],"wp:featuredmedia":[{"embeddable":true,"href":"https:\/\/accessrec.eu\/de\/wp-json\/wp\/v2\/media\/18784"}],"wp:attachment":[{"href":"https:\/\/accessrec.eu\/de\/wp-json\/wp\/v2\/media?parent=22772"}],"wp:term":[{"taxonomy":"product_brand","embeddable":true,"href":"https:\/\/accessrec.eu\/de\/wp-json\/wp\/v2\/product_brand?post=22772"},{"taxonomy":"product_cat","embeddable":true,"href":"https:\/\/accessrec.eu\/de\/wp-json\/wp\/v2\/product_cat?post=22772"},{"taxonomy":"product_tag","embeddable":true,"href":"https:\/\/accessrec.eu\/de\/wp-json\/wp\/v2\/product_tag?post=22772"}],"curies":[{"name":"wp","href":"https:\/\/api.w.org\/{rel}","templated":true}]}}