{"id":23924,"date":"2024-03-26T15:39:51","date_gmt":"2024-03-26T14:39:51","guid":{"rendered":"https:\/\/accessrec.eu\/?post_type=product&#038;p=23924"},"modified":"2025-07-11T11:57:31","modified_gmt":"2025-07-11T09:57:31","slug":"boitier-de-controle","status":"publish","type":"product","link":"https:\/\/accessrec.eu\/pieces-detachees\/boitier-de-controle\/","title":{"rendered":"Boitier de contr\u00f4le &#8211; Aquaccess Mobile &#038; Fixe"},"content":{"rendered":"","protected":false},"excerpt":{"rendered":"<p>Boitier de contr\u00f4le associ\u00e9 \u00e0 l&#8217;Aquaccess Fixe ou Mobile (batterie non incluse).<\/p>\n","protected":false},"featured_media":24434,"comment_status":"closed","ping_status":"closed","template":"","meta":{"_acf_changed":false,"site-sidebar-layout":"default","site-content-layout":"default","ast-site-content-layout":"","site-content-style":"default","site-sidebar-style":"default","ast-global-header-display":"","ast-banner-title-visibility":"","ast-main-header-display":"","ast-hfb-above-header-display":"","ast-hfb-below-header-display":"","ast-hfb-mobile-header-display":"","site-post-title":"","ast-breadcrumbs-content":"","ast-featured-img":"","footer-sml-layout":"","theme-transparent-header-meta":"default","adv-header-id-meta":"","stick-header-meta":"","header-above-stick-meta":"","header-main-stick-meta":"","header-below-stick-meta":"","astra-migrate-meta-layouts":"default","ast-page-background-enabled":"default","ast-page-background-meta":{"desktop":{"background-color":"","background-image":"","background-repeat":"repeat","background-position":"center center","background-size":"auto","background-attachment":"scroll","background-type":"","background-media":"","overlay-type":"","overlay-color":"","overlay-opacity":"","overlay-gradient":""},"tablet":{"background-color":"","background-image":"","background-repeat":"repeat","background-position":"center center","background-size":"auto","background-attachment":"scroll","background-type":"","background-media":"","overlay-type":"","overlay-color":"","overlay-opacity":"","overlay-gradient":""},"mobile":{"background-color":"","background-image":"","background-repeat":"repeat","background-position":"center center","background-size":"auto","background-attachment":"scroll","background-type":"","background-media":"","overlay-type":"","overlay-color":"","overlay-opacity":"","overlay-gradient":""}},"ast-content-background-meta":{"desktop":{"background-color":"var(--ast-global-color-5)","background-image":"","background-repeat":"repeat","background-position":"center center","background-size":"auto","background-attachment":"scroll","background-type":"","background-media":"","overlay-type":"","overlay-color":"","overlay-opacity":"","overlay-gradient":""},"tablet":{"background-color":"var(--ast-global-color-5)","background-image":"","background-repeat":"repeat","background-position":"center center","background-size":"auto","background-attachment":"scroll","background-type":"","background-media":"","overlay-type":"","overlay-color":"","overlay-opacity":"","overlay-gradient":""},"mobile":{"background-color":"var(--ast-global-color-5)","background-image":"","background-repeat":"repeat","background-position":"center center","background-size":"auto","background-attachment":"scroll","background-type":"","background-media":"","overlay-type":"","overlay-color":"","overlay-opacity":"","overlay-gradient":""}}},"product_brand":[],"product_cat":[89],"product_tag":[],"class_list":{"0":"post-23924","1":"product","2":"type-product","3":"status-publish","4":"has-post-thumbnail","6":"product_cat-pieces-detachees","7":"desktop-align-left","8":"tablet-align-left","9":"mobile-align-left","11":"first","12":"instock","13":"taxable","14":"shipping-taxable","15":"purchasable","16":"product-type-simple"},"acf":[],"yoast_head":"<!-- This site is optimized with the Yoast SEO plugin v27.5 - https:\/\/yoast.com\/product\/yoast-seo-wordpress\/ -->\n<title>Boitier de contr\u00f4le - Aquaccess Mobile &amp; Fixe | Accessrec<\/title>\n<meta name=\"robots\" content=\"index, follow, max-snippet:-1, max-image-preview:large, max-video-preview:-1\" \/>\n<link rel=\"canonical\" href=\"https:\/\/accessrec.eu\/el\/pieces-detachees\/boitier-de-controle\/\" \/>\n<meta property=\"og:locale\" content=\"el_GR\" \/>\n<meta property=\"og:type\" content=\"article\" \/>\n<meta property=\"og:title\" content=\"Boitier de contr\u00f4le - Aquaccess Mobile &amp; Fixe | Accessrec\" \/>\n<meta property=\"og:description\" content=\"Boitier de contr\u00f4le associ\u00e9 \u00e0 l&#039;Aquaccess Fixe ou Mobile (batterie non incluse).\" \/>\n<meta property=\"og:url\" content=\"https:\/\/accessrec.eu\/pieces-detachees\/boitier-de-controle\/\" \/>\n<meta property=\"og:site_name\" content=\"Accessrec\" \/>\n<meta property=\"article:modified_time\" content=\"2025-07-11T09:57:31+00:00\" \/>\n<meta property=\"og:image\" content=\"https:\/\/accessrec.eu\/wp-content\/uploads\/2024\/03\/Boitier-de-controle-1.png\" \/>\n\t<meta property=\"og:image:width\" content=\"855\" \/>\n\t<meta property=\"og:image:height\" content=\"624\" \/>\n\t<meta property=\"og:image:type\" content=\"image\/png\" \/>\n<meta name=\"twitter:card\" content=\"summary_large_image\" \/>\n<meta name=\"twitter:label1\" content=\"\u0395\u03ba\u03c4\u03b9\u03bc\u03ce\u03bc\u03b5\u03bd\u03bf\u03c2 \u03c7\u03c1\u03cc\u03bd\u03bf\u03c2 \u03b1\u03bd\u03ac\u03b3\u03bd\u03c9\u03c3\u03b7\u03c2\" \/>\n\t<meta name=\"twitter:data1\" content=\"1 \u03bb\u03b5\u03c0\u03c4\u03cc\" \/>\n<script type=\"application\/ld+json\" class=\"yoast-schema-graph\">{\"@context\":\"https:\\\/\\\/schema.org\",\"@graph\":[{\"@type\":\"WebPage\",\"@id\":\"https:\\\/\\\/accessrec.eu\\\/pieces-detachees\\\/boitier-de-controle\\\/\",\"url\":\"https:\\\/\\\/accessrec.eu\\\/pieces-detachees\\\/boitier-de-controle\\\/\",\"name\":\"Boitier de contr\u00f4le - Aquaccess Mobile & Fixe | Accessrec\",\"isPartOf\":{\"@id\":\"https:\\\/\\\/accessrec.eu\\\/el\\\/#website\"},\"primaryImageOfPage\":{\"@id\":\"https:\\\/\\\/accessrec.eu\\\/pieces-detachees\\\/boitier-de-controle\\\/#primaryimage\"},\"image\":{\"@id\":\"https:\\\/\\\/accessrec.eu\\\/pieces-detachees\\\/boitier-de-controle\\\/#primaryimage\"},\"thumbnailUrl\":\"https:\\\/\\\/accessrec.eu\\\/wp-content\\\/uploads\\\/2024\\\/03\\\/Boitier-de-controle-1.png\",\"datePublished\":\"2024-03-26T14:39:51+00:00\",\"dateModified\":\"2025-07-11T09:57:31+00:00\",\"breadcrumb\":{\"@id\":\"https:\\\/\\\/accessrec.eu\\\/pieces-detachees\\\/boitier-de-controle\\\/#breadcrumb\"},\"inLanguage\":\"el\",\"potentialAction\":[{\"@type\":\"ReadAction\",\"target\":[\"https:\\\/\\\/accessrec.eu\\\/pieces-detachees\\\/boitier-de-controle\\\/\"]}]},{\"@type\":\"ImageObject\",\"inLanguage\":\"el\",\"@id\":\"https:\\\/\\\/accessrec.eu\\\/pieces-detachees\\\/boitier-de-controle\\\/#primaryimage\",\"url\":\"https:\\\/\\\/accessrec.eu\\\/wp-content\\\/uploads\\\/2024\\\/03\\\/Boitier-de-controle-1.png\",\"contentUrl\":\"https:\\\/\\\/accessrec.eu\\\/wp-content\\\/uploads\\\/2024\\\/03\\\/Boitier-de-controle-1.png\",\"width\":855,\"height\":624,\"caption\":\"Boitier de contr\u00f4le\"},{\"@type\":\"BreadcrumbList\",\"@id\":\"https:\\\/\\\/accessrec.eu\\\/pieces-detachees\\\/boitier-de-controle\\\/#breadcrumb\",\"itemListElement\":[{\"@type\":\"ListItem\",\"position\":1,\"name\":\"Accueil\",\"item\":\"https:\\\/\\\/accessrec.eu\\\/el\\\/?page_id=36321\"},{\"@type\":\"ListItem\",\"position\":2,\"name\":\"\u03a0\u03c1\u03bf\u03ca\u03cc\u03bd\u03c4\u03b1\",\"item\":\"https:\\\/\\\/accessrec.eu\\\/el\\\/shop\\\/\"},{\"@type\":\"ListItem\",\"position\":3,\"name\":\"\u0391\u03c0\u03bf\u03ba\u03bf\u03bb\u03bb\u03b7\u03bc\u03ad\u03bd\u03b1 \u03ba\u03bf\u03bc\u03bc\u03ac\u03c4\u03b9\u03b1\",\"item\":\"https:\\\/\\\/accessrec.eu\\\/el\\\/%CE%B1%CF%80%CE%BF%CE%BA%CE%BF%CE%BB%CE%BB%CE%B7%CE%BC%CE%AD%CE%BD%CE%B1-%CE%BA%CE%BF%CE%BC%CE%BC%CE%AC%CF%84%CE%B9%CE%B1\\\/\"},{\"@type\":\"ListItem\",\"position\":4,\"name\":\"Boitier de contr\u00f4le &#8211; Aquaccess Mobile &#038; Fixe\"}]},{\"@type\":\"WebSite\",\"@id\":\"https:\\\/\\\/accessrec.eu\\\/el\\\/#website\",\"url\":\"https:\\\/\\\/accessrec.eu\\\/el\\\/\",\"name\":\"Accessrec\",\"description\":\"\",\"publisher\":{\"@id\":\"https:\\\/\\\/accessrec.eu\\\/el\\\/#organization\"},\"potentialAction\":[{\"@type\":\"SearchAction\",\"target\":{\"@type\":\"EntryPoint\",\"urlTemplate\":\"https:\\\/\\\/accessrec.eu\\\/el\\\/?s={search_term_string}\"},\"query-input\":{\"@type\":\"PropertyValueSpecification\",\"valueRequired\":true,\"valueName\":\"search_term_string\"}}],\"inLanguage\":\"el\"},{\"@type\":\"Organization\",\"@id\":\"https:\\\/\\\/accessrec.eu\\\/el\\\/#organization\",\"name\":\"Accessrec\",\"url\":\"https:\\\/\\\/accessrec.eu\\\/el\\\/\",\"logo\":{\"@type\":\"ImageObject\",\"inLanguage\":\"el\",\"@id\":\"https:\\\/\\\/accessrec.eu\\\/el\\\/#\\\/schema\\\/logo\\\/image\\\/\",\"url\":\"https:\\\/\\\/accessrec.eu\\\/wp-content\\\/uploads\\\/2025\\\/11\\\/accessrec-by-deschamps.webp\",\"contentUrl\":\"https:\\\/\\\/accessrec.eu\\\/wp-content\\\/uploads\\\/2025\\\/11\\\/accessrec-by-deschamps.webp\",\"width\":600,\"height\":150,\"caption\":\"Accessrec\"},\"image\":{\"@id\":\"https:\\\/\\\/accessrec.eu\\\/el\\\/#\\\/schema\\\/logo\\\/image\\\/\"}}]}<\/script>\n<!-- \/ Yoast SEO plugin. -->","yoast_head_json":{"title":"Boitier de contr\u00f4le - Aquaccess Mobile & Fixe | Accessrec","robots":{"index":"index","follow":"follow","max-snippet":"max-snippet:-1","max-image-preview":"max-image-preview:large","max-video-preview":"max-video-preview:-1"},"canonical":"https:\/\/accessrec.eu\/el\/pieces-detachees\/boitier-de-controle\/","og_locale":"el_GR","og_type":"article","og_title":"Boitier de contr\u00f4le - Aquaccess Mobile & Fixe | Accessrec","og_description":"Boitier de contr\u00f4le associ\u00e9 \u00e0 l'Aquaccess Fixe ou Mobile (batterie non incluse).","og_url":"https:\/\/accessrec.eu\/pieces-detachees\/boitier-de-controle\/","og_site_name":"Accessrec","article_modified_time":"2025-07-11T09:57:31+00:00","og_image":[{"width":855,"height":624,"url":"https:\/\/accessrec.eu\/wp-content\/uploads\/2024\/03\/Boitier-de-controle-1.png","type":"image\/png"}],"twitter_card":"summary_large_image","twitter_misc":{"\u0395\u03ba\u03c4\u03b9\u03bc\u03ce\u03bc\u03b5\u03bd\u03bf\u03c2 \u03c7\u03c1\u03cc\u03bd\u03bf\u03c2 \u03b1\u03bd\u03ac\u03b3\u03bd\u03c9\u03c3\u03b7\u03c2":"1 \u03bb\u03b5\u03c0\u03c4\u03cc"},"schema":{"@context":"https:\/\/schema.org","@graph":[{"@type":"WebPage","@id":"https:\/\/accessrec.eu\/pieces-detachees\/boitier-de-controle\/","url":"https:\/\/accessrec.eu\/pieces-detachees\/boitier-de-controle\/","name":"Boitier de contr\u00f4le - Aquaccess Mobile & Fixe | Accessrec","isPartOf":{"@id":"https:\/\/accessrec.eu\/el\/#website"},"primaryImageOfPage":{"@id":"https:\/\/accessrec.eu\/pieces-detachees\/boitier-de-controle\/#primaryimage"},"image":{"@id":"https:\/\/accessrec.eu\/pieces-detachees\/boitier-de-controle\/#primaryimage"},"thumbnailUrl":"https:\/\/accessrec.eu\/wp-content\/uploads\/2024\/03\/Boitier-de-controle-1.png","datePublished":"2024-03-26T14:39:51+00:00","dateModified":"2025-07-11T09:57:31+00:00","breadcrumb":{"@id":"https:\/\/accessrec.eu\/pieces-detachees\/boitier-de-controle\/#breadcrumb"},"inLanguage":"el","potentialAction":[{"@type":"ReadAction","target":["https:\/\/accessrec.eu\/pieces-detachees\/boitier-de-controle\/"]}]},{"@type":"ImageObject","inLanguage":"el","@id":"https:\/\/accessrec.eu\/pieces-detachees\/boitier-de-controle\/#primaryimage","url":"https:\/\/accessrec.eu\/wp-content\/uploads\/2024\/03\/Boitier-de-controle-1.png","contentUrl":"https:\/\/accessrec.eu\/wp-content\/uploads\/2024\/03\/Boitier-de-controle-1.png","width":855,"height":624,"caption":"Boitier de contr\u00f4le"},{"@type":"BreadcrumbList","@id":"https:\/\/accessrec.eu\/pieces-detachees\/boitier-de-controle\/#breadcrumb","itemListElement":[{"@type":"ListItem","position":1,"name":"Accueil","item":"https:\/\/accessrec.eu\/el\/?page_id=36321"},{"@type":"ListItem","position":2,"name":"\u03a0\u03c1\u03bf\u03ca\u03cc\u03bd\u03c4\u03b1","item":"https:\/\/accessrec.eu\/el\/shop\/"},{"@type":"ListItem","position":3,"name":"\u0391\u03c0\u03bf\u03ba\u03bf\u03bb\u03bb\u03b7\u03bc\u03ad\u03bd\u03b1 \u03ba\u03bf\u03bc\u03bc\u03ac\u03c4\u03b9\u03b1","item":"https:\/\/accessrec.eu\/el\/%CE%B1%CF%80%CE%BF%CE%BA%CE%BF%CE%BB%CE%BB%CE%B7%CE%BC%CE%AD%CE%BD%CE%B1-%CE%BA%CE%BF%CE%BC%CE%BC%CE%AC%CF%84%CE%B9%CE%B1\/"},{"@type":"ListItem","position":4,"name":"Boitier de contr\u00f4le &#8211; Aquaccess Mobile &#038; Fixe"}]},{"@type":"WebSite","@id":"https:\/\/accessrec.eu\/el\/#website","url":"https:\/\/accessrec.eu\/el\/","name":"Accessrec","description":"","publisher":{"@id":"https:\/\/accessrec.eu\/el\/#organization"},"potentialAction":[{"@type":"SearchAction","target":{"@type":"EntryPoint","urlTemplate":"https:\/\/accessrec.eu\/el\/?s={search_term_string}"},"query-input":{"@type":"PropertyValueSpecification","valueRequired":true,"valueName":"search_term_string"}}],"inLanguage":"el"},{"@type":"Organization","@id":"https:\/\/accessrec.eu\/el\/#organization","name":"Accessrec","url":"https:\/\/accessrec.eu\/el\/","logo":{"@type":"ImageObject","inLanguage":"el","@id":"https:\/\/accessrec.eu\/el\/#\/schema\/logo\/image\/","url":"https:\/\/accessrec.eu\/wp-content\/uploads\/2025\/11\/accessrec-by-deschamps.webp","contentUrl":"https:\/\/accessrec.eu\/wp-content\/uploads\/2025\/11\/accessrec-by-deschamps.webp","width":600,"height":150,"caption":"Accessrec"},"image":{"@id":"https:\/\/accessrec.eu\/el\/#\/schema\/logo\/image\/"}}]}},"_links":{"self":[{"href":"https:\/\/accessrec.eu\/el\/wp-json\/wp\/v2\/product\/23924","targetHints":{"allow":["GET"]}}],"collection":[{"href":"https:\/\/accessrec.eu\/el\/wp-json\/wp\/v2\/product"}],"about":[{"href":"https:\/\/accessrec.eu\/el\/wp-json\/wp\/v2\/types\/product"}],"replies":[{"embeddable":true,"href":"https:\/\/accessrec.eu\/el\/wp-json\/wp\/v2\/comments?post=23924"}],"wp:featuredmedia":[{"embeddable":true,"href":"https:\/\/accessrec.eu\/el\/wp-json\/wp\/v2\/media\/24434"}],"wp:attachment":[{"href":"https:\/\/accessrec.eu\/el\/wp-json\/wp\/v2\/media?parent=23924"}],"wp:term":[{"taxonomy":"product_brand","embeddable":true,"href":"https:\/\/accessrec.eu\/el\/wp-json\/wp\/v2\/product_brand?post=23924"},{"taxonomy":"product_cat","embeddable":true,"href":"https:\/\/accessrec.eu\/el\/wp-json\/wp\/v2\/product_cat?post=23924"},{"taxonomy":"product_tag","embeddable":true,"href":"https:\/\/accessrec.eu\/el\/wp-json\/wp\/v2\/product_tag?post=23924"}],"curies":[{"name":"wp","href":"https:\/\/api.w.org\/{rel}","templated":true}]}}