{"id":15954,"date":"2023-01-19T15:07:18","date_gmt":"2023-01-19T14:07:18","guid":{"rendered":"https:\/\/accessrec.eu\/product\/maaratlemata\/aquaccess-mobile-mobiilne-basseinitostuk\/"},"modified":"2024-05-17T18:56:29","modified_gmt":"2024-05-17T16:56:29","slug":"accesspool-free","status":"publish","type":"product","link":"https:\/\/accessrec.eu\/et\/liikumis-ja-juurdepaasumatid\/varustus\/accesspool-free\/","title":{"rendered":"Aquaccess Mobile &#8211; mobiilne basseinit\u00f5stuk"},"content":{"rendered":"","protected":false},"excerpt":{"rendered":"<p>Mobiilne basseinit\u00f5stuk<\/p>\n","protected":false},"featured_media":33443,"comment_status":"closed","ping_status":"closed","template":"","meta":{"_acf_changed":false,"site-sidebar-layout":"default","site-content-layout":"default","ast-site-content-layout":"default","site-content-style":"default","site-sidebar-style":"default","ast-global-header-display":"","ast-banner-title-visibility":"","ast-main-header-display":"","ast-hfb-above-header-display":"","ast-hfb-below-header-display":"","ast-hfb-mobile-header-display":"","site-post-title":"","ast-breadcrumbs-content":"","ast-featured-img":"","footer-sml-layout":"","theme-transparent-header-meta":"default","adv-header-id-meta":"","stick-header-meta":"","header-above-stick-meta":"","header-main-stick-meta":"","header-below-stick-meta":"","astra-migrate-meta-layouts":"default","ast-page-background-enabled":"default","ast-page-background-meta":{"desktop":{"background-color":"","background-image":"","background-repeat":"repeat","background-position":"center center","background-size":"auto","background-attachment":"scroll","background-type":"","background-media":"","overlay-type":"","overlay-color":"","overlay-opacity":"","overlay-gradient":""},"tablet":{"background-color":"","background-image":"","background-repeat":"repeat","background-position":"center center","background-size":"auto","background-attachment":"scroll","background-type":"","background-media":"","overlay-type":"","overlay-color":"","overlay-opacity":"","overlay-gradient":""},"mobile":{"background-color":"","background-image":"","background-repeat":"repeat","background-position":"center center","background-size":"auto","background-attachment":"scroll","background-type":"","background-media":"","overlay-type":"","overlay-color":"","overlay-opacity":"","overlay-gradient":""}},"ast-content-background-meta":{"desktop":{"background-color":"var(--ast-global-color-5)","background-image":"","background-repeat":"repeat","background-position":"center center","background-size":"auto","background-attachment":"scroll","background-type":"","background-media":"","overlay-type":"","overlay-color":"","overlay-opacity":"","overlay-gradient":""},"tablet":{"background-color":"var(--ast-global-color-5)","background-image":"","background-repeat":"repeat","background-position":"center center","background-size":"auto","background-attachment":"scroll","background-type":"","background-media":"","overlay-type":"","overlay-color":"","overlay-opacity":"","overlay-gradient":""},"mobile":{"background-color":"var(--ast-global-color-5)","background-image":"","background-repeat":"repeat","background-position":"center center","background-size":"auto","background-attachment":"scroll","background-type":"","background-media":"","overlay-type":"","overlay-color":"","overlay-opacity":"","overlay-gradient":""}}},"product_brand":[],"product_cat":[1197,1270],"product_tag":[],"class_list":{"0":"post-15954","1":"product","2":"type-product","3":"status-publish","4":"has-post-thumbnail","6":"product_cat-bassein","7":"product_cat-varustus","8":"product_shipping_class-free-shipping-et","9":"desktop-align-left","10":"tablet-align-left","11":"mobile-align-left","13":"first","14":"instock","15":"taxable","16":"shipping-taxable","17":"purchasable","18":"product-type-simple"},"acf":[],"yoast_head":"<!-- This site is optimized with the Yoast SEO plugin v27.5 - https:\/\/yoast.com\/product\/yoast-seo-wordpress\/ -->\n<title>Aquaccess Mobile - mobiilne basseinit\u00f5stuk | Accessrec<\/title>\n<meta name=\"description\" content=\"Aquaccess Mobile on liikumispuudega inimestele kohandatud mobiilne lift sise- ja v\u00e4libasseinide jaoks, mis sobib ideaalselt \u00fcmberistumiseks ja mugavaks liikumiseks riietusruumist basseini \u00e4\u00e4rde.\" \/>\n<meta name=\"robots\" content=\"index, follow, max-snippet:-1, max-image-preview:large, max-video-preview:-1\" \/>\n<link rel=\"canonical\" href=\"https:\/\/accessrec.eu\/et\/liikumis-ja-juurdepaasumatid\/varustus\/accesspool-free\/\" \/>\n<meta property=\"og:locale\" content=\"et_EE\" \/>\n<meta property=\"og:type\" content=\"article\" \/>\n<meta property=\"og:title\" content=\"Aquaccess Mobile - mobiilne basseinit\u00f5stuk | Accessrec\" \/>\n<meta property=\"og:description\" content=\"Aquaccess Mobile on liikumispuudega inimestele kohandatud mobiilne lift sise- ja v\u00e4libasseinide jaoks, mis sobib ideaalselt \u00fcmberistumiseks ja mugavaks liikumiseks riietusruumist basseini \u00e4\u00e4rde.\" \/>\n<meta property=\"og:url\" content=\"https:\/\/accessrec.eu\/et\/liikumis-ja-juurdepaasumatid\/varustus\/accesspool-free\/\" \/>\n<meta property=\"og:site_name\" content=\"Accessrec\" \/>\n<meta property=\"article:modified_time\" content=\"2024-05-17T16:56:29+00:00\" \/>\n<meta property=\"og:image\" content=\"https:\/\/accessrec.eu\/wp-content\/uploads\/2024\/03\/aquaccess-mobile-1.png\" \/>\n\t<meta property=\"og:image:width\" content=\"855\" \/>\n\t<meta property=\"og:image:height\" content=\"624\" \/>\n\t<meta property=\"og:image:type\" content=\"image\/png\" \/>\n<meta name=\"twitter:card\" content=\"summary_large_image\" \/>\n<script type=\"application\/ld+json\" class=\"yoast-schema-graph\">{\"@context\":\"https:\\\/\\\/schema.org\",\"@graph\":[{\"@type\":\"WebPage\",\"@id\":\"https:\\\/\\\/accessrec.eu\\\/et\\\/liikumis-ja-juurdepaasumatid\\\/varustus\\\/accesspool-free\\\/\",\"url\":\"https:\\\/\\\/accessrec.eu\\\/et\\\/liikumis-ja-juurdepaasumatid\\\/varustus\\\/accesspool-free\\\/\",\"name\":\"Aquaccess Mobile - mobiilne basseinit\u00f5stuk | Accessrec\",\"isPartOf\":{\"@id\":\"https:\\\/\\\/accessrec.eu\\\/et\\\/#website\"},\"primaryImageOfPage\":{\"@id\":\"https:\\\/\\\/accessrec.eu\\\/et\\\/liikumis-ja-juurdepaasumatid\\\/varustus\\\/accesspool-free\\\/#primaryimage\"},\"image\":{\"@id\":\"https:\\\/\\\/accessrec.eu\\\/et\\\/liikumis-ja-juurdepaasumatid\\\/varustus\\\/accesspool-free\\\/#primaryimage\"},\"thumbnailUrl\":\"https:\\\/\\\/accessrec.eu\\\/wp-content\\\/uploads\\\/2023\\\/01\\\/DSCF6052-topaz-sharpen-scaled.jpg\",\"datePublished\":\"2023-01-19T14:07:18+00:00\",\"dateModified\":\"2024-05-17T16:56:29+00:00\",\"description\":\"Aquaccess Mobile on liikumispuudega inimestele kohandatud mobiilne lift sise- ja v\u00e4libasseinide jaoks, mis sobib ideaalselt \u00fcmberistumiseks ja mugavaks liikumiseks riietusruumist basseini \u00e4\u00e4rde.\",\"breadcrumb\":{\"@id\":\"https:\\\/\\\/accessrec.eu\\\/et\\\/liikumis-ja-juurdepaasumatid\\\/varustus\\\/accesspool-free\\\/#breadcrumb\"},\"inLanguage\":\"et\",\"potentialAction\":[{\"@type\":\"ReadAction\",\"target\":[\"https:\\\/\\\/accessrec.eu\\\/et\\\/liikumis-ja-juurdepaasumatid\\\/varustus\\\/accesspool-free\\\/\"]}]},{\"@type\":\"ImageObject\",\"inLanguage\":\"et\",\"@id\":\"https:\\\/\\\/accessrec.eu\\\/et\\\/liikumis-ja-juurdepaasumatid\\\/varustus\\\/accesspool-free\\\/#primaryimage\",\"url\":\"https:\\\/\\\/accessrec.eu\\\/wp-content\\\/uploads\\\/2023\\\/01\\\/DSCF6052-topaz-sharpen-scaled.jpg\",\"contentUrl\":\"https:\\\/\\\/accessrec.eu\\\/wp-content\\\/uploads\\\/2023\\\/01\\\/DSCF6052-topaz-sharpen-scaled.jpg\",\"width\":2560,\"height\":1707},{\"@type\":\"BreadcrumbList\",\"@id\":\"https:\\\/\\\/accessrec.eu\\\/et\\\/liikumis-ja-juurdepaasumatid\\\/varustus\\\/accesspool-free\\\/#breadcrumb\",\"itemListElement\":[{\"@type\":\"ListItem\",\"position\":1,\"name\":\"Accueil\",\"item\":\"https:\\\/\\\/accessrec.eu\\\/et\\\/?page_id=36298\"},{\"@type\":\"ListItem\",\"position\":2,\"name\":\"Tooted\",\"item\":\"https:\\\/\\\/accessrec.eu\\\/et\\\/shop\\\/\"},{\"@type\":\"ListItem\",\"position\":3,\"name\":\"Ujumine ja vettelaskmine\",\"item\":\"https:\\\/\\\/accessrec.eu\\\/et\\\/ujumine-ja-vettelaskmine\\\/\"},{\"@type\":\"ListItem\",\"position\":4,\"name\":\"Bassein\",\"item\":\"https:\\\/\\\/accessrec.eu\\\/et\\\/ujumine-ja-vettelaskmine\\\/bassein\\\/\"},{\"@type\":\"ListItem\",\"position\":5,\"name\":\"Aquaccess Mobile &#8211; mobiilne basseinit\u00f5stuk\"}]},{\"@type\":\"WebSite\",\"@id\":\"https:\\\/\\\/accessrec.eu\\\/et\\\/#website\",\"url\":\"https:\\\/\\\/accessrec.eu\\\/et\\\/\",\"name\":\"Accessrec\",\"description\":\"\",\"publisher\":{\"@id\":\"https:\\\/\\\/accessrec.eu\\\/et\\\/#organization\"},\"potentialAction\":[{\"@type\":\"SearchAction\",\"target\":{\"@type\":\"EntryPoint\",\"urlTemplate\":\"https:\\\/\\\/accessrec.eu\\\/et\\\/?s={search_term_string}\"},\"query-input\":{\"@type\":\"PropertyValueSpecification\",\"valueRequired\":true,\"valueName\":\"search_term_string\"}}],\"inLanguage\":\"et\"},{\"@type\":\"Organization\",\"@id\":\"https:\\\/\\\/accessrec.eu\\\/et\\\/#organization\",\"name\":\"Accessrec\",\"url\":\"https:\\\/\\\/accessrec.eu\\\/et\\\/\",\"logo\":{\"@type\":\"ImageObject\",\"inLanguage\":\"et\",\"@id\":\"https:\\\/\\\/accessrec.eu\\\/et\\\/#\\\/schema\\\/logo\\\/image\\\/\",\"url\":\"https:\\\/\\\/accessrec.eu\\\/wp-content\\\/uploads\\\/2025\\\/11\\\/accessrec-by-deschamps.webp\",\"contentUrl\":\"https:\\\/\\\/accessrec.eu\\\/wp-content\\\/uploads\\\/2025\\\/11\\\/accessrec-by-deschamps.webp\",\"width\":600,\"height\":150,\"caption\":\"Accessrec\"},\"image\":{\"@id\":\"https:\\\/\\\/accessrec.eu\\\/et\\\/#\\\/schema\\\/logo\\\/image\\\/\"}}]}<\/script>\n<!-- \/ Yoast SEO plugin. -->","yoast_head_json":{"title":"Aquaccess Mobile - mobiilne basseinit\u00f5stuk | Accessrec","description":"Aquaccess Mobile on liikumispuudega inimestele kohandatud mobiilne lift sise- ja v\u00e4libasseinide jaoks, mis sobib ideaalselt \u00fcmberistumiseks ja mugavaks liikumiseks riietusruumist basseini \u00e4\u00e4rde.","robots":{"index":"index","follow":"follow","max-snippet":"max-snippet:-1","max-image-preview":"max-image-preview:large","max-video-preview":"max-video-preview:-1"},"canonical":"https:\/\/accessrec.eu\/et\/liikumis-ja-juurdepaasumatid\/varustus\/accesspool-free\/","og_locale":"et_EE","og_type":"article","og_title":"Aquaccess Mobile - mobiilne basseinit\u00f5stuk | Accessrec","og_description":"Aquaccess Mobile on liikumispuudega inimestele kohandatud mobiilne lift sise- ja v\u00e4libasseinide jaoks, mis sobib ideaalselt \u00fcmberistumiseks ja mugavaks liikumiseks riietusruumist basseini \u00e4\u00e4rde.","og_url":"https:\/\/accessrec.eu\/et\/liikumis-ja-juurdepaasumatid\/varustus\/accesspool-free\/","og_site_name":"Accessrec","article_modified_time":"2024-05-17T16:56:29+00:00","og_image":[{"width":855,"height":624,"url":"https:\/\/accessrec.eu\/wp-content\/uploads\/2024\/03\/aquaccess-mobile-1.png","type":"image\/png"}],"twitter_card":"summary_large_image","schema":{"@context":"https:\/\/schema.org","@graph":[{"@type":"WebPage","@id":"https:\/\/accessrec.eu\/et\/liikumis-ja-juurdepaasumatid\/varustus\/accesspool-free\/","url":"https:\/\/accessrec.eu\/et\/liikumis-ja-juurdepaasumatid\/varustus\/accesspool-free\/","name":"Aquaccess Mobile - mobiilne basseinit\u00f5stuk | Accessrec","isPartOf":{"@id":"https:\/\/accessrec.eu\/et\/#website"},"primaryImageOfPage":{"@id":"https:\/\/accessrec.eu\/et\/liikumis-ja-juurdepaasumatid\/varustus\/accesspool-free\/#primaryimage"},"image":{"@id":"https:\/\/accessrec.eu\/et\/liikumis-ja-juurdepaasumatid\/varustus\/accesspool-free\/#primaryimage"},"thumbnailUrl":"https:\/\/accessrec.eu\/wp-content\/uploads\/2023\/01\/DSCF6052-topaz-sharpen-scaled.jpg","datePublished":"2023-01-19T14:07:18+00:00","dateModified":"2024-05-17T16:56:29+00:00","description":"Aquaccess Mobile on liikumispuudega inimestele kohandatud mobiilne lift sise- ja v\u00e4libasseinide jaoks, mis sobib ideaalselt \u00fcmberistumiseks ja mugavaks liikumiseks riietusruumist basseini \u00e4\u00e4rde.","breadcrumb":{"@id":"https:\/\/accessrec.eu\/et\/liikumis-ja-juurdepaasumatid\/varustus\/accesspool-free\/#breadcrumb"},"inLanguage":"et","potentialAction":[{"@type":"ReadAction","target":["https:\/\/accessrec.eu\/et\/liikumis-ja-juurdepaasumatid\/varustus\/accesspool-free\/"]}]},{"@type":"ImageObject","inLanguage":"et","@id":"https:\/\/accessrec.eu\/et\/liikumis-ja-juurdepaasumatid\/varustus\/accesspool-free\/#primaryimage","url":"https:\/\/accessrec.eu\/wp-content\/uploads\/2023\/01\/DSCF6052-topaz-sharpen-scaled.jpg","contentUrl":"https:\/\/accessrec.eu\/wp-content\/uploads\/2023\/01\/DSCF6052-topaz-sharpen-scaled.jpg","width":2560,"height":1707},{"@type":"BreadcrumbList","@id":"https:\/\/accessrec.eu\/et\/liikumis-ja-juurdepaasumatid\/varustus\/accesspool-free\/#breadcrumb","itemListElement":[{"@type":"ListItem","position":1,"name":"Accueil","item":"https:\/\/accessrec.eu\/et\/?page_id=36298"},{"@type":"ListItem","position":2,"name":"Tooted","item":"https:\/\/accessrec.eu\/et\/shop\/"},{"@type":"ListItem","position":3,"name":"Ujumine ja vettelaskmine","item":"https:\/\/accessrec.eu\/et\/ujumine-ja-vettelaskmine\/"},{"@type":"ListItem","position":4,"name":"Bassein","item":"https:\/\/accessrec.eu\/et\/ujumine-ja-vettelaskmine\/bassein\/"},{"@type":"ListItem","position":5,"name":"Aquaccess Mobile &#8211; mobiilne basseinit\u00f5stuk"}]},{"@type":"WebSite","@id":"https:\/\/accessrec.eu\/et\/#website","url":"https:\/\/accessrec.eu\/et\/","name":"Accessrec","description":"","publisher":{"@id":"https:\/\/accessrec.eu\/et\/#organization"},"potentialAction":[{"@type":"SearchAction","target":{"@type":"EntryPoint","urlTemplate":"https:\/\/accessrec.eu\/et\/?s={search_term_string}"},"query-input":{"@type":"PropertyValueSpecification","valueRequired":true,"valueName":"search_term_string"}}],"inLanguage":"et"},{"@type":"Organization","@id":"https:\/\/accessrec.eu\/et\/#organization","name":"Accessrec","url":"https:\/\/accessrec.eu\/et\/","logo":{"@type":"ImageObject","inLanguage":"et","@id":"https:\/\/accessrec.eu\/et\/#\/schema\/logo\/image\/","url":"https:\/\/accessrec.eu\/wp-content\/uploads\/2025\/11\/accessrec-by-deschamps.webp","contentUrl":"https:\/\/accessrec.eu\/wp-content\/uploads\/2025\/11\/accessrec-by-deschamps.webp","width":600,"height":150,"caption":"Accessrec"},"image":{"@id":"https:\/\/accessrec.eu\/et\/#\/schema\/logo\/image\/"}}]}},"_links":{"self":[{"href":"https:\/\/accessrec.eu\/et\/wp-json\/wp\/v2\/product\/15954","targetHints":{"allow":["GET"]}}],"collection":[{"href":"https:\/\/accessrec.eu\/et\/wp-json\/wp\/v2\/product"}],"about":[{"href":"https:\/\/accessrec.eu\/et\/wp-json\/wp\/v2\/types\/product"}],"replies":[{"embeddable":true,"href":"https:\/\/accessrec.eu\/et\/wp-json\/wp\/v2\/comments?post=15954"}],"wp:featuredmedia":[{"embeddable":true,"href":"https:\/\/accessrec.eu\/et\/wp-json\/wp\/v2\/media\/33443"}],"wp:attachment":[{"href":"https:\/\/accessrec.eu\/et\/wp-json\/wp\/v2\/media?parent=15954"}],"wp:term":[{"taxonomy":"product_brand","embeddable":true,"href":"https:\/\/accessrec.eu\/et\/wp-json\/wp\/v2\/product_brand?post=15954"},{"taxonomy":"product_cat","embeddable":true,"href":"https:\/\/accessrec.eu\/et\/wp-json\/wp\/v2\/product_cat?post=15954"},{"taxonomy":"product_tag","embeddable":true,"href":"https:\/\/accessrec.eu\/et\/wp-json\/wp\/v2\/product_tag?post=15954"}],"curies":[{"name":"wp","href":"https:\/\/api.w.org\/{rel}","templated":true}]}}