{"id":17006,"date":"2022-04-14T10:54:39","date_gmt":"2022-04-14T08:54:39","guid":{"rendered":"https:\/\/accessrec.eu\/product\/maaratlemata\/hippocampe-mitmekulgne-maastikuline-ratastool\/"},"modified":"2024-05-28T09:21:40","modified_gmt":"2024-05-28T07:21:40","slug":"merihobu","status":"publish","type":"product","link":"https:\/\/accessrec.eu\/et\/liikumis-ja-juurdepaasumatid\/tugitoolid\/merihobu\/","title":{"rendered":"Hippocampe &#8211; mitmek\u00fclgne maastikuline ratastool"},"content":{"rendered":"","protected":false},"excerpt":{"rendered":"<p>Mitmek\u00fclgne maastikuline ratastool<\/p>\n","protected":false},"featured_media":35251,"comment_status":"closed","ping_status":"closed","template":"","meta":{"_acf_changed":false,"site-sidebar-layout":"default","site-content-layout":"default","ast-site-content-layout":"default","site-content-style":"default","site-sidebar-style":"default","ast-global-header-display":"","ast-banner-title-visibility":"","ast-main-header-display":"","ast-hfb-above-header-display":"","ast-hfb-below-header-display":"","ast-hfb-mobile-header-display":"","site-post-title":"","ast-breadcrumbs-content":"","ast-featured-img":"","footer-sml-layout":"","theme-transparent-header-meta":"default","adv-header-id-meta":"","stick-header-meta":"","header-above-stick-meta":"","header-main-stick-meta":"","header-below-stick-meta":"","astra-migrate-meta-layouts":"default","ast-page-background-enabled":"default","ast-page-background-meta":{"desktop":{"background-color":"","background-image":"","background-repeat":"repeat","background-position":"center center","background-size":"auto","background-attachment":"scroll","background-type":"","background-media":"","overlay-type":"","overlay-color":"","overlay-opacity":"","overlay-gradient":""},"tablet":{"background-color":"","background-image":"","background-repeat":"repeat","background-position":"center center","background-size":"auto","background-attachment":"scroll","background-type":"","background-media":"","overlay-type":"","overlay-color":"","overlay-opacity":"","overlay-gradient":""},"mobile":{"background-color":"","background-image":"","background-repeat":"repeat","background-position":"center center","background-size":"auto","background-attachment":"scroll","background-type":"","background-media":"","overlay-type":"","overlay-color":"","overlay-opacity":"","overlay-gradient":""}},"ast-content-background-meta":{"desktop":{"background-color":"var(--ast-global-color-5)","background-image":"","background-repeat":"repeat","background-position":"center center","background-size":"auto","background-attachment":"scroll","background-type":"","background-media":"","overlay-type":"","overlay-color":"","overlay-opacity":"","overlay-gradient":""},"tablet":{"background-color":"var(--ast-global-color-5)","background-image":"","background-repeat":"repeat","background-position":"center center","background-size":"auto","background-attachment":"scroll","background-type":"","background-media":"","overlay-type":"","overlay-color":"","overlay-opacity":"","overlay-gradient":""},"mobile":{"background-color":"var(--ast-global-color-5)","background-image":"","background-repeat":"repeat","background-position":"center center","background-size":"auto","background-attachment":"scroll","background-type":"","background-media":"","overlay-type":"","overlay-color":"","overlay-opacity":"","overlay-gradient":""}}},"product_brand":[],"product_cat":[1266,1271],"product_tag":[],"class_list":{"0":"post-17006","1":"product","2":"type-product","3":"status-publish","4":"has-post-thumbnail","6":"product_cat-rand","7":"product_cat-tugitoolid","8":"desktop-align-left","9":"tablet-align-left","10":"mobile-align-left","12":"first","13":"instock","14":"taxable","15":"shipping-taxable","16":"purchasable","17":"product-type-simple"},"acf":[],"yoast_head":"<!-- This site is optimized with the Yoast SEO plugin v27.5 - https:\/\/yoast.com\/product\/yoast-seo-wordpress\/ -->\n<title>Hippocampe - mitmek\u00fclgne maastikuline ratastool | Accessrec<\/title>\n<meta name=\"description\" content=\"Hippocampe maastikurattatoolid v\u00f5imaldavad liikumispuudega inimestele (liikumispuudega inimesed) juurdep\u00e4\u00e4su igale maastikule ja pinnasele.\" \/>\n<meta name=\"robots\" content=\"index, follow, max-snippet:-1, max-image-preview:large, max-video-preview:-1\" \/>\n<link rel=\"canonical\" href=\"https:\/\/accessrec.eu\/et\/liikumis-ja-juurdepaasumatid\/tugitoolid\/merihobu\/\" \/>\n<meta property=\"og:locale\" content=\"et_EE\" \/>\n<meta property=\"og:type\" content=\"article\" \/>\n<meta property=\"og:title\" content=\"Hippocampe - mitmek\u00fclgne maastikuline ratastool | Accessrec\" \/>\n<meta property=\"og:description\" content=\"Hippocampe maastikurattatoolid v\u00f5imaldavad liikumispuudega inimestele (liikumispuudega inimesed) juurdep\u00e4\u00e4su igale maastikule ja pinnasele.\" \/>\n<meta property=\"og:url\" content=\"https:\/\/accessrec.eu\/et\/liikumis-ja-juurdepaasumatid\/tugitoolid\/merihobu\/\" \/>\n<meta property=\"og:site_name\" content=\"Accessrec\" \/>\n<meta property=\"article:modified_time\" content=\"2024-05-28T07:21:40+00:00\" \/>\n<meta property=\"og:image\" content=\"https:\/\/accessrec.eu\/wp-content\/uploads\/2022\/02\/hippocampe-long.jpg\" \/>\n\t<meta property=\"og:image:width\" content=\"855\" \/>\n\t<meta property=\"og:image:height\" content=\"624\" \/>\n\t<meta property=\"og:image:type\" content=\"image\/jpeg\" \/>\n<meta name=\"twitter:card\" content=\"summary_large_image\" \/>\n<script type=\"application\/ld+json\" class=\"yoast-schema-graph\">{\"@context\":\"https:\\\/\\\/schema.org\",\"@graph\":[{\"@type\":\"WebPage\",\"@id\":\"https:\\\/\\\/accessrec.eu\\\/et\\\/liikumis-ja-juurdepaasumatid\\\/tugitoolid\\\/merihobu\\\/\",\"url\":\"https:\\\/\\\/accessrec.eu\\\/et\\\/liikumis-ja-juurdepaasumatid\\\/tugitoolid\\\/merihobu\\\/\",\"name\":\"Hippocampe - mitmek\u00fclgne maastikuline ratastool | Accessrec\",\"isPartOf\":{\"@id\":\"https:\\\/\\\/accessrec.eu\\\/et\\\/#website\"},\"primaryImageOfPage\":{\"@id\":\"https:\\\/\\\/accessrec.eu\\\/et\\\/liikumis-ja-juurdepaasumatid\\\/tugitoolid\\\/merihobu\\\/#primaryimage\"},\"image\":{\"@id\":\"https:\\\/\\\/accessrec.eu\\\/et\\\/liikumis-ja-juurdepaasumatid\\\/tugitoolid\\\/merihobu\\\/#primaryimage\"},\"thumbnailUrl\":\"https:\\\/\\\/accessrec.eu\\\/wp-content\\\/uploads\\\/2022\\\/02\\\/hippocampe_Hippocampe-fauteuil-tout-terrain-13.jpg\",\"datePublished\":\"2022-04-14T08:54:39+00:00\",\"dateModified\":\"2024-05-28T07:21:40+00:00\",\"description\":\"Hippocampe maastikurattatoolid v\u00f5imaldavad liikumispuudega inimestele (liikumispuudega inimesed) juurdep\u00e4\u00e4su igale maastikule ja pinnasele.\",\"breadcrumb\":{\"@id\":\"https:\\\/\\\/accessrec.eu\\\/et\\\/liikumis-ja-juurdepaasumatid\\\/tugitoolid\\\/merihobu\\\/#breadcrumb\"},\"inLanguage\":\"et\",\"potentialAction\":[{\"@type\":\"ReadAction\",\"target\":[\"https:\\\/\\\/accessrec.eu\\\/et\\\/liikumis-ja-juurdepaasumatid\\\/tugitoolid\\\/merihobu\\\/\"]}]},{\"@type\":\"ImageObject\",\"inLanguage\":\"et\",\"@id\":\"https:\\\/\\\/accessrec.eu\\\/et\\\/liikumis-ja-juurdepaasumatid\\\/tugitoolid\\\/merihobu\\\/#primaryimage\",\"url\":\"https:\\\/\\\/accessrec.eu\\\/wp-content\\\/uploads\\\/2022\\\/02\\\/hippocampe_Hippocampe-fauteuil-tout-terrain-13.jpg\",\"contentUrl\":\"https:\\\/\\\/accessrec.eu\\\/wp-content\\\/uploads\\\/2022\\\/02\\\/hippocampe_Hippocampe-fauteuil-tout-terrain-13.jpg\",\"width\":855,\"height\":624},{\"@type\":\"BreadcrumbList\",\"@id\":\"https:\\\/\\\/accessrec.eu\\\/et\\\/liikumis-ja-juurdepaasumatid\\\/tugitoolid\\\/merihobu\\\/#breadcrumb\",\"itemListElement\":[{\"@type\":\"ListItem\",\"position\":1,\"name\":\"Accueil\",\"item\":\"https:\\\/\\\/accessrec.eu\\\/et\\\/?page_id=36298\"},{\"@type\":\"ListItem\",\"position\":2,\"name\":\"Tooted\",\"item\":\"https:\\\/\\\/accessrec.eu\\\/et\\\/shop\\\/\"},{\"@type\":\"ListItem\",\"position\":3,\"name\":\"Liikumis- ja juurdep\u00e4\u00e4sumatid\",\"item\":\"https:\\\/\\\/accessrec.eu\\\/et\\\/liikumis-ja-juurdepaasumatid\\\/\"},{\"@type\":\"ListItem\",\"position\":4,\"name\":\"Tugitoolid\",\"item\":\"https:\\\/\\\/accessrec.eu\\\/et\\\/liikumis-ja-juurdepaasumatid\\\/tugitoolid\\\/\"},{\"@type\":\"ListItem\",\"position\":5,\"name\":\"Hippocampe &#8211; mitmek\u00fclgne maastikuline ratastool\"}]},{\"@type\":\"WebSite\",\"@id\":\"https:\\\/\\\/accessrec.eu\\\/et\\\/#website\",\"url\":\"https:\\\/\\\/accessrec.eu\\\/et\\\/\",\"name\":\"Accessrec\",\"description\":\"\",\"publisher\":{\"@id\":\"https:\\\/\\\/accessrec.eu\\\/et\\\/#organization\"},\"potentialAction\":[{\"@type\":\"SearchAction\",\"target\":{\"@type\":\"EntryPoint\",\"urlTemplate\":\"https:\\\/\\\/accessrec.eu\\\/et\\\/?s={search_term_string}\"},\"query-input\":{\"@type\":\"PropertyValueSpecification\",\"valueRequired\":true,\"valueName\":\"search_term_string\"}}],\"inLanguage\":\"et\"},{\"@type\":\"Organization\",\"@id\":\"https:\\\/\\\/accessrec.eu\\\/et\\\/#organization\",\"name\":\"Accessrec\",\"url\":\"https:\\\/\\\/accessrec.eu\\\/et\\\/\",\"logo\":{\"@type\":\"ImageObject\",\"inLanguage\":\"et\",\"@id\":\"https:\\\/\\\/accessrec.eu\\\/et\\\/#\\\/schema\\\/logo\\\/image\\\/\",\"url\":\"https:\\\/\\\/accessrec.eu\\\/wp-content\\\/uploads\\\/2025\\\/11\\\/accessrec-by-deschamps.webp\",\"contentUrl\":\"https:\\\/\\\/accessrec.eu\\\/wp-content\\\/uploads\\\/2025\\\/11\\\/accessrec-by-deschamps.webp\",\"width\":600,\"height\":150,\"caption\":\"Accessrec\"},\"image\":{\"@id\":\"https:\\\/\\\/accessrec.eu\\\/et\\\/#\\\/schema\\\/logo\\\/image\\\/\"}}]}<\/script>\n<!-- \/ Yoast SEO plugin. -->","yoast_head_json":{"title":"Hippocampe - mitmek\u00fclgne maastikuline ratastool | Accessrec","description":"Hippocampe maastikurattatoolid v\u00f5imaldavad liikumispuudega inimestele (liikumispuudega inimesed) juurdep\u00e4\u00e4su igale maastikule ja pinnasele.","robots":{"index":"index","follow":"follow","max-snippet":"max-snippet:-1","max-image-preview":"max-image-preview:large","max-video-preview":"max-video-preview:-1"},"canonical":"https:\/\/accessrec.eu\/et\/liikumis-ja-juurdepaasumatid\/tugitoolid\/merihobu\/","og_locale":"et_EE","og_type":"article","og_title":"Hippocampe - mitmek\u00fclgne maastikuline ratastool | Accessrec","og_description":"Hippocampe maastikurattatoolid v\u00f5imaldavad liikumispuudega inimestele (liikumispuudega inimesed) juurdep\u00e4\u00e4su igale maastikule ja pinnasele.","og_url":"https:\/\/accessrec.eu\/et\/liikumis-ja-juurdepaasumatid\/tugitoolid\/merihobu\/","og_site_name":"Accessrec","article_modified_time":"2024-05-28T07:21:40+00:00","og_image":[{"width":855,"height":624,"url":"https:\/\/accessrec.eu\/wp-content\/uploads\/2022\/02\/hippocampe-long.jpg","type":"image\/jpeg"}],"twitter_card":"summary_large_image","schema":{"@context":"https:\/\/schema.org","@graph":[{"@type":"WebPage","@id":"https:\/\/accessrec.eu\/et\/liikumis-ja-juurdepaasumatid\/tugitoolid\/merihobu\/","url":"https:\/\/accessrec.eu\/et\/liikumis-ja-juurdepaasumatid\/tugitoolid\/merihobu\/","name":"Hippocampe - mitmek\u00fclgne maastikuline ratastool | Accessrec","isPartOf":{"@id":"https:\/\/accessrec.eu\/et\/#website"},"primaryImageOfPage":{"@id":"https:\/\/accessrec.eu\/et\/liikumis-ja-juurdepaasumatid\/tugitoolid\/merihobu\/#primaryimage"},"image":{"@id":"https:\/\/accessrec.eu\/et\/liikumis-ja-juurdepaasumatid\/tugitoolid\/merihobu\/#primaryimage"},"thumbnailUrl":"https:\/\/accessrec.eu\/wp-content\/uploads\/2022\/02\/hippocampe_Hippocampe-fauteuil-tout-terrain-13.jpg","datePublished":"2022-04-14T08:54:39+00:00","dateModified":"2024-05-28T07:21:40+00:00","description":"Hippocampe maastikurattatoolid v\u00f5imaldavad liikumispuudega inimestele (liikumispuudega inimesed) juurdep\u00e4\u00e4su igale maastikule ja pinnasele.","breadcrumb":{"@id":"https:\/\/accessrec.eu\/et\/liikumis-ja-juurdepaasumatid\/tugitoolid\/merihobu\/#breadcrumb"},"inLanguage":"et","potentialAction":[{"@type":"ReadAction","target":["https:\/\/accessrec.eu\/et\/liikumis-ja-juurdepaasumatid\/tugitoolid\/merihobu\/"]}]},{"@type":"ImageObject","inLanguage":"et","@id":"https:\/\/accessrec.eu\/et\/liikumis-ja-juurdepaasumatid\/tugitoolid\/merihobu\/#primaryimage","url":"https:\/\/accessrec.eu\/wp-content\/uploads\/2022\/02\/hippocampe_Hippocampe-fauteuil-tout-terrain-13.jpg","contentUrl":"https:\/\/accessrec.eu\/wp-content\/uploads\/2022\/02\/hippocampe_Hippocampe-fauteuil-tout-terrain-13.jpg","width":855,"height":624},{"@type":"BreadcrumbList","@id":"https:\/\/accessrec.eu\/et\/liikumis-ja-juurdepaasumatid\/tugitoolid\/merihobu\/#breadcrumb","itemListElement":[{"@type":"ListItem","position":1,"name":"Accueil","item":"https:\/\/accessrec.eu\/et\/?page_id=36298"},{"@type":"ListItem","position":2,"name":"Tooted","item":"https:\/\/accessrec.eu\/et\/shop\/"},{"@type":"ListItem","position":3,"name":"Liikumis- ja juurdep\u00e4\u00e4sumatid","item":"https:\/\/accessrec.eu\/et\/liikumis-ja-juurdepaasumatid\/"},{"@type":"ListItem","position":4,"name":"Tugitoolid","item":"https:\/\/accessrec.eu\/et\/liikumis-ja-juurdepaasumatid\/tugitoolid\/"},{"@type":"ListItem","position":5,"name":"Hippocampe &#8211; mitmek\u00fclgne maastikuline ratastool"}]},{"@type":"WebSite","@id":"https:\/\/accessrec.eu\/et\/#website","url":"https:\/\/accessrec.eu\/et\/","name":"Accessrec","description":"","publisher":{"@id":"https:\/\/accessrec.eu\/et\/#organization"},"potentialAction":[{"@type":"SearchAction","target":{"@type":"EntryPoint","urlTemplate":"https:\/\/accessrec.eu\/et\/?s={search_term_string}"},"query-input":{"@type":"PropertyValueSpecification","valueRequired":true,"valueName":"search_term_string"}}],"inLanguage":"et"},{"@type":"Organization","@id":"https:\/\/accessrec.eu\/et\/#organization","name":"Accessrec","url":"https:\/\/accessrec.eu\/et\/","logo":{"@type":"ImageObject","inLanguage":"et","@id":"https:\/\/accessrec.eu\/et\/#\/schema\/logo\/image\/","url":"https:\/\/accessrec.eu\/wp-content\/uploads\/2025\/11\/accessrec-by-deschamps.webp","contentUrl":"https:\/\/accessrec.eu\/wp-content\/uploads\/2025\/11\/accessrec-by-deschamps.webp","width":600,"height":150,"caption":"Accessrec"},"image":{"@id":"https:\/\/accessrec.eu\/et\/#\/schema\/logo\/image\/"}}]}},"_links":{"self":[{"href":"https:\/\/accessrec.eu\/et\/wp-json\/wp\/v2\/product\/17006","targetHints":{"allow":["GET"]}}],"collection":[{"href":"https:\/\/accessrec.eu\/et\/wp-json\/wp\/v2\/product"}],"about":[{"href":"https:\/\/accessrec.eu\/et\/wp-json\/wp\/v2\/types\/product"}],"replies":[{"embeddable":true,"href":"https:\/\/accessrec.eu\/et\/wp-json\/wp\/v2\/comments?post=17006"}],"wp:featuredmedia":[{"embeddable":true,"href":"https:\/\/accessrec.eu\/et\/wp-json\/wp\/v2\/media\/35251"}],"wp:attachment":[{"href":"https:\/\/accessrec.eu\/et\/wp-json\/wp\/v2\/media?parent=17006"}],"wp:term":[{"taxonomy":"product_brand","embeddable":true,"href":"https:\/\/accessrec.eu\/et\/wp-json\/wp\/v2\/product_brand?post=17006"},{"taxonomy":"product_cat","embeddable":true,"href":"https:\/\/accessrec.eu\/et\/wp-json\/wp\/v2\/product_cat?post=17006"},{"taxonomy":"product_tag","embeddable":true,"href":"https:\/\/accessrec.eu\/et\/wp-json\/wp\/v2\/product_tag?post=17006"}],"curies":[{"name":"wp","href":"https:\/\/api.w.org\/{rel}","templated":true}]}}