{"id":17516,"date":"2022-01-12T15:34:06","date_gmt":"2022-01-12T14:34:06","guid":{"rendered":"https:\/\/accessrec.eu\/product\/Ei-luokiteltu\/wetmat-liukastumista-estava-matto-markatiloihin-ja-uima-altaisiin\/"},"modified":"2025-09-02T15:02:34","modified_gmt":"2025-09-02T13:02:34","slug":"wetmat","status":"publish","type":"product","link":"https:\/\/accessrec.eu\/fi\/liikkumis-ja-paasymatot\/juoksijat-ja-matot\/wetfloor\/","title":{"rendered":"Wetfloor &#8211; Liukuestematot m\u00e4rk\u00e4tiloihin ja uima-altaisiin"},"content":{"rendered":"","protected":false},"excerpt":{"rendered":"<p>Liukastumista est\u00e4v\u00e4t matot m\u00e4rk\u00e4tiloihin ja uima-altaisiin<\/p>\n","protected":false},"featured_media":34223,"comment_status":"closed","ping_status":"closed","template":"","meta":{"_acf_changed":false,"site-sidebar-layout":"default","site-content-layout":"default","ast-site-content-layout":"default","site-content-style":"default","site-sidebar-style":"default","ast-global-header-display":"","ast-banner-title-visibility":"","ast-main-header-display":"","ast-hfb-above-header-display":"","ast-hfb-below-header-display":"","ast-hfb-mobile-header-display":"","site-post-title":"","ast-breadcrumbs-content":"","ast-featured-img":"","footer-sml-layout":"","theme-transparent-header-meta":"default","adv-header-id-meta":"","stick-header-meta":"","header-above-stick-meta":"","header-main-stick-meta":"","header-below-stick-meta":"","astra-migrate-meta-layouts":"set","ast-page-background-enabled":"default","ast-page-background-meta":{"desktop":{"background-color":"","background-image":"","background-repeat":"repeat","background-position":"center center","background-size":"auto","background-attachment":"scroll","background-type":"","background-media":"","overlay-type":"","overlay-color":"","overlay-opacity":"","overlay-gradient":""},"tablet":{"background-color":"","background-image":"","background-repeat":"repeat","background-position":"center center","background-size":"auto","background-attachment":"scroll","background-type":"","background-media":"","overlay-type":"","overlay-color":"","overlay-opacity":"","overlay-gradient":""},"mobile":{"background-color":"","background-image":"","background-repeat":"repeat","background-position":"center center","background-size":"auto","background-attachment":"scroll","background-type":"","background-media":"","overlay-type":"","overlay-color":"","overlay-opacity":"","overlay-gradient":""}},"ast-content-background-meta":{"desktop":{"background-color":"var(--ast-global-color-5)","background-image":"","background-repeat":"repeat","background-position":"center center","background-size":"auto","background-attachment":"scroll","background-type":"","background-media":"","overlay-type":"","overlay-color":"","overlay-opacity":"","overlay-gradient":""},"tablet":{"background-color":"var(--ast-global-color-5)","background-image":"","background-repeat":"repeat","background-position":"center center","background-size":"auto","background-attachment":"scroll","background-type":"","background-media":"","overlay-type":"","overlay-color":"","overlay-opacity":"","overlay-gradient":""},"mobile":{"background-color":"var(--ast-global-color-5)","background-image":"","background-repeat":"repeat","background-position":"center center","background-size":"auto","background-attachment":"scroll","background-type":"","background-media":"","overlay-type":"","overlay-color":"","overlay-opacity":"","overlay-gradient":""}}},"product_brand":[],"product_cat":[1198,1283],"product_tag":[],"class_list":{"0":"post-17516","1":"product","2":"type-product","3":"status-publish","4":"has-post-thumbnail","6":"product_cat-allas","7":"product_cat-juoksijat-ja-matot","8":"product_shipping_class-ilmainen-toimitus","9":"desktop-align-left","10":"tablet-align-left","11":"mobile-align-left","13":"first","14":"instock","15":"taxable","16":"shipping-taxable","17":"purchasable","18":"product-type-variable"},"acf":[],"yoast_head":"<!-- This site is optimized with the Yoast SEO plugin v27.5 - https:\/\/yoast.com\/product\/yoast-seo-wordpress\/ -->\n<title>Wetfloor - Liukuestematot m\u00e4rk\u00e4tiloihin ja uima-altaisiin | Accessrec<\/title>\n<meta name=\"description\" content=\"Wetfloor on m\u00e4rk\u00e4tiloihin ja uima-altaisiin soveltuva liukastumista est\u00e4v\u00e4 matto. Se tekee matkustamisesta turvallisempaa ja hygieenist\u00e4.\" \/>\n<meta name=\"robots\" content=\"index, follow, max-snippet:-1, max-image-preview:large, max-video-preview:-1\" \/>\n<link rel=\"canonical\" href=\"https:\/\/accessrec.eu\/fi\/liikkumis-ja-paasymatot\/juoksijat-ja-matot\/wetfloor\/\" \/>\n<meta property=\"og:locale\" content=\"fi_FI\" \/>\n<meta property=\"og:type\" content=\"article\" \/>\n<meta property=\"og:title\" content=\"Wetfloor - Liukuestematot m\u00e4rk\u00e4tiloihin ja uima-altaisiin | Accessrec\" \/>\n<meta property=\"og:description\" content=\"Wetfloor on m\u00e4rk\u00e4tiloihin ja uima-altaisiin soveltuva liukastumista est\u00e4v\u00e4 matto. Se tekee matkustamisesta turvallisempaa ja hygieenist\u00e4.\" \/>\n<meta property=\"og:url\" content=\"https:\/\/accessrec.eu\/fi\/liikkumis-ja-paasymatot\/juoksijat-ja-matot\/wetfloor\/\" \/>\n<meta property=\"og:site_name\" content=\"Accessrec\" \/>\n<meta property=\"article:modified_time\" content=\"2025-09-02T13:02:34+00:00\" \/>\n<meta property=\"og:image\" content=\"https:\/\/accessrec.eu\/wp-content\/uploads\/2022\/01\/WetFloor6-min.jpg\" \/>\n\t<meta property=\"og:image:width\" content=\"855\" \/>\n\t<meta property=\"og:image:height\" content=\"624\" \/>\n\t<meta property=\"og:image:type\" content=\"image\/jpeg\" \/>\n<meta name=\"twitter:card\" content=\"summary_large_image\" \/>\n<meta name=\"twitter:label1\" content=\"Arvioitu lukuaika\" \/>\n\t<meta name=\"twitter:data1\" content=\"1 minuutti\" \/>\n<script type=\"application\/ld+json\" class=\"yoast-schema-graph\">{\"@context\":\"https:\\\/\\\/schema.org\",\"@graph\":[{\"@type\":\"WebPage\",\"@id\":\"https:\\\/\\\/accessrec.eu\\\/fi\\\/liikkumis-ja-paasymatot\\\/juoksijat-ja-matot\\\/wetfloor\\\/\",\"url\":\"https:\\\/\\\/accessrec.eu\\\/fi\\\/liikkumis-ja-paasymatot\\\/juoksijat-ja-matot\\\/wetfloor\\\/\",\"name\":\"Wetfloor - Liukuestematot m\u00e4rk\u00e4tiloihin ja uima-altaisiin | Accessrec\",\"isPartOf\":{\"@id\":\"https:\\\/\\\/accessrec.eu\\\/fi\\\/#website\"},\"primaryImageOfPage\":{\"@id\":\"https:\\\/\\\/accessrec.eu\\\/fi\\\/liikkumis-ja-paasymatot\\\/juoksijat-ja-matot\\\/wetfloor\\\/#primaryimage\"},\"image\":{\"@id\":\"https:\\\/\\\/accessrec.eu\\\/fi\\\/liikkumis-ja-paasymatot\\\/juoksijat-ja-matot\\\/wetfloor\\\/#primaryimage\"},\"thumbnailUrl\":\"https:\\\/\\\/accessrec.eu\\\/wp-content\\\/uploads\\\/2022\\\/01\\\/WetFloor6-min.jpg\",\"datePublished\":\"2022-01-12T14:34:06+00:00\",\"dateModified\":\"2025-09-02T13:02:34+00:00\",\"description\":\"Wetfloor on m\u00e4rk\u00e4tiloihin ja uima-altaisiin soveltuva liukastumista est\u00e4v\u00e4 matto. Se tekee matkustamisesta turvallisempaa ja hygieenist\u00e4.\",\"breadcrumb\":{\"@id\":\"https:\\\/\\\/accessrec.eu\\\/fi\\\/liikkumis-ja-paasymatot\\\/juoksijat-ja-matot\\\/wetfloor\\\/#breadcrumb\"},\"inLanguage\":\"fi\",\"potentialAction\":[{\"@type\":\"ReadAction\",\"target\":[\"https:\\\/\\\/accessrec.eu\\\/fi\\\/liikkumis-ja-paasymatot\\\/juoksijat-ja-matot\\\/wetfloor\\\/\"]}]},{\"@type\":\"ImageObject\",\"inLanguage\":\"fi\",\"@id\":\"https:\\\/\\\/accessrec.eu\\\/fi\\\/liikkumis-ja-paasymatot\\\/juoksijat-ja-matot\\\/wetfloor\\\/#primaryimage\",\"url\":\"https:\\\/\\\/accessrec.eu\\\/wp-content\\\/uploads\\\/2022\\\/01\\\/WetFloor6-min.jpg\",\"contentUrl\":\"https:\\\/\\\/accessrec.eu\\\/wp-content\\\/uploads\\\/2022\\\/01\\\/WetFloor6-min.jpg\",\"width\":855,\"height\":624},{\"@type\":\"BreadcrumbList\",\"@id\":\"https:\\\/\\\/accessrec.eu\\\/fi\\\/liikkumis-ja-paasymatot\\\/juoksijat-ja-matot\\\/wetfloor\\\/#breadcrumb\",\"itemListElement\":[{\"@type\":\"ListItem\",\"position\":1,\"name\":\"Accueil\",\"item\":\"https:\\\/\\\/accessrec.eu\\\/fi\\\/?page_id=36301\"},{\"@type\":\"ListItem\",\"position\":2,\"name\":\"Tuotteet\",\"item\":\"https:\\\/\\\/accessrec.eu\\\/fi\\\/shop\\\/\"},{\"@type\":\"ListItem\",\"position\":3,\"name\":\"Liikkumis ja p\u00e4\u00e4symatot\",\"item\":\"https:\\\/\\\/accessrec.eu\\\/fi\\\/liikkumis-ja-paasymatot\\\/\"},{\"@type\":\"ListItem\",\"position\":4,\"name\":\"Juoksijat ja matot\",\"item\":\"https:\\\/\\\/accessrec.eu\\\/fi\\\/liikkumis-ja-paasymatot\\\/juoksijat-ja-matot\\\/\"},{\"@type\":\"ListItem\",\"position\":5,\"name\":\"Wetfloor &#8211; Liukuestematot m\u00e4rk\u00e4tiloihin ja uima-altaisiin\"}]},{\"@type\":\"WebSite\",\"@id\":\"https:\\\/\\\/accessrec.eu\\\/fi\\\/#website\",\"url\":\"https:\\\/\\\/accessrec.eu\\\/fi\\\/\",\"name\":\"Accessrec\",\"description\":\"\",\"publisher\":{\"@id\":\"https:\\\/\\\/accessrec.eu\\\/fi\\\/#organization\"},\"potentialAction\":[{\"@type\":\"SearchAction\",\"target\":{\"@type\":\"EntryPoint\",\"urlTemplate\":\"https:\\\/\\\/accessrec.eu\\\/fi\\\/?s={search_term_string}\"},\"query-input\":{\"@type\":\"PropertyValueSpecification\",\"valueRequired\":true,\"valueName\":\"search_term_string\"}}],\"inLanguage\":\"fi\"},{\"@type\":\"Organization\",\"@id\":\"https:\\\/\\\/accessrec.eu\\\/fi\\\/#organization\",\"name\":\"Accessrec\",\"url\":\"https:\\\/\\\/accessrec.eu\\\/fi\\\/\",\"logo\":{\"@type\":\"ImageObject\",\"inLanguage\":\"fi\",\"@id\":\"https:\\\/\\\/accessrec.eu\\\/fi\\\/#\\\/schema\\\/logo\\\/image\\\/\",\"url\":\"https:\\\/\\\/accessrec.eu\\\/wp-content\\\/uploads\\\/2025\\\/11\\\/accessrec-by-deschamps.webp\",\"contentUrl\":\"https:\\\/\\\/accessrec.eu\\\/wp-content\\\/uploads\\\/2025\\\/11\\\/accessrec-by-deschamps.webp\",\"width\":600,\"height\":150,\"caption\":\"Accessrec\"},\"image\":{\"@id\":\"https:\\\/\\\/accessrec.eu\\\/fi\\\/#\\\/schema\\\/logo\\\/image\\\/\"}}]}<\/script>\n<!-- \/ Yoast SEO plugin. -->","yoast_head_json":{"title":"Wetfloor - Liukuestematot m\u00e4rk\u00e4tiloihin ja uima-altaisiin | Accessrec","description":"Wetfloor on m\u00e4rk\u00e4tiloihin ja uima-altaisiin soveltuva liukastumista est\u00e4v\u00e4 matto. Se tekee matkustamisesta turvallisempaa ja hygieenist\u00e4.","robots":{"index":"index","follow":"follow","max-snippet":"max-snippet:-1","max-image-preview":"max-image-preview:large","max-video-preview":"max-video-preview:-1"},"canonical":"https:\/\/accessrec.eu\/fi\/liikkumis-ja-paasymatot\/juoksijat-ja-matot\/wetfloor\/","og_locale":"fi_FI","og_type":"article","og_title":"Wetfloor - Liukuestematot m\u00e4rk\u00e4tiloihin ja uima-altaisiin | Accessrec","og_description":"Wetfloor on m\u00e4rk\u00e4tiloihin ja uima-altaisiin soveltuva liukastumista est\u00e4v\u00e4 matto. Se tekee matkustamisesta turvallisempaa ja hygieenist\u00e4.","og_url":"https:\/\/accessrec.eu\/fi\/liikkumis-ja-paasymatot\/juoksijat-ja-matot\/wetfloor\/","og_site_name":"Accessrec","article_modified_time":"2025-09-02T13:02:34+00:00","og_image":[{"width":855,"height":624,"url":"https:\/\/accessrec.eu\/wp-content\/uploads\/2022\/01\/WetFloor6-min.jpg","type":"image\/jpeg"}],"twitter_card":"summary_large_image","twitter_misc":{"Arvioitu lukuaika":"1 minuutti"},"schema":{"@context":"https:\/\/schema.org","@graph":[{"@type":"WebPage","@id":"https:\/\/accessrec.eu\/fi\/liikkumis-ja-paasymatot\/juoksijat-ja-matot\/wetfloor\/","url":"https:\/\/accessrec.eu\/fi\/liikkumis-ja-paasymatot\/juoksijat-ja-matot\/wetfloor\/","name":"Wetfloor - Liukuestematot m\u00e4rk\u00e4tiloihin ja uima-altaisiin | Accessrec","isPartOf":{"@id":"https:\/\/accessrec.eu\/fi\/#website"},"primaryImageOfPage":{"@id":"https:\/\/accessrec.eu\/fi\/liikkumis-ja-paasymatot\/juoksijat-ja-matot\/wetfloor\/#primaryimage"},"image":{"@id":"https:\/\/accessrec.eu\/fi\/liikkumis-ja-paasymatot\/juoksijat-ja-matot\/wetfloor\/#primaryimage"},"thumbnailUrl":"https:\/\/accessrec.eu\/wp-content\/uploads\/2022\/01\/WetFloor6-min.jpg","datePublished":"2022-01-12T14:34:06+00:00","dateModified":"2025-09-02T13:02:34+00:00","description":"Wetfloor on m\u00e4rk\u00e4tiloihin ja uima-altaisiin soveltuva liukastumista est\u00e4v\u00e4 matto. Se tekee matkustamisesta turvallisempaa ja hygieenist\u00e4.","breadcrumb":{"@id":"https:\/\/accessrec.eu\/fi\/liikkumis-ja-paasymatot\/juoksijat-ja-matot\/wetfloor\/#breadcrumb"},"inLanguage":"fi","potentialAction":[{"@type":"ReadAction","target":["https:\/\/accessrec.eu\/fi\/liikkumis-ja-paasymatot\/juoksijat-ja-matot\/wetfloor\/"]}]},{"@type":"ImageObject","inLanguage":"fi","@id":"https:\/\/accessrec.eu\/fi\/liikkumis-ja-paasymatot\/juoksijat-ja-matot\/wetfloor\/#primaryimage","url":"https:\/\/accessrec.eu\/wp-content\/uploads\/2022\/01\/WetFloor6-min.jpg","contentUrl":"https:\/\/accessrec.eu\/wp-content\/uploads\/2022\/01\/WetFloor6-min.jpg","width":855,"height":624},{"@type":"BreadcrumbList","@id":"https:\/\/accessrec.eu\/fi\/liikkumis-ja-paasymatot\/juoksijat-ja-matot\/wetfloor\/#breadcrumb","itemListElement":[{"@type":"ListItem","position":1,"name":"Accueil","item":"https:\/\/accessrec.eu\/fi\/?page_id=36301"},{"@type":"ListItem","position":2,"name":"Tuotteet","item":"https:\/\/accessrec.eu\/fi\/shop\/"},{"@type":"ListItem","position":3,"name":"Liikkumis ja p\u00e4\u00e4symatot","item":"https:\/\/accessrec.eu\/fi\/liikkumis-ja-paasymatot\/"},{"@type":"ListItem","position":4,"name":"Juoksijat ja matot","item":"https:\/\/accessrec.eu\/fi\/liikkumis-ja-paasymatot\/juoksijat-ja-matot\/"},{"@type":"ListItem","position":5,"name":"Wetfloor &#8211; Liukuestematot m\u00e4rk\u00e4tiloihin ja uima-altaisiin"}]},{"@type":"WebSite","@id":"https:\/\/accessrec.eu\/fi\/#website","url":"https:\/\/accessrec.eu\/fi\/","name":"Accessrec","description":"","publisher":{"@id":"https:\/\/accessrec.eu\/fi\/#organization"},"potentialAction":[{"@type":"SearchAction","target":{"@type":"EntryPoint","urlTemplate":"https:\/\/accessrec.eu\/fi\/?s={search_term_string}"},"query-input":{"@type":"PropertyValueSpecification","valueRequired":true,"valueName":"search_term_string"}}],"inLanguage":"fi"},{"@type":"Organization","@id":"https:\/\/accessrec.eu\/fi\/#organization","name":"Accessrec","url":"https:\/\/accessrec.eu\/fi\/","logo":{"@type":"ImageObject","inLanguage":"fi","@id":"https:\/\/accessrec.eu\/fi\/#\/schema\/logo\/image\/","url":"https:\/\/accessrec.eu\/wp-content\/uploads\/2025\/11\/accessrec-by-deschamps.webp","contentUrl":"https:\/\/accessrec.eu\/wp-content\/uploads\/2025\/11\/accessrec-by-deschamps.webp","width":600,"height":150,"caption":"Accessrec"},"image":{"@id":"https:\/\/accessrec.eu\/fi\/#\/schema\/logo\/image\/"}}]}},"_links":{"self":[{"href":"https:\/\/accessrec.eu\/fi\/wp-json\/wp\/v2\/product\/17516","targetHints":{"allow":["GET"]}}],"collection":[{"href":"https:\/\/accessrec.eu\/fi\/wp-json\/wp\/v2\/product"}],"about":[{"href":"https:\/\/accessrec.eu\/fi\/wp-json\/wp\/v2\/types\/product"}],"replies":[{"embeddable":true,"href":"https:\/\/accessrec.eu\/fi\/wp-json\/wp\/v2\/comments?post=17516"}],"wp:featuredmedia":[{"embeddable":true,"href":"https:\/\/accessrec.eu\/fi\/wp-json\/wp\/v2\/media\/34223"}],"wp:attachment":[{"href":"https:\/\/accessrec.eu\/fi\/wp-json\/wp\/v2\/media?parent=17516"}],"wp:term":[{"taxonomy":"product_brand","embeddable":true,"href":"https:\/\/accessrec.eu\/fi\/wp-json\/wp\/v2\/product_brand?post=17516"},{"taxonomy":"product_cat","embeddable":true,"href":"https:\/\/accessrec.eu\/fi\/wp-json\/wp\/v2\/product_cat?post=17516"},{"taxonomy":"product_tag","embeddable":true,"href":"https:\/\/accessrec.eu\/fi\/wp-json\/wp\/v2\/product_tag?post=17516"}],"curies":[{"name":"wp","href":"https:\/\/api.w.org\/{rel}","templated":true}]}}