{"id":18113,"date":"2023-09-28T15:22:38","date_gmt":"2023-09-28T13:22:38","guid":{"rendered":"https:\/\/accessrec.eu\/?post_type=product&#038;p=18113"},"modified":"2024-05-17T19:02:31","modified_gmt":"2024-05-17T17:02:31","slug":"seatrac-mover","status":"publish","type":"product","link":"https:\/\/accessrec.eu\/fi\/liikkumis-ja-paasymatot\/laitteet\/seatrac-mover\/","title":{"rendered":"Seatrac Mover &#8211; Mobiililaite itsen\u00e4iseen uintiin"},"content":{"rendered":"","protected":false},"excerpt":{"rendered":"<p>Liikuteltava ramppi itsen\u00e4ist\u00e4 uintia varten<\/p>\n","protected":false},"featured_media":18130,"comment_status":"open","ping_status":"closed","template":"","meta":{"_acf_changed":false,"site-sidebar-layout":"default","site-content-layout":"default","ast-site-content-layout":"default","site-content-style":"default","site-sidebar-style":"default","ast-global-header-display":"","ast-banner-title-visibility":"","ast-main-header-display":"","ast-hfb-above-header-display":"","ast-hfb-below-header-display":"","ast-hfb-mobile-header-display":"","site-post-title":"","ast-breadcrumbs-content":"","ast-featured-img":"","footer-sml-layout":"","theme-transparent-header-meta":"default","adv-header-id-meta":"","stick-header-meta":"","header-above-stick-meta":"","header-main-stick-meta":"","header-below-stick-meta":"","astra-migrate-meta-layouts":"default","ast-page-background-enabled":"default","ast-page-background-meta":{"desktop":{"background-color":"","background-image":"","background-repeat":"repeat","background-position":"center center","background-size":"auto","background-attachment":"scroll","background-type":"","background-media":"","overlay-type":"","overlay-color":"","overlay-opacity":"","overlay-gradient":""},"tablet":{"background-color":"","background-image":"","background-repeat":"repeat","background-position":"center center","background-size":"auto","background-attachment":"scroll","background-type":"","background-media":"","overlay-type":"","overlay-color":"","overlay-opacity":"","overlay-gradient":""},"mobile":{"background-color":"","background-image":"","background-repeat":"repeat","background-position":"center center","background-size":"auto","background-attachment":"scroll","background-type":"","background-media":"","overlay-type":"","overlay-color":"","overlay-opacity":"","overlay-gradient":""}},"ast-content-background-meta":{"desktop":{"background-color":"var(--ast-global-color-5)","background-image":"","background-repeat":"repeat","background-position":"center center","background-size":"auto","background-attachment":"scroll","background-type":"","background-media":"","overlay-type":"","overlay-color":"","overlay-opacity":"","overlay-gradient":""},"tablet":{"background-color":"var(--ast-global-color-5)","background-image":"","background-repeat":"repeat","background-position":"center center","background-size":"auto","background-attachment":"scroll","background-type":"","background-media":"","overlay-type":"","overlay-color":"","overlay-opacity":"","overlay-gradient":""},"mobile":{"background-color":"var(--ast-global-color-5)","background-image":"","background-repeat":"repeat","background-position":"center center","background-size":"auto","background-attachment":"scroll","background-type":"","background-media":"","overlay-type":"","overlay-color":"","overlay-opacity":"","overlay-gradient":""}}},"product_brand":[],"product_cat":[1284,1280],"product_tag":[],"class_list":{"0":"post-18113","1":"product","2":"type-product","3":"status-publish","4":"has-post-thumbnail","6":"product_cat-laitteet","7":"product_cat-strand-fi","8":"product_shipping_class-ilmainen-toimitus","9":"desktop-align-left","10":"tablet-align-left","11":"mobile-align-left","13":"first","14":"instock","15":"taxable","16":"shipping-taxable","17":"product-type-simple"},"acf":[],"yoast_head":"<!-- This site is optimized with the Yoast SEO plugin v27.5 - https:\/\/yoast.com\/product\/yoast-seo-wordpress\/ -->\n<title>Seatrac Mover - Mobiililaite itsen\u00e4iseen uintiin | Accessrec<\/title>\n<meta name=\"description\" content=\"Seatrac on innovatiivinen ratkaisu liikuntarajoitteisille henkil\u00f6ille, joka sopii erinomaisesti siirtymiseen ja itsen\u00e4iseen liikkumiseen rannalta vesille.\" \/>\n<meta name=\"robots\" content=\"index, follow, max-snippet:-1, max-image-preview:large, max-video-preview:-1\" \/>\n<link rel=\"canonical\" href=\"https:\/\/accessrec.eu\/fi\/liikkumis-ja-paasymatot\/laitteet\/seatrac-mover\/\" \/>\n<meta property=\"og:locale\" content=\"fi_FI\" \/>\n<meta property=\"og:type\" content=\"article\" \/>\n<meta property=\"og:title\" content=\"Seatrac Mover - Mobiililaite itsen\u00e4iseen uintiin | Accessrec\" \/>\n<meta property=\"og:description\" content=\"Seatrac on innovatiivinen ratkaisu liikuntarajoitteisille henkil\u00f6ille, joka sopii erinomaisesti siirtymiseen ja itsen\u00e4iseen liikkumiseen rannalta vesille.\" \/>\n<meta property=\"og:url\" content=\"https:\/\/accessrec.eu\/fi\/liikkumis-ja-paasymatot\/laitteet\/seatrac-mover\/\" \/>\n<meta property=\"og:site_name\" content=\"Accessrec\" \/>\n<meta property=\"article:modified_time\" content=\"2024-05-17T17:02:31+00:00\" \/>\n<meta property=\"og:image\" content=\"https:\/\/accessrec.eu\/wp-content\/uploads\/2023\/09\/Design-sans-titre-7.jpg\" \/>\n\t<meta property=\"og:image:width\" content=\"855\" \/>\n\t<meta property=\"og:image:height\" content=\"624\" \/>\n\t<meta property=\"og:image:type\" content=\"image\/jpeg\" \/>\n<meta name=\"twitter:card\" content=\"summary_large_image\" \/>\n<script type=\"application\/ld+json\" class=\"yoast-schema-graph\">{\"@context\":\"https:\\\/\\\/schema.org\",\"@graph\":[{\"@type\":\"WebPage\",\"@id\":\"https:\\\/\\\/accessrec.eu\\\/fi\\\/liikkumis-ja-paasymatot\\\/laitteet\\\/seatrac-mover\\\/\",\"url\":\"https:\\\/\\\/accessrec.eu\\\/fi\\\/liikkumis-ja-paasymatot\\\/laitteet\\\/seatrac-mover\\\/\",\"name\":\"Seatrac Mover - Mobiililaite itsen\u00e4iseen uintiin | Accessrec\",\"isPartOf\":{\"@id\":\"https:\\\/\\\/accessrec.eu\\\/fi\\\/#website\"},\"primaryImageOfPage\":{\"@id\":\"https:\\\/\\\/accessrec.eu\\\/fi\\\/liikkumis-ja-paasymatot\\\/laitteet\\\/seatrac-mover\\\/#primaryimage\"},\"image\":{\"@id\":\"https:\\\/\\\/accessrec.eu\\\/fi\\\/liikkumis-ja-paasymatot\\\/laitteet\\\/seatrac-mover\\\/#primaryimage\"},\"thumbnailUrl\":\"https:\\\/\\\/accessrec.eu\\\/wp-content\\\/uploads\\\/2023\\\/09\\\/Design-sans-titre-7.jpg\",\"datePublished\":\"2023-09-28T13:22:38+00:00\",\"dateModified\":\"2024-05-17T17:02:31+00:00\",\"description\":\"Seatrac on innovatiivinen ratkaisu liikuntarajoitteisille henkil\u00f6ille, joka sopii erinomaisesti siirtymiseen ja itsen\u00e4iseen liikkumiseen rannalta vesille.\",\"breadcrumb\":{\"@id\":\"https:\\\/\\\/accessrec.eu\\\/fi\\\/liikkumis-ja-paasymatot\\\/laitteet\\\/seatrac-mover\\\/#breadcrumb\"},\"inLanguage\":\"fi\",\"potentialAction\":[{\"@type\":\"ReadAction\",\"target\":[\"https:\\\/\\\/accessrec.eu\\\/fi\\\/liikkumis-ja-paasymatot\\\/laitteet\\\/seatrac-mover\\\/\"]}]},{\"@type\":\"ImageObject\",\"inLanguage\":\"fi\",\"@id\":\"https:\\\/\\\/accessrec.eu\\\/fi\\\/liikkumis-ja-paasymatot\\\/laitteet\\\/seatrac-mover\\\/#primaryimage\",\"url\":\"https:\\\/\\\/accessrec.eu\\\/wp-content\\\/uploads\\\/2023\\\/09\\\/Design-sans-titre-7.jpg\",\"contentUrl\":\"https:\\\/\\\/accessrec.eu\\\/wp-content\\\/uploads\\\/2023\\\/09\\\/Design-sans-titre-7.jpg\",\"width\":855,\"height\":624,\"caption\":\"seatrac mover\"},{\"@type\":\"BreadcrumbList\",\"@id\":\"https:\\\/\\\/accessrec.eu\\\/fi\\\/liikkumis-ja-paasymatot\\\/laitteet\\\/seatrac-mover\\\/#breadcrumb\",\"itemListElement\":[{\"@type\":\"ListItem\",\"position\":1,\"name\":\"Accueil\",\"item\":\"https:\\\/\\\/accessrec.eu\\\/fi\\\/?page_id=36301\"},{\"@type\":\"ListItem\",\"position\":2,\"name\":\"Tuotteet\",\"item\":\"https:\\\/\\\/accessrec.eu\\\/fi\\\/shop\\\/\"},{\"@type\":\"ListItem\",\"position\":3,\"name\":\"Erityispy\u00f6r\u00e4tuolit ja esteett\u00f6myysv\u00e4lineet\",\"item\":\"https:\\\/\\\/accessrec.eu\\\/fi\\\/erityispyoratuolit-ja-esteettomyysvalineet\\\/\"},{\"@type\":\"ListItem\",\"position\":4,\"name\":\"Seatrac Mover &#8211; Mobiililaite itsen\u00e4iseen uintiin\"}]},{\"@type\":\"WebSite\",\"@id\":\"https:\\\/\\\/accessrec.eu\\\/fi\\\/#website\",\"url\":\"https:\\\/\\\/accessrec.eu\\\/fi\\\/\",\"name\":\"Accessrec\",\"description\":\"\",\"publisher\":{\"@id\":\"https:\\\/\\\/accessrec.eu\\\/fi\\\/#organization\"},\"potentialAction\":[{\"@type\":\"SearchAction\",\"target\":{\"@type\":\"EntryPoint\",\"urlTemplate\":\"https:\\\/\\\/accessrec.eu\\\/fi\\\/?s={search_term_string}\"},\"query-input\":{\"@type\":\"PropertyValueSpecification\",\"valueRequired\":true,\"valueName\":\"search_term_string\"}}],\"inLanguage\":\"fi\"},{\"@type\":\"Organization\",\"@id\":\"https:\\\/\\\/accessrec.eu\\\/fi\\\/#organization\",\"name\":\"Accessrec\",\"url\":\"https:\\\/\\\/accessrec.eu\\\/fi\\\/\",\"logo\":{\"@type\":\"ImageObject\",\"inLanguage\":\"fi\",\"@id\":\"https:\\\/\\\/accessrec.eu\\\/fi\\\/#\\\/schema\\\/logo\\\/image\\\/\",\"url\":\"https:\\\/\\\/accessrec.eu\\\/wp-content\\\/uploads\\\/2025\\\/11\\\/accessrec-by-deschamps.webp\",\"contentUrl\":\"https:\\\/\\\/accessrec.eu\\\/wp-content\\\/uploads\\\/2025\\\/11\\\/accessrec-by-deschamps.webp\",\"width\":600,\"height\":150,\"caption\":\"Accessrec\"},\"image\":{\"@id\":\"https:\\\/\\\/accessrec.eu\\\/fi\\\/#\\\/schema\\\/logo\\\/image\\\/\"}}]}<\/script>\n<!-- \/ Yoast SEO plugin. -->","yoast_head_json":{"title":"Seatrac Mover - Mobiililaite itsen\u00e4iseen uintiin | Accessrec","description":"Seatrac on innovatiivinen ratkaisu liikuntarajoitteisille henkil\u00f6ille, joka sopii erinomaisesti siirtymiseen ja itsen\u00e4iseen liikkumiseen rannalta vesille.","robots":{"index":"index","follow":"follow","max-snippet":"max-snippet:-1","max-image-preview":"max-image-preview:large","max-video-preview":"max-video-preview:-1"},"canonical":"https:\/\/accessrec.eu\/fi\/liikkumis-ja-paasymatot\/laitteet\/seatrac-mover\/","og_locale":"fi_FI","og_type":"article","og_title":"Seatrac Mover - Mobiililaite itsen\u00e4iseen uintiin | Accessrec","og_description":"Seatrac on innovatiivinen ratkaisu liikuntarajoitteisille henkil\u00f6ille, joka sopii erinomaisesti siirtymiseen ja itsen\u00e4iseen liikkumiseen rannalta vesille.","og_url":"https:\/\/accessrec.eu\/fi\/liikkumis-ja-paasymatot\/laitteet\/seatrac-mover\/","og_site_name":"Accessrec","article_modified_time":"2024-05-17T17:02:31+00:00","og_image":[{"width":855,"height":624,"url":"https:\/\/accessrec.eu\/wp-content\/uploads\/2023\/09\/Design-sans-titre-7.jpg","type":"image\/jpeg"}],"twitter_card":"summary_large_image","schema":{"@context":"https:\/\/schema.org","@graph":[{"@type":"WebPage","@id":"https:\/\/accessrec.eu\/fi\/liikkumis-ja-paasymatot\/laitteet\/seatrac-mover\/","url":"https:\/\/accessrec.eu\/fi\/liikkumis-ja-paasymatot\/laitteet\/seatrac-mover\/","name":"Seatrac Mover - Mobiililaite itsen\u00e4iseen uintiin | Accessrec","isPartOf":{"@id":"https:\/\/accessrec.eu\/fi\/#website"},"primaryImageOfPage":{"@id":"https:\/\/accessrec.eu\/fi\/liikkumis-ja-paasymatot\/laitteet\/seatrac-mover\/#primaryimage"},"image":{"@id":"https:\/\/accessrec.eu\/fi\/liikkumis-ja-paasymatot\/laitteet\/seatrac-mover\/#primaryimage"},"thumbnailUrl":"https:\/\/accessrec.eu\/wp-content\/uploads\/2023\/09\/Design-sans-titre-7.jpg","datePublished":"2023-09-28T13:22:38+00:00","dateModified":"2024-05-17T17:02:31+00:00","description":"Seatrac on innovatiivinen ratkaisu liikuntarajoitteisille henkil\u00f6ille, joka sopii erinomaisesti siirtymiseen ja itsen\u00e4iseen liikkumiseen rannalta vesille.","breadcrumb":{"@id":"https:\/\/accessrec.eu\/fi\/liikkumis-ja-paasymatot\/laitteet\/seatrac-mover\/#breadcrumb"},"inLanguage":"fi","potentialAction":[{"@type":"ReadAction","target":["https:\/\/accessrec.eu\/fi\/liikkumis-ja-paasymatot\/laitteet\/seatrac-mover\/"]}]},{"@type":"ImageObject","inLanguage":"fi","@id":"https:\/\/accessrec.eu\/fi\/liikkumis-ja-paasymatot\/laitteet\/seatrac-mover\/#primaryimage","url":"https:\/\/accessrec.eu\/wp-content\/uploads\/2023\/09\/Design-sans-titre-7.jpg","contentUrl":"https:\/\/accessrec.eu\/wp-content\/uploads\/2023\/09\/Design-sans-titre-7.jpg","width":855,"height":624,"caption":"seatrac mover"},{"@type":"BreadcrumbList","@id":"https:\/\/accessrec.eu\/fi\/liikkumis-ja-paasymatot\/laitteet\/seatrac-mover\/#breadcrumb","itemListElement":[{"@type":"ListItem","position":1,"name":"Accueil","item":"https:\/\/accessrec.eu\/fi\/?page_id=36301"},{"@type":"ListItem","position":2,"name":"Tuotteet","item":"https:\/\/accessrec.eu\/fi\/shop\/"},{"@type":"ListItem","position":3,"name":"Erityispy\u00f6r\u00e4tuolit ja esteett\u00f6myysv\u00e4lineet","item":"https:\/\/accessrec.eu\/fi\/erityispyoratuolit-ja-esteettomyysvalineet\/"},{"@type":"ListItem","position":4,"name":"Seatrac Mover &#8211; Mobiililaite itsen\u00e4iseen uintiin"}]},{"@type":"WebSite","@id":"https:\/\/accessrec.eu\/fi\/#website","url":"https:\/\/accessrec.eu\/fi\/","name":"Accessrec","description":"","publisher":{"@id":"https:\/\/accessrec.eu\/fi\/#organization"},"potentialAction":[{"@type":"SearchAction","target":{"@type":"EntryPoint","urlTemplate":"https:\/\/accessrec.eu\/fi\/?s={search_term_string}"},"query-input":{"@type":"PropertyValueSpecification","valueRequired":true,"valueName":"search_term_string"}}],"inLanguage":"fi"},{"@type":"Organization","@id":"https:\/\/accessrec.eu\/fi\/#organization","name":"Accessrec","url":"https:\/\/accessrec.eu\/fi\/","logo":{"@type":"ImageObject","inLanguage":"fi","@id":"https:\/\/accessrec.eu\/fi\/#\/schema\/logo\/image\/","url":"https:\/\/accessrec.eu\/wp-content\/uploads\/2025\/11\/accessrec-by-deschamps.webp","contentUrl":"https:\/\/accessrec.eu\/wp-content\/uploads\/2025\/11\/accessrec-by-deschamps.webp","width":600,"height":150,"caption":"Accessrec"},"image":{"@id":"https:\/\/accessrec.eu\/fi\/#\/schema\/logo\/image\/"}}]}},"_links":{"self":[{"href":"https:\/\/accessrec.eu\/fi\/wp-json\/wp\/v2\/product\/18113","targetHints":{"allow":["GET"]}}],"collection":[{"href":"https:\/\/accessrec.eu\/fi\/wp-json\/wp\/v2\/product"}],"about":[{"href":"https:\/\/accessrec.eu\/fi\/wp-json\/wp\/v2\/types\/product"}],"replies":[{"embeddable":true,"href":"https:\/\/accessrec.eu\/fi\/wp-json\/wp\/v2\/comments?post=18113"}],"wp:featuredmedia":[{"embeddable":true,"href":"https:\/\/accessrec.eu\/fi\/wp-json\/wp\/v2\/media\/18130"}],"wp:attachment":[{"href":"https:\/\/accessrec.eu\/fi\/wp-json\/wp\/v2\/media?parent=18113"}],"wp:term":[{"taxonomy":"product_brand","embeddable":true,"href":"https:\/\/accessrec.eu\/fi\/wp-json\/wp\/v2\/product_brand?post=18113"},{"taxonomy":"product_cat","embeddable":true,"href":"https:\/\/accessrec.eu\/fi\/wp-json\/wp\/v2\/product_cat?post=18113"},{"taxonomy":"product_tag","embeddable":true,"href":"https:\/\/accessrec.eu\/fi\/wp-json\/wp\/v2\/product_tag?post=18113"}],"curies":[{"name":"wp","href":"https:\/\/api.w.org\/{rel}","templated":true}]}}