{"id":17177,"date":"2022-02-14T11:00:18","date_gmt":"2022-02-14T10:00:18","guid":{"rendered":"https:\/\/accessrec.eu\/product\/be-kategorijos\/terrawheels-papludimio-neigaliuju-vezimelis-zmonems-su-judejimo-negalia\/"},"modified":"2025-09-10T10:03:11","modified_gmt":"2025-09-10T08:03:11","slug":"terrawheels","status":"publish","type":"product","link":"https:\/\/accessrec.eu\/lt\/judejimo-ir-prieigos-kilimeliai\/foteliai\/terrawheels\/","title":{"rendered":"&#8222;Terrawheels&#8221; &#8211; papl\u016bdimio ne\u012fgali\u0173j\u0173 ve\u017eim\u0117lis \u017emon\u0117ms su jud\u0117jimo negalia"},"content":{"rendered":"","protected":false},"excerpt":{"rendered":"<p>Papl\u016bdimio ne\u012fgali\u0173j\u0173 ve\u017eim\u0117lis asmenims su jud\u0117jimo negalia<\/p>\n","protected":false},"featured_media":30837,"comment_status":"open","ping_status":"closed","template":"","meta":{"_acf_changed":false,"site-sidebar-layout":"default","site-content-layout":"default","ast-site-content-layout":"default","site-content-style":"default","site-sidebar-style":"default","ast-global-header-display":"","ast-banner-title-visibility":"","ast-main-header-display":"","ast-hfb-above-header-display":"","ast-hfb-below-header-display":"","ast-hfb-mobile-header-display":"","site-post-title":"","ast-breadcrumbs-content":"","ast-featured-img":"","footer-sml-layout":"","theme-transparent-header-meta":"default","adv-header-id-meta":"","stick-header-meta":"","header-above-stick-meta":"","header-main-stick-meta":"","header-below-stick-meta":"","astra-migrate-meta-layouts":"set","ast-page-background-enabled":"default","ast-page-background-meta":{"desktop":{"background-color":"","background-image":"","background-repeat":"repeat","background-position":"center center","background-size":"auto","background-attachment":"scroll","background-type":"","background-media":"","overlay-type":"","overlay-color":"","overlay-opacity":"","overlay-gradient":""},"tablet":{"background-color":"","background-image":"","background-repeat":"repeat","background-position":"center center","background-size":"auto","background-attachment":"scroll","background-type":"","background-media":"","overlay-type":"","overlay-color":"","overlay-opacity":"","overlay-gradient":""},"mobile":{"background-color":"","background-image":"","background-repeat":"repeat","background-position":"center center","background-size":"auto","background-attachment":"scroll","background-type":"","background-media":"","overlay-type":"","overlay-color":"","overlay-opacity":"","overlay-gradient":""}},"ast-content-background-meta":{"desktop":{"background-color":"var(--ast-global-color-5)","background-image":"","background-repeat":"repeat","background-position":"center center","background-size":"auto","background-attachment":"scroll","background-type":"","background-media":"","overlay-type":"","overlay-color":"","overlay-opacity":"","overlay-gradient":""},"tablet":{"background-color":"var(--ast-global-color-5)","background-image":"","background-repeat":"repeat","background-position":"center center","background-size":"auto","background-attachment":"scroll","background-type":"","background-media":"","overlay-type":"","overlay-color":"","overlay-opacity":"","overlay-gradient":""},"mobile":{"background-color":"var(--ast-global-color-5)","background-image":"","background-repeat":"repeat","background-position":"center center","background-size":"auto","background-attachment":"scroll","background-type":"","background-media":"","overlay-type":"","overlay-color":"","overlay-opacity":"","overlay-gradient":""}}},"product_brand":[],"product_cat":[1313,1312],"product_tag":[],"class_list":{"0":"post-17177","1":"product","2":"type-product","3":"status-publish","4":"has-post-thumbnail","6":"product_cat-atsipalaidavimas-ir-komfortas-riboto-judrumo-zmonems","7":"product_cat-foteliai","8":"desktop-align-left","9":"tablet-align-left","10":"mobile-align-left","12":"first","13":"outofstock","14":"taxable","15":"shipping-taxable","16":"purchasable","17":"product-type-simple"},"acf":[],"yoast_head":"<!-- This site is optimized with the Yoast SEO plugin v27.5 - https:\/\/yoast.com\/product\/yoast-seo-wordpress\/ -->\n<title>&quot;Terrawheels&quot; - papl\u016bdimio ne\u012fgali\u0173j\u0173 ve\u017eim\u0117lis \u017emon\u0117ms su jud\u0117jimo negalia | Accessrec<\/title>\n<meta name=\"description\" content=\"&quot;Terrawheels&quot; - tai ne\u012fgali\u0173j\u0173 ve\u017eim\u0117lis, skirtas riboto judrumo \u017emon\u0117ms, tinkantis naudoti papl\u016bdimiuose ar ant purios \u017eem\u0117s.\" \/>\n<meta name=\"robots\" content=\"index, follow, max-snippet:-1, max-image-preview:large, max-video-preview:-1\" \/>\n<link rel=\"canonical\" href=\"https:\/\/accessrec.eu\/lt\/judejimo-ir-prieigos-kilimeliai\/foteliai\/terrawheels\/\" \/>\n<meta property=\"og:locale\" content=\"lt_LT\" \/>\n<meta property=\"og:type\" content=\"article\" \/>\n<meta property=\"og:title\" content=\"&quot;Terrawheels&quot; - papl\u016bdimio ne\u012fgali\u0173j\u0173 ve\u017eim\u0117lis \u017emon\u0117ms su jud\u0117jimo negalia | Accessrec\" \/>\n<meta property=\"og:description\" content=\"&quot;Terrawheels&quot; - tai ne\u012fgali\u0173j\u0173 ve\u017eim\u0117lis, skirtas riboto judrumo \u017emon\u0117ms, tinkantis naudoti papl\u016bdimiuose ar ant purios \u017eem\u0117s.\" \/>\n<meta property=\"og:url\" content=\"https:\/\/accessrec.eu\/lt\/judejimo-ir-prieigos-kilimeliai\/foteliai\/terrawheels\/\" \/>\n<meta property=\"og:site_name\" content=\"Accessrec\" \/>\n<meta property=\"article:modified_time\" content=\"2025-09-10T08:03:11+00:00\" \/>\n<meta property=\"og:image\" content=\"https:\/\/accessrec.eu\/wp-content\/uploads\/2022\/02\/TerraWheels-det-1024x941.png\" \/>\n\t<meta property=\"og:image:width\" content=\"1024\" \/>\n\t<meta property=\"og:image:height\" content=\"941\" \/>\n\t<meta property=\"og:image:type\" content=\"image\/png\" \/>\n<meta name=\"twitter:card\" content=\"summary_large_image\" \/>\n<meta name=\"twitter:label1\" content=\"Est. reading time\" \/>\n\t<meta name=\"twitter:data1\" content=\"1 minut\u0117\" \/>\n<script type=\"application\/ld+json\" class=\"yoast-schema-graph\">{\"@context\":\"https:\\\/\\\/schema.org\",\"@graph\":[{\"@type\":\"WebPage\",\"@id\":\"https:\\\/\\\/accessrec.eu\\\/lt\\\/judejimo-ir-prieigos-kilimeliai\\\/foteliai\\\/terrawheels\\\/\",\"url\":\"https:\\\/\\\/accessrec.eu\\\/lt\\\/judejimo-ir-prieigos-kilimeliai\\\/foteliai\\\/terrawheels\\\/\",\"name\":\"\\\"Terrawheels\\\" - papl\u016bdimio ne\u012fgali\u0173j\u0173 ve\u017eim\u0117lis \u017emon\u0117ms su jud\u0117jimo negalia | Accessrec\",\"isPartOf\":{\"@id\":\"https:\\\/\\\/accessrec.eu\\\/lt\\\/#website\"},\"primaryImageOfPage\":{\"@id\":\"https:\\\/\\\/accessrec.eu\\\/lt\\\/judejimo-ir-prieigos-kilimeliai\\\/foteliai\\\/terrawheels\\\/#primaryimage\"},\"image\":{\"@id\":\"https:\\\/\\\/accessrec.eu\\\/lt\\\/judejimo-ir-prieigos-kilimeliai\\\/foteliai\\\/terrawheels\\\/#primaryimage\"},\"thumbnailUrl\":\"https:\\\/\\\/accessrec.eu\\\/wp-content\\\/uploads\\\/2022\\\/02\\\/TerraWheels-det.png\",\"datePublished\":\"2022-02-14T10:00:18+00:00\",\"dateModified\":\"2025-09-10T08:03:11+00:00\",\"description\":\"\\\"Terrawheels\\\" - tai ne\u012fgali\u0173j\u0173 ve\u017eim\u0117lis, skirtas riboto judrumo \u017emon\u0117ms, tinkantis naudoti papl\u016bdimiuose ar ant purios \u017eem\u0117s.\",\"breadcrumb\":{\"@id\":\"https:\\\/\\\/accessrec.eu\\\/lt\\\/judejimo-ir-prieigos-kilimeliai\\\/foteliai\\\/terrawheels\\\/#breadcrumb\"},\"inLanguage\":\"lt-LT\",\"potentialAction\":[{\"@type\":\"ReadAction\",\"target\":[\"https:\\\/\\\/accessrec.eu\\\/lt\\\/judejimo-ir-prieigos-kilimeliai\\\/foteliai\\\/terrawheels\\\/\"]}]},{\"@type\":\"ImageObject\",\"inLanguage\":\"lt-LT\",\"@id\":\"https:\\\/\\\/accessrec.eu\\\/lt\\\/judejimo-ir-prieigos-kilimeliai\\\/foteliai\\\/terrawheels\\\/#primaryimage\",\"url\":\"https:\\\/\\\/accessrec.eu\\\/wp-content\\\/uploads\\\/2022\\\/02\\\/TerraWheels-det.png\",\"contentUrl\":\"https:\\\/\\\/accessrec.eu\\\/wp-content\\\/uploads\\\/2022\\\/02\\\/TerraWheels-det.png\",\"width\":2742,\"height\":2520},{\"@type\":\"BreadcrumbList\",\"@id\":\"https:\\\/\\\/accessrec.eu\\\/lt\\\/judejimo-ir-prieigos-kilimeliai\\\/foteliai\\\/terrawheels\\\/#breadcrumb\",\"itemListElement\":[{\"@type\":\"ListItem\",\"position\":1,\"name\":\"Accueil\",\"item\":\"https:\\\/\\\/accessrec.eu\\\/lt\\\/?page_id=36568\"},{\"@type\":\"ListItem\",\"position\":2,\"name\":\"Produktai\",\"item\":\"https:\\\/\\\/accessrec.eu\\\/lt\\\/shop\\\/\"},{\"@type\":\"ListItem\",\"position\":3,\"name\":\"Jud\u0117jimo ir prieigos kilim\u0117liai\",\"item\":\"https:\\\/\\\/accessrec.eu\\\/lt\\\/judejimo-ir-prieigos-kilimeliai\\\/\"},{\"@type\":\"ListItem\",\"position\":4,\"name\":\"Foteliai\",\"item\":\"https:\\\/\\\/accessrec.eu\\\/lt\\\/judejimo-ir-prieigos-kilimeliai\\\/foteliai\\\/\"},{\"@type\":\"ListItem\",\"position\":5,\"name\":\"\u00ab\u00a0Terrawheels\u00a0\u00bb &#8211; papl\u016bdimio ne\u012fgali\u0173j\u0173 ve\u017eim\u0117lis \u017emon\u0117ms su jud\u0117jimo negalia\"}]},{\"@type\":\"WebSite\",\"@id\":\"https:\\\/\\\/accessrec.eu\\\/lt\\\/#website\",\"url\":\"https:\\\/\\\/accessrec.eu\\\/lt\\\/\",\"name\":\"Accessrec\",\"description\":\"\",\"publisher\":{\"@id\":\"https:\\\/\\\/accessrec.eu\\\/lt\\\/#organization\"},\"potentialAction\":[{\"@type\":\"SearchAction\",\"target\":{\"@type\":\"EntryPoint\",\"urlTemplate\":\"https:\\\/\\\/accessrec.eu\\\/lt\\\/?s={search_term_string}\"},\"query-input\":{\"@type\":\"PropertyValueSpecification\",\"valueRequired\":true,\"valueName\":\"search_term_string\"}}],\"inLanguage\":\"lt-LT\"},{\"@type\":\"Organization\",\"@id\":\"https:\\\/\\\/accessrec.eu\\\/lt\\\/#organization\",\"name\":\"Accessrec\",\"url\":\"https:\\\/\\\/accessrec.eu\\\/lt\\\/\",\"logo\":{\"@type\":\"ImageObject\",\"inLanguage\":\"lt-LT\",\"@id\":\"https:\\\/\\\/accessrec.eu\\\/lt\\\/#\\\/schema\\\/logo\\\/image\\\/\",\"url\":\"https:\\\/\\\/accessrec.eu\\\/wp-content\\\/uploads\\\/2025\\\/11\\\/accessrec-by-deschamps.webp\",\"contentUrl\":\"https:\\\/\\\/accessrec.eu\\\/wp-content\\\/uploads\\\/2025\\\/11\\\/accessrec-by-deschamps.webp\",\"width\":600,\"height\":150,\"caption\":\"Accessrec\"},\"image\":{\"@id\":\"https:\\\/\\\/accessrec.eu\\\/lt\\\/#\\\/schema\\\/logo\\\/image\\\/\"}}]}<\/script>\n<!-- \/ Yoast SEO plugin. -->","yoast_head_json":{"title":"\"Terrawheels\" - papl\u016bdimio ne\u012fgali\u0173j\u0173 ve\u017eim\u0117lis \u017emon\u0117ms su jud\u0117jimo negalia | Accessrec","description":"\"Terrawheels\" - tai ne\u012fgali\u0173j\u0173 ve\u017eim\u0117lis, skirtas riboto judrumo \u017emon\u0117ms, tinkantis naudoti papl\u016bdimiuose ar ant purios \u017eem\u0117s.","robots":{"index":"index","follow":"follow","max-snippet":"max-snippet:-1","max-image-preview":"max-image-preview:large","max-video-preview":"max-video-preview:-1"},"canonical":"https:\/\/accessrec.eu\/lt\/judejimo-ir-prieigos-kilimeliai\/foteliai\/terrawheels\/","og_locale":"lt_LT","og_type":"article","og_title":"\"Terrawheels\" - papl\u016bdimio ne\u012fgali\u0173j\u0173 ve\u017eim\u0117lis \u017emon\u0117ms su jud\u0117jimo negalia | Accessrec","og_description":"\"Terrawheels\" - tai ne\u012fgali\u0173j\u0173 ve\u017eim\u0117lis, skirtas riboto judrumo \u017emon\u0117ms, tinkantis naudoti papl\u016bdimiuose ar ant purios \u017eem\u0117s.","og_url":"https:\/\/accessrec.eu\/lt\/judejimo-ir-prieigos-kilimeliai\/foteliai\/terrawheels\/","og_site_name":"Accessrec","article_modified_time":"2025-09-10T08:03:11+00:00","og_image":[{"width":1024,"height":941,"url":"https:\/\/accessrec.eu\/wp-content\/uploads\/2022\/02\/TerraWheels-det-1024x941.png","type":"image\/png"}],"twitter_card":"summary_large_image","twitter_misc":{"Est. reading time":"1 minut\u0117"},"schema":{"@context":"https:\/\/schema.org","@graph":[{"@type":"WebPage","@id":"https:\/\/accessrec.eu\/lt\/judejimo-ir-prieigos-kilimeliai\/foteliai\/terrawheels\/","url":"https:\/\/accessrec.eu\/lt\/judejimo-ir-prieigos-kilimeliai\/foteliai\/terrawheels\/","name":"\"Terrawheels\" - papl\u016bdimio ne\u012fgali\u0173j\u0173 ve\u017eim\u0117lis \u017emon\u0117ms su jud\u0117jimo negalia | Accessrec","isPartOf":{"@id":"https:\/\/accessrec.eu\/lt\/#website"},"primaryImageOfPage":{"@id":"https:\/\/accessrec.eu\/lt\/judejimo-ir-prieigos-kilimeliai\/foteliai\/terrawheels\/#primaryimage"},"image":{"@id":"https:\/\/accessrec.eu\/lt\/judejimo-ir-prieigos-kilimeliai\/foteliai\/terrawheels\/#primaryimage"},"thumbnailUrl":"https:\/\/accessrec.eu\/wp-content\/uploads\/2022\/02\/TerraWheels-det.png","datePublished":"2022-02-14T10:00:18+00:00","dateModified":"2025-09-10T08:03:11+00:00","description":"\"Terrawheels\" - tai ne\u012fgali\u0173j\u0173 ve\u017eim\u0117lis, skirtas riboto judrumo \u017emon\u0117ms, tinkantis naudoti papl\u016bdimiuose ar ant purios \u017eem\u0117s.","breadcrumb":{"@id":"https:\/\/accessrec.eu\/lt\/judejimo-ir-prieigos-kilimeliai\/foteliai\/terrawheels\/#breadcrumb"},"inLanguage":"lt-LT","potentialAction":[{"@type":"ReadAction","target":["https:\/\/accessrec.eu\/lt\/judejimo-ir-prieigos-kilimeliai\/foteliai\/terrawheels\/"]}]},{"@type":"ImageObject","inLanguage":"lt-LT","@id":"https:\/\/accessrec.eu\/lt\/judejimo-ir-prieigos-kilimeliai\/foteliai\/terrawheels\/#primaryimage","url":"https:\/\/accessrec.eu\/wp-content\/uploads\/2022\/02\/TerraWheels-det.png","contentUrl":"https:\/\/accessrec.eu\/wp-content\/uploads\/2022\/02\/TerraWheels-det.png","width":2742,"height":2520},{"@type":"BreadcrumbList","@id":"https:\/\/accessrec.eu\/lt\/judejimo-ir-prieigos-kilimeliai\/foteliai\/terrawheels\/#breadcrumb","itemListElement":[{"@type":"ListItem","position":1,"name":"Accueil","item":"https:\/\/accessrec.eu\/lt\/?page_id=36568"},{"@type":"ListItem","position":2,"name":"Produktai","item":"https:\/\/accessrec.eu\/lt\/shop\/"},{"@type":"ListItem","position":3,"name":"Jud\u0117jimo ir prieigos kilim\u0117liai","item":"https:\/\/accessrec.eu\/lt\/judejimo-ir-prieigos-kilimeliai\/"},{"@type":"ListItem","position":4,"name":"Foteliai","item":"https:\/\/accessrec.eu\/lt\/judejimo-ir-prieigos-kilimeliai\/foteliai\/"},{"@type":"ListItem","position":5,"name":"\u00ab\u00a0Terrawheels\u00a0\u00bb &#8211; papl\u016bdimio ne\u012fgali\u0173j\u0173 ve\u017eim\u0117lis \u017emon\u0117ms su jud\u0117jimo negalia"}]},{"@type":"WebSite","@id":"https:\/\/accessrec.eu\/lt\/#website","url":"https:\/\/accessrec.eu\/lt\/","name":"Accessrec","description":"","publisher":{"@id":"https:\/\/accessrec.eu\/lt\/#organization"},"potentialAction":[{"@type":"SearchAction","target":{"@type":"EntryPoint","urlTemplate":"https:\/\/accessrec.eu\/lt\/?s={search_term_string}"},"query-input":{"@type":"PropertyValueSpecification","valueRequired":true,"valueName":"search_term_string"}}],"inLanguage":"lt-LT"},{"@type":"Organization","@id":"https:\/\/accessrec.eu\/lt\/#organization","name":"Accessrec","url":"https:\/\/accessrec.eu\/lt\/","logo":{"@type":"ImageObject","inLanguage":"lt-LT","@id":"https:\/\/accessrec.eu\/lt\/#\/schema\/logo\/image\/","url":"https:\/\/accessrec.eu\/wp-content\/uploads\/2025\/11\/accessrec-by-deschamps.webp","contentUrl":"https:\/\/accessrec.eu\/wp-content\/uploads\/2025\/11\/accessrec-by-deschamps.webp","width":600,"height":150,"caption":"Accessrec"},"image":{"@id":"https:\/\/accessrec.eu\/lt\/#\/schema\/logo\/image\/"}}]}},"_links":{"self":[{"href":"https:\/\/accessrec.eu\/lt\/wp-json\/wp\/v2\/product\/17177","targetHints":{"allow":["GET"]}}],"collection":[{"href":"https:\/\/accessrec.eu\/lt\/wp-json\/wp\/v2\/product"}],"about":[{"href":"https:\/\/accessrec.eu\/lt\/wp-json\/wp\/v2\/types\/product"}],"replies":[{"embeddable":true,"href":"https:\/\/accessrec.eu\/lt\/wp-json\/wp\/v2\/comments?post=17177"}],"wp:featuredmedia":[{"embeddable":true,"href":"https:\/\/accessrec.eu\/lt\/wp-json\/wp\/v2\/media\/30837"}],"wp:attachment":[{"href":"https:\/\/accessrec.eu\/lt\/wp-json\/wp\/v2\/media?parent=17177"}],"wp:term":[{"taxonomy":"product_brand","embeddable":true,"href":"https:\/\/accessrec.eu\/lt\/wp-json\/wp\/v2\/product_brand?post=17177"},{"taxonomy":"product_cat","embeddable":true,"href":"https:\/\/accessrec.eu\/lt\/wp-json\/wp\/v2\/product_cat?post=17177"},{"taxonomy":"product_tag","embeddable":true,"href":"https:\/\/accessrec.eu\/lt\/wp-json\/wp\/v2\/product_tag?post=17177"}],"curies":[{"name":"wp","href":"https:\/\/api.w.org\/{rel}","templated":true}]}}