{"id":17181,"date":"2022-02-14T12:23:36","date_gmt":"2022-02-14T11:23:36","guid":{"rendered":"https:\/\/accessrec.eu\/product\/be-kategorijos\/sezlongas-pakeltas-gultas-saules-vonios-zmonems-su-judejimo-negalia\/"},"modified":"2024-05-28T09:22:39","modified_gmt":"2024-05-28T07:22:39","slug":"soliariumas","status":"publish","type":"product","link":"https:\/\/accessrec.eu\/lt\/atsipalaidavimas-ir-komfortas-riboto-judrumo-zmonems\/soliariumas\/","title":{"rendered":"\u0160ezlongas &#8211; Pakeltas gultas &#8211; Saul\u0117s vonios \u017emon\u0117ms su jud\u0117jimo negalia"},"content":{"rendered":"","protected":false},"excerpt":{"rendered":"<p>Paauk\u0161tinti gultai, visiems prieinamas gultas<\/p>\n","protected":false},"featured_media":17193,"comment_status":"open","ping_status":"closed","template":"","meta":{"_acf_changed":false,"site-sidebar-layout":"default","site-content-layout":"default","ast-site-content-layout":"default","site-content-style":"default","site-sidebar-style":"default","ast-global-header-display":"","ast-banner-title-visibility":"","ast-main-header-display":"","ast-hfb-above-header-display":"","ast-hfb-below-header-display":"","ast-hfb-mobile-header-display":"","site-post-title":"","ast-breadcrumbs-content":"","ast-featured-img":"","footer-sml-layout":"","theme-transparent-header-meta":"default","adv-header-id-meta":"","stick-header-meta":"","header-above-stick-meta":"","header-main-stick-meta":"","header-below-stick-meta":"","astra-migrate-meta-layouts":"default","ast-page-background-enabled":"default","ast-page-background-meta":{"desktop":{"background-color":"","background-image":"","background-repeat":"repeat","background-position":"center center","background-size":"auto","background-attachment":"scroll","background-type":"","background-media":"","overlay-type":"","overlay-color":"","overlay-opacity":"","overlay-gradient":""},"tablet":{"background-color":"","background-image":"","background-repeat":"repeat","background-position":"center center","background-size":"auto","background-attachment":"scroll","background-type":"","background-media":"","overlay-type":"","overlay-color":"","overlay-opacity":"","overlay-gradient":""},"mobile":{"background-color":"","background-image":"","background-repeat":"repeat","background-position":"center center","background-size":"auto","background-attachment":"scroll","background-type":"","background-media":"","overlay-type":"","overlay-color":"","overlay-opacity":"","overlay-gradient":""}},"ast-content-background-meta":{"desktop":{"background-color":"var(--ast-global-color-5)","background-image":"","background-repeat":"repeat","background-position":"center center","background-size":"auto","background-attachment":"scroll","background-type":"","background-media":"","overlay-type":"","overlay-color":"","overlay-opacity":"","overlay-gradient":""},"tablet":{"background-color":"var(--ast-global-color-5)","background-image":"","background-repeat":"repeat","background-position":"center center","background-size":"auto","background-attachment":"scroll","background-type":"","background-media":"","overlay-type":"","overlay-color":"","overlay-opacity":"","overlay-gradient":""},"mobile":{"background-color":"var(--ast-global-color-5)","background-image":"","background-repeat":"repeat","background-position":"center center","background-size":"auto","background-attachment":"scroll","background-type":"","background-media":"","overlay-type":"","overlay-color":"","overlay-opacity":"","overlay-gradient":""}}},"product_brand":[],"product_cat":[1313],"product_tag":[],"class_list":{"0":"post-17181","1":"product","2":"type-product","3":"status-publish","4":"has-post-thumbnail","6":"product_cat-atsipalaidavimas-ir-komfortas-riboto-judrumo-zmonems","7":"desktop-align-left","8":"tablet-align-left","9":"mobile-align-left","11":"first","12":"instock","13":"taxable","14":"shipping-taxable","15":"purchasable","16":"product-type-variable"},"acf":[],"yoast_head":"<!-- This site is optimized with the Yoast SEO plugin v27.5 - https:\/\/yoast.com\/product\/yoast-seo-wordpress\/ -->\n<title>\u0160ezlongas - Pakeltas gultas - Saul\u0117s vonios \u017emon\u0117ms su jud\u0117jimo negalia | Accessrec<\/title>\n<meta name=\"description\" content=\"&quot;Sunbed&quot; - tai pakeliama papl\u016bdimio k\u0117d\u0117, pritaikyta \u017emon\u0117ms su jud\u0117jimo negalia.\" \/>\n<meta name=\"robots\" content=\"index, follow, max-snippet:-1, max-image-preview:large, max-video-preview:-1\" \/>\n<link rel=\"canonical\" href=\"https:\/\/accessrec.eu\/lt\/atsipalaidavimas-ir-komfortas-riboto-judrumo-zmonems\/soliariumas\/\" \/>\n<meta property=\"og:locale\" content=\"lt_LT\" \/>\n<meta property=\"og:type\" content=\"article\" \/>\n<meta property=\"og:title\" content=\"\u0160ezlongas - Pakeltas gultas - Saul\u0117s vonios \u017emon\u0117ms su jud\u0117jimo negalia | Accessrec\" \/>\n<meta property=\"og:description\" content=\"&quot;Sunbed&quot; - tai pakeliama papl\u016bdimio k\u0117d\u0117, pritaikyta \u017emon\u0117ms su jud\u0117jimo negalia.\" \/>\n<meta property=\"og:url\" content=\"https:\/\/accessrec.eu\/lt\/atsipalaidavimas-ir-komfortas-riboto-judrumo-zmonems\/soliariumas\/\" \/>\n<meta property=\"og:site_name\" content=\"Accessrec\" \/>\n<meta property=\"article:modified_time\" content=\"2024-05-28T07:22:39+00:00\" \/>\n<meta property=\"og:image\" content=\"https:\/\/accessrec.eu\/wp-content\/uploads\/2022\/02\/sunbed-1.jpg\" \/>\n\t<meta property=\"og:image:width\" content=\"855\" \/>\n\t<meta property=\"og:image:height\" content=\"624\" \/>\n\t<meta property=\"og:image:type\" content=\"image\/jpeg\" \/>\n<meta name=\"twitter:card\" content=\"summary_large_image\" \/>\n<script type=\"application\/ld+json\" class=\"yoast-schema-graph\">{\"@context\":\"https:\\\/\\\/schema.org\",\"@graph\":[{\"@type\":\"WebPage\",\"@id\":\"https:\\\/\\\/accessrec.eu\\\/lt\\\/atsipalaidavimas-ir-komfortas-riboto-judrumo-zmonems\\\/soliariumas\\\/\",\"url\":\"https:\\\/\\\/accessrec.eu\\\/lt\\\/atsipalaidavimas-ir-komfortas-riboto-judrumo-zmonems\\\/soliariumas\\\/\",\"name\":\"\u0160ezlongas - Pakeltas gultas - Saul\u0117s vonios \u017emon\u0117ms su jud\u0117jimo negalia | Accessrec\",\"isPartOf\":{\"@id\":\"https:\\\/\\\/accessrec.eu\\\/lt\\\/#website\"},\"primaryImageOfPage\":{\"@id\":\"https:\\\/\\\/accessrec.eu\\\/lt\\\/atsipalaidavimas-ir-komfortas-riboto-judrumo-zmonems\\\/soliariumas\\\/#primaryimage\"},\"image\":{\"@id\":\"https:\\\/\\\/accessrec.eu\\\/lt\\\/atsipalaidavimas-ir-komfortas-riboto-judrumo-zmonems\\\/soliariumas\\\/#primaryimage\"},\"thumbnailUrl\":\"https:\\\/\\\/accessrec.eu\\\/wp-content\\\/uploads\\\/2022\\\/02\\\/sunbed-1.jpg\",\"datePublished\":\"2022-02-14T11:23:36+00:00\",\"dateModified\":\"2024-05-28T07:22:39+00:00\",\"description\":\"\\\"Sunbed\\\" - tai pakeliama papl\u016bdimio k\u0117d\u0117, pritaikyta \u017emon\u0117ms su jud\u0117jimo negalia.\",\"breadcrumb\":{\"@id\":\"https:\\\/\\\/accessrec.eu\\\/lt\\\/atsipalaidavimas-ir-komfortas-riboto-judrumo-zmonems\\\/soliariumas\\\/#breadcrumb\"},\"inLanguage\":\"lt-LT\",\"potentialAction\":[{\"@type\":\"ReadAction\",\"target\":[\"https:\\\/\\\/accessrec.eu\\\/lt\\\/atsipalaidavimas-ir-komfortas-riboto-judrumo-zmonems\\\/soliariumas\\\/\"]}]},{\"@type\":\"ImageObject\",\"inLanguage\":\"lt-LT\",\"@id\":\"https:\\\/\\\/accessrec.eu\\\/lt\\\/atsipalaidavimas-ir-komfortas-riboto-judrumo-zmonems\\\/soliariumas\\\/#primaryimage\",\"url\":\"https:\\\/\\\/accessrec.eu\\\/wp-content\\\/uploads\\\/2022\\\/02\\\/sunbed-1.jpg\",\"contentUrl\":\"https:\\\/\\\/accessrec.eu\\\/wp-content\\\/uploads\\\/2022\\\/02\\\/sunbed-1.jpg\",\"width\":855,\"height\":624,\"caption\":\"Soliariumas\"},{\"@type\":\"BreadcrumbList\",\"@id\":\"https:\\\/\\\/accessrec.eu\\\/lt\\\/atsipalaidavimas-ir-komfortas-riboto-judrumo-zmonems\\\/soliariumas\\\/#breadcrumb\",\"itemListElement\":[{\"@type\":\"ListItem\",\"position\":1,\"name\":\"Accueil\",\"item\":\"https:\\\/\\\/accessrec.eu\\\/lt\\\/?page_id=36568\"},{\"@type\":\"ListItem\",\"position\":2,\"name\":\"Produktai\",\"item\":\"https:\\\/\\\/accessrec.eu\\\/lt\\\/shop\\\/\"},{\"@type\":\"ListItem\",\"position\":3,\"name\":\"Atsipalaidavimas ir komfortas Riboto judrumo \u017emon\u0117ms\",\"item\":\"https:\\\/\\\/accessrec.eu\\\/lt\\\/atsipalaidavimas-ir-komfortas-riboto-judrumo-zmonems\\\/\"},{\"@type\":\"ListItem\",\"position\":4,\"name\":\"\u0160ezlongas &#8211; Pakeltas gultas &#8211; Saul\u0117s vonios \u017emon\u0117ms su jud\u0117jimo negalia\"}]},{\"@type\":\"WebSite\",\"@id\":\"https:\\\/\\\/accessrec.eu\\\/lt\\\/#website\",\"url\":\"https:\\\/\\\/accessrec.eu\\\/lt\\\/\",\"name\":\"Accessrec\",\"description\":\"\",\"publisher\":{\"@id\":\"https:\\\/\\\/accessrec.eu\\\/lt\\\/#organization\"},\"potentialAction\":[{\"@type\":\"SearchAction\",\"target\":{\"@type\":\"EntryPoint\",\"urlTemplate\":\"https:\\\/\\\/accessrec.eu\\\/lt\\\/?s={search_term_string}\"},\"query-input\":{\"@type\":\"PropertyValueSpecification\",\"valueRequired\":true,\"valueName\":\"search_term_string\"}}],\"inLanguage\":\"lt-LT\"},{\"@type\":\"Organization\",\"@id\":\"https:\\\/\\\/accessrec.eu\\\/lt\\\/#organization\",\"name\":\"Accessrec\",\"url\":\"https:\\\/\\\/accessrec.eu\\\/lt\\\/\",\"logo\":{\"@type\":\"ImageObject\",\"inLanguage\":\"lt-LT\",\"@id\":\"https:\\\/\\\/accessrec.eu\\\/lt\\\/#\\\/schema\\\/logo\\\/image\\\/\",\"url\":\"https:\\\/\\\/accessrec.eu\\\/wp-content\\\/uploads\\\/2025\\\/11\\\/accessrec-by-deschamps.webp\",\"contentUrl\":\"https:\\\/\\\/accessrec.eu\\\/wp-content\\\/uploads\\\/2025\\\/11\\\/accessrec-by-deschamps.webp\",\"width\":600,\"height\":150,\"caption\":\"Accessrec\"},\"image\":{\"@id\":\"https:\\\/\\\/accessrec.eu\\\/lt\\\/#\\\/schema\\\/logo\\\/image\\\/\"}}]}<\/script>\n<!-- \/ Yoast SEO plugin. -->","yoast_head_json":{"title":"\u0160ezlongas - Pakeltas gultas - Saul\u0117s vonios \u017emon\u0117ms su jud\u0117jimo negalia | Accessrec","description":"\"Sunbed\" - tai pakeliama papl\u016bdimio k\u0117d\u0117, pritaikyta \u017emon\u0117ms su jud\u0117jimo negalia.","robots":{"index":"index","follow":"follow","max-snippet":"max-snippet:-1","max-image-preview":"max-image-preview:large","max-video-preview":"max-video-preview:-1"},"canonical":"https:\/\/accessrec.eu\/lt\/atsipalaidavimas-ir-komfortas-riboto-judrumo-zmonems\/soliariumas\/","og_locale":"lt_LT","og_type":"article","og_title":"\u0160ezlongas - Pakeltas gultas - Saul\u0117s vonios \u017emon\u0117ms su jud\u0117jimo negalia | Accessrec","og_description":"\"Sunbed\" - tai pakeliama papl\u016bdimio k\u0117d\u0117, pritaikyta \u017emon\u0117ms su jud\u0117jimo negalia.","og_url":"https:\/\/accessrec.eu\/lt\/atsipalaidavimas-ir-komfortas-riboto-judrumo-zmonems\/soliariumas\/","og_site_name":"Accessrec","article_modified_time":"2024-05-28T07:22:39+00:00","og_image":[{"width":855,"height":624,"url":"https:\/\/accessrec.eu\/wp-content\/uploads\/2022\/02\/sunbed-1.jpg","type":"image\/jpeg"}],"twitter_card":"summary_large_image","schema":{"@context":"https:\/\/schema.org","@graph":[{"@type":"WebPage","@id":"https:\/\/accessrec.eu\/lt\/atsipalaidavimas-ir-komfortas-riboto-judrumo-zmonems\/soliariumas\/","url":"https:\/\/accessrec.eu\/lt\/atsipalaidavimas-ir-komfortas-riboto-judrumo-zmonems\/soliariumas\/","name":"\u0160ezlongas - Pakeltas gultas - Saul\u0117s vonios \u017emon\u0117ms su jud\u0117jimo negalia | Accessrec","isPartOf":{"@id":"https:\/\/accessrec.eu\/lt\/#website"},"primaryImageOfPage":{"@id":"https:\/\/accessrec.eu\/lt\/atsipalaidavimas-ir-komfortas-riboto-judrumo-zmonems\/soliariumas\/#primaryimage"},"image":{"@id":"https:\/\/accessrec.eu\/lt\/atsipalaidavimas-ir-komfortas-riboto-judrumo-zmonems\/soliariumas\/#primaryimage"},"thumbnailUrl":"https:\/\/accessrec.eu\/wp-content\/uploads\/2022\/02\/sunbed-1.jpg","datePublished":"2022-02-14T11:23:36+00:00","dateModified":"2024-05-28T07:22:39+00:00","description":"\"Sunbed\" - tai pakeliama papl\u016bdimio k\u0117d\u0117, pritaikyta \u017emon\u0117ms su jud\u0117jimo negalia.","breadcrumb":{"@id":"https:\/\/accessrec.eu\/lt\/atsipalaidavimas-ir-komfortas-riboto-judrumo-zmonems\/soliariumas\/#breadcrumb"},"inLanguage":"lt-LT","potentialAction":[{"@type":"ReadAction","target":["https:\/\/accessrec.eu\/lt\/atsipalaidavimas-ir-komfortas-riboto-judrumo-zmonems\/soliariumas\/"]}]},{"@type":"ImageObject","inLanguage":"lt-LT","@id":"https:\/\/accessrec.eu\/lt\/atsipalaidavimas-ir-komfortas-riboto-judrumo-zmonems\/soliariumas\/#primaryimage","url":"https:\/\/accessrec.eu\/wp-content\/uploads\/2022\/02\/sunbed-1.jpg","contentUrl":"https:\/\/accessrec.eu\/wp-content\/uploads\/2022\/02\/sunbed-1.jpg","width":855,"height":624,"caption":"Soliariumas"},{"@type":"BreadcrumbList","@id":"https:\/\/accessrec.eu\/lt\/atsipalaidavimas-ir-komfortas-riboto-judrumo-zmonems\/soliariumas\/#breadcrumb","itemListElement":[{"@type":"ListItem","position":1,"name":"Accueil","item":"https:\/\/accessrec.eu\/lt\/?page_id=36568"},{"@type":"ListItem","position":2,"name":"Produktai","item":"https:\/\/accessrec.eu\/lt\/shop\/"},{"@type":"ListItem","position":3,"name":"Atsipalaidavimas ir komfortas Riboto judrumo \u017emon\u0117ms","item":"https:\/\/accessrec.eu\/lt\/atsipalaidavimas-ir-komfortas-riboto-judrumo-zmonems\/"},{"@type":"ListItem","position":4,"name":"\u0160ezlongas &#8211; Pakeltas gultas &#8211; Saul\u0117s vonios \u017emon\u0117ms su jud\u0117jimo negalia"}]},{"@type":"WebSite","@id":"https:\/\/accessrec.eu\/lt\/#website","url":"https:\/\/accessrec.eu\/lt\/","name":"Accessrec","description":"","publisher":{"@id":"https:\/\/accessrec.eu\/lt\/#organization"},"potentialAction":[{"@type":"SearchAction","target":{"@type":"EntryPoint","urlTemplate":"https:\/\/accessrec.eu\/lt\/?s={search_term_string}"},"query-input":{"@type":"PropertyValueSpecification","valueRequired":true,"valueName":"search_term_string"}}],"inLanguage":"lt-LT"},{"@type":"Organization","@id":"https:\/\/accessrec.eu\/lt\/#organization","name":"Accessrec","url":"https:\/\/accessrec.eu\/lt\/","logo":{"@type":"ImageObject","inLanguage":"lt-LT","@id":"https:\/\/accessrec.eu\/lt\/#\/schema\/logo\/image\/","url":"https:\/\/accessrec.eu\/wp-content\/uploads\/2025\/11\/accessrec-by-deschamps.webp","contentUrl":"https:\/\/accessrec.eu\/wp-content\/uploads\/2025\/11\/accessrec-by-deschamps.webp","width":600,"height":150,"caption":"Accessrec"},"image":{"@id":"https:\/\/accessrec.eu\/lt\/#\/schema\/logo\/image\/"}}]}},"_links":{"self":[{"href":"https:\/\/accessrec.eu\/lt\/wp-json\/wp\/v2\/product\/17181","targetHints":{"allow":["GET"]}}],"collection":[{"href":"https:\/\/accessrec.eu\/lt\/wp-json\/wp\/v2\/product"}],"about":[{"href":"https:\/\/accessrec.eu\/lt\/wp-json\/wp\/v2\/types\/product"}],"replies":[{"embeddable":true,"href":"https:\/\/accessrec.eu\/lt\/wp-json\/wp\/v2\/comments?post=17181"}],"wp:featuredmedia":[{"embeddable":true,"href":"https:\/\/accessrec.eu\/lt\/wp-json\/wp\/v2\/media\/17193"}],"wp:attachment":[{"href":"https:\/\/accessrec.eu\/lt\/wp-json\/wp\/v2\/media?parent=17181"}],"wp:term":[{"taxonomy":"product_brand","embeddable":true,"href":"https:\/\/accessrec.eu\/lt\/wp-json\/wp\/v2\/product_brand?post=17181"},{"taxonomy":"product_cat","embeddable":true,"href":"https:\/\/accessrec.eu\/lt\/wp-json\/wp\/v2\/product_cat?post=17181"},{"taxonomy":"product_tag","embeddable":true,"href":"https:\/\/accessrec.eu\/lt\/wp-json\/wp\/v2\/product_tag?post=17181"}],"curies":[{"name":"wp","href":"https:\/\/api.w.org\/{rel}","templated":true}]}}