{"id":17449,"date":"2022-01-12T15:34:06","date_gmt":"2022-01-12T14:34:06","guid":{"rendered":"https:\/\/accessrec.eu\/product\/be-kategorijos\/wetmat-nuo-slydimo-apsaugantys-kilimeliai-dregnoms-patalpoms-ir-baseinams\/"},"modified":"2025-09-02T14:55:34","modified_gmt":"2025-09-02T12:55:34","slug":"wetmat","status":"publish","type":"product","link":"https:\/\/accessrec.eu\/lt\/judejimo-ir-prieigos-kilimeliai\/begikai-ir-kilimai\/wetfloor\/","title":{"rendered":"Wetfloor &#8211; neslid\u016bs kilim\u0117liai dr\u0117gnoms patalpoms ir baseinams"},"content":{"rendered":"","protected":false},"excerpt":{"rendered":"<p>Neslystantys kilim\u0117liai dr\u0117gnoms patalpoms ir baseinams<\/p>\n","protected":false},"featured_media":34228,"comment_status":"closed","ping_status":"closed","template":"","meta":{"_acf_changed":false,"site-sidebar-layout":"default","site-content-layout":"default","ast-site-content-layout":"default","site-content-style":"default","site-sidebar-style":"default","ast-global-header-display":"","ast-banner-title-visibility":"","ast-main-header-display":"","ast-hfb-above-header-display":"","ast-hfb-below-header-display":"","ast-hfb-mobile-header-display":"","site-post-title":"","ast-breadcrumbs-content":"","ast-featured-img":"","footer-sml-layout":"","theme-transparent-header-meta":"default","adv-header-id-meta":"","stick-header-meta":"","header-above-stick-meta":"","header-main-stick-meta":"","header-below-stick-meta":"","astra-migrate-meta-layouts":"set","ast-page-background-enabled":"default","ast-page-background-meta":{"desktop":{"background-color":"","background-image":"","background-repeat":"repeat","background-position":"center center","background-size":"auto","background-attachment":"scroll","background-type":"","background-media":"","overlay-type":"","overlay-color":"","overlay-opacity":"","overlay-gradient":""},"tablet":{"background-color":"","background-image":"","background-repeat":"repeat","background-position":"center center","background-size":"auto","background-attachment":"scroll","background-type":"","background-media":"","overlay-type":"","overlay-color":"","overlay-opacity":"","overlay-gradient":""},"mobile":{"background-color":"","background-image":"","background-repeat":"repeat","background-position":"center center","background-size":"auto","background-attachment":"scroll","background-type":"","background-media":"","overlay-type":"","overlay-color":"","overlay-opacity":"","overlay-gradient":""}},"ast-content-background-meta":{"desktop":{"background-color":"var(--ast-global-color-5)","background-image":"","background-repeat":"repeat","background-position":"center center","background-size":"auto","background-attachment":"scroll","background-type":"","background-media":"","overlay-type":"","overlay-color":"","overlay-opacity":"","overlay-gradient":""},"tablet":{"background-color":"var(--ast-global-color-5)","background-image":"","background-repeat":"repeat","background-position":"center center","background-size":"auto","background-attachment":"scroll","background-type":"","background-media":"","overlay-type":"","overlay-color":"","overlay-opacity":"","overlay-gradient":""},"mobile":{"background-color":"var(--ast-global-color-5)","background-image":"","background-repeat":"repeat","background-position":"center center","background-size":"auto","background-attachment":"scroll","background-type":"","background-media":"","overlay-type":"","overlay-color":"","overlay-opacity":"","overlay-gradient":""}}},"product_brand":[],"product_cat":[1203,1310],"product_tag":[],"class_list":{"0":"post-17449","1":"product","2":"type-product","3":"status-publish","4":"has-post-thumbnail","6":"product_cat-baseinas","7":"product_cat-begikai-ir-kilimai","8":"product_shipping_class-nemokamas-pristatymas","9":"desktop-align-left","10":"tablet-align-left","11":"mobile-align-left","13":"first","14":"instock","15":"taxable","16":"shipping-taxable","17":"purchasable","18":"product-type-variable"},"acf":[],"yoast_head":"<!-- This site is optimized with the Yoast SEO plugin v27.5 - https:\/\/yoast.com\/product\/yoast-seo-wordpress\/ -->\n<title>Wetfloor - neslid\u016bs kilim\u0117liai dr\u0117gnoms patalpoms ir baseinams | Accessrec<\/title>\n<meta name=\"description\" content=\"&quot;Wetfloor&quot; - tai neslidus kilim\u0117lis, tinkamas dr\u0117gnoms patalpoms ir baseinams. D\u0117l to kelion\u0117s tampa saugesn\u0117s ir higieni\u0161kesn\u0117s.\" \/>\n<meta name=\"robots\" content=\"index, follow, max-snippet:-1, max-image-preview:large, max-video-preview:-1\" \/>\n<link rel=\"canonical\" href=\"https:\/\/accessrec.eu\/lt\/judejimo-ir-prieigos-kilimeliai\/begikai-ir-kilimai\/wetfloor\/\" \/>\n<meta property=\"og:locale\" content=\"lt_LT\" \/>\n<meta property=\"og:type\" content=\"article\" \/>\n<meta property=\"og:title\" content=\"Wetfloor - neslid\u016bs kilim\u0117liai dr\u0117gnoms patalpoms ir baseinams | Accessrec\" \/>\n<meta property=\"og:description\" content=\"&quot;Wetfloor&quot; - tai neslidus kilim\u0117lis, tinkamas dr\u0117gnoms patalpoms ir baseinams. D\u0117l to kelion\u0117s tampa saugesn\u0117s ir higieni\u0161kesn\u0117s.\" \/>\n<meta property=\"og:url\" content=\"https:\/\/accessrec.eu\/lt\/judejimo-ir-prieigos-kilimeliai\/begikai-ir-kilimai\/wetfloor\/\" \/>\n<meta property=\"og:site_name\" content=\"Accessrec\" \/>\n<meta property=\"article:modified_time\" content=\"2025-09-02T12:55:34+00:00\" \/>\n<meta property=\"og:image\" content=\"https:\/\/accessrec.eu\/wp-content\/uploads\/2022\/01\/WetFloor6-min.jpg\" \/>\n\t<meta property=\"og:image:width\" content=\"855\" \/>\n\t<meta property=\"og:image:height\" content=\"624\" \/>\n\t<meta property=\"og:image:type\" content=\"image\/jpeg\" \/>\n<meta name=\"twitter:card\" content=\"summary_large_image\" \/>\n<meta name=\"twitter:label1\" content=\"Est. reading time\" \/>\n\t<meta name=\"twitter:data1\" content=\"1 minut\u0117\" \/>\n<script type=\"application\/ld+json\" class=\"yoast-schema-graph\">{\"@context\":\"https:\\\/\\\/schema.org\",\"@graph\":[{\"@type\":\"WebPage\",\"@id\":\"https:\\\/\\\/accessrec.eu\\\/lt\\\/judejimo-ir-prieigos-kilimeliai\\\/begikai-ir-kilimai\\\/wetfloor\\\/\",\"url\":\"https:\\\/\\\/accessrec.eu\\\/lt\\\/judejimo-ir-prieigos-kilimeliai\\\/begikai-ir-kilimai\\\/wetfloor\\\/\",\"name\":\"Wetfloor - neslid\u016bs kilim\u0117liai dr\u0117gnoms patalpoms ir baseinams | Accessrec\",\"isPartOf\":{\"@id\":\"https:\\\/\\\/accessrec.eu\\\/lt\\\/#website\"},\"primaryImageOfPage\":{\"@id\":\"https:\\\/\\\/accessrec.eu\\\/lt\\\/judejimo-ir-prieigos-kilimeliai\\\/begikai-ir-kilimai\\\/wetfloor\\\/#primaryimage\"},\"image\":{\"@id\":\"https:\\\/\\\/accessrec.eu\\\/lt\\\/judejimo-ir-prieigos-kilimeliai\\\/begikai-ir-kilimai\\\/wetfloor\\\/#primaryimage\"},\"thumbnailUrl\":\"https:\\\/\\\/accessrec.eu\\\/wp-content\\\/uploads\\\/2022\\\/01\\\/WetFloor6-min.jpg\",\"datePublished\":\"2022-01-12T14:34:06+00:00\",\"dateModified\":\"2025-09-02T12:55:34+00:00\",\"description\":\"\\\"Wetfloor\\\" - tai neslidus kilim\u0117lis, tinkamas dr\u0117gnoms patalpoms ir baseinams. D\u0117l to kelion\u0117s tampa saugesn\u0117s ir higieni\u0161kesn\u0117s.\",\"breadcrumb\":{\"@id\":\"https:\\\/\\\/accessrec.eu\\\/lt\\\/judejimo-ir-prieigos-kilimeliai\\\/begikai-ir-kilimai\\\/wetfloor\\\/#breadcrumb\"},\"inLanguage\":\"lt-LT\",\"potentialAction\":[{\"@type\":\"ReadAction\",\"target\":[\"https:\\\/\\\/accessrec.eu\\\/lt\\\/judejimo-ir-prieigos-kilimeliai\\\/begikai-ir-kilimai\\\/wetfloor\\\/\"]}]},{\"@type\":\"ImageObject\",\"inLanguage\":\"lt-LT\",\"@id\":\"https:\\\/\\\/accessrec.eu\\\/lt\\\/judejimo-ir-prieigos-kilimeliai\\\/begikai-ir-kilimai\\\/wetfloor\\\/#primaryimage\",\"url\":\"https:\\\/\\\/accessrec.eu\\\/wp-content\\\/uploads\\\/2022\\\/01\\\/WetFloor6-min.jpg\",\"contentUrl\":\"https:\\\/\\\/accessrec.eu\\\/wp-content\\\/uploads\\\/2022\\\/01\\\/WetFloor6-min.jpg\",\"width\":855,\"height\":624},{\"@type\":\"BreadcrumbList\",\"@id\":\"https:\\\/\\\/accessrec.eu\\\/lt\\\/judejimo-ir-prieigos-kilimeliai\\\/begikai-ir-kilimai\\\/wetfloor\\\/#breadcrumb\",\"itemListElement\":[{\"@type\":\"ListItem\",\"position\":1,\"name\":\"Accueil\",\"item\":\"https:\\\/\\\/accessrec.eu\\\/lt\\\/?page_id=36568\"},{\"@type\":\"ListItem\",\"position\":2,\"name\":\"Produktai\",\"item\":\"https:\\\/\\\/accessrec.eu\\\/lt\\\/shop\\\/\"},{\"@type\":\"ListItem\",\"position\":3,\"name\":\"Jud\u0117jimo ir prieigos kilim\u0117liai\",\"item\":\"https:\\\/\\\/accessrec.eu\\\/lt\\\/judejimo-ir-prieigos-kilimeliai\\\/\"},{\"@type\":\"ListItem\",\"position\":4,\"name\":\"B\u0117gikai ir kilimai\",\"item\":\"https:\\\/\\\/accessrec.eu\\\/lt\\\/judejimo-ir-prieigos-kilimeliai\\\/begikai-ir-kilimai\\\/\"},{\"@type\":\"ListItem\",\"position\":5,\"name\":\"Wetfloor &#8211; neslid\u016bs kilim\u0117liai dr\u0117gnoms patalpoms ir baseinams\"}]},{\"@type\":\"WebSite\",\"@id\":\"https:\\\/\\\/accessrec.eu\\\/lt\\\/#website\",\"url\":\"https:\\\/\\\/accessrec.eu\\\/lt\\\/\",\"name\":\"Accessrec\",\"description\":\"\",\"publisher\":{\"@id\":\"https:\\\/\\\/accessrec.eu\\\/lt\\\/#organization\"},\"potentialAction\":[{\"@type\":\"SearchAction\",\"target\":{\"@type\":\"EntryPoint\",\"urlTemplate\":\"https:\\\/\\\/accessrec.eu\\\/lt\\\/?s={search_term_string}\"},\"query-input\":{\"@type\":\"PropertyValueSpecification\",\"valueRequired\":true,\"valueName\":\"search_term_string\"}}],\"inLanguage\":\"lt-LT\"},{\"@type\":\"Organization\",\"@id\":\"https:\\\/\\\/accessrec.eu\\\/lt\\\/#organization\",\"name\":\"Accessrec\",\"url\":\"https:\\\/\\\/accessrec.eu\\\/lt\\\/\",\"logo\":{\"@type\":\"ImageObject\",\"inLanguage\":\"lt-LT\",\"@id\":\"https:\\\/\\\/accessrec.eu\\\/lt\\\/#\\\/schema\\\/logo\\\/image\\\/\",\"url\":\"https:\\\/\\\/accessrec.eu\\\/wp-content\\\/uploads\\\/2025\\\/11\\\/accessrec-by-deschamps.webp\",\"contentUrl\":\"https:\\\/\\\/accessrec.eu\\\/wp-content\\\/uploads\\\/2025\\\/11\\\/accessrec-by-deschamps.webp\",\"width\":600,\"height\":150,\"caption\":\"Accessrec\"},\"image\":{\"@id\":\"https:\\\/\\\/accessrec.eu\\\/lt\\\/#\\\/schema\\\/logo\\\/image\\\/\"}}]}<\/script>\n<!-- \/ Yoast SEO plugin. -->","yoast_head_json":{"title":"Wetfloor - neslid\u016bs kilim\u0117liai dr\u0117gnoms patalpoms ir baseinams | Accessrec","description":"\"Wetfloor\" - tai neslidus kilim\u0117lis, tinkamas dr\u0117gnoms patalpoms ir baseinams. D\u0117l to kelion\u0117s tampa saugesn\u0117s ir higieni\u0161kesn\u0117s.","robots":{"index":"index","follow":"follow","max-snippet":"max-snippet:-1","max-image-preview":"max-image-preview:large","max-video-preview":"max-video-preview:-1"},"canonical":"https:\/\/accessrec.eu\/lt\/judejimo-ir-prieigos-kilimeliai\/begikai-ir-kilimai\/wetfloor\/","og_locale":"lt_LT","og_type":"article","og_title":"Wetfloor - neslid\u016bs kilim\u0117liai dr\u0117gnoms patalpoms ir baseinams | Accessrec","og_description":"\"Wetfloor\" - tai neslidus kilim\u0117lis, tinkamas dr\u0117gnoms patalpoms ir baseinams. D\u0117l to kelion\u0117s tampa saugesn\u0117s ir higieni\u0161kesn\u0117s.","og_url":"https:\/\/accessrec.eu\/lt\/judejimo-ir-prieigos-kilimeliai\/begikai-ir-kilimai\/wetfloor\/","og_site_name":"Accessrec","article_modified_time":"2025-09-02T12:55:34+00:00","og_image":[{"width":855,"height":624,"url":"https:\/\/accessrec.eu\/wp-content\/uploads\/2022\/01\/WetFloor6-min.jpg","type":"image\/jpeg"}],"twitter_card":"summary_large_image","twitter_misc":{"Est. reading time":"1 minut\u0117"},"schema":{"@context":"https:\/\/schema.org","@graph":[{"@type":"WebPage","@id":"https:\/\/accessrec.eu\/lt\/judejimo-ir-prieigos-kilimeliai\/begikai-ir-kilimai\/wetfloor\/","url":"https:\/\/accessrec.eu\/lt\/judejimo-ir-prieigos-kilimeliai\/begikai-ir-kilimai\/wetfloor\/","name":"Wetfloor - neslid\u016bs kilim\u0117liai dr\u0117gnoms patalpoms ir baseinams | Accessrec","isPartOf":{"@id":"https:\/\/accessrec.eu\/lt\/#website"},"primaryImageOfPage":{"@id":"https:\/\/accessrec.eu\/lt\/judejimo-ir-prieigos-kilimeliai\/begikai-ir-kilimai\/wetfloor\/#primaryimage"},"image":{"@id":"https:\/\/accessrec.eu\/lt\/judejimo-ir-prieigos-kilimeliai\/begikai-ir-kilimai\/wetfloor\/#primaryimage"},"thumbnailUrl":"https:\/\/accessrec.eu\/wp-content\/uploads\/2022\/01\/WetFloor6-min.jpg","datePublished":"2022-01-12T14:34:06+00:00","dateModified":"2025-09-02T12:55:34+00:00","description":"\"Wetfloor\" - tai neslidus kilim\u0117lis, tinkamas dr\u0117gnoms patalpoms ir baseinams. D\u0117l to kelion\u0117s tampa saugesn\u0117s ir higieni\u0161kesn\u0117s.","breadcrumb":{"@id":"https:\/\/accessrec.eu\/lt\/judejimo-ir-prieigos-kilimeliai\/begikai-ir-kilimai\/wetfloor\/#breadcrumb"},"inLanguage":"lt-LT","potentialAction":[{"@type":"ReadAction","target":["https:\/\/accessrec.eu\/lt\/judejimo-ir-prieigos-kilimeliai\/begikai-ir-kilimai\/wetfloor\/"]}]},{"@type":"ImageObject","inLanguage":"lt-LT","@id":"https:\/\/accessrec.eu\/lt\/judejimo-ir-prieigos-kilimeliai\/begikai-ir-kilimai\/wetfloor\/#primaryimage","url":"https:\/\/accessrec.eu\/wp-content\/uploads\/2022\/01\/WetFloor6-min.jpg","contentUrl":"https:\/\/accessrec.eu\/wp-content\/uploads\/2022\/01\/WetFloor6-min.jpg","width":855,"height":624},{"@type":"BreadcrumbList","@id":"https:\/\/accessrec.eu\/lt\/judejimo-ir-prieigos-kilimeliai\/begikai-ir-kilimai\/wetfloor\/#breadcrumb","itemListElement":[{"@type":"ListItem","position":1,"name":"Accueil","item":"https:\/\/accessrec.eu\/lt\/?page_id=36568"},{"@type":"ListItem","position":2,"name":"Produktai","item":"https:\/\/accessrec.eu\/lt\/shop\/"},{"@type":"ListItem","position":3,"name":"Jud\u0117jimo ir prieigos kilim\u0117liai","item":"https:\/\/accessrec.eu\/lt\/judejimo-ir-prieigos-kilimeliai\/"},{"@type":"ListItem","position":4,"name":"B\u0117gikai ir kilimai","item":"https:\/\/accessrec.eu\/lt\/judejimo-ir-prieigos-kilimeliai\/begikai-ir-kilimai\/"},{"@type":"ListItem","position":5,"name":"Wetfloor &#8211; neslid\u016bs kilim\u0117liai dr\u0117gnoms patalpoms ir baseinams"}]},{"@type":"WebSite","@id":"https:\/\/accessrec.eu\/lt\/#website","url":"https:\/\/accessrec.eu\/lt\/","name":"Accessrec","description":"","publisher":{"@id":"https:\/\/accessrec.eu\/lt\/#organization"},"potentialAction":[{"@type":"SearchAction","target":{"@type":"EntryPoint","urlTemplate":"https:\/\/accessrec.eu\/lt\/?s={search_term_string}"},"query-input":{"@type":"PropertyValueSpecification","valueRequired":true,"valueName":"search_term_string"}}],"inLanguage":"lt-LT"},{"@type":"Organization","@id":"https:\/\/accessrec.eu\/lt\/#organization","name":"Accessrec","url":"https:\/\/accessrec.eu\/lt\/","logo":{"@type":"ImageObject","inLanguage":"lt-LT","@id":"https:\/\/accessrec.eu\/lt\/#\/schema\/logo\/image\/","url":"https:\/\/accessrec.eu\/wp-content\/uploads\/2025\/11\/accessrec-by-deschamps.webp","contentUrl":"https:\/\/accessrec.eu\/wp-content\/uploads\/2025\/11\/accessrec-by-deschamps.webp","width":600,"height":150,"caption":"Accessrec"},"image":{"@id":"https:\/\/accessrec.eu\/lt\/#\/schema\/logo\/image\/"}}]}},"_links":{"self":[{"href":"https:\/\/accessrec.eu\/lt\/wp-json\/wp\/v2\/product\/17449","targetHints":{"allow":["GET"]}}],"collection":[{"href":"https:\/\/accessrec.eu\/lt\/wp-json\/wp\/v2\/product"}],"about":[{"href":"https:\/\/accessrec.eu\/lt\/wp-json\/wp\/v2\/types\/product"}],"replies":[{"embeddable":true,"href":"https:\/\/accessrec.eu\/lt\/wp-json\/wp\/v2\/comments?post=17449"}],"wp:featuredmedia":[{"embeddable":true,"href":"https:\/\/accessrec.eu\/lt\/wp-json\/wp\/v2\/media\/34228"}],"wp:attachment":[{"href":"https:\/\/accessrec.eu\/lt\/wp-json\/wp\/v2\/media?parent=17449"}],"wp:term":[{"taxonomy":"product_brand","embeddable":true,"href":"https:\/\/accessrec.eu\/lt\/wp-json\/wp\/v2\/product_brand?post=17449"},{"taxonomy":"product_cat","embeddable":true,"href":"https:\/\/accessrec.eu\/lt\/wp-json\/wp\/v2\/product_cat?post=17449"},{"taxonomy":"product_tag","embeddable":true,"href":"https:\/\/accessrec.eu\/lt\/wp-json\/wp\/v2\/product_tag?post=17449"}],"curies":[{"name":"wp","href":"https:\/\/api.w.org\/{rel}","templated":true}]}}