{"id":18116,"date":"2023-09-28T15:22:38","date_gmt":"2023-09-28T13:22:38","guid":{"rendered":"https:\/\/accessrec.eu\/?post_type=product&#038;p=18116"},"modified":"2024-05-17T19:02:31","modified_gmt":"2024-05-17T17:02:31","slug":"seatrac-galimybe-savarankiskai-maudytis-copie","status":"publish","type":"product","link":"https:\/\/accessrec.eu\/lt\/judejimo-ir-prieigos-kilimeliai\/iranga\/seatrac-galimybe-savarankiskai-maudytis-copie\/","title":{"rendered":"&#8222;Seatrac Mover&#8221; &#8211; Mobilusis \u012frenginys savaranki\u0161kam plaukimui"},"content":{"rendered":"","protected":false},"excerpt":{"rendered":"<p>Mobilioji rampa savaranki\u0161kam plaukimui<\/p>\n","protected":false},"featured_media":18135,"comment_status":"open","ping_status":"closed","template":"","meta":{"_acf_changed":false,"site-sidebar-layout":"default","site-content-layout":"default","ast-site-content-layout":"default","site-content-style":"default","site-sidebar-style":"default","ast-global-header-display":"","ast-banner-title-visibility":"","ast-main-header-display":"","ast-hfb-above-header-display":"","ast-hfb-below-header-display":"","ast-hfb-mobile-header-display":"","site-post-title":"","ast-breadcrumbs-content":"","ast-featured-img":"","footer-sml-layout":"","theme-transparent-header-meta":"default","adv-header-id-meta":"","stick-header-meta":"","header-above-stick-meta":"","header-main-stick-meta":"","header-below-stick-meta":"","astra-migrate-meta-layouts":"default","ast-page-background-enabled":"default","ast-page-background-meta":{"desktop":{"background-color":"","background-image":"","background-repeat":"repeat","background-position":"center center","background-size":"auto","background-attachment":"scroll","background-type":"","background-media":"","overlay-type":"","overlay-color":"","overlay-opacity":"","overlay-gradient":""},"tablet":{"background-color":"","background-image":"","background-repeat":"repeat","background-position":"center center","background-size":"auto","background-attachment":"scroll","background-type":"","background-media":"","overlay-type":"","overlay-color":"","overlay-opacity":"","overlay-gradient":""},"mobile":{"background-color":"","background-image":"","background-repeat":"repeat","background-position":"center center","background-size":"auto","background-attachment":"scroll","background-type":"","background-media":"","overlay-type":"","overlay-color":"","overlay-opacity":"","overlay-gradient":""}},"ast-content-background-meta":{"desktop":{"background-color":"var(--ast-global-color-5)","background-image":"","background-repeat":"repeat","background-position":"center center","background-size":"auto","background-attachment":"scroll","background-type":"","background-media":"","overlay-type":"","overlay-color":"","overlay-opacity":"","overlay-gradient":""},"tablet":{"background-color":"var(--ast-global-color-5)","background-image":"","background-repeat":"repeat","background-position":"center center","background-size":"auto","background-attachment":"scroll","background-type":"","background-media":"","overlay-type":"","overlay-color":"","overlay-opacity":"","overlay-gradient":""},"mobile":{"background-color":"var(--ast-global-color-5)","background-image":"","background-repeat":"repeat","background-position":"center center","background-size":"auto","background-attachment":"scroll","background-type":"","background-media":"","overlay-type":"","overlay-color":"","overlay-opacity":"","overlay-gradient":""}}},"product_brand":[],"product_cat":[1311,1307],"product_tag":[],"class_list":{"0":"post-18116","1":"product","2":"type-product","3":"status-publish","4":"has-post-thumbnail","6":"product_cat-iranga","7":"product_cat-papludimys","8":"product_shipping_class-nemokamas-pristatymas","9":"desktop-align-left","10":"tablet-align-left","11":"mobile-align-left","13":"first","14":"instock","15":"taxable","16":"shipping-taxable","17":"product-type-simple"},"acf":[],"yoast_head":"<!-- This site is optimized with the Yoast SEO plugin v27.5 - https:\/\/yoast.com\/product\/yoast-seo-wordpress\/ -->\n<title>&quot;Seatrac Mover&quot; - Mobilusis \u012frenginys savaranki\u0161kam plaukimui | Accessrec<\/title>\n<meta name=\"description\" content=\"&quot;Seatrac&quot; yra naujovi\u0161kas sprendimas \u017emon\u0117ms su jud\u0117jimo negalia (L\u017dNS), idealiai tinkantis persikelti ir savaranki\u0161kai jud\u0117ti nuo papl\u016bdimio iki vandens.\" \/>\n<meta name=\"robots\" content=\"index, follow, max-snippet:-1, max-image-preview:large, max-video-preview:-1\" \/>\n<link rel=\"canonical\" href=\"https:\/\/accessrec.eu\/lt\/judejimo-ir-prieigos-kilimeliai\/iranga\/seatrac-galimybe-savarankiskai-maudytis-copie\/\" \/>\n<meta property=\"og:locale\" content=\"lt_LT\" \/>\n<meta property=\"og:type\" content=\"article\" \/>\n<meta property=\"og:title\" content=\"&quot;Seatrac Mover&quot; - Mobilusis \u012frenginys savaranki\u0161kam plaukimui | Accessrec\" \/>\n<meta property=\"og:description\" content=\"&quot;Seatrac&quot; yra naujovi\u0161kas sprendimas \u017emon\u0117ms su jud\u0117jimo negalia (L\u017dNS), idealiai tinkantis persikelti ir savaranki\u0161kai jud\u0117ti nuo papl\u016bdimio iki vandens.\" \/>\n<meta property=\"og:url\" content=\"https:\/\/accessrec.eu\/lt\/judejimo-ir-prieigos-kilimeliai\/iranga\/seatrac-galimybe-savarankiskai-maudytis-copie\/\" \/>\n<meta property=\"og:site_name\" content=\"Accessrec\" \/>\n<meta property=\"article:modified_time\" content=\"2024-05-17T17:02:31+00:00\" \/>\n<meta property=\"og:image\" content=\"https:\/\/accessrec.eu\/wp-content\/uploads\/2023\/09\/Design-sans-titre-7.jpg\" \/>\n\t<meta property=\"og:image:width\" content=\"855\" \/>\n\t<meta property=\"og:image:height\" content=\"624\" \/>\n\t<meta property=\"og:image:type\" content=\"image\/jpeg\" \/>\n<meta name=\"twitter:card\" content=\"summary_large_image\" \/>\n<script type=\"application\/ld+json\" class=\"yoast-schema-graph\">{\"@context\":\"https:\\\/\\\/schema.org\",\"@graph\":[{\"@type\":\"WebPage\",\"@id\":\"https:\\\/\\\/accessrec.eu\\\/lt\\\/judejimo-ir-prieigos-kilimeliai\\\/iranga\\\/seatrac-galimybe-savarankiskai-maudytis-copie\\\/\",\"url\":\"https:\\\/\\\/accessrec.eu\\\/lt\\\/judejimo-ir-prieigos-kilimeliai\\\/iranga\\\/seatrac-galimybe-savarankiskai-maudytis-copie\\\/\",\"name\":\"\\\"Seatrac Mover\\\" - Mobilusis \u012frenginys savaranki\u0161kam plaukimui | Accessrec\",\"isPartOf\":{\"@id\":\"https:\\\/\\\/accessrec.eu\\\/lt\\\/#website\"},\"primaryImageOfPage\":{\"@id\":\"https:\\\/\\\/accessrec.eu\\\/lt\\\/judejimo-ir-prieigos-kilimeliai\\\/iranga\\\/seatrac-galimybe-savarankiskai-maudytis-copie\\\/#primaryimage\"},\"image\":{\"@id\":\"https:\\\/\\\/accessrec.eu\\\/lt\\\/judejimo-ir-prieigos-kilimeliai\\\/iranga\\\/seatrac-galimybe-savarankiskai-maudytis-copie\\\/#primaryimage\"},\"thumbnailUrl\":\"https:\\\/\\\/accessrec.eu\\\/wp-content\\\/uploads\\\/2023\\\/09\\\/Design-sans-titre-7.jpg\",\"datePublished\":\"2023-09-28T13:22:38+00:00\",\"dateModified\":\"2024-05-17T17:02:31+00:00\",\"description\":\"\\\"Seatrac\\\" yra naujovi\u0161kas sprendimas \u017emon\u0117ms su jud\u0117jimo negalia (L\u017dNS), idealiai tinkantis persikelti ir savaranki\u0161kai jud\u0117ti nuo papl\u016bdimio iki vandens.\",\"breadcrumb\":{\"@id\":\"https:\\\/\\\/accessrec.eu\\\/lt\\\/judejimo-ir-prieigos-kilimeliai\\\/iranga\\\/seatrac-galimybe-savarankiskai-maudytis-copie\\\/#breadcrumb\"},\"inLanguage\":\"lt-LT\",\"potentialAction\":[{\"@type\":\"ReadAction\",\"target\":[\"https:\\\/\\\/accessrec.eu\\\/lt\\\/judejimo-ir-prieigos-kilimeliai\\\/iranga\\\/seatrac-galimybe-savarankiskai-maudytis-copie\\\/\"]}]},{\"@type\":\"ImageObject\",\"inLanguage\":\"lt-LT\",\"@id\":\"https:\\\/\\\/accessrec.eu\\\/lt\\\/judejimo-ir-prieigos-kilimeliai\\\/iranga\\\/seatrac-galimybe-savarankiskai-maudytis-copie\\\/#primaryimage\",\"url\":\"https:\\\/\\\/accessrec.eu\\\/wp-content\\\/uploads\\\/2023\\\/09\\\/Design-sans-titre-7.jpg\",\"contentUrl\":\"https:\\\/\\\/accessrec.eu\\\/wp-content\\\/uploads\\\/2023\\\/09\\\/Design-sans-titre-7.jpg\",\"width\":855,\"height\":624,\"caption\":\"\\\"Seatrac Mover\"},{\"@type\":\"BreadcrumbList\",\"@id\":\"https:\\\/\\\/accessrec.eu\\\/lt\\\/judejimo-ir-prieigos-kilimeliai\\\/iranga\\\/seatrac-galimybe-savarankiskai-maudytis-copie\\\/#breadcrumb\",\"itemListElement\":[{\"@type\":\"ListItem\",\"position\":1,\"name\":\"Accueil\",\"item\":\"https:\\\/\\\/accessrec.eu\\\/lt\\\/?page_id=36568\"},{\"@type\":\"ListItem\",\"position\":2,\"name\":\"Produktai\",\"item\":\"https:\\\/\\\/accessrec.eu\\\/lt\\\/shop\\\/\"},{\"@type\":\"ListItem\",\"position\":3,\"name\":\"Special\u016bs ne\u012fgali\u0173j\u0173 ve\u017eim\u0117liai ir prieinamumo \u012franga\",\"item\":\"https:\\\/\\\/accessrec.eu\\\/lt\\\/specialus-neigaliuju-vezimeliai-ir-prieinamumo-iranga\\\/\"},{\"@type\":\"ListItem\",\"position\":4,\"name\":\"&#8220;Seatrac Mover&#8221; &#8211; Mobilusis \u012frenginys savaranki\u0161kam plaukimui\"}]},{\"@type\":\"WebSite\",\"@id\":\"https:\\\/\\\/accessrec.eu\\\/lt\\\/#website\",\"url\":\"https:\\\/\\\/accessrec.eu\\\/lt\\\/\",\"name\":\"Accessrec\",\"description\":\"\",\"publisher\":{\"@id\":\"https:\\\/\\\/accessrec.eu\\\/lt\\\/#organization\"},\"potentialAction\":[{\"@type\":\"SearchAction\",\"target\":{\"@type\":\"EntryPoint\",\"urlTemplate\":\"https:\\\/\\\/accessrec.eu\\\/lt\\\/?s={search_term_string}\"},\"query-input\":{\"@type\":\"PropertyValueSpecification\",\"valueRequired\":true,\"valueName\":\"search_term_string\"}}],\"inLanguage\":\"lt-LT\"},{\"@type\":\"Organization\",\"@id\":\"https:\\\/\\\/accessrec.eu\\\/lt\\\/#organization\",\"name\":\"Accessrec\",\"url\":\"https:\\\/\\\/accessrec.eu\\\/lt\\\/\",\"logo\":{\"@type\":\"ImageObject\",\"inLanguage\":\"lt-LT\",\"@id\":\"https:\\\/\\\/accessrec.eu\\\/lt\\\/#\\\/schema\\\/logo\\\/image\\\/\",\"url\":\"https:\\\/\\\/accessrec.eu\\\/wp-content\\\/uploads\\\/2025\\\/11\\\/accessrec-by-deschamps.webp\",\"contentUrl\":\"https:\\\/\\\/accessrec.eu\\\/wp-content\\\/uploads\\\/2025\\\/11\\\/accessrec-by-deschamps.webp\",\"width\":600,\"height\":150,\"caption\":\"Accessrec\"},\"image\":{\"@id\":\"https:\\\/\\\/accessrec.eu\\\/lt\\\/#\\\/schema\\\/logo\\\/image\\\/\"}}]}<\/script>\n<!-- \/ Yoast SEO plugin. -->","yoast_head_json":{"title":"\"Seatrac Mover\" - Mobilusis \u012frenginys savaranki\u0161kam plaukimui | Accessrec","description":"\"Seatrac\" yra naujovi\u0161kas sprendimas \u017emon\u0117ms su jud\u0117jimo negalia (L\u017dNS), idealiai tinkantis persikelti ir savaranki\u0161kai jud\u0117ti nuo papl\u016bdimio iki vandens.","robots":{"index":"index","follow":"follow","max-snippet":"max-snippet:-1","max-image-preview":"max-image-preview:large","max-video-preview":"max-video-preview:-1"},"canonical":"https:\/\/accessrec.eu\/lt\/judejimo-ir-prieigos-kilimeliai\/iranga\/seatrac-galimybe-savarankiskai-maudytis-copie\/","og_locale":"lt_LT","og_type":"article","og_title":"\"Seatrac Mover\" - Mobilusis \u012frenginys savaranki\u0161kam plaukimui | Accessrec","og_description":"\"Seatrac\" yra naujovi\u0161kas sprendimas \u017emon\u0117ms su jud\u0117jimo negalia (L\u017dNS), idealiai tinkantis persikelti ir savaranki\u0161kai jud\u0117ti nuo papl\u016bdimio iki vandens.","og_url":"https:\/\/accessrec.eu\/lt\/judejimo-ir-prieigos-kilimeliai\/iranga\/seatrac-galimybe-savarankiskai-maudytis-copie\/","og_site_name":"Accessrec","article_modified_time":"2024-05-17T17:02:31+00:00","og_image":[{"width":855,"height":624,"url":"https:\/\/accessrec.eu\/wp-content\/uploads\/2023\/09\/Design-sans-titre-7.jpg","type":"image\/jpeg"}],"twitter_card":"summary_large_image","schema":{"@context":"https:\/\/schema.org","@graph":[{"@type":"WebPage","@id":"https:\/\/accessrec.eu\/lt\/judejimo-ir-prieigos-kilimeliai\/iranga\/seatrac-galimybe-savarankiskai-maudytis-copie\/","url":"https:\/\/accessrec.eu\/lt\/judejimo-ir-prieigos-kilimeliai\/iranga\/seatrac-galimybe-savarankiskai-maudytis-copie\/","name":"\"Seatrac Mover\" - Mobilusis \u012frenginys savaranki\u0161kam plaukimui | Accessrec","isPartOf":{"@id":"https:\/\/accessrec.eu\/lt\/#website"},"primaryImageOfPage":{"@id":"https:\/\/accessrec.eu\/lt\/judejimo-ir-prieigos-kilimeliai\/iranga\/seatrac-galimybe-savarankiskai-maudytis-copie\/#primaryimage"},"image":{"@id":"https:\/\/accessrec.eu\/lt\/judejimo-ir-prieigos-kilimeliai\/iranga\/seatrac-galimybe-savarankiskai-maudytis-copie\/#primaryimage"},"thumbnailUrl":"https:\/\/accessrec.eu\/wp-content\/uploads\/2023\/09\/Design-sans-titre-7.jpg","datePublished":"2023-09-28T13:22:38+00:00","dateModified":"2024-05-17T17:02:31+00:00","description":"\"Seatrac\" yra naujovi\u0161kas sprendimas \u017emon\u0117ms su jud\u0117jimo negalia (L\u017dNS), idealiai tinkantis persikelti ir savaranki\u0161kai jud\u0117ti nuo papl\u016bdimio iki vandens.","breadcrumb":{"@id":"https:\/\/accessrec.eu\/lt\/judejimo-ir-prieigos-kilimeliai\/iranga\/seatrac-galimybe-savarankiskai-maudytis-copie\/#breadcrumb"},"inLanguage":"lt-LT","potentialAction":[{"@type":"ReadAction","target":["https:\/\/accessrec.eu\/lt\/judejimo-ir-prieigos-kilimeliai\/iranga\/seatrac-galimybe-savarankiskai-maudytis-copie\/"]}]},{"@type":"ImageObject","inLanguage":"lt-LT","@id":"https:\/\/accessrec.eu\/lt\/judejimo-ir-prieigos-kilimeliai\/iranga\/seatrac-galimybe-savarankiskai-maudytis-copie\/#primaryimage","url":"https:\/\/accessrec.eu\/wp-content\/uploads\/2023\/09\/Design-sans-titre-7.jpg","contentUrl":"https:\/\/accessrec.eu\/wp-content\/uploads\/2023\/09\/Design-sans-titre-7.jpg","width":855,"height":624,"caption":"\"Seatrac Mover"},{"@type":"BreadcrumbList","@id":"https:\/\/accessrec.eu\/lt\/judejimo-ir-prieigos-kilimeliai\/iranga\/seatrac-galimybe-savarankiskai-maudytis-copie\/#breadcrumb","itemListElement":[{"@type":"ListItem","position":1,"name":"Accueil","item":"https:\/\/accessrec.eu\/lt\/?page_id=36568"},{"@type":"ListItem","position":2,"name":"Produktai","item":"https:\/\/accessrec.eu\/lt\/shop\/"},{"@type":"ListItem","position":3,"name":"Special\u016bs ne\u012fgali\u0173j\u0173 ve\u017eim\u0117liai ir prieinamumo \u012franga","item":"https:\/\/accessrec.eu\/lt\/specialus-neigaliuju-vezimeliai-ir-prieinamumo-iranga\/"},{"@type":"ListItem","position":4,"name":"&#8220;Seatrac Mover&#8221; &#8211; Mobilusis \u012frenginys savaranki\u0161kam plaukimui"}]},{"@type":"WebSite","@id":"https:\/\/accessrec.eu\/lt\/#website","url":"https:\/\/accessrec.eu\/lt\/","name":"Accessrec","description":"","publisher":{"@id":"https:\/\/accessrec.eu\/lt\/#organization"},"potentialAction":[{"@type":"SearchAction","target":{"@type":"EntryPoint","urlTemplate":"https:\/\/accessrec.eu\/lt\/?s={search_term_string}"},"query-input":{"@type":"PropertyValueSpecification","valueRequired":true,"valueName":"search_term_string"}}],"inLanguage":"lt-LT"},{"@type":"Organization","@id":"https:\/\/accessrec.eu\/lt\/#organization","name":"Accessrec","url":"https:\/\/accessrec.eu\/lt\/","logo":{"@type":"ImageObject","inLanguage":"lt-LT","@id":"https:\/\/accessrec.eu\/lt\/#\/schema\/logo\/image\/","url":"https:\/\/accessrec.eu\/wp-content\/uploads\/2025\/11\/accessrec-by-deschamps.webp","contentUrl":"https:\/\/accessrec.eu\/wp-content\/uploads\/2025\/11\/accessrec-by-deschamps.webp","width":600,"height":150,"caption":"Accessrec"},"image":{"@id":"https:\/\/accessrec.eu\/lt\/#\/schema\/logo\/image\/"}}]}},"_links":{"self":[{"href":"https:\/\/accessrec.eu\/lt\/wp-json\/wp\/v2\/product\/18116","targetHints":{"allow":["GET"]}}],"collection":[{"href":"https:\/\/accessrec.eu\/lt\/wp-json\/wp\/v2\/product"}],"about":[{"href":"https:\/\/accessrec.eu\/lt\/wp-json\/wp\/v2\/types\/product"}],"replies":[{"embeddable":true,"href":"https:\/\/accessrec.eu\/lt\/wp-json\/wp\/v2\/comments?post=18116"}],"wp:featuredmedia":[{"embeddable":true,"href":"https:\/\/accessrec.eu\/lt\/wp-json\/wp\/v2\/media\/18135"}],"wp:attachment":[{"href":"https:\/\/accessrec.eu\/lt\/wp-json\/wp\/v2\/media?parent=18116"}],"wp:term":[{"taxonomy":"product_brand","embeddable":true,"href":"https:\/\/accessrec.eu\/lt\/wp-json\/wp\/v2\/product_brand?post=18116"},{"taxonomy":"product_cat","embeddable":true,"href":"https:\/\/accessrec.eu\/lt\/wp-json\/wp\/v2\/product_cat?post=18116"},{"taxonomy":"product_tag","embeddable":true,"href":"https:\/\/accessrec.eu\/lt\/wp-json\/wp\/v2\/product_tag?post=18116"}],"curies":[{"name":"wp","href":"https:\/\/api.w.org\/{rel}","templated":true}]}}