{"id":17025,"date":"2022-03-11T10:44:14","date_gmt":"2022-03-11T09:44:14","guid":{"rendered":"https:\/\/accessrec.eu\/product\/uncategorized\/wheeleez-accesswalk-pludmales-un-visurgajeju-staigulitis\/"},"modified":"2025-09-01T16:35:33","modified_gmt":"2025-09-01T14:35:33","slug":"accesswalk","status":"publish","type":"product","link":"https:\/\/accessrec.eu\/lv\/kustibas-un-piekluves-paklajini\/aprikojums\/mobi-walk\/","title":{"rendered":"Mobi-walk &#8211; Pludmales un visurg\u0101j\u0113ju staigul\u012btis"},"content":{"rendered":"","protected":false},"excerpt":{"rendered":"<p>Pludmales un visurg\u0101j\u0113ju staigul\u012btis<\/p>\n","protected":false},"featured_media":34353,"comment_status":"open","ping_status":"closed","template":"","meta":{"_acf_changed":false,"site-sidebar-layout":"default","site-content-layout":"default","ast-site-content-layout":"default","site-content-style":"default","site-sidebar-style":"default","ast-global-header-display":"","ast-banner-title-visibility":"","ast-main-header-display":"","ast-hfb-above-header-display":"","ast-hfb-below-header-display":"","ast-hfb-mobile-header-display":"","site-post-title":"","ast-breadcrumbs-content":"","ast-featured-img":"","footer-sml-layout":"","theme-transparent-header-meta":"default","adv-header-id-meta":"","stick-header-meta":"","header-above-stick-meta":"","header-main-stick-meta":"","header-below-stick-meta":"","astra-migrate-meta-layouts":"set","ast-page-background-enabled":"default","ast-page-background-meta":{"desktop":{"background-color":"","background-image":"","background-repeat":"repeat","background-position":"center center","background-size":"auto","background-attachment":"scroll","background-type":"","background-media":"","overlay-type":"","overlay-color":"","overlay-opacity":"","overlay-gradient":""},"tablet":{"background-color":"","background-image":"","background-repeat":"repeat","background-position":"center center","background-size":"auto","background-attachment":"scroll","background-type":"","background-media":"","overlay-type":"","overlay-color":"","overlay-opacity":"","overlay-gradient":""},"mobile":{"background-color":"","background-image":"","background-repeat":"repeat","background-position":"center center","background-size":"auto","background-attachment":"scroll","background-type":"","background-media":"","overlay-type":"","overlay-color":"","overlay-opacity":"","overlay-gradient":""}},"ast-content-background-meta":{"desktop":{"background-color":"var(--ast-global-color-5)","background-image":"","background-repeat":"repeat","background-position":"center center","background-size":"auto","background-attachment":"scroll","background-type":"","background-media":"","overlay-type":"","overlay-color":"","overlay-opacity":"","overlay-gradient":""},"tablet":{"background-color":"var(--ast-global-color-5)","background-image":"","background-repeat":"repeat","background-position":"center center","background-size":"auto","background-attachment":"scroll","background-type":"","background-media":"","overlay-type":"","overlay-color":"","overlay-opacity":"","overlay-gradient":""},"mobile":{"background-color":"var(--ast-global-color-5)","background-image":"","background-repeat":"repeat","background-position":"center center","background-size":"auto","background-attachment":"scroll","background-type":"","background-media":"","overlay-type":"","overlay-color":"","overlay-opacity":"","overlay-gradient":""}}},"product_brand":[],"product_cat":[1302,1304,1298],"product_tag":[],"class_list":{"0":"post-17025","1":"product","2":"type-product","3":"status-publish","4":"has-post-thumbnail","6":"product_cat-aprikojums","7":"product_cat-atputa-un-komforts-cilveki-ar-ierobezotam-parvietosanas-spejam","8":"product_cat-pludmale","9":"desktop-align-left","10":"tablet-align-left","11":"mobile-align-left","13":"first","14":"instock","15":"taxable","16":"shipping-taxable","17":"purchasable","18":"product-type-simple"},"acf":[],"yoast_head":"<!-- This site is optimized with the Yoast SEO plugin v27.5 - https:\/\/yoast.com\/product\/yoast-seo-wordpress\/ -->\n<title>Mobi-walk - Pludmales un visurg\u0101j\u0113ju staigul\u012btis | Accessrec<\/title>\n<meta name=\"description\" content=\"Mobi-walk ir visurg\u0101j\u0113js, kas paredz\u0113ts gados vec\u0101kiem cilv\u0113kiem vai cilv\u0113kiem ar kust\u012bbu trauc\u0113jumiem (PRM). Pieejama ar\u012b pludmales versija.\" \/>\n<meta name=\"robots\" content=\"index, follow, max-snippet:-1, max-image-preview:large, max-video-preview:-1\" \/>\n<link rel=\"canonical\" href=\"https:\/\/accessrec.eu\/lv\/kustibas-un-piekluves-paklajini\/aprikojums\/mobi-walk\/\" \/>\n<meta property=\"og:locale\" content=\"lv_LV\" \/>\n<meta property=\"og:type\" content=\"article\" \/>\n<meta property=\"og:title\" content=\"Mobi-walk - Pludmales un visurg\u0101j\u0113ju staigul\u012btis | Accessrec\" \/>\n<meta property=\"og:description\" content=\"Mobi-walk ir visurg\u0101j\u0113js, kas paredz\u0113ts gados vec\u0101kiem cilv\u0113kiem vai cilv\u0113kiem ar kust\u012bbu trauc\u0113jumiem (PRM). Pieejama ar\u012b pludmales versija.\" \/>\n<meta property=\"og:url\" content=\"https:\/\/accessrec.eu\/lv\/kustibas-un-piekluves-paklajini\/aprikojums\/mobi-walk\/\" \/>\n<meta property=\"og:site_name\" content=\"Accessrec\" \/>\n<meta property=\"article:modified_time\" content=\"2025-09-01T14:35:33+00:00\" \/>\n<meta property=\"og:image\" content=\"https:\/\/accessrec.eu\/wp-content\/uploads\/2022\/03\/mobi-walk-sur-herbe.jpg\" \/>\n\t<meta property=\"og:image:width\" content=\"855\" \/>\n\t<meta property=\"og:image:height\" content=\"624\" \/>\n\t<meta property=\"og:image:type\" content=\"image\/jpeg\" \/>\n<meta name=\"twitter:card\" content=\"summary_large_image\" \/>\n<meta name=\"twitter:label1\" content=\"Est. reading time\" \/>\n\t<meta name=\"twitter:data1\" content=\"1 minute\" \/>\n<script type=\"application\/ld+json\" class=\"yoast-schema-graph\">{\"@context\":\"https:\\\/\\\/schema.org\",\"@graph\":[{\"@type\":\"WebPage\",\"@id\":\"https:\\\/\\\/accessrec.eu\\\/lv\\\/kustibas-un-piekluves-paklajini\\\/aprikojums\\\/mobi-walk\\\/\",\"url\":\"https:\\\/\\\/accessrec.eu\\\/lv\\\/kustibas-un-piekluves-paklajini\\\/aprikojums\\\/mobi-walk\\\/\",\"name\":\"Mobi-walk - Pludmales un visurg\u0101j\u0113ju staigul\u012btis | Accessrec\",\"isPartOf\":{\"@id\":\"https:\\\/\\\/accessrec.eu\\\/lv\\\/#website\"},\"primaryImageOfPage\":{\"@id\":\"https:\\\/\\\/accessrec.eu\\\/lv\\\/kustibas-un-piekluves-paklajini\\\/aprikojums\\\/mobi-walk\\\/#primaryimage\"},\"image\":{\"@id\":\"https:\\\/\\\/accessrec.eu\\\/lv\\\/kustibas-un-piekluves-paklajini\\\/aprikojums\\\/mobi-walk\\\/#primaryimage\"},\"thumbnailUrl\":\"https:\\\/\\\/accessrec.eu\\\/wp-content\\\/uploads\\\/2022\\\/03\\\/mobi-walk-sur-herbe.jpg\",\"datePublished\":\"2022-03-11T09:44:14+00:00\",\"dateModified\":\"2025-09-01T14:35:33+00:00\",\"description\":\"Mobi-walk ir visurg\u0101j\u0113js, kas paredz\u0113ts gados vec\u0101kiem cilv\u0113kiem vai cilv\u0113kiem ar kust\u012bbu trauc\u0113jumiem (PRM). Pieejama ar\u012b pludmales versija.\",\"breadcrumb\":{\"@id\":\"https:\\\/\\\/accessrec.eu\\\/lv\\\/kustibas-un-piekluves-paklajini\\\/aprikojums\\\/mobi-walk\\\/#breadcrumb\"},\"inLanguage\":\"lv-LV\",\"potentialAction\":[{\"@type\":\"ReadAction\",\"target\":[\"https:\\\/\\\/accessrec.eu\\\/lv\\\/kustibas-un-piekluves-paklajini\\\/aprikojums\\\/mobi-walk\\\/\"]}]},{\"@type\":\"ImageObject\",\"inLanguage\":\"lv-LV\",\"@id\":\"https:\\\/\\\/accessrec.eu\\\/lv\\\/kustibas-un-piekluves-paklajini\\\/aprikojums\\\/mobi-walk\\\/#primaryimage\",\"url\":\"https:\\\/\\\/accessrec.eu\\\/wp-content\\\/uploads\\\/2022\\\/03\\\/mobi-walk-sur-herbe.jpg\",\"contentUrl\":\"https:\\\/\\\/accessrec.eu\\\/wp-content\\\/uploads\\\/2022\\\/03\\\/mobi-walk-sur-herbe.jpg\",\"width\":855,\"height\":624,\"caption\":\"xr:d:DAFUL6ye29I:5,j:147381454,t:22120815\"},{\"@type\":\"BreadcrumbList\",\"@id\":\"https:\\\/\\\/accessrec.eu\\\/lv\\\/kustibas-un-piekluves-paklajini\\\/aprikojums\\\/mobi-walk\\\/#breadcrumb\",\"itemListElement\":[{\"@type\":\"ListItem\",\"position\":1,\"name\":\"Accueil\",\"item\":\"https:\\\/\\\/accessrec.eu\\\/lv\\\/?page_id=36644\"},{\"@type\":\"ListItem\",\"position\":2,\"name\":\"Products\",\"item\":\"https:\\\/\\\/accessrec.eu\\\/lv\\\/shop\\\/\"},{\"@type\":\"ListItem\",\"position\":3,\"name\":\"Kust\u012bbas un piek\u013cuves pakl\u0101ji\u0146i\",\"item\":\"https:\\\/\\\/accessrec.eu\\\/lv\\\/kustibas-un-piekluves-paklajini\\\/\"},{\"@type\":\"ListItem\",\"position\":4,\"name\":\"Apr\u012bkojums\",\"item\":\"https:\\\/\\\/accessrec.eu\\\/lv\\\/kustibas-un-piekluves-paklajini\\\/aprikojums\\\/\"},{\"@type\":\"ListItem\",\"position\":5,\"name\":\"Mobi-walk &#8211; Pludmales un visurg\u0101j\u0113ju staigul\u012btis\"}]},{\"@type\":\"WebSite\",\"@id\":\"https:\\\/\\\/accessrec.eu\\\/lv\\\/#website\",\"url\":\"https:\\\/\\\/accessrec.eu\\\/lv\\\/\",\"name\":\"Accessrec\",\"description\":\"\",\"publisher\":{\"@id\":\"https:\\\/\\\/accessrec.eu\\\/lv\\\/#organization\"},\"potentialAction\":[{\"@type\":\"SearchAction\",\"target\":{\"@type\":\"EntryPoint\",\"urlTemplate\":\"https:\\\/\\\/accessrec.eu\\\/lv\\\/?s={search_term_string}\"},\"query-input\":{\"@type\":\"PropertyValueSpecification\",\"valueRequired\":true,\"valueName\":\"search_term_string\"}}],\"inLanguage\":\"lv-LV\"},{\"@type\":\"Organization\",\"@id\":\"https:\\\/\\\/accessrec.eu\\\/lv\\\/#organization\",\"name\":\"Accessrec\",\"url\":\"https:\\\/\\\/accessrec.eu\\\/lv\\\/\",\"logo\":{\"@type\":\"ImageObject\",\"inLanguage\":\"lv-LV\",\"@id\":\"https:\\\/\\\/accessrec.eu\\\/lv\\\/#\\\/schema\\\/logo\\\/image\\\/\",\"url\":\"https:\\\/\\\/accessrec.eu\\\/wp-content\\\/uploads\\\/2025\\\/11\\\/accessrec-by-deschamps.webp\",\"contentUrl\":\"https:\\\/\\\/accessrec.eu\\\/wp-content\\\/uploads\\\/2025\\\/11\\\/accessrec-by-deschamps.webp\",\"width\":600,\"height\":150,\"caption\":\"Accessrec\"},\"image\":{\"@id\":\"https:\\\/\\\/accessrec.eu\\\/lv\\\/#\\\/schema\\\/logo\\\/image\\\/\"}}]}<\/script>\n<!-- \/ Yoast SEO plugin. -->","yoast_head_json":{"title":"Mobi-walk - Pludmales un visurg\u0101j\u0113ju staigul\u012btis | Accessrec","description":"Mobi-walk ir visurg\u0101j\u0113js, kas paredz\u0113ts gados vec\u0101kiem cilv\u0113kiem vai cilv\u0113kiem ar kust\u012bbu trauc\u0113jumiem (PRM). Pieejama ar\u012b pludmales versija.","robots":{"index":"index","follow":"follow","max-snippet":"max-snippet:-1","max-image-preview":"max-image-preview:large","max-video-preview":"max-video-preview:-1"},"canonical":"https:\/\/accessrec.eu\/lv\/kustibas-un-piekluves-paklajini\/aprikojums\/mobi-walk\/","og_locale":"lv_LV","og_type":"article","og_title":"Mobi-walk - Pludmales un visurg\u0101j\u0113ju staigul\u012btis | Accessrec","og_description":"Mobi-walk ir visurg\u0101j\u0113js, kas paredz\u0113ts gados vec\u0101kiem cilv\u0113kiem vai cilv\u0113kiem ar kust\u012bbu trauc\u0113jumiem (PRM). Pieejama ar\u012b pludmales versija.","og_url":"https:\/\/accessrec.eu\/lv\/kustibas-un-piekluves-paklajini\/aprikojums\/mobi-walk\/","og_site_name":"Accessrec","article_modified_time":"2025-09-01T14:35:33+00:00","og_image":[{"width":855,"height":624,"url":"https:\/\/accessrec.eu\/wp-content\/uploads\/2022\/03\/mobi-walk-sur-herbe.jpg","type":"image\/jpeg"}],"twitter_card":"summary_large_image","twitter_misc":{"Est. reading time":"1 minute"},"schema":{"@context":"https:\/\/schema.org","@graph":[{"@type":"WebPage","@id":"https:\/\/accessrec.eu\/lv\/kustibas-un-piekluves-paklajini\/aprikojums\/mobi-walk\/","url":"https:\/\/accessrec.eu\/lv\/kustibas-un-piekluves-paklajini\/aprikojums\/mobi-walk\/","name":"Mobi-walk - Pludmales un visurg\u0101j\u0113ju staigul\u012btis | Accessrec","isPartOf":{"@id":"https:\/\/accessrec.eu\/lv\/#website"},"primaryImageOfPage":{"@id":"https:\/\/accessrec.eu\/lv\/kustibas-un-piekluves-paklajini\/aprikojums\/mobi-walk\/#primaryimage"},"image":{"@id":"https:\/\/accessrec.eu\/lv\/kustibas-un-piekluves-paklajini\/aprikojums\/mobi-walk\/#primaryimage"},"thumbnailUrl":"https:\/\/accessrec.eu\/wp-content\/uploads\/2022\/03\/mobi-walk-sur-herbe.jpg","datePublished":"2022-03-11T09:44:14+00:00","dateModified":"2025-09-01T14:35:33+00:00","description":"Mobi-walk ir visurg\u0101j\u0113js, kas paredz\u0113ts gados vec\u0101kiem cilv\u0113kiem vai cilv\u0113kiem ar kust\u012bbu trauc\u0113jumiem (PRM). Pieejama ar\u012b pludmales versija.","breadcrumb":{"@id":"https:\/\/accessrec.eu\/lv\/kustibas-un-piekluves-paklajini\/aprikojums\/mobi-walk\/#breadcrumb"},"inLanguage":"lv-LV","potentialAction":[{"@type":"ReadAction","target":["https:\/\/accessrec.eu\/lv\/kustibas-un-piekluves-paklajini\/aprikojums\/mobi-walk\/"]}]},{"@type":"ImageObject","inLanguage":"lv-LV","@id":"https:\/\/accessrec.eu\/lv\/kustibas-un-piekluves-paklajini\/aprikojums\/mobi-walk\/#primaryimage","url":"https:\/\/accessrec.eu\/wp-content\/uploads\/2022\/03\/mobi-walk-sur-herbe.jpg","contentUrl":"https:\/\/accessrec.eu\/wp-content\/uploads\/2022\/03\/mobi-walk-sur-herbe.jpg","width":855,"height":624,"caption":"xr:d:DAFUL6ye29I:5,j:147381454,t:22120815"},{"@type":"BreadcrumbList","@id":"https:\/\/accessrec.eu\/lv\/kustibas-un-piekluves-paklajini\/aprikojums\/mobi-walk\/#breadcrumb","itemListElement":[{"@type":"ListItem","position":1,"name":"Accueil","item":"https:\/\/accessrec.eu\/lv\/?page_id=36644"},{"@type":"ListItem","position":2,"name":"Products","item":"https:\/\/accessrec.eu\/lv\/shop\/"},{"@type":"ListItem","position":3,"name":"Kust\u012bbas un piek\u013cuves pakl\u0101ji\u0146i","item":"https:\/\/accessrec.eu\/lv\/kustibas-un-piekluves-paklajini\/"},{"@type":"ListItem","position":4,"name":"Apr\u012bkojums","item":"https:\/\/accessrec.eu\/lv\/kustibas-un-piekluves-paklajini\/aprikojums\/"},{"@type":"ListItem","position":5,"name":"Mobi-walk &#8211; Pludmales un visurg\u0101j\u0113ju staigul\u012btis"}]},{"@type":"WebSite","@id":"https:\/\/accessrec.eu\/lv\/#website","url":"https:\/\/accessrec.eu\/lv\/","name":"Accessrec","description":"","publisher":{"@id":"https:\/\/accessrec.eu\/lv\/#organization"},"potentialAction":[{"@type":"SearchAction","target":{"@type":"EntryPoint","urlTemplate":"https:\/\/accessrec.eu\/lv\/?s={search_term_string}"},"query-input":{"@type":"PropertyValueSpecification","valueRequired":true,"valueName":"search_term_string"}}],"inLanguage":"lv-LV"},{"@type":"Organization","@id":"https:\/\/accessrec.eu\/lv\/#organization","name":"Accessrec","url":"https:\/\/accessrec.eu\/lv\/","logo":{"@type":"ImageObject","inLanguage":"lv-LV","@id":"https:\/\/accessrec.eu\/lv\/#\/schema\/logo\/image\/","url":"https:\/\/accessrec.eu\/wp-content\/uploads\/2025\/11\/accessrec-by-deschamps.webp","contentUrl":"https:\/\/accessrec.eu\/wp-content\/uploads\/2025\/11\/accessrec-by-deschamps.webp","width":600,"height":150,"caption":"Accessrec"},"image":{"@id":"https:\/\/accessrec.eu\/lv\/#\/schema\/logo\/image\/"}}]}},"_links":{"self":[{"href":"https:\/\/accessrec.eu\/lv\/wp-json\/wp\/v2\/product\/17025","targetHints":{"allow":["GET"]}}],"collection":[{"href":"https:\/\/accessrec.eu\/lv\/wp-json\/wp\/v2\/product"}],"about":[{"href":"https:\/\/accessrec.eu\/lv\/wp-json\/wp\/v2\/types\/product"}],"replies":[{"embeddable":true,"href":"https:\/\/accessrec.eu\/lv\/wp-json\/wp\/v2\/comments?post=17025"}],"wp:featuredmedia":[{"embeddable":true,"href":"https:\/\/accessrec.eu\/lv\/wp-json\/wp\/v2\/media\/34353"}],"wp:attachment":[{"href":"https:\/\/accessrec.eu\/lv\/wp-json\/wp\/v2\/media?parent=17025"}],"wp:term":[{"taxonomy":"product_brand","embeddable":true,"href":"https:\/\/accessrec.eu\/lv\/wp-json\/wp\/v2\/product_brand?post=17025"},{"taxonomy":"product_cat","embeddable":true,"href":"https:\/\/accessrec.eu\/lv\/wp-json\/wp\/v2\/product_cat?post=17025"},{"taxonomy":"product_tag","embeddable":true,"href":"https:\/\/accessrec.eu\/lv\/wp-json\/wp\/v2\/product_tag?post=17025"}],"curies":[{"name":"wp","href":"https:\/\/api.w.org\/{rel}","templated":true}]}}