{"id":18115,"date":"2023-09-28T15:22:38","date_gmt":"2023-09-28T13:22:38","guid":{"rendered":"https:\/\/accessrec.eu\/?post_type=product&#038;p=18115"},"modified":"2024-05-17T19:02:26","modified_gmt":"2024-05-17T17:02:26","slug":"seatrac-pieejamiba-patstavigai-peldesanai-copie","status":"publish","type":"product","link":"https:\/\/accessrec.eu\/lv\/kustibas-un-piekluves-paklajini\/aprikojums\/seatrac-pieejamiba-patstavigai-peldesanai-copie\/","title":{"rendered":"Seatrac Mover &#8211; Mobil\u0101 ier\u012bce patst\u0101v\u012bgai peld\u0113\u0161anai"},"content":{"rendered":"","protected":false},"excerpt":{"rendered":"<p>Mobil\u0101 uzbrauktuve patst\u0101v\u012bgai peld\u0113\u0161anai<\/p>\n","protected":false},"featured_media":18134,"comment_status":"open","ping_status":"closed","template":"","meta":{"_acf_changed":false,"site-sidebar-layout":"default","site-content-layout":"default","ast-site-content-layout":"default","site-content-style":"default","site-sidebar-style":"default","ast-global-header-display":"","ast-banner-title-visibility":"","ast-main-header-display":"","ast-hfb-above-header-display":"","ast-hfb-below-header-display":"","ast-hfb-mobile-header-display":"","site-post-title":"","ast-breadcrumbs-content":"","ast-featured-img":"","footer-sml-layout":"","theme-transparent-header-meta":"default","adv-header-id-meta":"","stick-header-meta":"","header-above-stick-meta":"","header-main-stick-meta":"","header-below-stick-meta":"","astra-migrate-meta-layouts":"default","ast-page-background-enabled":"default","ast-page-background-meta":{"desktop":{"background-color":"","background-image":"","background-repeat":"repeat","background-position":"center center","background-size":"auto","background-attachment":"scroll","background-type":"","background-media":"","overlay-type":"","overlay-color":"","overlay-opacity":"","overlay-gradient":""},"tablet":{"background-color":"","background-image":"","background-repeat":"repeat","background-position":"center center","background-size":"auto","background-attachment":"scroll","background-type":"","background-media":"","overlay-type":"","overlay-color":"","overlay-opacity":"","overlay-gradient":""},"mobile":{"background-color":"","background-image":"","background-repeat":"repeat","background-position":"center center","background-size":"auto","background-attachment":"scroll","background-type":"","background-media":"","overlay-type":"","overlay-color":"","overlay-opacity":"","overlay-gradient":""}},"ast-content-background-meta":{"desktop":{"background-color":"var(--ast-global-color-5)","background-image":"","background-repeat":"repeat","background-position":"center center","background-size":"auto","background-attachment":"scroll","background-type":"","background-media":"","overlay-type":"","overlay-color":"","overlay-opacity":"","overlay-gradient":""},"tablet":{"background-color":"var(--ast-global-color-5)","background-image":"","background-repeat":"repeat","background-position":"center center","background-size":"auto","background-attachment":"scroll","background-type":"","background-media":"","overlay-type":"","overlay-color":"","overlay-opacity":"","overlay-gradient":""},"mobile":{"background-color":"var(--ast-global-color-5)","background-image":"","background-repeat":"repeat","background-position":"center center","background-size":"auto","background-attachment":"scroll","background-type":"","background-media":"","overlay-type":"","overlay-color":"","overlay-opacity":"","overlay-gradient":""}}},"product_brand":[],"product_cat":[1302,1298],"product_tag":[],"class_list":{"0":"post-18115","1":"product","2":"type-product","3":"status-publish","4":"has-post-thumbnail","6":"product_cat-aprikojums","7":"product_cat-pludmale","8":"product_shipping_class-bezmaksas-piegade","9":"desktop-align-left","10":"tablet-align-left","11":"mobile-align-left","13":"first","14":"instock","15":"taxable","16":"shipping-taxable","17":"product-type-simple"},"acf":[],"yoast_head":"<!-- This site is optimized with the Yoast SEO plugin v27.5 - https:\/\/yoast.com\/product\/yoast-seo-wordpress\/ -->\n<title>Seatrac Mover - Mobil\u0101 ier\u012bce patst\u0101v\u012bgai peld\u0113\u0161anai | Accessrec<\/title>\n<meta name=\"description\" content=\"Seatrac ir inovat\u012bvs risin\u0101jums cilv\u0113kiem ar kust\u012bbu trauc\u0113jumiem (PRM), kas ir ide\u0101li piem\u0113rots p\u0101rvieto\u0161anai un patst\u0101v\u012bgai p\u0101rvieto\u0161anai no pludmales l\u012bdz \u016bdenim.\" \/>\n<meta name=\"robots\" content=\"index, follow, max-snippet:-1, max-image-preview:large, max-video-preview:-1\" \/>\n<link rel=\"canonical\" href=\"https:\/\/accessrec.eu\/lv\/kustibas-un-piekluves-paklajini\/aprikojums\/seatrac-pieejamiba-patstavigai-peldesanai-copie\/\" \/>\n<meta property=\"og:locale\" content=\"lv_LV\" \/>\n<meta property=\"og:type\" content=\"article\" \/>\n<meta property=\"og:title\" content=\"Seatrac Mover - Mobil\u0101 ier\u012bce patst\u0101v\u012bgai peld\u0113\u0161anai | Accessrec\" \/>\n<meta property=\"og:description\" content=\"Seatrac ir inovat\u012bvs risin\u0101jums cilv\u0113kiem ar kust\u012bbu trauc\u0113jumiem (PRM), kas ir ide\u0101li piem\u0113rots p\u0101rvieto\u0161anai un patst\u0101v\u012bgai p\u0101rvieto\u0161anai no pludmales l\u012bdz \u016bdenim.\" \/>\n<meta property=\"og:url\" content=\"https:\/\/accessrec.eu\/lv\/kustibas-un-piekluves-paklajini\/aprikojums\/seatrac-pieejamiba-patstavigai-peldesanai-copie\/\" \/>\n<meta property=\"og:site_name\" content=\"Accessrec\" \/>\n<meta property=\"article:modified_time\" content=\"2024-05-17T17:02:26+00:00\" \/>\n<meta property=\"og:image\" content=\"https:\/\/accessrec.eu\/wp-content\/uploads\/2023\/09\/Design-sans-titre-7.jpg\" \/>\n\t<meta property=\"og:image:width\" content=\"855\" \/>\n\t<meta property=\"og:image:height\" content=\"624\" \/>\n\t<meta property=\"og:image:type\" content=\"image\/jpeg\" \/>\n<meta name=\"twitter:card\" content=\"summary_large_image\" \/>\n<script type=\"application\/ld+json\" class=\"yoast-schema-graph\">{\"@context\":\"https:\\\/\\\/schema.org\",\"@graph\":[{\"@type\":\"WebPage\",\"@id\":\"https:\\\/\\\/accessrec.eu\\\/lv\\\/kustibas-un-piekluves-paklajini\\\/aprikojums\\\/seatrac-pieejamiba-patstavigai-peldesanai-copie\\\/\",\"url\":\"https:\\\/\\\/accessrec.eu\\\/lv\\\/kustibas-un-piekluves-paklajini\\\/aprikojums\\\/seatrac-pieejamiba-patstavigai-peldesanai-copie\\\/\",\"name\":\"Seatrac Mover - Mobil\u0101 ier\u012bce patst\u0101v\u012bgai peld\u0113\u0161anai | Accessrec\",\"isPartOf\":{\"@id\":\"https:\\\/\\\/accessrec.eu\\\/lv\\\/#website\"},\"primaryImageOfPage\":{\"@id\":\"https:\\\/\\\/accessrec.eu\\\/lv\\\/kustibas-un-piekluves-paklajini\\\/aprikojums\\\/seatrac-pieejamiba-patstavigai-peldesanai-copie\\\/#primaryimage\"},\"image\":{\"@id\":\"https:\\\/\\\/accessrec.eu\\\/lv\\\/kustibas-un-piekluves-paklajini\\\/aprikojums\\\/seatrac-pieejamiba-patstavigai-peldesanai-copie\\\/#primaryimage\"},\"thumbnailUrl\":\"https:\\\/\\\/accessrec.eu\\\/wp-content\\\/uploads\\\/2023\\\/09\\\/Design-sans-titre-7.jpg\",\"datePublished\":\"2023-09-28T13:22:38+00:00\",\"dateModified\":\"2024-05-17T17:02:26+00:00\",\"description\":\"Seatrac ir inovat\u012bvs risin\u0101jums cilv\u0113kiem ar kust\u012bbu trauc\u0113jumiem (PRM), kas ir ide\u0101li piem\u0113rots p\u0101rvieto\u0161anai un patst\u0101v\u012bgai p\u0101rvieto\u0161anai no pludmales l\u012bdz \u016bdenim.\",\"breadcrumb\":{\"@id\":\"https:\\\/\\\/accessrec.eu\\\/lv\\\/kustibas-un-piekluves-paklajini\\\/aprikojums\\\/seatrac-pieejamiba-patstavigai-peldesanai-copie\\\/#breadcrumb\"},\"inLanguage\":\"lv-LV\",\"potentialAction\":[{\"@type\":\"ReadAction\",\"target\":[\"https:\\\/\\\/accessrec.eu\\\/lv\\\/kustibas-un-piekluves-paklajini\\\/aprikojums\\\/seatrac-pieejamiba-patstavigai-peldesanai-copie\\\/\"]}]},{\"@type\":\"ImageObject\",\"inLanguage\":\"lv-LV\",\"@id\":\"https:\\\/\\\/accessrec.eu\\\/lv\\\/kustibas-un-piekluves-paklajini\\\/aprikojums\\\/seatrac-pieejamiba-patstavigai-peldesanai-copie\\\/#primaryimage\",\"url\":\"https:\\\/\\\/accessrec.eu\\\/wp-content\\\/uploads\\\/2023\\\/09\\\/Design-sans-titre-7.jpg\",\"contentUrl\":\"https:\\\/\\\/accessrec.eu\\\/wp-content\\\/uploads\\\/2023\\\/09\\\/Design-sans-titre-7.jpg\",\"width\":855,\"height\":624,\"caption\":\"Seatrac mover\"},{\"@type\":\"BreadcrumbList\",\"@id\":\"https:\\\/\\\/accessrec.eu\\\/lv\\\/kustibas-un-piekluves-paklajini\\\/aprikojums\\\/seatrac-pieejamiba-patstavigai-peldesanai-copie\\\/#breadcrumb\",\"itemListElement\":[{\"@type\":\"ListItem\",\"position\":1,\"name\":\"Accueil\",\"item\":\"https:\\\/\\\/accessrec.eu\\\/lv\\\/?page_id=36644\"},{\"@type\":\"ListItem\",\"position\":2,\"name\":\"Products\",\"item\":\"https:\\\/\\\/accessrec.eu\\\/lv\\\/shop\\\/\"},{\"@type\":\"ListItem\",\"position\":3,\"name\":\"\u012apa\u0161i rati\u0146kr\u0113sli un pieejam\u012bbas apr\u012bkojums\",\"item\":\"https:\\\/\\\/accessrec.eu\\\/lv\\\/ipasi-ratinkresli-un-pieejamibas-aprikojums\\\/\"},{\"@type\":\"ListItem\",\"position\":4,\"name\":\"Seatrac Mover &#8211; Mobil\u0101 ier\u012bce patst\u0101v\u012bgai peld\u0113\u0161anai\"}]},{\"@type\":\"WebSite\",\"@id\":\"https:\\\/\\\/accessrec.eu\\\/lv\\\/#website\",\"url\":\"https:\\\/\\\/accessrec.eu\\\/lv\\\/\",\"name\":\"Accessrec\",\"description\":\"\",\"publisher\":{\"@id\":\"https:\\\/\\\/accessrec.eu\\\/lv\\\/#organization\"},\"potentialAction\":[{\"@type\":\"SearchAction\",\"target\":{\"@type\":\"EntryPoint\",\"urlTemplate\":\"https:\\\/\\\/accessrec.eu\\\/lv\\\/?s={search_term_string}\"},\"query-input\":{\"@type\":\"PropertyValueSpecification\",\"valueRequired\":true,\"valueName\":\"search_term_string\"}}],\"inLanguage\":\"lv-LV\"},{\"@type\":\"Organization\",\"@id\":\"https:\\\/\\\/accessrec.eu\\\/lv\\\/#organization\",\"name\":\"Accessrec\",\"url\":\"https:\\\/\\\/accessrec.eu\\\/lv\\\/\",\"logo\":{\"@type\":\"ImageObject\",\"inLanguage\":\"lv-LV\",\"@id\":\"https:\\\/\\\/accessrec.eu\\\/lv\\\/#\\\/schema\\\/logo\\\/image\\\/\",\"url\":\"https:\\\/\\\/accessrec.eu\\\/wp-content\\\/uploads\\\/2025\\\/11\\\/accessrec-by-deschamps.webp\",\"contentUrl\":\"https:\\\/\\\/accessrec.eu\\\/wp-content\\\/uploads\\\/2025\\\/11\\\/accessrec-by-deschamps.webp\",\"width\":600,\"height\":150,\"caption\":\"Accessrec\"},\"image\":{\"@id\":\"https:\\\/\\\/accessrec.eu\\\/lv\\\/#\\\/schema\\\/logo\\\/image\\\/\"}}]}<\/script>\n<!-- \/ Yoast SEO plugin. -->","yoast_head_json":{"title":"Seatrac Mover - Mobil\u0101 ier\u012bce patst\u0101v\u012bgai peld\u0113\u0161anai | Accessrec","description":"Seatrac ir inovat\u012bvs risin\u0101jums cilv\u0113kiem ar kust\u012bbu trauc\u0113jumiem (PRM), kas ir ide\u0101li piem\u0113rots p\u0101rvieto\u0161anai un patst\u0101v\u012bgai p\u0101rvieto\u0161anai no pludmales l\u012bdz \u016bdenim.","robots":{"index":"index","follow":"follow","max-snippet":"max-snippet:-1","max-image-preview":"max-image-preview:large","max-video-preview":"max-video-preview:-1"},"canonical":"https:\/\/accessrec.eu\/lv\/kustibas-un-piekluves-paklajini\/aprikojums\/seatrac-pieejamiba-patstavigai-peldesanai-copie\/","og_locale":"lv_LV","og_type":"article","og_title":"Seatrac Mover - Mobil\u0101 ier\u012bce patst\u0101v\u012bgai peld\u0113\u0161anai | Accessrec","og_description":"Seatrac ir inovat\u012bvs risin\u0101jums cilv\u0113kiem ar kust\u012bbu trauc\u0113jumiem (PRM), kas ir ide\u0101li piem\u0113rots p\u0101rvieto\u0161anai un patst\u0101v\u012bgai p\u0101rvieto\u0161anai no pludmales l\u012bdz \u016bdenim.","og_url":"https:\/\/accessrec.eu\/lv\/kustibas-un-piekluves-paklajini\/aprikojums\/seatrac-pieejamiba-patstavigai-peldesanai-copie\/","og_site_name":"Accessrec","article_modified_time":"2024-05-17T17:02:26+00:00","og_image":[{"width":855,"height":624,"url":"https:\/\/accessrec.eu\/wp-content\/uploads\/2023\/09\/Design-sans-titre-7.jpg","type":"image\/jpeg"}],"twitter_card":"summary_large_image","schema":{"@context":"https:\/\/schema.org","@graph":[{"@type":"WebPage","@id":"https:\/\/accessrec.eu\/lv\/kustibas-un-piekluves-paklajini\/aprikojums\/seatrac-pieejamiba-patstavigai-peldesanai-copie\/","url":"https:\/\/accessrec.eu\/lv\/kustibas-un-piekluves-paklajini\/aprikojums\/seatrac-pieejamiba-patstavigai-peldesanai-copie\/","name":"Seatrac Mover - Mobil\u0101 ier\u012bce patst\u0101v\u012bgai peld\u0113\u0161anai | Accessrec","isPartOf":{"@id":"https:\/\/accessrec.eu\/lv\/#website"},"primaryImageOfPage":{"@id":"https:\/\/accessrec.eu\/lv\/kustibas-un-piekluves-paklajini\/aprikojums\/seatrac-pieejamiba-patstavigai-peldesanai-copie\/#primaryimage"},"image":{"@id":"https:\/\/accessrec.eu\/lv\/kustibas-un-piekluves-paklajini\/aprikojums\/seatrac-pieejamiba-patstavigai-peldesanai-copie\/#primaryimage"},"thumbnailUrl":"https:\/\/accessrec.eu\/wp-content\/uploads\/2023\/09\/Design-sans-titre-7.jpg","datePublished":"2023-09-28T13:22:38+00:00","dateModified":"2024-05-17T17:02:26+00:00","description":"Seatrac ir inovat\u012bvs risin\u0101jums cilv\u0113kiem ar kust\u012bbu trauc\u0113jumiem (PRM), kas ir ide\u0101li piem\u0113rots p\u0101rvieto\u0161anai un patst\u0101v\u012bgai p\u0101rvieto\u0161anai no pludmales l\u012bdz \u016bdenim.","breadcrumb":{"@id":"https:\/\/accessrec.eu\/lv\/kustibas-un-piekluves-paklajini\/aprikojums\/seatrac-pieejamiba-patstavigai-peldesanai-copie\/#breadcrumb"},"inLanguage":"lv-LV","potentialAction":[{"@type":"ReadAction","target":["https:\/\/accessrec.eu\/lv\/kustibas-un-piekluves-paklajini\/aprikojums\/seatrac-pieejamiba-patstavigai-peldesanai-copie\/"]}]},{"@type":"ImageObject","inLanguage":"lv-LV","@id":"https:\/\/accessrec.eu\/lv\/kustibas-un-piekluves-paklajini\/aprikojums\/seatrac-pieejamiba-patstavigai-peldesanai-copie\/#primaryimage","url":"https:\/\/accessrec.eu\/wp-content\/uploads\/2023\/09\/Design-sans-titre-7.jpg","contentUrl":"https:\/\/accessrec.eu\/wp-content\/uploads\/2023\/09\/Design-sans-titre-7.jpg","width":855,"height":624,"caption":"Seatrac mover"},{"@type":"BreadcrumbList","@id":"https:\/\/accessrec.eu\/lv\/kustibas-un-piekluves-paklajini\/aprikojums\/seatrac-pieejamiba-patstavigai-peldesanai-copie\/#breadcrumb","itemListElement":[{"@type":"ListItem","position":1,"name":"Accueil","item":"https:\/\/accessrec.eu\/lv\/?page_id=36644"},{"@type":"ListItem","position":2,"name":"Products","item":"https:\/\/accessrec.eu\/lv\/shop\/"},{"@type":"ListItem","position":3,"name":"\u012apa\u0161i rati\u0146kr\u0113sli un pieejam\u012bbas apr\u012bkojums","item":"https:\/\/accessrec.eu\/lv\/ipasi-ratinkresli-un-pieejamibas-aprikojums\/"},{"@type":"ListItem","position":4,"name":"Seatrac Mover &#8211; Mobil\u0101 ier\u012bce patst\u0101v\u012bgai peld\u0113\u0161anai"}]},{"@type":"WebSite","@id":"https:\/\/accessrec.eu\/lv\/#website","url":"https:\/\/accessrec.eu\/lv\/","name":"Accessrec","description":"","publisher":{"@id":"https:\/\/accessrec.eu\/lv\/#organization"},"potentialAction":[{"@type":"SearchAction","target":{"@type":"EntryPoint","urlTemplate":"https:\/\/accessrec.eu\/lv\/?s={search_term_string}"},"query-input":{"@type":"PropertyValueSpecification","valueRequired":true,"valueName":"search_term_string"}}],"inLanguage":"lv-LV"},{"@type":"Organization","@id":"https:\/\/accessrec.eu\/lv\/#organization","name":"Accessrec","url":"https:\/\/accessrec.eu\/lv\/","logo":{"@type":"ImageObject","inLanguage":"lv-LV","@id":"https:\/\/accessrec.eu\/lv\/#\/schema\/logo\/image\/","url":"https:\/\/accessrec.eu\/wp-content\/uploads\/2025\/11\/accessrec-by-deschamps.webp","contentUrl":"https:\/\/accessrec.eu\/wp-content\/uploads\/2025\/11\/accessrec-by-deschamps.webp","width":600,"height":150,"caption":"Accessrec"},"image":{"@id":"https:\/\/accessrec.eu\/lv\/#\/schema\/logo\/image\/"}}]}},"_links":{"self":[{"href":"https:\/\/accessrec.eu\/lv\/wp-json\/wp\/v2\/product\/18115","targetHints":{"allow":["GET"]}}],"collection":[{"href":"https:\/\/accessrec.eu\/lv\/wp-json\/wp\/v2\/product"}],"about":[{"href":"https:\/\/accessrec.eu\/lv\/wp-json\/wp\/v2\/types\/product"}],"replies":[{"embeddable":true,"href":"https:\/\/accessrec.eu\/lv\/wp-json\/wp\/v2\/comments?post=18115"}],"wp:featuredmedia":[{"embeddable":true,"href":"https:\/\/accessrec.eu\/lv\/wp-json\/wp\/v2\/media\/18134"}],"wp:attachment":[{"href":"https:\/\/accessrec.eu\/lv\/wp-json\/wp\/v2\/media?parent=18115"}],"wp:term":[{"taxonomy":"product_brand","embeddable":true,"href":"https:\/\/accessrec.eu\/lv\/wp-json\/wp\/v2\/product_brand?post=18115"},{"taxonomy":"product_cat","embeddable":true,"href":"https:\/\/accessrec.eu\/lv\/wp-json\/wp\/v2\/product_cat?post=18115"},{"taxonomy":"product_tag","embeddable":true,"href":"https:\/\/accessrec.eu\/lv\/wp-json\/wp\/v2\/product_tag?post=18115"}],"curies":[{"name":"wp","href":"https:\/\/api.w.org\/{rel}","templated":true}]}}