{"id":18775,"date":"2023-10-24T15:37:00","date_gmt":"2023-10-24T13:37:00","guid":{"rendered":"https:\/\/accessrec.eu\/?post_type=product&#038;p=18775"},"modified":"2025-07-11T11:57:31","modified_gmt":"2025-07-11T09:57:31","slug":"stabilo-coussin-de-positionnement-pour-enfant","status":"publish","type":"product","link":"https:\/\/accessrec.eu\/pieces-detachees\/stabilo-coussin-de-positionnement-pour-enfant\/","title":{"rendered":"Stabilo &#8211; Coussin de positionnement pour enfant"},"content":{"rendered":"<p>Le syst\u00e8me de coussins optimise le maintien d&#8217;un enfant sur le fauteuil<\/p>\n<p>Atouts :<\/p>\n<ul>\n<li>Soutien des patients atteins de scoliose ou cyphose<\/li>\n<li>Soutien multidirectionnel du tronc<\/li>\n<li>Maintien d&#8217;une position correcte de la t\u00eate<\/li>\n<li>Agit comme un corset model\u00e9 confortable<\/li>\n<\/ul>\n","protected":false},"excerpt":{"rendered":"<p>Stabilo &#8211; Coussin de positionnement pour enfant<\/p>\n<p>Le syst\u00e8me de coussins optimise le maintien d&#8217;un enfant sur le fauteuil<\/p>\n<p><strong>Atouts :<\/strong><\/p>\n<ul>\n<li>Soutien des patients atteins de scoliose ou cyphose<\/li>\n<li>Soutien multidirectionnel du tronc<\/li>\n<li>Maintien d&#8217;une position correcte de la t\u00eate<\/li>\n<li>Agit comme un corset model\u00e9 confortable<\/li>\n<\/ul>\n<p>Le coussin Stabilo s&#8217;adapte sur les fauteuils suivants : WaterWheels, TerraWheels, Hippocampe et Hippocampe Marathon<\/p>\n<p><strong>Caract\u00e9ristiques :<\/strong><\/p>\n<ul>\n<li>Poids : 3,5kg<\/li>\n<li>Rev\u00eatement \u00e9tanche en nylon<\/li>\n<li>Fixation par sangle Velcro<\/li>\n<\/ul>\n","protected":false},"featured_media":18776,"comment_status":"open","ping_status":"closed","template":"","meta":{"_acf_changed":false,"site-sidebar-layout":"default","site-content-layout":"default","ast-site-content-layout":"default","site-content-style":"default","site-sidebar-style":"default","ast-global-header-display":"","ast-banner-title-visibility":"","ast-main-header-display":"","ast-hfb-above-header-display":"","ast-hfb-below-header-display":"","ast-hfb-mobile-header-display":"","site-post-title":"","ast-breadcrumbs-content":"","ast-featured-img":"","footer-sml-layout":"","theme-transparent-header-meta":"default","adv-header-id-meta":"","stick-header-meta":"","header-above-stick-meta":"","header-main-stick-meta":"","header-below-stick-meta":"","astra-migrate-meta-layouts":"set","ast-page-background-enabled":"default","ast-page-background-meta":{"desktop":{"background-color":"","background-image":"","background-repeat":"repeat","background-position":"center center","background-size":"auto","background-attachment":"scroll","background-type":"","background-media":"","overlay-type":"","overlay-color":"","overlay-opacity":"","overlay-gradient":""},"tablet":{"background-color":"","background-image":"","background-repeat":"repeat","background-position":"center center","background-size":"auto","background-attachment":"scroll","background-type":"","background-media":"","overlay-type":"","overlay-color":"","overlay-opacity":"","overlay-gradient":""},"mobile":{"background-color":"","background-image":"","background-repeat":"repeat","background-position":"center center","background-size":"auto","background-attachment":"scroll","background-type":"","background-media":"","overlay-type":"","overlay-color":"","overlay-opacity":"","overlay-gradient":""}},"ast-content-background-meta":{"desktop":{"background-color":"var(--ast-global-color-5)","background-image":"","background-repeat":"repeat","background-position":"center center","background-size":"auto","background-attachment":"scroll","background-type":"","background-media":"","overlay-type":"","overlay-color":"","overlay-opacity":"","overlay-gradient":""},"tablet":{"background-color":"var(--ast-global-color-5)","background-image":"","background-repeat":"repeat","background-position":"center center","background-size":"auto","background-attachment":"scroll","background-type":"","background-media":"","overlay-type":"","overlay-color":"","overlay-opacity":"","overlay-gradient":""},"mobile":{"background-color":"var(--ast-global-color-5)","background-image":"","background-repeat":"repeat","background-position":"center center","background-size":"auto","background-attachment":"scroll","background-type":"","background-media":"","overlay-type":"","overlay-color":"","overlay-opacity":"","overlay-gradient":""}}},"product_brand":[],"product_cat":[89],"product_tag":[],"class_list":{"0":"post-18775","1":"product","2":"type-product","3":"status-publish","4":"has-post-thumbnail","6":"product_cat-pieces-detachees","7":"desktop-align-left","8":"tablet-align-left","9":"mobile-align-left","11":"first","12":"instock","13":"taxable","14":"shipping-taxable","15":"purchasable","16":"product-type-simple"},"acf":[],"yoast_head":"<!-- This site is optimized with the Yoast SEO plugin v27.5 - https:\/\/yoast.com\/product\/yoast-seo-wordpress\/ -->\n<title>Stabilo - Coussin de positionnement pour enfant | Accessrec<\/title>\n<meta name=\"robots\" content=\"index, follow, max-snippet:-1, max-image-preview:large, max-video-preview:-1\" \/>\n<link rel=\"canonical\" href=\"https:\/\/accessrec.eu\/lv\/pieces-detachees\/stabilo-coussin-de-positionnement-pour-enfant\/\" \/>\n<meta property=\"og:locale\" content=\"lv_LV\" \/>\n<meta property=\"og:type\" content=\"article\" \/>\n<meta property=\"og:title\" content=\"Stabilo - Coussin de positionnement pour enfant | Accessrec\" \/>\n<meta property=\"og:description\" content=\"Stabilo - Coussin de positionnement pour enfant  Le syst\u00e8me de coussins optimise le maintien d&#039;un enfant sur le fauteuil  Atouts :   Soutien des patients atteins de scoliose ou cyphose  Soutien multidirectionnel du tronc  Maintien d&#039;une position correcte de la t\u00eate  Agit comme un corset model\u00e9 confortable  Le coussin Stabilo s&#039;adapte sur les fauteuils suivants : WaterWheels, TerraWheels, Hippocampe et Hippocampe Marathon  Caract\u00e9ristiques :   Poids : 3,5kg  Rev\u00eatement \u00e9tanche en nylon  Fixation par sangle Velcro\" \/>\n<meta property=\"og:url\" content=\"https:\/\/accessrec.eu\/pieces-detachees\/stabilo-coussin-de-positionnement-pour-enfant\/\" \/>\n<meta property=\"og:site_name\" content=\"Accessrec\" \/>\n<meta property=\"article:modified_time\" content=\"2025-07-11T09:57:31+00:00\" \/>\n<meta property=\"og:image\" content=\"https:\/\/accessrec.eu\/wp-content\/uploads\/2023\/10\/stabilo.jpg\" \/>\n\t<meta property=\"og:image:width\" content=\"855\" \/>\n\t<meta property=\"og:image:height\" content=\"624\" \/>\n\t<meta property=\"og:image:type\" content=\"image\/jpeg\" \/>\n<meta name=\"twitter:card\" content=\"summary_large_image\" \/>\n<meta name=\"twitter:label1\" content=\"Est. reading time\" \/>\n\t<meta name=\"twitter:data1\" content=\"1 minute\" \/>\n<script type=\"application\/ld+json\" class=\"yoast-schema-graph\">{\"@context\":\"https:\\\/\\\/schema.org\",\"@graph\":[{\"@type\":\"WebPage\",\"@id\":\"https:\\\/\\\/accessrec.eu\\\/pieces-detachees\\\/stabilo-coussin-de-positionnement-pour-enfant\\\/\",\"url\":\"https:\\\/\\\/accessrec.eu\\\/pieces-detachees\\\/stabilo-coussin-de-positionnement-pour-enfant\\\/\",\"name\":\"Stabilo - Coussin de positionnement pour enfant | Accessrec\",\"isPartOf\":{\"@id\":\"https:\\\/\\\/accessrec.eu\\\/lv\\\/#website\"},\"primaryImageOfPage\":{\"@id\":\"https:\\\/\\\/accessrec.eu\\\/pieces-detachees\\\/stabilo-coussin-de-positionnement-pour-enfant\\\/#primaryimage\"},\"image\":{\"@id\":\"https:\\\/\\\/accessrec.eu\\\/pieces-detachees\\\/stabilo-coussin-de-positionnement-pour-enfant\\\/#primaryimage\"},\"thumbnailUrl\":\"https:\\\/\\\/accessrec.eu\\\/wp-content\\\/uploads\\\/2023\\\/10\\\/stabilo.jpg\",\"datePublished\":\"2023-10-24T13:37:00+00:00\",\"dateModified\":\"2025-07-11T09:57:31+00:00\",\"breadcrumb\":{\"@id\":\"https:\\\/\\\/accessrec.eu\\\/pieces-detachees\\\/stabilo-coussin-de-positionnement-pour-enfant\\\/#breadcrumb\"},\"inLanguage\":\"lv-LV\",\"potentialAction\":[{\"@type\":\"ReadAction\",\"target\":[\"https:\\\/\\\/accessrec.eu\\\/pieces-detachees\\\/stabilo-coussin-de-positionnement-pour-enfant\\\/\"]}]},{\"@type\":\"ImageObject\",\"inLanguage\":\"lv-LV\",\"@id\":\"https:\\\/\\\/accessrec.eu\\\/pieces-detachees\\\/stabilo-coussin-de-positionnement-pour-enfant\\\/#primaryimage\",\"url\":\"https:\\\/\\\/accessrec.eu\\\/wp-content\\\/uploads\\\/2023\\\/10\\\/stabilo.jpg\",\"contentUrl\":\"https:\\\/\\\/accessrec.eu\\\/wp-content\\\/uploads\\\/2023\\\/10\\\/stabilo.jpg\",\"width\":855,\"height\":624,\"caption\":\"Stabilo\"},{\"@type\":\"BreadcrumbList\",\"@id\":\"https:\\\/\\\/accessrec.eu\\\/pieces-detachees\\\/stabilo-coussin-de-positionnement-pour-enfant\\\/#breadcrumb\",\"itemListElement\":[{\"@type\":\"ListItem\",\"position\":1,\"name\":\"Accueil\",\"item\":\"https:\\\/\\\/accessrec.eu\\\/lv\\\/?page_id=36644\"},{\"@type\":\"ListItem\",\"position\":2,\"name\":\"Products\",\"item\":\"https:\\\/\\\/accessrec.eu\\\/lv\\\/shop\\\/\"},{\"@type\":\"ListItem\",\"position\":3,\"name\":\"Atdal\u012bti gabali\",\"item\":\"https:\\\/\\\/accessrec.eu\\\/lv\\\/atdaliti-gabali\\\/\"},{\"@type\":\"ListItem\",\"position\":4,\"name\":\"Stabilo &#8211; Coussin de positionnement pour enfant\"}]},{\"@type\":\"WebSite\",\"@id\":\"https:\\\/\\\/accessrec.eu\\\/lv\\\/#website\",\"url\":\"https:\\\/\\\/accessrec.eu\\\/lv\\\/\",\"name\":\"Accessrec\",\"description\":\"\",\"publisher\":{\"@id\":\"https:\\\/\\\/accessrec.eu\\\/lv\\\/#organization\"},\"potentialAction\":[{\"@type\":\"SearchAction\",\"target\":{\"@type\":\"EntryPoint\",\"urlTemplate\":\"https:\\\/\\\/accessrec.eu\\\/lv\\\/?s={search_term_string}\"},\"query-input\":{\"@type\":\"PropertyValueSpecification\",\"valueRequired\":true,\"valueName\":\"search_term_string\"}}],\"inLanguage\":\"lv-LV\"},{\"@type\":\"Organization\",\"@id\":\"https:\\\/\\\/accessrec.eu\\\/lv\\\/#organization\",\"name\":\"Accessrec\",\"url\":\"https:\\\/\\\/accessrec.eu\\\/lv\\\/\",\"logo\":{\"@type\":\"ImageObject\",\"inLanguage\":\"lv-LV\",\"@id\":\"https:\\\/\\\/accessrec.eu\\\/lv\\\/#\\\/schema\\\/logo\\\/image\\\/\",\"url\":\"https:\\\/\\\/accessrec.eu\\\/wp-content\\\/uploads\\\/2025\\\/11\\\/accessrec-by-deschamps.webp\",\"contentUrl\":\"https:\\\/\\\/accessrec.eu\\\/wp-content\\\/uploads\\\/2025\\\/11\\\/accessrec-by-deschamps.webp\",\"width\":600,\"height\":150,\"caption\":\"Accessrec\"},\"image\":{\"@id\":\"https:\\\/\\\/accessrec.eu\\\/lv\\\/#\\\/schema\\\/logo\\\/image\\\/\"}}]}<\/script>\n<!-- \/ Yoast SEO plugin. -->","yoast_head_json":{"title":"Stabilo - Coussin de positionnement pour enfant | Accessrec","robots":{"index":"index","follow":"follow","max-snippet":"max-snippet:-1","max-image-preview":"max-image-preview:large","max-video-preview":"max-video-preview:-1"},"canonical":"https:\/\/accessrec.eu\/lv\/pieces-detachees\/stabilo-coussin-de-positionnement-pour-enfant\/","og_locale":"lv_LV","og_type":"article","og_title":"Stabilo - Coussin de positionnement pour enfant | Accessrec","og_description":"Stabilo - Coussin de positionnement pour enfant  Le syst\u00e8me de coussins optimise le maintien d'un enfant sur le fauteuil  Atouts :   Soutien des patients atteins de scoliose ou cyphose  Soutien multidirectionnel du tronc  Maintien d'une position correcte de la t\u00eate  Agit comme un corset model\u00e9 confortable  Le coussin Stabilo s'adapte sur les fauteuils suivants : WaterWheels, TerraWheels, Hippocampe et Hippocampe Marathon  Caract\u00e9ristiques :   Poids : 3,5kg  Rev\u00eatement \u00e9tanche en nylon  Fixation par sangle Velcro","og_url":"https:\/\/accessrec.eu\/pieces-detachees\/stabilo-coussin-de-positionnement-pour-enfant\/","og_site_name":"Accessrec","article_modified_time":"2025-07-11T09:57:31+00:00","og_image":[{"width":855,"height":624,"url":"https:\/\/accessrec.eu\/wp-content\/uploads\/2023\/10\/stabilo.jpg","type":"image\/jpeg"}],"twitter_card":"summary_large_image","twitter_misc":{"Est. reading time":"1 minute"},"schema":{"@context":"https:\/\/schema.org","@graph":[{"@type":"WebPage","@id":"https:\/\/accessrec.eu\/pieces-detachees\/stabilo-coussin-de-positionnement-pour-enfant\/","url":"https:\/\/accessrec.eu\/pieces-detachees\/stabilo-coussin-de-positionnement-pour-enfant\/","name":"Stabilo - Coussin de positionnement pour enfant | Accessrec","isPartOf":{"@id":"https:\/\/accessrec.eu\/lv\/#website"},"primaryImageOfPage":{"@id":"https:\/\/accessrec.eu\/pieces-detachees\/stabilo-coussin-de-positionnement-pour-enfant\/#primaryimage"},"image":{"@id":"https:\/\/accessrec.eu\/pieces-detachees\/stabilo-coussin-de-positionnement-pour-enfant\/#primaryimage"},"thumbnailUrl":"https:\/\/accessrec.eu\/wp-content\/uploads\/2023\/10\/stabilo.jpg","datePublished":"2023-10-24T13:37:00+00:00","dateModified":"2025-07-11T09:57:31+00:00","breadcrumb":{"@id":"https:\/\/accessrec.eu\/pieces-detachees\/stabilo-coussin-de-positionnement-pour-enfant\/#breadcrumb"},"inLanguage":"lv-LV","potentialAction":[{"@type":"ReadAction","target":["https:\/\/accessrec.eu\/pieces-detachees\/stabilo-coussin-de-positionnement-pour-enfant\/"]}]},{"@type":"ImageObject","inLanguage":"lv-LV","@id":"https:\/\/accessrec.eu\/pieces-detachees\/stabilo-coussin-de-positionnement-pour-enfant\/#primaryimage","url":"https:\/\/accessrec.eu\/wp-content\/uploads\/2023\/10\/stabilo.jpg","contentUrl":"https:\/\/accessrec.eu\/wp-content\/uploads\/2023\/10\/stabilo.jpg","width":855,"height":624,"caption":"Stabilo"},{"@type":"BreadcrumbList","@id":"https:\/\/accessrec.eu\/pieces-detachees\/stabilo-coussin-de-positionnement-pour-enfant\/#breadcrumb","itemListElement":[{"@type":"ListItem","position":1,"name":"Accueil","item":"https:\/\/accessrec.eu\/lv\/?page_id=36644"},{"@type":"ListItem","position":2,"name":"Products","item":"https:\/\/accessrec.eu\/lv\/shop\/"},{"@type":"ListItem","position":3,"name":"Atdal\u012bti gabali","item":"https:\/\/accessrec.eu\/lv\/atdaliti-gabali\/"},{"@type":"ListItem","position":4,"name":"Stabilo &#8211; Coussin de positionnement pour enfant"}]},{"@type":"WebSite","@id":"https:\/\/accessrec.eu\/lv\/#website","url":"https:\/\/accessrec.eu\/lv\/","name":"Accessrec","description":"","publisher":{"@id":"https:\/\/accessrec.eu\/lv\/#organization"},"potentialAction":[{"@type":"SearchAction","target":{"@type":"EntryPoint","urlTemplate":"https:\/\/accessrec.eu\/lv\/?s={search_term_string}"},"query-input":{"@type":"PropertyValueSpecification","valueRequired":true,"valueName":"search_term_string"}}],"inLanguage":"lv-LV"},{"@type":"Organization","@id":"https:\/\/accessrec.eu\/lv\/#organization","name":"Accessrec","url":"https:\/\/accessrec.eu\/lv\/","logo":{"@type":"ImageObject","inLanguage":"lv-LV","@id":"https:\/\/accessrec.eu\/lv\/#\/schema\/logo\/image\/","url":"https:\/\/accessrec.eu\/wp-content\/uploads\/2025\/11\/accessrec-by-deschamps.webp","contentUrl":"https:\/\/accessrec.eu\/wp-content\/uploads\/2025\/11\/accessrec-by-deschamps.webp","width":600,"height":150,"caption":"Accessrec"},"image":{"@id":"https:\/\/accessrec.eu\/lv\/#\/schema\/logo\/image\/"}}]}},"_links":{"self":[{"href":"https:\/\/accessrec.eu\/lv\/wp-json\/wp\/v2\/product\/18775","targetHints":{"allow":["GET"]}}],"collection":[{"href":"https:\/\/accessrec.eu\/lv\/wp-json\/wp\/v2\/product"}],"about":[{"href":"https:\/\/accessrec.eu\/lv\/wp-json\/wp\/v2\/types\/product"}],"replies":[{"embeddable":true,"href":"https:\/\/accessrec.eu\/lv\/wp-json\/wp\/v2\/comments?post=18775"}],"wp:featuredmedia":[{"embeddable":true,"href":"https:\/\/accessrec.eu\/lv\/wp-json\/wp\/v2\/media\/18776"}],"wp:attachment":[{"href":"https:\/\/accessrec.eu\/lv\/wp-json\/wp\/v2\/media?parent=18775"}],"wp:term":[{"taxonomy":"product_brand","embeddable":true,"href":"https:\/\/accessrec.eu\/lv\/wp-json\/wp\/v2\/product_brand?post=18775"},{"taxonomy":"product_cat","embeddable":true,"href":"https:\/\/accessrec.eu\/lv\/wp-json\/wp\/v2\/product_cat?post=18775"},{"taxonomy":"product_tag","embeddable":true,"href":"https:\/\/accessrec.eu\/lv\/wp-json\/wp\/v2\/product_tag?post=18775"}],"curies":[{"name":"wp","href":"https:\/\/api.w.org\/{rel}","templated":true}]}}