{"id":22226,"date":"2023-10-31T09:48:33","date_gmt":"2023-10-31T08:48:33","guid":{"rendered":"https:\/\/accessrec.eu\/product\/uncategorized\/accesscom-komunikacijas-riks-jusu-celojumam\/"},"modified":"2024-05-17T19:07:48","modified_gmt":"2024-05-17T17:07:48","slug":"mobi-com-komunikacijas-riks-jusu-celojumam","status":"publish","type":"product","link":"https:\/\/accessrec.eu\/lv\/celini-un-piekluves-paklaji\/accesscom-komunikacijas-riks-jusu-celojumam\/","title":{"rendered":"Mobi-Com &#8211; komunik\u0101cijas r\u012bks j\u016bsu ce\u013cojumam"},"content":{"rendered":"","protected":false},"excerpt":{"rendered":"<p>Komunik\u0101cijas atbalsts pakl\u0101jiem.<\/p>\n","protected":false},"featured_media":22229,"comment_status":"open","ping_status":"closed","template":"","meta":{"_acf_changed":false,"site-sidebar-layout":"default","site-content-layout":"default","ast-site-content-layout":"default","site-content-style":"default","site-sidebar-style":"default","ast-global-header-display":"","ast-banner-title-visibility":"","ast-main-header-display":"","ast-hfb-above-header-display":"","ast-hfb-below-header-display":"","ast-hfb-mobile-header-display":"","site-post-title":"","ast-breadcrumbs-content":"","ast-featured-img":"","footer-sml-layout":"","theme-transparent-header-meta":"default","adv-header-id-meta":"","stick-header-meta":"","header-above-stick-meta":"","header-main-stick-meta":"","header-below-stick-meta":"","astra-migrate-meta-layouts":"default","ast-page-background-enabled":"default","ast-page-background-meta":{"desktop":{"background-color":"","background-image":"","background-repeat":"repeat","background-position":"center center","background-size":"auto","background-attachment":"scroll","background-type":"","background-media":"","overlay-type":"","overlay-color":"","overlay-opacity":"","overlay-gradient":""},"tablet":{"background-color":"","background-image":"","background-repeat":"repeat","background-position":"center center","background-size":"auto","background-attachment":"scroll","background-type":"","background-media":"","overlay-type":"","overlay-color":"","overlay-opacity":"","overlay-gradient":""},"mobile":{"background-color":"","background-image":"","background-repeat":"repeat","background-position":"center center","background-size":"auto","background-attachment":"scroll","background-type":"","background-media":"","overlay-type":"","overlay-color":"","overlay-opacity":"","overlay-gradient":""}},"ast-content-background-meta":{"desktop":{"background-color":"var(--ast-global-color-5)","background-image":"","background-repeat":"repeat","background-position":"center center","background-size":"auto","background-attachment":"scroll","background-type":"","background-media":"","overlay-type":"","overlay-color":"","overlay-opacity":"","overlay-gradient":""},"tablet":{"background-color":"var(--ast-global-color-5)","background-image":"","background-repeat":"repeat","background-position":"center center","background-size":"auto","background-attachment":"scroll","background-type":"","background-media":"","overlay-type":"","overlay-color":"","overlay-opacity":"","overlay-gradient":""},"mobile":{"background-color":"var(--ast-global-color-5)","background-image":"","background-repeat":"repeat","background-position":"center center","background-size":"auto","background-attachment":"scroll","background-type":"","background-media":"","overlay-type":"","overlay-color":"","overlay-opacity":"","overlay-gradient":""}}},"product_brand":[],"product_cat":[1301],"product_tag":[],"class_list":{"0":"post-22226","1":"product","2":"type-product","3":"status-publish","4":"has-post-thumbnail","6":"product_cat-skrejeji-un-paklaji","7":"desktop-align-left","8":"tablet-align-left","9":"mobile-align-left","11":"first","12":"instock","13":"taxable","14":"shipping-taxable","15":"purchasable","16":"product-type-variable"},"acf":[],"yoast_head":"<!-- This site is optimized with the Yoast SEO plugin v27.5 - https:\/\/yoast.com\/product\/yoast-seo-wordpress\/ -->\n<title>Mobi-Com - komunik\u0101cijas r\u012bks j\u016bsu ce\u013cojumam | Accessrec<\/title>\n<meta name=\"robots\" content=\"index, follow, max-snippet:-1, max-image-preview:large, max-video-preview:-1\" \/>\n<link rel=\"canonical\" href=\"https:\/\/accessrec.eu\/lv\/celini-un-piekluves-paklaji\/accesscom-komunikacijas-riks-jusu-celojumam\/\" \/>\n<meta property=\"og:locale\" content=\"lv_LV\" \/>\n<meta property=\"og:type\" content=\"article\" \/>\n<meta property=\"og:title\" content=\"Mobi-Com - komunik\u0101cijas r\u012bks j\u016bsu ce\u013cojumam | Accessrec\" \/>\n<meta property=\"og:description\" content=\"Komunik\u0101cijas atbalsts pakl\u0101jiem.\" \/>\n<meta property=\"og:url\" content=\"https:\/\/accessrec.eu\/lv\/celini-un-piekluves-paklaji\/accesscom-komunikacijas-riks-jusu-celojumam\/\" \/>\n<meta property=\"og:site_name\" content=\"Accessrec\" \/>\n<meta property=\"article:modified_time\" content=\"2024-05-17T17:07:48+00:00\" \/>\n<meta property=\"og:image\" content=\"https:\/\/accessrec.eu\/wp-content\/uploads\/2023\/01\/Sans-titre-14.jpg\" \/>\n\t<meta property=\"og:image:width\" content=\"855\" \/>\n\t<meta property=\"og:image:height\" content=\"624\" \/>\n\t<meta property=\"og:image:type\" content=\"image\/jpeg\" \/>\n<meta name=\"twitter:card\" content=\"summary_large_image\" \/>\n<script type=\"application\/ld+json\" class=\"yoast-schema-graph\">{\"@context\":\"https:\\\/\\\/schema.org\",\"@graph\":[{\"@type\":\"WebPage\",\"@id\":\"https:\\\/\\\/accessrec.eu\\\/lv\\\/celini-un-piekluves-paklaji\\\/accesscom-komunikacijas-riks-jusu-celojumam\\\/\",\"url\":\"https:\\\/\\\/accessrec.eu\\\/lv\\\/celini-un-piekluves-paklaji\\\/accesscom-komunikacijas-riks-jusu-celojumam\\\/\",\"name\":\"Mobi-Com - komunik\u0101cijas r\u012bks j\u016bsu ce\u013cojumam | Accessrec\",\"isPartOf\":{\"@id\":\"https:\\\/\\\/accessrec.eu\\\/lv\\\/#website\"},\"primaryImageOfPage\":{\"@id\":\"https:\\\/\\\/accessrec.eu\\\/lv\\\/celini-un-piekluves-paklaji\\\/accesscom-komunikacijas-riks-jusu-celojumam\\\/#primaryimage\"},\"image\":{\"@id\":\"https:\\\/\\\/accessrec.eu\\\/lv\\\/celini-un-piekluves-paklaji\\\/accesscom-komunikacijas-riks-jusu-celojumam\\\/#primaryimage\"},\"thumbnailUrl\":\"https:\\\/\\\/accessrec.eu\\\/wp-content\\\/uploads\\\/2023\\\/01\\\/Sans-titre-14.jpg\",\"datePublished\":\"2023-10-31T08:48:33+00:00\",\"dateModified\":\"2024-05-17T17:07:48+00:00\",\"breadcrumb\":{\"@id\":\"https:\\\/\\\/accessrec.eu\\\/lv\\\/celini-un-piekluves-paklaji\\\/accesscom-komunikacijas-riks-jusu-celojumam\\\/#breadcrumb\"},\"inLanguage\":\"lv-LV\",\"potentialAction\":[{\"@type\":\"ReadAction\",\"target\":[\"https:\\\/\\\/accessrec.eu\\\/lv\\\/celini-un-piekluves-paklaji\\\/accesscom-komunikacijas-riks-jusu-celojumam\\\/\"]}]},{\"@type\":\"ImageObject\",\"inLanguage\":\"lv-LV\",\"@id\":\"https:\\\/\\\/accessrec.eu\\\/lv\\\/celini-un-piekluves-paklaji\\\/accesscom-komunikacijas-riks-jusu-celojumam\\\/#primaryimage\",\"url\":\"https:\\\/\\\/accessrec.eu\\\/wp-content\\\/uploads\\\/2023\\\/01\\\/Sans-titre-14.jpg\",\"contentUrl\":\"https:\\\/\\\/accessrec.eu\\\/wp-content\\\/uploads\\\/2023\\\/01\\\/Sans-titre-14.jpg\",\"width\":855,\"height\":624,\"caption\":\"Accesscom\"},{\"@type\":\"BreadcrumbList\",\"@id\":\"https:\\\/\\\/accessrec.eu\\\/lv\\\/celini-un-piekluves-paklaji\\\/accesscom-komunikacijas-riks-jusu-celojumam\\\/#breadcrumb\",\"itemListElement\":[{\"@type\":\"ListItem\",\"position\":1,\"name\":\"Accueil\",\"item\":\"https:\\\/\\\/accessrec.eu\\\/lv\\\/?page_id=36644\"},{\"@type\":\"ListItem\",\"position\":2,\"name\":\"Products\",\"item\":\"https:\\\/\\\/accessrec.eu\\\/lv\\\/shop\\\/\"},{\"@type\":\"ListItem\",\"position\":3,\"name\":\"Kust\u012bbas un piek\u013cuves pakl\u0101ji\u0146i\",\"item\":\"https:\\\/\\\/accessrec.eu\\\/lv\\\/kustibas-un-piekluves-paklajini\\\/\"},{\"@type\":\"ListItem\",\"position\":4,\"name\":\"Skr\u0113j\u0113ji un pakl\u0101ji\",\"item\":\"https:\\\/\\\/accessrec.eu\\\/lv\\\/kustibas-un-piekluves-paklajini\\\/skrejeji-un-paklaji\\\/\"},{\"@type\":\"ListItem\",\"position\":5,\"name\":\"Accesscom &#8211; komunik\u0101cijas r\u012bks j\u016bsu ce\u013cojumam\"}]},{\"@type\":\"WebSite\",\"@id\":\"https:\\\/\\\/accessrec.eu\\\/lv\\\/#website\",\"url\":\"https:\\\/\\\/accessrec.eu\\\/lv\\\/\",\"name\":\"Accessrec\",\"description\":\"\",\"publisher\":{\"@id\":\"https:\\\/\\\/accessrec.eu\\\/lv\\\/#organization\"},\"potentialAction\":[{\"@type\":\"SearchAction\",\"target\":{\"@type\":\"EntryPoint\",\"urlTemplate\":\"https:\\\/\\\/accessrec.eu\\\/lv\\\/?s={search_term_string}\"},\"query-input\":{\"@type\":\"PropertyValueSpecification\",\"valueRequired\":true,\"valueName\":\"search_term_string\"}}],\"inLanguage\":\"lv-LV\"},{\"@type\":\"Organization\",\"@id\":\"https:\\\/\\\/accessrec.eu\\\/lv\\\/#organization\",\"name\":\"Accessrec\",\"url\":\"https:\\\/\\\/accessrec.eu\\\/lv\\\/\",\"logo\":{\"@type\":\"ImageObject\",\"inLanguage\":\"lv-LV\",\"@id\":\"https:\\\/\\\/accessrec.eu\\\/lv\\\/#\\\/schema\\\/logo\\\/image\\\/\",\"url\":\"https:\\\/\\\/accessrec.eu\\\/wp-content\\\/uploads\\\/2025\\\/11\\\/accessrec-by-deschamps.webp\",\"contentUrl\":\"https:\\\/\\\/accessrec.eu\\\/wp-content\\\/uploads\\\/2025\\\/11\\\/accessrec-by-deschamps.webp\",\"width\":600,\"height\":150,\"caption\":\"Accessrec\"},\"image\":{\"@id\":\"https:\\\/\\\/accessrec.eu\\\/lv\\\/#\\\/schema\\\/logo\\\/image\\\/\"}}]}<\/script>\n<!-- \/ Yoast SEO plugin. -->","yoast_head_json":{"title":"Mobi-Com - komunik\u0101cijas r\u012bks j\u016bsu ce\u013cojumam | Accessrec","robots":{"index":"index","follow":"follow","max-snippet":"max-snippet:-1","max-image-preview":"max-image-preview:large","max-video-preview":"max-video-preview:-1"},"canonical":"https:\/\/accessrec.eu\/lv\/celini-un-piekluves-paklaji\/accesscom-komunikacijas-riks-jusu-celojumam\/","og_locale":"lv_LV","og_type":"article","og_title":"Mobi-Com - komunik\u0101cijas r\u012bks j\u016bsu ce\u013cojumam | Accessrec","og_description":"Komunik\u0101cijas atbalsts pakl\u0101jiem.","og_url":"https:\/\/accessrec.eu\/lv\/celini-un-piekluves-paklaji\/accesscom-komunikacijas-riks-jusu-celojumam\/","og_site_name":"Accessrec","article_modified_time":"2024-05-17T17:07:48+00:00","og_image":[{"width":855,"height":624,"url":"https:\/\/accessrec.eu\/wp-content\/uploads\/2023\/01\/Sans-titre-14.jpg","type":"image\/jpeg"}],"twitter_card":"summary_large_image","schema":{"@context":"https:\/\/schema.org","@graph":[{"@type":"WebPage","@id":"https:\/\/accessrec.eu\/lv\/celini-un-piekluves-paklaji\/accesscom-komunikacijas-riks-jusu-celojumam\/","url":"https:\/\/accessrec.eu\/lv\/celini-un-piekluves-paklaji\/accesscom-komunikacijas-riks-jusu-celojumam\/","name":"Mobi-Com - komunik\u0101cijas r\u012bks j\u016bsu ce\u013cojumam | Accessrec","isPartOf":{"@id":"https:\/\/accessrec.eu\/lv\/#website"},"primaryImageOfPage":{"@id":"https:\/\/accessrec.eu\/lv\/celini-un-piekluves-paklaji\/accesscom-komunikacijas-riks-jusu-celojumam\/#primaryimage"},"image":{"@id":"https:\/\/accessrec.eu\/lv\/celini-un-piekluves-paklaji\/accesscom-komunikacijas-riks-jusu-celojumam\/#primaryimage"},"thumbnailUrl":"https:\/\/accessrec.eu\/wp-content\/uploads\/2023\/01\/Sans-titre-14.jpg","datePublished":"2023-10-31T08:48:33+00:00","dateModified":"2024-05-17T17:07:48+00:00","breadcrumb":{"@id":"https:\/\/accessrec.eu\/lv\/celini-un-piekluves-paklaji\/accesscom-komunikacijas-riks-jusu-celojumam\/#breadcrumb"},"inLanguage":"lv-LV","potentialAction":[{"@type":"ReadAction","target":["https:\/\/accessrec.eu\/lv\/celini-un-piekluves-paklaji\/accesscom-komunikacijas-riks-jusu-celojumam\/"]}]},{"@type":"ImageObject","inLanguage":"lv-LV","@id":"https:\/\/accessrec.eu\/lv\/celini-un-piekluves-paklaji\/accesscom-komunikacijas-riks-jusu-celojumam\/#primaryimage","url":"https:\/\/accessrec.eu\/wp-content\/uploads\/2023\/01\/Sans-titre-14.jpg","contentUrl":"https:\/\/accessrec.eu\/wp-content\/uploads\/2023\/01\/Sans-titre-14.jpg","width":855,"height":624,"caption":"Accesscom"},{"@type":"BreadcrumbList","@id":"https:\/\/accessrec.eu\/lv\/celini-un-piekluves-paklaji\/accesscom-komunikacijas-riks-jusu-celojumam\/#breadcrumb","itemListElement":[{"@type":"ListItem","position":1,"name":"Accueil","item":"https:\/\/accessrec.eu\/lv\/?page_id=36644"},{"@type":"ListItem","position":2,"name":"Products","item":"https:\/\/accessrec.eu\/lv\/shop\/"},{"@type":"ListItem","position":3,"name":"Kust\u012bbas un piek\u013cuves pakl\u0101ji\u0146i","item":"https:\/\/accessrec.eu\/lv\/kustibas-un-piekluves-paklajini\/"},{"@type":"ListItem","position":4,"name":"Skr\u0113j\u0113ji un pakl\u0101ji","item":"https:\/\/accessrec.eu\/lv\/kustibas-un-piekluves-paklajini\/skrejeji-un-paklaji\/"},{"@type":"ListItem","position":5,"name":"Accesscom &#8211; komunik\u0101cijas r\u012bks j\u016bsu ce\u013cojumam"}]},{"@type":"WebSite","@id":"https:\/\/accessrec.eu\/lv\/#website","url":"https:\/\/accessrec.eu\/lv\/","name":"Accessrec","description":"","publisher":{"@id":"https:\/\/accessrec.eu\/lv\/#organization"},"potentialAction":[{"@type":"SearchAction","target":{"@type":"EntryPoint","urlTemplate":"https:\/\/accessrec.eu\/lv\/?s={search_term_string}"},"query-input":{"@type":"PropertyValueSpecification","valueRequired":true,"valueName":"search_term_string"}}],"inLanguage":"lv-LV"},{"@type":"Organization","@id":"https:\/\/accessrec.eu\/lv\/#organization","name":"Accessrec","url":"https:\/\/accessrec.eu\/lv\/","logo":{"@type":"ImageObject","inLanguage":"lv-LV","@id":"https:\/\/accessrec.eu\/lv\/#\/schema\/logo\/image\/","url":"https:\/\/accessrec.eu\/wp-content\/uploads\/2025\/11\/accessrec-by-deschamps.webp","contentUrl":"https:\/\/accessrec.eu\/wp-content\/uploads\/2025\/11\/accessrec-by-deschamps.webp","width":600,"height":150,"caption":"Accessrec"},"image":{"@id":"https:\/\/accessrec.eu\/lv\/#\/schema\/logo\/image\/"}}]}},"_links":{"self":[{"href":"https:\/\/accessrec.eu\/lv\/wp-json\/wp\/v2\/product\/22226","targetHints":{"allow":["GET"]}}],"collection":[{"href":"https:\/\/accessrec.eu\/lv\/wp-json\/wp\/v2\/product"}],"about":[{"href":"https:\/\/accessrec.eu\/lv\/wp-json\/wp\/v2\/types\/product"}],"replies":[{"embeddable":true,"href":"https:\/\/accessrec.eu\/lv\/wp-json\/wp\/v2\/comments?post=22226"}],"wp:featuredmedia":[{"embeddable":true,"href":"https:\/\/accessrec.eu\/lv\/wp-json\/wp\/v2\/media\/22229"}],"wp:attachment":[{"href":"https:\/\/accessrec.eu\/lv\/wp-json\/wp\/v2\/media?parent=22226"}],"wp:term":[{"taxonomy":"product_brand","embeddable":true,"href":"https:\/\/accessrec.eu\/lv\/wp-json\/wp\/v2\/product_brand?post=22226"},{"taxonomy":"product_cat","embeddable":true,"href":"https:\/\/accessrec.eu\/lv\/wp-json\/wp\/v2\/product_cat?post=22226"},{"taxonomy":"product_tag","embeddable":true,"href":"https:\/\/accessrec.eu\/lv\/wp-json\/wp\/v2\/product_tag?post=22226"}],"curies":[{"name":"wp","href":"https:\/\/api.w.org\/{rel}","templated":true}]}}