{"id":16139,"date":"2023-01-19T15:07:18","date_gmt":"2023-01-19T14:07:18","guid":{"rendered":"https:\/\/accessrec.eu\/product\/ukategorisert\/aquaaccess-mobile-den-mobile-bassengheisen\/"},"modified":"2024-05-28T09:23:33","modified_gmt":"2024-05-28T07:23:33","slug":"uten-tilgang-til-bassenget","status":"publish","type":"product","link":"https:\/\/accessrec.eu\/no\/bevegelses-og-tilgangsmatter\/utstyr\/uten-tilgang-til-bassenget\/","title":{"rendered":"Aquaaccess Mobile &#8211; Den mobile bassengheisen"},"content":{"rendered":"","protected":false},"excerpt":{"rendered":"<p>Mobil bassengheis<\/p>\n","protected":false},"featured_media":33450,"comment_status":"closed","ping_status":"closed","template":"","meta":{"_acf_changed":false,"site-sidebar-layout":"default","site-content-layout":"default","ast-site-content-layout":"default","site-content-style":"default","site-sidebar-style":"default","ast-global-header-display":"","ast-banner-title-visibility":"","ast-main-header-display":"","ast-hfb-above-header-display":"","ast-hfb-below-header-display":"","ast-hfb-mobile-header-display":"","site-post-title":"","ast-breadcrumbs-content":"","ast-featured-img":"","footer-sml-layout":"","theme-transparent-header-meta":"default","adv-header-id-meta":"","stick-header-meta":"","header-above-stick-meta":"","header-main-stick-meta":"","header-below-stick-meta":"","astra-migrate-meta-layouts":"default","ast-page-background-enabled":"default","ast-page-background-meta":{"desktop":{"background-color":"","background-image":"","background-repeat":"repeat","background-position":"center center","background-size":"auto","background-attachment":"scroll","background-type":"","background-media":"","overlay-type":"","overlay-color":"","overlay-opacity":"","overlay-gradient":""},"tablet":{"background-color":"","background-image":"","background-repeat":"repeat","background-position":"center center","background-size":"auto","background-attachment":"scroll","background-type":"","background-media":"","overlay-type":"","overlay-color":"","overlay-opacity":"","overlay-gradient":""},"mobile":{"background-color":"","background-image":"","background-repeat":"repeat","background-position":"center center","background-size":"auto","background-attachment":"scroll","background-type":"","background-media":"","overlay-type":"","overlay-color":"","overlay-opacity":"","overlay-gradient":""}},"ast-content-background-meta":{"desktop":{"background-color":"var(--ast-global-color-5)","background-image":"","background-repeat":"repeat","background-position":"center center","background-size":"auto","background-attachment":"scroll","background-type":"","background-media":"","overlay-type":"","overlay-color":"","overlay-opacity":"","overlay-gradient":""},"tablet":{"background-color":"var(--ast-global-color-5)","background-image":"","background-repeat":"repeat","background-position":"center center","background-size":"auto","background-attachment":"scroll","background-type":"","background-media":"","overlay-type":"","overlay-color":"","overlay-opacity":"","overlay-gradient":""},"mobile":{"background-color":"var(--ast-global-color-5)","background-image":"","background-repeat":"repeat","background-position":"center center","background-size":"auto","background-attachment":"scroll","background-type":"","background-media":"","overlay-type":"","overlay-color":"","overlay-opacity":"","overlay-gradient":""}}},"product_brand":[],"product_cat":[1204,1320],"product_tag":[],"class_list":{"0":"post-16139","1":"product","2":"type-product","3":"status-publish","4":"has-post-thumbnail","6":"product_cat-basseng","7":"product_cat-utstyr","8":"product_shipping_class-gratis-frakt","9":"desktop-align-left","10":"tablet-align-left","11":"mobile-align-left","13":"first","14":"instock","15":"taxable","16":"shipping-taxable","17":"purchasable","18":"product-type-simple"},"acf":[],"yoast_head":"<!-- This site is optimized with the Yoast SEO plugin v27.5 - https:\/\/yoast.com\/product\/yoast-seo-wordpress\/ -->\n<title>Aquaaccess Mobile - Den mobile bassengheisen | Accessrec<\/title>\n<meta name=\"description\" content=\"Aquaccess Mobile er en mobil heis for innend\u00f8rs eller utend\u00f8rs bassenger egnet for personer med redusert mobilitet (PRM), ideell for \u00e5 flytte og flytte komfortabelt fra garderoben til bassengkanten.\" \/>\n<meta name=\"robots\" content=\"index, follow, max-snippet:-1, max-image-preview:large, max-video-preview:-1\" \/>\n<link rel=\"canonical\" href=\"https:\/\/accessrec.eu\/no\/bevegelses-og-tilgangsmatter\/utstyr\/uten-tilgang-til-bassenget\/\" \/>\n<meta property=\"og:locale\" content=\"nb_NO\" \/>\n<meta property=\"og:type\" content=\"article\" \/>\n<meta property=\"og:title\" content=\"Aquaaccess Mobile - Den mobile bassengheisen | Accessrec\" \/>\n<meta property=\"og:description\" content=\"Aquaccess Mobile er en mobil heis for innend\u00f8rs eller utend\u00f8rs bassenger egnet for personer med redusert mobilitet (PRM), ideell for \u00e5 flytte og flytte komfortabelt fra garderoben til bassengkanten.\" \/>\n<meta property=\"og:url\" content=\"https:\/\/accessrec.eu\/no\/bevegelses-og-tilgangsmatter\/utstyr\/uten-tilgang-til-bassenget\/\" \/>\n<meta property=\"og:site_name\" content=\"Accessrec\" \/>\n<meta property=\"article:modified_time\" content=\"2024-05-28T07:23:33+00:00\" \/>\n<meta property=\"og:image\" content=\"https:\/\/accessrec.eu\/wp-content\/uploads\/2024\/03\/aquaccess-mobile-1.png\" \/>\n\t<meta property=\"og:image:width\" content=\"855\" \/>\n\t<meta property=\"og:image:height\" content=\"624\" \/>\n\t<meta property=\"og:image:type\" content=\"image\/png\" \/>\n<meta name=\"twitter:card\" content=\"summary_large_image\" \/>\n<script type=\"application\/ld+json\" class=\"yoast-schema-graph\">{\"@context\":\"https:\\\/\\\/schema.org\",\"@graph\":[{\"@type\":\"WebPage\",\"@id\":\"https:\\\/\\\/accessrec.eu\\\/no\\\/bevegelses-og-tilgangsmatter\\\/utstyr\\\/uten-tilgang-til-bassenget\\\/\",\"url\":\"https:\\\/\\\/accessrec.eu\\\/no\\\/bevegelses-og-tilgangsmatter\\\/utstyr\\\/uten-tilgang-til-bassenget\\\/\",\"name\":\"Aquaaccess Mobile - Den mobile bassengheisen | Accessrec\",\"isPartOf\":{\"@id\":\"https:\\\/\\\/accessrec.eu\\\/no\\\/#website\"},\"primaryImageOfPage\":{\"@id\":\"https:\\\/\\\/accessrec.eu\\\/no\\\/bevegelses-og-tilgangsmatter\\\/utstyr\\\/uten-tilgang-til-bassenget\\\/#primaryimage\"},\"image\":{\"@id\":\"https:\\\/\\\/accessrec.eu\\\/no\\\/bevegelses-og-tilgangsmatter\\\/utstyr\\\/uten-tilgang-til-bassenget\\\/#primaryimage\"},\"thumbnailUrl\":\"https:\\\/\\\/accessrec.eu\\\/wp-content\\\/uploads\\\/2023\\\/01\\\/DSCF6052-topaz-sharpen-scaled.jpg\",\"datePublished\":\"2023-01-19T14:07:18+00:00\",\"dateModified\":\"2024-05-28T07:23:33+00:00\",\"description\":\"Aquaccess Mobile er en mobil heis for innend\u00f8rs eller utend\u00f8rs bassenger egnet for personer med redusert mobilitet (PRM), ideell for \u00e5 flytte og flytte komfortabelt fra garderoben til bassengkanten.\",\"breadcrumb\":{\"@id\":\"https:\\\/\\\/accessrec.eu\\\/no\\\/bevegelses-og-tilgangsmatter\\\/utstyr\\\/uten-tilgang-til-bassenget\\\/#breadcrumb\"},\"inLanguage\":\"nb-NO\",\"potentialAction\":[{\"@type\":\"ReadAction\",\"target\":[\"https:\\\/\\\/accessrec.eu\\\/no\\\/bevegelses-og-tilgangsmatter\\\/utstyr\\\/uten-tilgang-til-bassenget\\\/\"]}]},{\"@type\":\"ImageObject\",\"inLanguage\":\"nb-NO\",\"@id\":\"https:\\\/\\\/accessrec.eu\\\/no\\\/bevegelses-og-tilgangsmatter\\\/utstyr\\\/uten-tilgang-til-bassenget\\\/#primaryimage\",\"url\":\"https:\\\/\\\/accessrec.eu\\\/wp-content\\\/uploads\\\/2023\\\/01\\\/DSCF6052-topaz-sharpen-scaled.jpg\",\"contentUrl\":\"https:\\\/\\\/accessrec.eu\\\/wp-content\\\/uploads\\\/2023\\\/01\\\/DSCF6052-topaz-sharpen-scaled.jpg\",\"width\":2560,\"height\":1707},{\"@type\":\"BreadcrumbList\",\"@id\":\"https:\\\/\\\/accessrec.eu\\\/no\\\/bevegelses-og-tilgangsmatter\\\/utstyr\\\/uten-tilgang-til-bassenget\\\/#breadcrumb\",\"itemListElement\":[{\"@type\":\"ListItem\",\"position\":1,\"name\":\"Accueil\",\"item\":\"https:\\\/\\\/accessrec.eu\\\/no\\\/?page_id=36620\"},{\"@type\":\"ListItem\",\"position\":2,\"name\":\"Produkter\",\"item\":\"https:\\\/\\\/accessrec.eu\\\/no\\\/shop\\\/\"},{\"@type\":\"ListItem\",\"position\":3,\"name\":\"Sv\u00f8mming og sj\u00f8setting\",\"item\":\"https:\\\/\\\/accessrec.eu\\\/no\\\/svomming-og-sjosetting\\\/\"},{\"@type\":\"ListItem\",\"position\":4,\"name\":\"Basseng\",\"item\":\"https:\\\/\\\/accessrec.eu\\\/no\\\/svomming-og-sjosetting\\\/basseng\\\/\"},{\"@type\":\"ListItem\",\"position\":5,\"name\":\"Aquaaccess Mobile &#8211; Den mobile bassengheisen\"}]},{\"@type\":\"WebSite\",\"@id\":\"https:\\\/\\\/accessrec.eu\\\/no\\\/#website\",\"url\":\"https:\\\/\\\/accessrec.eu\\\/no\\\/\",\"name\":\"Accessrec\",\"description\":\"\",\"publisher\":{\"@id\":\"https:\\\/\\\/accessrec.eu\\\/no\\\/#organization\"},\"potentialAction\":[{\"@type\":\"SearchAction\",\"target\":{\"@type\":\"EntryPoint\",\"urlTemplate\":\"https:\\\/\\\/accessrec.eu\\\/no\\\/?s={search_term_string}\"},\"query-input\":{\"@type\":\"PropertyValueSpecification\",\"valueRequired\":true,\"valueName\":\"search_term_string\"}}],\"inLanguage\":\"nb-NO\"},{\"@type\":\"Organization\",\"@id\":\"https:\\\/\\\/accessrec.eu\\\/no\\\/#organization\",\"name\":\"Accessrec\",\"url\":\"https:\\\/\\\/accessrec.eu\\\/no\\\/\",\"logo\":{\"@type\":\"ImageObject\",\"inLanguage\":\"nb-NO\",\"@id\":\"https:\\\/\\\/accessrec.eu\\\/no\\\/#\\\/schema\\\/logo\\\/image\\\/\",\"url\":\"https:\\\/\\\/accessrec.eu\\\/wp-content\\\/uploads\\\/2025\\\/11\\\/accessrec-by-deschamps.webp\",\"contentUrl\":\"https:\\\/\\\/accessrec.eu\\\/wp-content\\\/uploads\\\/2025\\\/11\\\/accessrec-by-deschamps.webp\",\"width\":600,\"height\":150,\"caption\":\"Accessrec\"},\"image\":{\"@id\":\"https:\\\/\\\/accessrec.eu\\\/no\\\/#\\\/schema\\\/logo\\\/image\\\/\"}}]}<\/script>\n<!-- \/ Yoast SEO plugin. -->","yoast_head_json":{"title":"Aquaaccess Mobile - Den mobile bassengheisen | Accessrec","description":"Aquaccess Mobile er en mobil heis for innend\u00f8rs eller utend\u00f8rs bassenger egnet for personer med redusert mobilitet (PRM), ideell for \u00e5 flytte og flytte komfortabelt fra garderoben til bassengkanten.","robots":{"index":"index","follow":"follow","max-snippet":"max-snippet:-1","max-image-preview":"max-image-preview:large","max-video-preview":"max-video-preview:-1"},"canonical":"https:\/\/accessrec.eu\/no\/bevegelses-og-tilgangsmatter\/utstyr\/uten-tilgang-til-bassenget\/","og_locale":"nb_NO","og_type":"article","og_title":"Aquaaccess Mobile - Den mobile bassengheisen | Accessrec","og_description":"Aquaccess Mobile er en mobil heis for innend\u00f8rs eller utend\u00f8rs bassenger egnet for personer med redusert mobilitet (PRM), ideell for \u00e5 flytte og flytte komfortabelt fra garderoben til bassengkanten.","og_url":"https:\/\/accessrec.eu\/no\/bevegelses-og-tilgangsmatter\/utstyr\/uten-tilgang-til-bassenget\/","og_site_name":"Accessrec","article_modified_time":"2024-05-28T07:23:33+00:00","og_image":[{"width":855,"height":624,"url":"https:\/\/accessrec.eu\/wp-content\/uploads\/2024\/03\/aquaccess-mobile-1.png","type":"image\/png"}],"twitter_card":"summary_large_image","schema":{"@context":"https:\/\/schema.org","@graph":[{"@type":"WebPage","@id":"https:\/\/accessrec.eu\/no\/bevegelses-og-tilgangsmatter\/utstyr\/uten-tilgang-til-bassenget\/","url":"https:\/\/accessrec.eu\/no\/bevegelses-og-tilgangsmatter\/utstyr\/uten-tilgang-til-bassenget\/","name":"Aquaaccess Mobile - Den mobile bassengheisen | Accessrec","isPartOf":{"@id":"https:\/\/accessrec.eu\/no\/#website"},"primaryImageOfPage":{"@id":"https:\/\/accessrec.eu\/no\/bevegelses-og-tilgangsmatter\/utstyr\/uten-tilgang-til-bassenget\/#primaryimage"},"image":{"@id":"https:\/\/accessrec.eu\/no\/bevegelses-og-tilgangsmatter\/utstyr\/uten-tilgang-til-bassenget\/#primaryimage"},"thumbnailUrl":"https:\/\/accessrec.eu\/wp-content\/uploads\/2023\/01\/DSCF6052-topaz-sharpen-scaled.jpg","datePublished":"2023-01-19T14:07:18+00:00","dateModified":"2024-05-28T07:23:33+00:00","description":"Aquaccess Mobile er en mobil heis for innend\u00f8rs eller utend\u00f8rs bassenger egnet for personer med redusert mobilitet (PRM), ideell for \u00e5 flytte og flytte komfortabelt fra garderoben til bassengkanten.","breadcrumb":{"@id":"https:\/\/accessrec.eu\/no\/bevegelses-og-tilgangsmatter\/utstyr\/uten-tilgang-til-bassenget\/#breadcrumb"},"inLanguage":"nb-NO","potentialAction":[{"@type":"ReadAction","target":["https:\/\/accessrec.eu\/no\/bevegelses-og-tilgangsmatter\/utstyr\/uten-tilgang-til-bassenget\/"]}]},{"@type":"ImageObject","inLanguage":"nb-NO","@id":"https:\/\/accessrec.eu\/no\/bevegelses-og-tilgangsmatter\/utstyr\/uten-tilgang-til-bassenget\/#primaryimage","url":"https:\/\/accessrec.eu\/wp-content\/uploads\/2023\/01\/DSCF6052-topaz-sharpen-scaled.jpg","contentUrl":"https:\/\/accessrec.eu\/wp-content\/uploads\/2023\/01\/DSCF6052-topaz-sharpen-scaled.jpg","width":2560,"height":1707},{"@type":"BreadcrumbList","@id":"https:\/\/accessrec.eu\/no\/bevegelses-og-tilgangsmatter\/utstyr\/uten-tilgang-til-bassenget\/#breadcrumb","itemListElement":[{"@type":"ListItem","position":1,"name":"Accueil","item":"https:\/\/accessrec.eu\/no\/?page_id=36620"},{"@type":"ListItem","position":2,"name":"Produkter","item":"https:\/\/accessrec.eu\/no\/shop\/"},{"@type":"ListItem","position":3,"name":"Sv\u00f8mming og sj\u00f8setting","item":"https:\/\/accessrec.eu\/no\/svomming-og-sjosetting\/"},{"@type":"ListItem","position":4,"name":"Basseng","item":"https:\/\/accessrec.eu\/no\/svomming-og-sjosetting\/basseng\/"},{"@type":"ListItem","position":5,"name":"Aquaaccess Mobile &#8211; Den mobile bassengheisen"}]},{"@type":"WebSite","@id":"https:\/\/accessrec.eu\/no\/#website","url":"https:\/\/accessrec.eu\/no\/","name":"Accessrec","description":"","publisher":{"@id":"https:\/\/accessrec.eu\/no\/#organization"},"potentialAction":[{"@type":"SearchAction","target":{"@type":"EntryPoint","urlTemplate":"https:\/\/accessrec.eu\/no\/?s={search_term_string}"},"query-input":{"@type":"PropertyValueSpecification","valueRequired":true,"valueName":"search_term_string"}}],"inLanguage":"nb-NO"},{"@type":"Organization","@id":"https:\/\/accessrec.eu\/no\/#organization","name":"Accessrec","url":"https:\/\/accessrec.eu\/no\/","logo":{"@type":"ImageObject","inLanguage":"nb-NO","@id":"https:\/\/accessrec.eu\/no\/#\/schema\/logo\/image\/","url":"https:\/\/accessrec.eu\/wp-content\/uploads\/2025\/11\/accessrec-by-deschamps.webp","contentUrl":"https:\/\/accessrec.eu\/wp-content\/uploads\/2025\/11\/accessrec-by-deschamps.webp","width":600,"height":150,"caption":"Accessrec"},"image":{"@id":"https:\/\/accessrec.eu\/no\/#\/schema\/logo\/image\/"}}]}},"_links":{"self":[{"href":"https:\/\/accessrec.eu\/no\/wp-json\/wp\/v2\/product\/16139","targetHints":{"allow":["GET"]}}],"collection":[{"href":"https:\/\/accessrec.eu\/no\/wp-json\/wp\/v2\/product"}],"about":[{"href":"https:\/\/accessrec.eu\/no\/wp-json\/wp\/v2\/types\/product"}],"replies":[{"embeddable":true,"href":"https:\/\/accessrec.eu\/no\/wp-json\/wp\/v2\/comments?post=16139"}],"wp:featuredmedia":[{"embeddable":true,"href":"https:\/\/accessrec.eu\/no\/wp-json\/wp\/v2\/media\/33450"}],"wp:attachment":[{"href":"https:\/\/accessrec.eu\/no\/wp-json\/wp\/v2\/media?parent=16139"}],"wp:term":[{"taxonomy":"product_brand","embeddable":true,"href":"https:\/\/accessrec.eu\/no\/wp-json\/wp\/v2\/product_brand?post=16139"},{"taxonomy":"product_cat","embeddable":true,"href":"https:\/\/accessrec.eu\/no\/wp-json\/wp\/v2\/product_cat?post=16139"},{"taxonomy":"product_tag","embeddable":true,"href":"https:\/\/accessrec.eu\/no\/wp-json\/wp\/v2\/product_tag?post=16139"}],"curies":[{"name":"wp","href":"https:\/\/api.w.org\/{rel}","templated":true}]}}