{"id":17319,"date":"2022-02-14T11:02:39","date_gmt":"2022-02-14T10:02:39","guid":{"rendered":"https:\/\/accessrec.eu\/product\/bez-kategorii\/waterwheels-plywajacy-fotel-kapielowy-dla-amfibii-prm\/"},"modified":"2024-05-28T09:21:59","modified_gmt":"2024-05-28T07:21:59","slug":"kola-wodne","status":"publish","type":"product","link":"https:\/\/accessrec.eu\/pl\/maty-do-poruszania-sie-i-dostepu\/fotele\/kola-wodne\/","title":{"rendered":"Ko\u0142a wodne &#8211; amfibia PRM z p\u0142ywaj\u0105cym fotelem k\u0105pielowym"},"content":{"rendered":"","protected":false},"excerpt":{"rendered":"<p>Amfibia PRM &#8211; p\u0142ywaj\u0105cy fotel k\u0105pielowy<\/p>\n","protected":false},"featured_media":34930,"comment_status":"open","ping_status":"closed","template":"","meta":{"_acf_changed":false,"site-sidebar-layout":"default","site-content-layout":"default","ast-site-content-layout":"default","site-content-style":"default","site-sidebar-style":"default","ast-global-header-display":"","ast-banner-title-visibility":"","ast-main-header-display":"","ast-hfb-above-header-display":"","ast-hfb-below-header-display":"","ast-hfb-mobile-header-display":"","site-post-title":"","ast-breadcrumbs-content":"","ast-featured-img":"","footer-sml-layout":"","theme-transparent-header-meta":"default","adv-header-id-meta":"","stick-header-meta":"","header-above-stick-meta":"","header-main-stick-meta":"","header-below-stick-meta":"","astra-migrate-meta-layouts":"default","ast-page-background-enabled":"default","ast-page-background-meta":{"desktop":{"background-color":"","background-image":"","background-repeat":"repeat","background-position":"center center","background-size":"auto","background-attachment":"scroll","background-type":"","background-media":"","overlay-type":"","overlay-color":"","overlay-opacity":"","overlay-gradient":""},"tablet":{"background-color":"","background-image":"","background-repeat":"repeat","background-position":"center center","background-size":"auto","background-attachment":"scroll","background-type":"","background-media":"","overlay-type":"","overlay-color":"","overlay-opacity":"","overlay-gradient":""},"mobile":{"background-color":"","background-image":"","background-repeat":"repeat","background-position":"center center","background-size":"auto","background-attachment":"scroll","background-type":"","background-media":"","overlay-type":"","overlay-color":"","overlay-opacity":"","overlay-gradient":""}},"ast-content-background-meta":{"desktop":{"background-color":"var(--ast-global-color-5)","background-image":"","background-repeat":"repeat","background-position":"center center","background-size":"auto","background-attachment":"scroll","background-type":"","background-media":"","overlay-type":"","overlay-color":"","overlay-opacity":"","overlay-gradient":""},"tablet":{"background-color":"var(--ast-global-color-5)","background-image":"","background-repeat":"repeat","background-position":"center center","background-size":"auto","background-attachment":"scroll","background-type":"","background-media":"","overlay-type":"","overlay-color":"","overlay-opacity":"","overlay-gradient":""},"mobile":{"background-color":"var(--ast-global-color-5)","background-image":"","background-repeat":"repeat","background-position":"center center","background-size":"auto","background-attachment":"scroll","background-type":"","background-media":"","overlay-type":"","overlay-color":"","overlay-opacity":"","overlay-gradient":""}}},"product_brand":[],"product_cat":[1205,1330,1325],"product_tag":[],"class_list":{"0":"post-17319","1":"product","2":"type-product","3":"status-publish","4":"has-post-thumbnail","6":"product_cat-basen","7":"product_cat-fotele","8":"product_cat-plaza-pl","9":"desktop-align-left","10":"tablet-align-left","11":"mobile-align-left","13":"first","14":"instock","15":"taxable","16":"shipping-taxable","17":"purchasable","18":"product-type-simple"},"acf":[],"yoast_head":"<!-- This site is optimized with the Yoast SEO plugin v27.5 - https:\/\/yoast.com\/product\/yoast-seo-wordpress\/ -->\n<title>Ko\u0142a wodne - amfibia PRM z p\u0142ywaj\u0105cym fotelem k\u0105pielowym | Accessrec<\/title>\n<meta name=\"description\" content=\"Waterwheels to p\u0142ywaj\u0105cy w\u00f3zek inwalidzki, kt\u00f3ry umo\u017cliwia osobom o ograniczonej sprawno\u015bci ruchowej korzystanie z k\u0105pieli (pla\u017ca, morze, jezioro, basen).\" \/>\n<meta name=\"robots\" content=\"index, follow, max-snippet:-1, max-image-preview:large, max-video-preview:-1\" \/>\n<link rel=\"canonical\" href=\"https:\/\/accessrec.eu\/pl\/maty-do-poruszania-sie-i-dostepu\/fotele\/kola-wodne\/\" \/>\n<meta property=\"og:locale\" content=\"pl_PL\" \/>\n<meta property=\"og:type\" content=\"article\" \/>\n<meta property=\"og:title\" content=\"Ko\u0142a wodne - amfibia PRM z p\u0142ywaj\u0105cym fotelem k\u0105pielowym | Accessrec\" \/>\n<meta property=\"og:description\" content=\"Waterwheels to p\u0142ywaj\u0105cy w\u00f3zek inwalidzki, kt\u00f3ry umo\u017cliwia osobom o ograniczonej sprawno\u015bci ruchowej korzystanie z k\u0105pieli (pla\u017ca, morze, jezioro, basen).\" \/>\n<meta property=\"og:url\" content=\"https:\/\/accessrec.eu\/pl\/maty-do-poruszania-sie-i-dostepu\/fotele\/kola-wodne\/\" \/>\n<meta property=\"og:site_name\" content=\"Accessrec\" \/>\n<meta property=\"article:modified_time\" content=\"2024-05-28T07:21:59+00:00\" \/>\n<meta property=\"og:image\" content=\"https:\/\/accessrec.eu\/wp-content\/uploads\/2022\/02\/waterwheels-long.jpg\" \/>\n\t<meta property=\"og:image:width\" content=\"855\" \/>\n\t<meta property=\"og:image:height\" content=\"624\" \/>\n\t<meta property=\"og:image:type\" content=\"image\/jpeg\" \/>\n<meta name=\"twitter:card\" content=\"summary_large_image\" \/>\n<script type=\"application\/ld+json\" class=\"yoast-schema-graph\">{\"@context\":\"https:\\\/\\\/schema.org\",\"@graph\":[{\"@type\":\"WebPage\",\"@id\":\"https:\\\/\\\/accessrec.eu\\\/pl\\\/maty-do-poruszania-sie-i-dostepu\\\/fotele\\\/kola-wodne\\\/\",\"url\":\"https:\\\/\\\/accessrec.eu\\\/pl\\\/maty-do-poruszania-sie-i-dostepu\\\/fotele\\\/kola-wodne\\\/\",\"name\":\"Ko\u0142a wodne - amfibia PRM z p\u0142ywaj\u0105cym fotelem k\u0105pielowym | Accessrec\",\"isPartOf\":{\"@id\":\"https:\\\/\\\/accessrec.eu\\\/pl\\\/#website\"},\"primaryImageOfPage\":{\"@id\":\"https:\\\/\\\/accessrec.eu\\\/pl\\\/maty-do-poruszania-sie-i-dostepu\\\/fotele\\\/kola-wodne\\\/#primaryimage\"},\"image\":{\"@id\":\"https:\\\/\\\/accessrec.eu\\\/pl\\\/maty-do-poruszania-sie-i-dostepu\\\/fotele\\\/kola-wodne\\\/#primaryimage\"},\"thumbnailUrl\":\"https:\\\/\\\/accessrec.eu\\\/wp-content\\\/uploads\\\/2022\\\/02\\\/waterwheels-1.jpg\",\"datePublished\":\"2022-02-14T10:02:39+00:00\",\"dateModified\":\"2024-05-28T07:21:59+00:00\",\"description\":\"Waterwheels to p\u0142ywaj\u0105cy w\u00f3zek inwalidzki, kt\u00f3ry umo\u017cliwia osobom o ograniczonej sprawno\u015bci ruchowej korzystanie z k\u0105pieli (pla\u017ca, morze, jezioro, basen).\",\"breadcrumb\":{\"@id\":\"https:\\\/\\\/accessrec.eu\\\/pl\\\/maty-do-poruszania-sie-i-dostepu\\\/fotele\\\/kola-wodne\\\/#breadcrumb\"},\"inLanguage\":\"pl-PL\",\"potentialAction\":[{\"@type\":\"ReadAction\",\"target\":[\"https:\\\/\\\/accessrec.eu\\\/pl\\\/maty-do-poruszania-sie-i-dostepu\\\/fotele\\\/kola-wodne\\\/\"]}]},{\"@type\":\"ImageObject\",\"inLanguage\":\"pl-PL\",\"@id\":\"https:\\\/\\\/accessrec.eu\\\/pl\\\/maty-do-poruszania-sie-i-dostepu\\\/fotele\\\/kola-wodne\\\/#primaryimage\",\"url\":\"https:\\\/\\\/accessrec.eu\\\/wp-content\\\/uploads\\\/2022\\\/02\\\/waterwheels-1.jpg\",\"contentUrl\":\"https:\\\/\\\/accessrec.eu\\\/wp-content\\\/uploads\\\/2022\\\/02\\\/waterwheels-1.jpg\",\"width\":800,\"height\":786,\"caption\":\"waterwheels\"},{\"@type\":\"BreadcrumbList\",\"@id\":\"https:\\\/\\\/accessrec.eu\\\/pl\\\/maty-do-poruszania-sie-i-dostepu\\\/fotele\\\/kola-wodne\\\/#breadcrumb\",\"itemListElement\":[{\"@type\":\"ListItem\",\"position\":1,\"name\":\"Accueil\",\"item\":\"https:\\\/\\\/accessrec.eu\\\/pl\\\/?page_id=36822\"},{\"@type\":\"ListItem\",\"position\":2,\"name\":\"Produkty\",\"item\":\"https:\\\/\\\/accessrec.eu\\\/pl\\\/shop\\\/\"},{\"@type\":\"ListItem\",\"position\":3,\"name\":\"Maty do poruszania si\u0119 i dost\u0119pu\",\"item\":\"https:\\\/\\\/accessrec.eu\\\/pl\\\/maty-do-poruszania-sie-i-dostepu\\\/\"},{\"@type\":\"ListItem\",\"position\":4,\"name\":\"Fotele\",\"item\":\"https:\\\/\\\/accessrec.eu\\\/pl\\\/maty-do-poruszania-sie-i-dostepu\\\/fotele\\\/\"},{\"@type\":\"ListItem\",\"position\":5,\"name\":\"Ko\u0142a wodne &#8211; amfibia PRM z p\u0142ywaj\u0105cym fotelem k\u0105pielowym\"}]},{\"@type\":\"WebSite\",\"@id\":\"https:\\\/\\\/accessrec.eu\\\/pl\\\/#website\",\"url\":\"https:\\\/\\\/accessrec.eu\\\/pl\\\/\",\"name\":\"Accessrec\",\"description\":\"\",\"publisher\":{\"@id\":\"https:\\\/\\\/accessrec.eu\\\/pl\\\/#organization\"},\"potentialAction\":[{\"@type\":\"SearchAction\",\"target\":{\"@type\":\"EntryPoint\",\"urlTemplate\":\"https:\\\/\\\/accessrec.eu\\\/pl\\\/?s={search_term_string}\"},\"query-input\":{\"@type\":\"PropertyValueSpecification\",\"valueRequired\":true,\"valueName\":\"search_term_string\"}}],\"inLanguage\":\"pl-PL\"},{\"@type\":\"Organization\",\"@id\":\"https:\\\/\\\/accessrec.eu\\\/pl\\\/#organization\",\"name\":\"Accessrec\",\"url\":\"https:\\\/\\\/accessrec.eu\\\/pl\\\/\",\"logo\":{\"@type\":\"ImageObject\",\"inLanguage\":\"pl-PL\",\"@id\":\"https:\\\/\\\/accessrec.eu\\\/pl\\\/#\\\/schema\\\/logo\\\/image\\\/\",\"url\":\"https:\\\/\\\/accessrec.eu\\\/wp-content\\\/uploads\\\/2025\\\/11\\\/accessrec-by-deschamps.webp\",\"contentUrl\":\"https:\\\/\\\/accessrec.eu\\\/wp-content\\\/uploads\\\/2025\\\/11\\\/accessrec-by-deschamps.webp\",\"width\":600,\"height\":150,\"caption\":\"Accessrec\"},\"image\":{\"@id\":\"https:\\\/\\\/accessrec.eu\\\/pl\\\/#\\\/schema\\\/logo\\\/image\\\/\"}}]}<\/script>\n<!-- \/ Yoast SEO plugin. -->","yoast_head_json":{"title":"Ko\u0142a wodne - amfibia PRM z p\u0142ywaj\u0105cym fotelem k\u0105pielowym | Accessrec","description":"Waterwheels to p\u0142ywaj\u0105cy w\u00f3zek inwalidzki, kt\u00f3ry umo\u017cliwia osobom o ograniczonej sprawno\u015bci ruchowej korzystanie z k\u0105pieli (pla\u017ca, morze, jezioro, basen).","robots":{"index":"index","follow":"follow","max-snippet":"max-snippet:-1","max-image-preview":"max-image-preview:large","max-video-preview":"max-video-preview:-1"},"canonical":"https:\/\/accessrec.eu\/pl\/maty-do-poruszania-sie-i-dostepu\/fotele\/kola-wodne\/","og_locale":"pl_PL","og_type":"article","og_title":"Ko\u0142a wodne - amfibia PRM z p\u0142ywaj\u0105cym fotelem k\u0105pielowym | Accessrec","og_description":"Waterwheels to p\u0142ywaj\u0105cy w\u00f3zek inwalidzki, kt\u00f3ry umo\u017cliwia osobom o ograniczonej sprawno\u015bci ruchowej korzystanie z k\u0105pieli (pla\u017ca, morze, jezioro, basen).","og_url":"https:\/\/accessrec.eu\/pl\/maty-do-poruszania-sie-i-dostepu\/fotele\/kola-wodne\/","og_site_name":"Accessrec","article_modified_time":"2024-05-28T07:21:59+00:00","og_image":[{"width":855,"height":624,"url":"https:\/\/accessrec.eu\/wp-content\/uploads\/2022\/02\/waterwheels-long.jpg","type":"image\/jpeg"}],"twitter_card":"summary_large_image","schema":{"@context":"https:\/\/schema.org","@graph":[{"@type":"WebPage","@id":"https:\/\/accessrec.eu\/pl\/maty-do-poruszania-sie-i-dostepu\/fotele\/kola-wodne\/","url":"https:\/\/accessrec.eu\/pl\/maty-do-poruszania-sie-i-dostepu\/fotele\/kola-wodne\/","name":"Ko\u0142a wodne - amfibia PRM z p\u0142ywaj\u0105cym fotelem k\u0105pielowym | Accessrec","isPartOf":{"@id":"https:\/\/accessrec.eu\/pl\/#website"},"primaryImageOfPage":{"@id":"https:\/\/accessrec.eu\/pl\/maty-do-poruszania-sie-i-dostepu\/fotele\/kola-wodne\/#primaryimage"},"image":{"@id":"https:\/\/accessrec.eu\/pl\/maty-do-poruszania-sie-i-dostepu\/fotele\/kola-wodne\/#primaryimage"},"thumbnailUrl":"https:\/\/accessrec.eu\/wp-content\/uploads\/2022\/02\/waterwheels-1.jpg","datePublished":"2022-02-14T10:02:39+00:00","dateModified":"2024-05-28T07:21:59+00:00","description":"Waterwheels to p\u0142ywaj\u0105cy w\u00f3zek inwalidzki, kt\u00f3ry umo\u017cliwia osobom o ograniczonej sprawno\u015bci ruchowej korzystanie z k\u0105pieli (pla\u017ca, morze, jezioro, basen).","breadcrumb":{"@id":"https:\/\/accessrec.eu\/pl\/maty-do-poruszania-sie-i-dostepu\/fotele\/kola-wodne\/#breadcrumb"},"inLanguage":"pl-PL","potentialAction":[{"@type":"ReadAction","target":["https:\/\/accessrec.eu\/pl\/maty-do-poruszania-sie-i-dostepu\/fotele\/kola-wodne\/"]}]},{"@type":"ImageObject","inLanguage":"pl-PL","@id":"https:\/\/accessrec.eu\/pl\/maty-do-poruszania-sie-i-dostepu\/fotele\/kola-wodne\/#primaryimage","url":"https:\/\/accessrec.eu\/wp-content\/uploads\/2022\/02\/waterwheels-1.jpg","contentUrl":"https:\/\/accessrec.eu\/wp-content\/uploads\/2022\/02\/waterwheels-1.jpg","width":800,"height":786,"caption":"waterwheels"},{"@type":"BreadcrumbList","@id":"https:\/\/accessrec.eu\/pl\/maty-do-poruszania-sie-i-dostepu\/fotele\/kola-wodne\/#breadcrumb","itemListElement":[{"@type":"ListItem","position":1,"name":"Accueil","item":"https:\/\/accessrec.eu\/pl\/?page_id=36822"},{"@type":"ListItem","position":2,"name":"Produkty","item":"https:\/\/accessrec.eu\/pl\/shop\/"},{"@type":"ListItem","position":3,"name":"Maty do poruszania si\u0119 i dost\u0119pu","item":"https:\/\/accessrec.eu\/pl\/maty-do-poruszania-sie-i-dostepu\/"},{"@type":"ListItem","position":4,"name":"Fotele","item":"https:\/\/accessrec.eu\/pl\/maty-do-poruszania-sie-i-dostepu\/fotele\/"},{"@type":"ListItem","position":5,"name":"Ko\u0142a wodne &#8211; amfibia PRM z p\u0142ywaj\u0105cym fotelem k\u0105pielowym"}]},{"@type":"WebSite","@id":"https:\/\/accessrec.eu\/pl\/#website","url":"https:\/\/accessrec.eu\/pl\/","name":"Accessrec","description":"","publisher":{"@id":"https:\/\/accessrec.eu\/pl\/#organization"},"potentialAction":[{"@type":"SearchAction","target":{"@type":"EntryPoint","urlTemplate":"https:\/\/accessrec.eu\/pl\/?s={search_term_string}"},"query-input":{"@type":"PropertyValueSpecification","valueRequired":true,"valueName":"search_term_string"}}],"inLanguage":"pl-PL"},{"@type":"Organization","@id":"https:\/\/accessrec.eu\/pl\/#organization","name":"Accessrec","url":"https:\/\/accessrec.eu\/pl\/","logo":{"@type":"ImageObject","inLanguage":"pl-PL","@id":"https:\/\/accessrec.eu\/pl\/#\/schema\/logo\/image\/","url":"https:\/\/accessrec.eu\/wp-content\/uploads\/2025\/11\/accessrec-by-deschamps.webp","contentUrl":"https:\/\/accessrec.eu\/wp-content\/uploads\/2025\/11\/accessrec-by-deschamps.webp","width":600,"height":150,"caption":"Accessrec"},"image":{"@id":"https:\/\/accessrec.eu\/pl\/#\/schema\/logo\/image\/"}}]}},"_links":{"self":[{"href":"https:\/\/accessrec.eu\/pl\/wp-json\/wp\/v2\/product\/17319","targetHints":{"allow":["GET"]}}],"collection":[{"href":"https:\/\/accessrec.eu\/pl\/wp-json\/wp\/v2\/product"}],"about":[{"href":"https:\/\/accessrec.eu\/pl\/wp-json\/wp\/v2\/types\/product"}],"replies":[{"embeddable":true,"href":"https:\/\/accessrec.eu\/pl\/wp-json\/wp\/v2\/comments?post=17319"}],"wp:featuredmedia":[{"embeddable":true,"href":"https:\/\/accessrec.eu\/pl\/wp-json\/wp\/v2\/media\/34930"}],"wp:attachment":[{"href":"https:\/\/accessrec.eu\/pl\/wp-json\/wp\/v2\/media?parent=17319"}],"wp:term":[{"taxonomy":"product_brand","embeddable":true,"href":"https:\/\/accessrec.eu\/pl\/wp-json\/wp\/v2\/product_brand?post=17319"},{"taxonomy":"product_cat","embeddable":true,"href":"https:\/\/accessrec.eu\/pl\/wp-json\/wp\/v2\/product_cat?post=17319"},{"taxonomy":"product_tag","embeddable":true,"href":"https:\/\/accessrec.eu\/pl\/wp-json\/wp\/v2\/product_tag?post=17319"}],"curies":[{"name":"wp","href":"https:\/\/api.w.org\/{rel}","templated":true}]}}