{"id":21929,"date":"2023-09-26T16:33:36","date_gmt":"2023-09-26T14:33:36","guid":{"rendered":"https:\/\/accessrec.eu\/product\/bez-kategorii\/romy-przebieralnia-plazowa-prm-z-pvc\/"},"modified":"2024-05-17T19:02:39","modified_gmt":"2024-05-17T17:02:39","slug":"romy-przebieralnia-plazowa-prm-z-pvc","status":"publish","type":"product","link":"https:\/\/accessrec.eu\/pl\/kabiny-i-przebieralnie\/romy-przebieralnia-plazowa-prm-z-pvc\/","title":{"rendered":"Romy &#8211; Przebieralnia pla\u017cowa PRM z PVC"},"content":{"rendered":"","protected":false},"excerpt":{"rendered":"<p>Kabiny z PVC dost\u0119pne dla wszystkich<\/p>\n","protected":false},"featured_media":17990,"comment_status":"open","ping_status":"closed","template":"","meta":{"_acf_changed":false,"site-sidebar-layout":"default","site-content-layout":"default","ast-site-content-layout":"default","site-content-style":"default","site-sidebar-style":"default","ast-global-header-display":"","ast-banner-title-visibility":"","ast-main-header-display":"","ast-hfb-above-header-display":"","ast-hfb-below-header-display":"","ast-hfb-mobile-header-display":"","site-post-title":"","ast-breadcrumbs-content":"","ast-featured-img":"","footer-sml-layout":"","theme-transparent-header-meta":"default","adv-header-id-meta":"","stick-header-meta":"","header-above-stick-meta":"","header-main-stick-meta":"","header-below-stick-meta":"","astra-migrate-meta-layouts":"default","ast-page-background-enabled":"default","ast-page-background-meta":{"desktop":{"background-color":"","background-image":"","background-repeat":"repeat","background-position":"center center","background-size":"auto","background-attachment":"scroll","background-type":"","background-media":"","overlay-type":"","overlay-color":"","overlay-opacity":"","overlay-gradient":""},"tablet":{"background-color":"","background-image":"","background-repeat":"repeat","background-position":"center center","background-size":"auto","background-attachment":"scroll","background-type":"","background-media":"","overlay-type":"","overlay-color":"","overlay-opacity":"","overlay-gradient":""},"mobile":{"background-color":"","background-image":"","background-repeat":"repeat","background-position":"center center","background-size":"auto","background-attachment":"scroll","background-type":"","background-media":"","overlay-type":"","overlay-color":"","overlay-opacity":"","overlay-gradient":""}},"ast-content-background-meta":{"desktop":{"background-color":"var(--ast-global-color-5)","background-image":"","background-repeat":"repeat","background-position":"center center","background-size":"auto","background-attachment":"scroll","background-type":"","background-media":"","overlay-type":"","overlay-color":"","overlay-opacity":"","overlay-gradient":""},"tablet":{"background-color":"var(--ast-global-color-5)","background-image":"","background-repeat":"repeat","background-position":"center center","background-size":"auto","background-attachment":"scroll","background-type":"","background-media":"","overlay-type":"","overlay-color":"","overlay-opacity":"","overlay-gradient":""},"mobile":{"background-color":"var(--ast-global-color-5)","background-image":"","background-repeat":"repeat","background-position":"center center","background-size":"auto","background-attachment":"scroll","background-type":"","background-media":"","overlay-type":"","overlay-color":"","overlay-opacity":"","overlay-gradient":""}}},"product_brand":[],"product_cat":[1326],"product_tag":[],"class_list":{"0":"post-21929","1":"product","2":"type-product","3":"status-publish","4":"has-post-thumbnail","6":"product_cat-kabiny-i-przebieralnie","7":"desktop-align-left","8":"tablet-align-left","9":"mobile-align-left","11":"first","12":"instock","13":"taxable","14":"shipping-taxable","15":"purchasable","16":"product-type-variable"},"acf":[],"yoast_head":"<!-- This site is optimized with the Yoast SEO plugin v27.5 - https:\/\/yoast.com\/product\/yoast-seo-wordpress\/ -->\n<title>Romy - Przebieralnia pla\u017cowa PRM z PVC | Accessrec<\/title>\n<meta name=\"description\" content=\"Romy to pla\u017cowa przebieralnia PRM PVC, kt\u00f3ra pozwala przebra\u0107 si\u0119 poza zasi\u0119giem wzroku. Przebieralnia pla\u017cowa Romy to praktyczne, zdejmowane rozwi\u0105zanie, kt\u00f3re doda charakteru Twojej pla\u017cy lub ogrodowi.\" \/>\n<meta name=\"robots\" content=\"index, follow, max-snippet:-1, max-image-preview:large, max-video-preview:-1\" \/>\n<link rel=\"canonical\" href=\"https:\/\/accessrec.eu\/pl\/kabiny-i-przebieralnie\/romy-przebieralnia-plazowa-prm-z-pvc\/\" \/>\n<meta property=\"og:locale\" content=\"pl_PL\" \/>\n<meta property=\"og:type\" content=\"article\" \/>\n<meta property=\"og:title\" content=\"Romy - Przebieralnia pla\u017cowa PRM z PVC | Accessrec\" \/>\n<meta property=\"og:description\" content=\"Romy to pla\u017cowa przebieralnia PRM PVC, kt\u00f3ra pozwala przebra\u0107 si\u0119 poza zasi\u0119giem wzroku. Przebieralnia pla\u017cowa Romy to praktyczne, zdejmowane rozwi\u0105zanie, kt\u00f3re doda charakteru Twojej pla\u017cy lub ogrodowi.\" \/>\n<meta property=\"og:url\" content=\"https:\/\/accessrec.eu\/pl\/kabiny-i-przebieralnie\/romy-przebieralnia-plazowa-prm-z-pvc\/\" \/>\n<meta property=\"og:site_name\" content=\"Accessrec\" \/>\n<meta property=\"article:modified_time\" content=\"2024-05-17T17:02:39+00:00\" \/>\n<meta property=\"og:image\" content=\"https:\/\/accessrec.eu\/wp-content\/uploads\/2023\/09\/cabine-romy.jpg\" \/>\n\t<meta property=\"og:image:width\" content=\"855\" \/>\n\t<meta property=\"og:image:height\" content=\"624\" \/>\n\t<meta property=\"og:image:type\" content=\"image\/jpeg\" \/>\n<meta name=\"twitter:card\" content=\"summary_large_image\" \/>\n<script type=\"application\/ld+json\" class=\"yoast-schema-graph\">{\"@context\":\"https:\\\/\\\/schema.org\",\"@graph\":[{\"@type\":\"WebPage\",\"@id\":\"https:\\\/\\\/accessrec.eu\\\/pl\\\/kabiny-i-przebieralnie\\\/romy-przebieralnia-plazowa-prm-z-pvc\\\/\",\"url\":\"https:\\\/\\\/accessrec.eu\\\/pl\\\/kabiny-i-przebieralnie\\\/romy-przebieralnia-plazowa-prm-z-pvc\\\/\",\"name\":\"Romy - Przebieralnia pla\u017cowa PRM z PVC | Accessrec\",\"isPartOf\":{\"@id\":\"https:\\\/\\\/accessrec.eu\\\/pl\\\/#website\"},\"primaryImageOfPage\":{\"@id\":\"https:\\\/\\\/accessrec.eu\\\/pl\\\/kabiny-i-przebieralnie\\\/romy-przebieralnia-plazowa-prm-z-pvc\\\/#primaryimage\"},\"image\":{\"@id\":\"https:\\\/\\\/accessrec.eu\\\/pl\\\/kabiny-i-przebieralnie\\\/romy-przebieralnia-plazowa-prm-z-pvc\\\/#primaryimage\"},\"thumbnailUrl\":\"https:\\\/\\\/accessrec.eu\\\/wp-content\\\/uploads\\\/2023\\\/09\\\/cabine-romy.jpg\",\"datePublished\":\"2023-09-26T14:33:36+00:00\",\"dateModified\":\"2024-05-17T17:02:39+00:00\",\"description\":\"Romy to pla\u017cowa przebieralnia PRM PVC, kt\u00f3ra pozwala przebra\u0107 si\u0119 poza zasi\u0119giem wzroku. Przebieralnia pla\u017cowa Romy to praktyczne, zdejmowane rozwi\u0105zanie, kt\u00f3re doda charakteru Twojej pla\u017cy lub ogrodowi.\",\"breadcrumb\":{\"@id\":\"https:\\\/\\\/accessrec.eu\\\/pl\\\/kabiny-i-przebieralnie\\\/romy-przebieralnia-plazowa-prm-z-pvc\\\/#breadcrumb\"},\"inLanguage\":\"pl-PL\",\"potentialAction\":[{\"@type\":\"ReadAction\",\"target\":[\"https:\\\/\\\/accessrec.eu\\\/pl\\\/kabiny-i-przebieralnie\\\/romy-przebieralnia-plazowa-prm-z-pvc\\\/\"]}]},{\"@type\":\"ImageObject\",\"inLanguage\":\"pl-PL\",\"@id\":\"https:\\\/\\\/accessrec.eu\\\/pl\\\/kabiny-i-przebieralnie\\\/romy-przebieralnia-plazowa-prm-z-pvc\\\/#primaryimage\",\"url\":\"https:\\\/\\\/accessrec.eu\\\/wp-content\\\/uploads\\\/2023\\\/09\\\/cabine-romy.jpg\",\"contentUrl\":\"https:\\\/\\\/accessrec.eu\\\/wp-content\\\/uploads\\\/2023\\\/09\\\/cabine-romy.jpg\",\"width\":855,\"height\":624,\"caption\":\"Kabina PMR Romy\"},{\"@type\":\"BreadcrumbList\",\"@id\":\"https:\\\/\\\/accessrec.eu\\\/pl\\\/kabiny-i-przebieralnie\\\/romy-przebieralnia-plazowa-prm-z-pvc\\\/#breadcrumb\",\"itemListElement\":[{\"@type\":\"ListItem\",\"position\":1,\"name\":\"Accueil\",\"item\":\"https:\\\/\\\/accessrec.eu\\\/pl\\\/?page_id=36822\"},{\"@type\":\"ListItem\",\"position\":2,\"name\":\"Produkty\",\"item\":\"https:\\\/\\\/accessrec.eu\\\/pl\\\/shop\\\/\"},{\"@type\":\"ListItem\",\"position\":3,\"name\":\"Kabiny i przebieralnie\",\"item\":\"https:\\\/\\\/accessrec.eu\\\/pl\\\/kabiny-i-przebieralnie\\\/\"},{\"@type\":\"ListItem\",\"position\":4,\"name\":\"Romy &#8211; Przebieralnia pla\u017cowa PRM z PVC\"}]},{\"@type\":\"WebSite\",\"@id\":\"https:\\\/\\\/accessrec.eu\\\/pl\\\/#website\",\"url\":\"https:\\\/\\\/accessrec.eu\\\/pl\\\/\",\"name\":\"Accessrec\",\"description\":\"\",\"publisher\":{\"@id\":\"https:\\\/\\\/accessrec.eu\\\/pl\\\/#organization\"},\"potentialAction\":[{\"@type\":\"SearchAction\",\"target\":{\"@type\":\"EntryPoint\",\"urlTemplate\":\"https:\\\/\\\/accessrec.eu\\\/pl\\\/?s={search_term_string}\"},\"query-input\":{\"@type\":\"PropertyValueSpecification\",\"valueRequired\":true,\"valueName\":\"search_term_string\"}}],\"inLanguage\":\"pl-PL\"},{\"@type\":\"Organization\",\"@id\":\"https:\\\/\\\/accessrec.eu\\\/pl\\\/#organization\",\"name\":\"Accessrec\",\"url\":\"https:\\\/\\\/accessrec.eu\\\/pl\\\/\",\"logo\":{\"@type\":\"ImageObject\",\"inLanguage\":\"pl-PL\",\"@id\":\"https:\\\/\\\/accessrec.eu\\\/pl\\\/#\\\/schema\\\/logo\\\/image\\\/\",\"url\":\"https:\\\/\\\/accessrec.eu\\\/wp-content\\\/uploads\\\/2025\\\/11\\\/accessrec-by-deschamps.webp\",\"contentUrl\":\"https:\\\/\\\/accessrec.eu\\\/wp-content\\\/uploads\\\/2025\\\/11\\\/accessrec-by-deschamps.webp\",\"width\":600,\"height\":150,\"caption\":\"Accessrec\"},\"image\":{\"@id\":\"https:\\\/\\\/accessrec.eu\\\/pl\\\/#\\\/schema\\\/logo\\\/image\\\/\"}}]}<\/script>\n<!-- \/ Yoast SEO plugin. -->","yoast_head_json":{"title":"Romy - Przebieralnia pla\u017cowa PRM z PVC | Accessrec","description":"Romy to pla\u017cowa przebieralnia PRM PVC, kt\u00f3ra pozwala przebra\u0107 si\u0119 poza zasi\u0119giem wzroku. Przebieralnia pla\u017cowa Romy to praktyczne, zdejmowane rozwi\u0105zanie, kt\u00f3re doda charakteru Twojej pla\u017cy lub ogrodowi.","robots":{"index":"index","follow":"follow","max-snippet":"max-snippet:-1","max-image-preview":"max-image-preview:large","max-video-preview":"max-video-preview:-1"},"canonical":"https:\/\/accessrec.eu\/pl\/kabiny-i-przebieralnie\/romy-przebieralnia-plazowa-prm-z-pvc\/","og_locale":"pl_PL","og_type":"article","og_title":"Romy - Przebieralnia pla\u017cowa PRM z PVC | Accessrec","og_description":"Romy to pla\u017cowa przebieralnia PRM PVC, kt\u00f3ra pozwala przebra\u0107 si\u0119 poza zasi\u0119giem wzroku. Przebieralnia pla\u017cowa Romy to praktyczne, zdejmowane rozwi\u0105zanie, kt\u00f3re doda charakteru Twojej pla\u017cy lub ogrodowi.","og_url":"https:\/\/accessrec.eu\/pl\/kabiny-i-przebieralnie\/romy-przebieralnia-plazowa-prm-z-pvc\/","og_site_name":"Accessrec","article_modified_time":"2024-05-17T17:02:39+00:00","og_image":[{"width":855,"height":624,"url":"https:\/\/accessrec.eu\/wp-content\/uploads\/2023\/09\/cabine-romy.jpg","type":"image\/jpeg"}],"twitter_card":"summary_large_image","schema":{"@context":"https:\/\/schema.org","@graph":[{"@type":"WebPage","@id":"https:\/\/accessrec.eu\/pl\/kabiny-i-przebieralnie\/romy-przebieralnia-plazowa-prm-z-pvc\/","url":"https:\/\/accessrec.eu\/pl\/kabiny-i-przebieralnie\/romy-przebieralnia-plazowa-prm-z-pvc\/","name":"Romy - Przebieralnia pla\u017cowa PRM z PVC | Accessrec","isPartOf":{"@id":"https:\/\/accessrec.eu\/pl\/#website"},"primaryImageOfPage":{"@id":"https:\/\/accessrec.eu\/pl\/kabiny-i-przebieralnie\/romy-przebieralnia-plazowa-prm-z-pvc\/#primaryimage"},"image":{"@id":"https:\/\/accessrec.eu\/pl\/kabiny-i-przebieralnie\/romy-przebieralnia-plazowa-prm-z-pvc\/#primaryimage"},"thumbnailUrl":"https:\/\/accessrec.eu\/wp-content\/uploads\/2023\/09\/cabine-romy.jpg","datePublished":"2023-09-26T14:33:36+00:00","dateModified":"2024-05-17T17:02:39+00:00","description":"Romy to pla\u017cowa przebieralnia PRM PVC, kt\u00f3ra pozwala przebra\u0107 si\u0119 poza zasi\u0119giem wzroku. Przebieralnia pla\u017cowa Romy to praktyczne, zdejmowane rozwi\u0105zanie, kt\u00f3re doda charakteru Twojej pla\u017cy lub ogrodowi.","breadcrumb":{"@id":"https:\/\/accessrec.eu\/pl\/kabiny-i-przebieralnie\/romy-przebieralnia-plazowa-prm-z-pvc\/#breadcrumb"},"inLanguage":"pl-PL","potentialAction":[{"@type":"ReadAction","target":["https:\/\/accessrec.eu\/pl\/kabiny-i-przebieralnie\/romy-przebieralnia-plazowa-prm-z-pvc\/"]}]},{"@type":"ImageObject","inLanguage":"pl-PL","@id":"https:\/\/accessrec.eu\/pl\/kabiny-i-przebieralnie\/romy-przebieralnia-plazowa-prm-z-pvc\/#primaryimage","url":"https:\/\/accessrec.eu\/wp-content\/uploads\/2023\/09\/cabine-romy.jpg","contentUrl":"https:\/\/accessrec.eu\/wp-content\/uploads\/2023\/09\/cabine-romy.jpg","width":855,"height":624,"caption":"Kabina PMR Romy"},{"@type":"BreadcrumbList","@id":"https:\/\/accessrec.eu\/pl\/kabiny-i-przebieralnie\/romy-przebieralnia-plazowa-prm-z-pvc\/#breadcrumb","itemListElement":[{"@type":"ListItem","position":1,"name":"Accueil","item":"https:\/\/accessrec.eu\/pl\/?page_id=36822"},{"@type":"ListItem","position":2,"name":"Produkty","item":"https:\/\/accessrec.eu\/pl\/shop\/"},{"@type":"ListItem","position":3,"name":"Kabiny i przebieralnie","item":"https:\/\/accessrec.eu\/pl\/kabiny-i-przebieralnie\/"},{"@type":"ListItem","position":4,"name":"Romy &#8211; Przebieralnia pla\u017cowa PRM z PVC"}]},{"@type":"WebSite","@id":"https:\/\/accessrec.eu\/pl\/#website","url":"https:\/\/accessrec.eu\/pl\/","name":"Accessrec","description":"","publisher":{"@id":"https:\/\/accessrec.eu\/pl\/#organization"},"potentialAction":[{"@type":"SearchAction","target":{"@type":"EntryPoint","urlTemplate":"https:\/\/accessrec.eu\/pl\/?s={search_term_string}"},"query-input":{"@type":"PropertyValueSpecification","valueRequired":true,"valueName":"search_term_string"}}],"inLanguage":"pl-PL"},{"@type":"Organization","@id":"https:\/\/accessrec.eu\/pl\/#organization","name":"Accessrec","url":"https:\/\/accessrec.eu\/pl\/","logo":{"@type":"ImageObject","inLanguage":"pl-PL","@id":"https:\/\/accessrec.eu\/pl\/#\/schema\/logo\/image\/","url":"https:\/\/accessrec.eu\/wp-content\/uploads\/2025\/11\/accessrec-by-deschamps.webp","contentUrl":"https:\/\/accessrec.eu\/wp-content\/uploads\/2025\/11\/accessrec-by-deschamps.webp","width":600,"height":150,"caption":"Accessrec"},"image":{"@id":"https:\/\/accessrec.eu\/pl\/#\/schema\/logo\/image\/"}}]}},"_links":{"self":[{"href":"https:\/\/accessrec.eu\/pl\/wp-json\/wp\/v2\/product\/21929","targetHints":{"allow":["GET"]}}],"collection":[{"href":"https:\/\/accessrec.eu\/pl\/wp-json\/wp\/v2\/product"}],"about":[{"href":"https:\/\/accessrec.eu\/pl\/wp-json\/wp\/v2\/types\/product"}],"replies":[{"embeddable":true,"href":"https:\/\/accessrec.eu\/pl\/wp-json\/wp\/v2\/comments?post=21929"}],"wp:featuredmedia":[{"embeddable":true,"href":"https:\/\/accessrec.eu\/pl\/wp-json\/wp\/v2\/media\/17990"}],"wp:attachment":[{"href":"https:\/\/accessrec.eu\/pl\/wp-json\/wp\/v2\/media?parent=21929"}],"wp:term":[{"taxonomy":"product_brand","embeddable":true,"href":"https:\/\/accessrec.eu\/pl\/wp-json\/wp\/v2\/product_brand?post=21929"},{"taxonomy":"product_cat","embeddable":true,"href":"https:\/\/accessrec.eu\/pl\/wp-json\/wp\/v2\/product_cat?post=21929"},{"taxonomy":"product_tag","embeddable":true,"href":"https:\/\/accessrec.eu\/pl\/wp-json\/wp\/v2\/product_tag?post=21929"}],"curies":[{"name":"wp","href":"https:\/\/api.w.org\/{rel}","templated":true}]}}