{"id":24024,"date":"2024-03-26T16:10:46","date_gmt":"2024-03-26T15:10:46","guid":{"rendered":"https:\/\/accessrec.eu\/?post_type=product&#038;p=24024"},"modified":"2025-07-11T11:57:30","modified_gmt":"2025-07-11T09:57:30","slug":"verin-actionneur","status":"publish","type":"product","link":"https:\/\/accessrec.eu\/pieces-detachees\/verin-actionneur\/","title":{"rendered":"V\u00e9rin (Actionneur) &#8212; Aquaccess Mobile &#038; Fixe"},"content":{"rendered":"","protected":false},"excerpt":{"rendered":"<p>Le v\u00e9rin ou actionneur est la pi\u00e8ce qui va permettre de monter ou descendre votre Aquaccess Fixe ou votre Aquaccess Mobile gr\u00e2ce \u00e0 un mouvement de translation.<\/p>\n","protected":false},"featured_media":24266,"comment_status":"closed","ping_status":"closed","template":"","meta":{"_acf_changed":false,"site-sidebar-layout":"default","site-content-layout":"default","ast-site-content-layout":"","site-content-style":"default","site-sidebar-style":"default","ast-global-header-display":"","ast-banner-title-visibility":"","ast-main-header-display":"","ast-hfb-above-header-display":"","ast-hfb-below-header-display":"","ast-hfb-mobile-header-display":"","site-post-title":"","ast-breadcrumbs-content":"","ast-featured-img":"","footer-sml-layout":"","theme-transparent-header-meta":"default","adv-header-id-meta":"","stick-header-meta":"","header-above-stick-meta":"","header-main-stick-meta":"","header-below-stick-meta":"","astra-migrate-meta-layouts":"default","ast-page-background-enabled":"default","ast-page-background-meta":{"desktop":{"background-color":"","background-image":"","background-repeat":"repeat","background-position":"center center","background-size":"auto","background-attachment":"scroll","background-type":"","background-media":"","overlay-type":"","overlay-color":"","overlay-opacity":"","overlay-gradient":""},"tablet":{"background-color":"","background-image":"","background-repeat":"repeat","background-position":"center center","background-size":"auto","background-attachment":"scroll","background-type":"","background-media":"","overlay-type":"","overlay-color":"","overlay-opacity":"","overlay-gradient":""},"mobile":{"background-color":"","background-image":"","background-repeat":"repeat","background-position":"center center","background-size":"auto","background-attachment":"scroll","background-type":"","background-media":"","overlay-type":"","overlay-color":"","overlay-opacity":"","overlay-gradient":""}},"ast-content-background-meta":{"desktop":{"background-color":"var(--ast-global-color-5)","background-image":"","background-repeat":"repeat","background-position":"center center","background-size":"auto","background-attachment":"scroll","background-type":"","background-media":"","overlay-type":"","overlay-color":"","overlay-opacity":"","overlay-gradient":""},"tablet":{"background-color":"var(--ast-global-color-5)","background-image":"","background-repeat":"repeat","background-position":"center center","background-size":"auto","background-attachment":"scroll","background-type":"","background-media":"","overlay-type":"","overlay-color":"","overlay-opacity":"","overlay-gradient":""},"mobile":{"background-color":"var(--ast-global-color-5)","background-image":"","background-repeat":"repeat","background-position":"center center","background-size":"auto","background-attachment":"scroll","background-type":"","background-media":"","overlay-type":"","overlay-color":"","overlay-opacity":"","overlay-gradient":""}}},"product_brand":[],"product_cat":[89],"product_tag":[],"class_list":{"0":"post-24024","1":"product","2":"type-product","3":"status-publish","4":"has-post-thumbnail","6":"product_cat-pieces-detachees","7":"desktop-align-left","8":"tablet-align-left","9":"mobile-align-left","11":"first","12":"instock","13":"taxable","14":"shipping-taxable","15":"purchasable","16":"product-type-simple"},"acf":[],"yoast_head":"<!-- This site is optimized with the Yoast SEO plugin v27.5 - https:\/\/yoast.com\/product\/yoast-seo-wordpress\/ -->\n<title>V\u00e9rin (Actionneur) - Aquaccess Mobile &amp; Fixe | Accessrec<\/title>\n<meta name=\"robots\" content=\"index, follow, max-snippet:-1, max-image-preview:large, max-video-preview:-1\" \/>\n<link rel=\"canonical\" href=\"https:\/\/accessrec.eu\/ru\/pieces-detachees\/verin-actionneur\/\" \/>\n<meta property=\"og:locale\" content=\"ru_RU\" \/>\n<meta property=\"og:type\" content=\"article\" \/>\n<meta property=\"og:title\" content=\"V\u00e9rin (Actionneur) - Aquaccess Mobile &amp; Fixe | Accessrec\" \/>\n<meta property=\"og:description\" content=\"Le v\u00e9rin ou actionneur est la pi\u00e8ce qui va permettre de monter ou descendre votre Aquaccess Fixe ou votre Aquaccess Mobile gr\u00e2ce \u00e0 un mouvement de translation.\" \/>\n<meta property=\"og:url\" content=\"https:\/\/accessrec.eu\/pieces-detachees\/verin-actionneur\/\" \/>\n<meta property=\"og:site_name\" content=\"Accessrec\" \/>\n<meta property=\"article:modified_time\" content=\"2025-07-11T09:57:30+00:00\" \/>\n<meta property=\"og:image\" content=\"https:\/\/accessrec.eu\/wp-content\/uploads\/2024\/03\/Verin-hydraulique.png\" \/>\n\t<meta property=\"og:image:width\" content=\"855\" \/>\n\t<meta property=\"og:image:height\" content=\"624\" \/>\n\t<meta property=\"og:image:type\" content=\"image\/png\" \/>\n<meta name=\"twitter:card\" content=\"summary_large_image\" \/>\n<meta name=\"twitter:label1\" content=\"\u041f\u0440\u0438\u043c\u0435\u0440\u043d\u043e\u0435 \u0432\u0440\u0435\u043c\u044f \u0434\u043b\u044f \u0447\u0442\u0435\u043d\u0438\u044f\" \/>\n\t<meta name=\"twitter:data1\" content=\"1 \u043c\u0438\u043d\u0443\u0442\u0430\" \/>\n<script type=\"application\/ld+json\" class=\"yoast-schema-graph\">{\"@context\":\"https:\\\/\\\/schema.org\",\"@graph\":[{\"@type\":\"WebPage\",\"@id\":\"https:\\\/\\\/accessrec.eu\\\/pieces-detachees\\\/verin-actionneur\\\/\",\"url\":\"https:\\\/\\\/accessrec.eu\\\/pieces-detachees\\\/verin-actionneur\\\/\",\"name\":\"V\u00e9rin (Actionneur) - Aquaccess Mobile & Fixe | Accessrec\",\"isPartOf\":{\"@id\":\"https:\\\/\\\/accessrec.eu\\\/ru\\\/#website\"},\"primaryImageOfPage\":{\"@id\":\"https:\\\/\\\/accessrec.eu\\\/pieces-detachees\\\/verin-actionneur\\\/#primaryimage\"},\"image\":{\"@id\":\"https:\\\/\\\/accessrec.eu\\\/pieces-detachees\\\/verin-actionneur\\\/#primaryimage\"},\"thumbnailUrl\":\"https:\\\/\\\/accessrec.eu\\\/wp-content\\\/uploads\\\/2024\\\/03\\\/Verin-hydraulique.png\",\"datePublished\":\"2024-03-26T15:10:46+00:00\",\"dateModified\":\"2025-07-11T09:57:30+00:00\",\"breadcrumb\":{\"@id\":\"https:\\\/\\\/accessrec.eu\\\/pieces-detachees\\\/verin-actionneur\\\/#breadcrumb\"},\"inLanguage\":\"ru-RU\",\"potentialAction\":[{\"@type\":\"ReadAction\",\"target\":[\"https:\\\/\\\/accessrec.eu\\\/pieces-detachees\\\/verin-actionneur\\\/\"]}]},{\"@type\":\"ImageObject\",\"inLanguage\":\"ru-RU\",\"@id\":\"https:\\\/\\\/accessrec.eu\\\/pieces-detachees\\\/verin-actionneur\\\/#primaryimage\",\"url\":\"https:\\\/\\\/accessrec.eu\\\/wp-content\\\/uploads\\\/2024\\\/03\\\/Verin-hydraulique.png\",\"contentUrl\":\"https:\\\/\\\/accessrec.eu\\\/wp-content\\\/uploads\\\/2024\\\/03\\\/Verin-hydraulique.png\",\"width\":855,\"height\":624,\"caption\":\"Verin hydraulique\"},{\"@type\":\"BreadcrumbList\",\"@id\":\"https:\\\/\\\/accessrec.eu\\\/pieces-detachees\\\/verin-actionneur\\\/#breadcrumb\",\"itemListElement\":[{\"@type\":\"ListItem\",\"position\":1,\"name\":\"Accueil\",\"item\":\"https:\\\/\\\/accessrec.eu\\\/ru\\\/?page_id=36681\"},{\"@type\":\"ListItem\",\"position\":2,\"name\":\"\u0422\u043e\u0432\u0430\u0440\u044b\",\"item\":\"https:\\\/\\\/accessrec.eu\\\/ru\\\/shop\\\/\"},{\"@type\":\"ListItem\",\"position\":3,\"name\":\"\u041e\u0442\u0434\u0435\u043b\u044c\u043d\u044b\u0435 \u0447\u0430\u0441\u0442\u0438\",\"item\":\"https:\\\/\\\/accessrec.eu\\\/ru\\\/%D0%BE%D1%82%D0%B4%D0%B5%D0%BB%D1%8C%D0%BD%D1%8B%D0%B5-%D1%87%D0%B0%D1%81%D1%82%D0%B8\\\/\"},{\"@type\":\"ListItem\",\"position\":4,\"name\":\"V\u00e9rin (Actionneur) &#8211; Aquaccess Mobile &#038; Fixe\"}]},{\"@type\":\"WebSite\",\"@id\":\"https:\\\/\\\/accessrec.eu\\\/ru\\\/#website\",\"url\":\"https:\\\/\\\/accessrec.eu\\\/ru\\\/\",\"name\":\"Accessrec\",\"description\":\"\",\"publisher\":{\"@id\":\"https:\\\/\\\/accessrec.eu\\\/ru\\\/#organization\"},\"potentialAction\":[{\"@type\":\"SearchAction\",\"target\":{\"@type\":\"EntryPoint\",\"urlTemplate\":\"https:\\\/\\\/accessrec.eu\\\/ru\\\/?s={search_term_string}\"},\"query-input\":{\"@type\":\"PropertyValueSpecification\",\"valueRequired\":true,\"valueName\":\"search_term_string\"}}],\"inLanguage\":\"ru-RU\"},{\"@type\":\"Organization\",\"@id\":\"https:\\\/\\\/accessrec.eu\\\/ru\\\/#organization\",\"name\":\"Accessrec\",\"url\":\"https:\\\/\\\/accessrec.eu\\\/ru\\\/\",\"logo\":{\"@type\":\"ImageObject\",\"inLanguage\":\"ru-RU\",\"@id\":\"https:\\\/\\\/accessrec.eu\\\/ru\\\/#\\\/schema\\\/logo\\\/image\\\/\",\"url\":\"https:\\\/\\\/accessrec.eu\\\/wp-content\\\/uploads\\\/2025\\\/11\\\/accessrec-by-deschamps.webp\",\"contentUrl\":\"https:\\\/\\\/accessrec.eu\\\/wp-content\\\/uploads\\\/2025\\\/11\\\/accessrec-by-deschamps.webp\",\"width\":600,\"height\":150,\"caption\":\"Accessrec\"},\"image\":{\"@id\":\"https:\\\/\\\/accessrec.eu\\\/ru\\\/#\\\/schema\\\/logo\\\/image\\\/\"}}]}<\/script>\n<!-- \/ Yoast SEO plugin. -->","yoast_head_json":{"title":"V\u00e9rin (Actionneur) - Aquaccess Mobile & Fixe | Accessrec","robots":{"index":"index","follow":"follow","max-snippet":"max-snippet:-1","max-image-preview":"max-image-preview:large","max-video-preview":"max-video-preview:-1"},"canonical":"https:\/\/accessrec.eu\/ru\/pieces-detachees\/verin-actionneur\/","og_locale":"ru_RU","og_type":"article","og_title":"V\u00e9rin (Actionneur) - Aquaccess Mobile & Fixe | Accessrec","og_description":"Le v\u00e9rin ou actionneur est la pi\u00e8ce qui va permettre de monter ou descendre votre Aquaccess Fixe ou votre Aquaccess Mobile gr\u00e2ce \u00e0 un mouvement de translation.","og_url":"https:\/\/accessrec.eu\/pieces-detachees\/verin-actionneur\/","og_site_name":"Accessrec","article_modified_time":"2025-07-11T09:57:30+00:00","og_image":[{"width":855,"height":624,"url":"https:\/\/accessrec.eu\/wp-content\/uploads\/2024\/03\/Verin-hydraulique.png","type":"image\/png"}],"twitter_card":"summary_large_image","twitter_misc":{"\u041f\u0440\u0438\u043c\u0435\u0440\u043d\u043e\u0435 \u0432\u0440\u0435\u043c\u044f \u0434\u043b\u044f \u0447\u0442\u0435\u043d\u0438\u044f":"1 \u043c\u0438\u043d\u0443\u0442\u0430"},"schema":{"@context":"https:\/\/schema.org","@graph":[{"@type":"WebPage","@id":"https:\/\/accessrec.eu\/pieces-detachees\/verin-actionneur\/","url":"https:\/\/accessrec.eu\/pieces-detachees\/verin-actionneur\/","name":"V\u00e9rin (Actionneur) - Aquaccess Mobile & Fixe | Accessrec","isPartOf":{"@id":"https:\/\/accessrec.eu\/ru\/#website"},"primaryImageOfPage":{"@id":"https:\/\/accessrec.eu\/pieces-detachees\/verin-actionneur\/#primaryimage"},"image":{"@id":"https:\/\/accessrec.eu\/pieces-detachees\/verin-actionneur\/#primaryimage"},"thumbnailUrl":"https:\/\/accessrec.eu\/wp-content\/uploads\/2024\/03\/Verin-hydraulique.png","datePublished":"2024-03-26T15:10:46+00:00","dateModified":"2025-07-11T09:57:30+00:00","breadcrumb":{"@id":"https:\/\/accessrec.eu\/pieces-detachees\/verin-actionneur\/#breadcrumb"},"inLanguage":"ru-RU","potentialAction":[{"@type":"ReadAction","target":["https:\/\/accessrec.eu\/pieces-detachees\/verin-actionneur\/"]}]},{"@type":"ImageObject","inLanguage":"ru-RU","@id":"https:\/\/accessrec.eu\/pieces-detachees\/verin-actionneur\/#primaryimage","url":"https:\/\/accessrec.eu\/wp-content\/uploads\/2024\/03\/Verin-hydraulique.png","contentUrl":"https:\/\/accessrec.eu\/wp-content\/uploads\/2024\/03\/Verin-hydraulique.png","width":855,"height":624,"caption":"Verin hydraulique"},{"@type":"BreadcrumbList","@id":"https:\/\/accessrec.eu\/pieces-detachees\/verin-actionneur\/#breadcrumb","itemListElement":[{"@type":"ListItem","position":1,"name":"Accueil","item":"https:\/\/accessrec.eu\/ru\/?page_id=36681"},{"@type":"ListItem","position":2,"name":"\u0422\u043e\u0432\u0430\u0440\u044b","item":"https:\/\/accessrec.eu\/ru\/shop\/"},{"@type":"ListItem","position":3,"name":"\u041e\u0442\u0434\u0435\u043b\u044c\u043d\u044b\u0435 \u0447\u0430\u0441\u0442\u0438","item":"https:\/\/accessrec.eu\/ru\/%D0%BE%D1%82%D0%B4%D0%B5%D0%BB%D1%8C%D0%BD%D1%8B%D0%B5-%D1%87%D0%B0%D1%81%D1%82%D0%B8\/"},{"@type":"ListItem","position":4,"name":"V\u00e9rin (Actionneur) &#8211; Aquaccess Mobile &#038; Fixe"}]},{"@type":"WebSite","@id":"https:\/\/accessrec.eu\/ru\/#website","url":"https:\/\/accessrec.eu\/ru\/","name":"Accessrec","description":"","publisher":{"@id":"https:\/\/accessrec.eu\/ru\/#organization"},"potentialAction":[{"@type":"SearchAction","target":{"@type":"EntryPoint","urlTemplate":"https:\/\/accessrec.eu\/ru\/?s={search_term_string}"},"query-input":{"@type":"PropertyValueSpecification","valueRequired":true,"valueName":"search_term_string"}}],"inLanguage":"ru-RU"},{"@type":"Organization","@id":"https:\/\/accessrec.eu\/ru\/#organization","name":"Accessrec","url":"https:\/\/accessrec.eu\/ru\/","logo":{"@type":"ImageObject","inLanguage":"ru-RU","@id":"https:\/\/accessrec.eu\/ru\/#\/schema\/logo\/image\/","url":"https:\/\/accessrec.eu\/wp-content\/uploads\/2025\/11\/accessrec-by-deschamps.webp","contentUrl":"https:\/\/accessrec.eu\/wp-content\/uploads\/2025\/11\/accessrec-by-deschamps.webp","width":600,"height":150,"caption":"Accessrec"},"image":{"@id":"https:\/\/accessrec.eu\/ru\/#\/schema\/logo\/image\/"}}]}},"_links":{"self":[{"href":"https:\/\/accessrec.eu\/ru\/wp-json\/wp\/v2\/product\/24024","targetHints":{"allow":["GET"]}}],"collection":[{"href":"https:\/\/accessrec.eu\/ru\/wp-json\/wp\/v2\/product"}],"about":[{"href":"https:\/\/accessrec.eu\/ru\/wp-json\/wp\/v2\/types\/product"}],"replies":[{"embeddable":true,"href":"https:\/\/accessrec.eu\/ru\/wp-json\/wp\/v2\/comments?post=24024"}],"wp:featuredmedia":[{"embeddable":true,"href":"https:\/\/accessrec.eu\/ru\/wp-json\/wp\/v2\/media\/24266"}],"wp:attachment":[{"href":"https:\/\/accessrec.eu\/ru\/wp-json\/wp\/v2\/media?parent=24024"}],"wp:term":[{"taxonomy":"product_brand","embeddable":true,"href":"https:\/\/accessrec.eu\/ru\/wp-json\/wp\/v2\/product_brand?post=24024"},{"taxonomy":"product_cat","embeddable":true,"href":"https:\/\/accessrec.eu\/ru\/wp-json\/wp\/v2\/product_cat?post=24024"},{"taxonomy":"product_tag","embeddable":true,"href":"https:\/\/accessrec.eu\/ru\/wp-json\/wp\/v2\/product_tag?post=24024"}],"curies":[{"name":"wp","href":"https:\/\/api.w.org\/{rel}","templated":true}]}}