{"id":15929,"date":"2023-01-19T15:07:18","date_gmt":"2023-01-19T14:07:18","guid":{"rendered":"https:\/\/accessrec.eu\/product\/okategoriserad\/aquaccess-mobile-den-mobila-poolhissen\/"},"modified":"2024-05-17T18:57:08","modified_gmt":"2024-05-17T16:57:08","slug":"utan-tillgang-till-pool","status":"publish","type":"product","link":"https:\/\/accessrec.eu\/sv\/rorelse-och-atkomstmattor\/utrustning\/utan-tillgang-till-pool\/","title":{"rendered":"Aquaccess Mobile &#8211; Den mobila poolhissen"},"content":{"rendered":"","protected":false},"excerpt":{"rendered":"<p>Mobil poollift<\/p>\n","protected":false},"featured_media":33456,"comment_status":"closed","ping_status":"closed","template":"","meta":{"_acf_changed":false,"site-sidebar-layout":"default","site-content-layout":"default","ast-site-content-layout":"default","site-content-style":"default","site-sidebar-style":"default","ast-global-header-display":"","ast-banner-title-visibility":"","ast-main-header-display":"","ast-hfb-above-header-display":"","ast-hfb-below-header-display":"","ast-hfb-mobile-header-display":"","site-post-title":"","ast-breadcrumbs-content":"","ast-featured-img":"","footer-sml-layout":"","theme-transparent-header-meta":"default","adv-header-id-meta":"","stick-header-meta":"","header-above-stick-meta":"","header-main-stick-meta":"","header-below-stick-meta":"","astra-migrate-meta-layouts":"default","ast-page-background-enabled":"default","ast-page-background-meta":{"desktop":{"background-color":"","background-image":"","background-repeat":"repeat","background-position":"center center","background-size":"auto","background-attachment":"scroll","background-type":"","background-media":"","overlay-type":"","overlay-color":"","overlay-opacity":"","overlay-gradient":""},"tablet":{"background-color":"","background-image":"","background-repeat":"repeat","background-position":"center center","background-size":"auto","background-attachment":"scroll","background-type":"","background-media":"","overlay-type":"","overlay-color":"","overlay-opacity":"","overlay-gradient":""},"mobile":{"background-color":"","background-image":"","background-repeat":"repeat","background-position":"center center","background-size":"auto","background-attachment":"scroll","background-type":"","background-media":"","overlay-type":"","overlay-color":"","overlay-opacity":"","overlay-gradient":""}},"ast-content-background-meta":{"desktop":{"background-color":"var(--ast-global-color-5)","background-image":"","background-repeat":"repeat","background-position":"center center","background-size":"auto","background-attachment":"scroll","background-type":"","background-media":"","overlay-type":"","overlay-color":"","overlay-opacity":"","overlay-gradient":""},"tablet":{"background-color":"var(--ast-global-color-5)","background-image":"","background-repeat":"repeat","background-position":"center center","background-size":"auto","background-attachment":"scroll","background-type":"","background-media":"","overlay-type":"","overlay-color":"","overlay-opacity":"","overlay-gradient":""},"mobile":{"background-color":"var(--ast-global-color-5)","background-image":"","background-repeat":"repeat","background-position":"center center","background-size":"auto","background-attachment":"scroll","background-type":"","background-media":"","overlay-type":"","overlay-color":"","overlay-opacity":"","overlay-gradient":""}}},"product_brand":[],"product_cat":[1210,1341],"product_tag":[],"class_list":{"0":"post-15929","1":"product","2":"type-product","3":"status-publish","4":"has-post-thumbnail","6":"product_cat-sla-samman","7":"product_cat-utrustning","8":"product_shipping_class-fri-frakt","9":"desktop-align-left","10":"tablet-align-left","11":"mobile-align-left","13":"first","14":"instock","15":"taxable","16":"shipping-taxable","17":"purchasable","18":"product-type-simple"},"acf":[],"yoast_head":"<!-- This site is optimized with the Yoast SEO plugin v27.5 - https:\/\/yoast.com\/product\/yoast-seo-wordpress\/ -->\n<title>Aquaccess Mobile - Den mobila poolhissen | Accessrec<\/title>\n<meta name=\"description\" content=\"Aquaccess Mobile \u00e4r en mobil hiss f\u00f6r inomhus- och utomhuspooler anpassade f\u00f6r personer med nedsatt r\u00f6rlighet (PRM), perfekt f\u00f6r f\u00f6rflyttning och bekv\u00e4m f\u00f6rflyttning fr\u00e5n omkl\u00e4dningsrummet till poolkanten.\" \/>\n<meta name=\"robots\" content=\"index, follow, max-snippet:-1, max-image-preview:large, max-video-preview:-1\" \/>\n<link rel=\"canonical\" href=\"https:\/\/accessrec.eu\/sv\/rorelse-och-atkomstmattor\/utrustning\/utan-tillgang-till-pool\/\" \/>\n<meta property=\"og:locale\" content=\"sv_SE\" \/>\n<meta property=\"og:type\" content=\"article\" \/>\n<meta property=\"og:title\" content=\"Aquaccess Mobile - Den mobila poolhissen | Accessrec\" \/>\n<meta property=\"og:description\" content=\"Aquaccess Mobile \u00e4r en mobil hiss f\u00f6r inomhus- och utomhuspooler anpassade f\u00f6r personer med nedsatt r\u00f6rlighet (PRM), perfekt f\u00f6r f\u00f6rflyttning och bekv\u00e4m f\u00f6rflyttning fr\u00e5n omkl\u00e4dningsrummet till poolkanten.\" \/>\n<meta property=\"og:url\" content=\"https:\/\/accessrec.eu\/sv\/rorelse-och-atkomstmattor\/utrustning\/utan-tillgang-till-pool\/\" \/>\n<meta property=\"og:site_name\" content=\"Accessrec\" \/>\n<meta property=\"article:modified_time\" content=\"2024-05-17T16:57:08+00:00\" \/>\n<meta property=\"og:image\" content=\"https:\/\/accessrec.eu\/wp-content\/uploads\/2024\/03\/aquaccess-mobile-1.png\" \/>\n\t<meta property=\"og:image:width\" content=\"855\" \/>\n\t<meta property=\"og:image:height\" content=\"624\" \/>\n\t<meta property=\"og:image:type\" content=\"image\/png\" \/>\n<meta name=\"twitter:card\" content=\"summary_large_image\" \/>\n<script type=\"application\/ld+json\" class=\"yoast-schema-graph\">{\"@context\":\"https:\\\/\\\/schema.org\",\"@graph\":[{\"@type\":\"WebPage\",\"@id\":\"https:\\\/\\\/accessrec.eu\\\/sv\\\/rorelse-och-atkomstmattor\\\/utrustning\\\/utan-tillgang-till-pool\\\/\",\"url\":\"https:\\\/\\\/accessrec.eu\\\/sv\\\/rorelse-och-atkomstmattor\\\/utrustning\\\/utan-tillgang-till-pool\\\/\",\"name\":\"Aquaccess Mobile - Den mobila poolhissen | Accessrec\",\"isPartOf\":{\"@id\":\"https:\\\/\\\/accessrec.eu\\\/sv\\\/#website\"},\"primaryImageOfPage\":{\"@id\":\"https:\\\/\\\/accessrec.eu\\\/sv\\\/rorelse-och-atkomstmattor\\\/utrustning\\\/utan-tillgang-till-pool\\\/#primaryimage\"},\"image\":{\"@id\":\"https:\\\/\\\/accessrec.eu\\\/sv\\\/rorelse-och-atkomstmattor\\\/utrustning\\\/utan-tillgang-till-pool\\\/#primaryimage\"},\"thumbnailUrl\":\"https:\\\/\\\/accessrec.eu\\\/wp-content\\\/uploads\\\/2023\\\/01\\\/DSCF6052-topaz-sharpen-scaled.jpg\",\"datePublished\":\"2023-01-19T14:07:18+00:00\",\"dateModified\":\"2024-05-17T16:57:08+00:00\",\"description\":\"Aquaccess Mobile \u00e4r en mobil hiss f\u00f6r inomhus- och utomhuspooler anpassade f\u00f6r personer med nedsatt r\u00f6rlighet (PRM), perfekt f\u00f6r f\u00f6rflyttning och bekv\u00e4m f\u00f6rflyttning fr\u00e5n omkl\u00e4dningsrummet till poolkanten.\",\"breadcrumb\":{\"@id\":\"https:\\\/\\\/accessrec.eu\\\/sv\\\/rorelse-och-atkomstmattor\\\/utrustning\\\/utan-tillgang-till-pool\\\/#breadcrumb\"},\"inLanguage\":\"sv-SE\",\"potentialAction\":[{\"@type\":\"ReadAction\",\"target\":[\"https:\\\/\\\/accessrec.eu\\\/sv\\\/rorelse-och-atkomstmattor\\\/utrustning\\\/utan-tillgang-till-pool\\\/\"]}]},{\"@type\":\"ImageObject\",\"inLanguage\":\"sv-SE\",\"@id\":\"https:\\\/\\\/accessrec.eu\\\/sv\\\/rorelse-och-atkomstmattor\\\/utrustning\\\/utan-tillgang-till-pool\\\/#primaryimage\",\"url\":\"https:\\\/\\\/accessrec.eu\\\/wp-content\\\/uploads\\\/2023\\\/01\\\/DSCF6052-topaz-sharpen-scaled.jpg\",\"contentUrl\":\"https:\\\/\\\/accessrec.eu\\\/wp-content\\\/uploads\\\/2023\\\/01\\\/DSCF6052-topaz-sharpen-scaled.jpg\",\"width\":2560,\"height\":1707},{\"@type\":\"BreadcrumbList\",\"@id\":\"https:\\\/\\\/accessrec.eu\\\/sv\\\/rorelse-och-atkomstmattor\\\/utrustning\\\/utan-tillgang-till-pool\\\/#breadcrumb\",\"itemListElement\":[{\"@type\":\"ListItem\",\"position\":1,\"name\":\"Accueil\",\"item\":\"https:\\\/\\\/accessrec.eu\\\/sv\\\/?page_id=36749\"},{\"@type\":\"ListItem\",\"position\":2,\"name\":\"Produkter\",\"item\":\"https:\\\/\\\/accessrec.eu\\\/sv\\\/shop\\\/\"},{\"@type\":\"ListItem\",\"position\":3,\"name\":\"Simning och sj\u00f6s\u00e4ttning\",\"item\":\"https:\\\/\\\/accessrec.eu\\\/sv\\\/simning-och-sjosattning\\\/\"},{\"@type\":\"ListItem\",\"position\":4,\"name\":\"Sl\u00e5 samman\",\"item\":\"https:\\\/\\\/accessrec.eu\\\/sv\\\/simning-och-sjosattning\\\/sla-samman\\\/\"},{\"@type\":\"ListItem\",\"position\":5,\"name\":\"Aquaccess Mobile &#8211; Den mobila poolhissen\"}]},{\"@type\":\"WebSite\",\"@id\":\"https:\\\/\\\/accessrec.eu\\\/sv\\\/#website\",\"url\":\"https:\\\/\\\/accessrec.eu\\\/sv\\\/\",\"name\":\"Accessrec\",\"description\":\"\",\"publisher\":{\"@id\":\"https:\\\/\\\/accessrec.eu\\\/sv\\\/#organization\"},\"potentialAction\":[{\"@type\":\"SearchAction\",\"target\":{\"@type\":\"EntryPoint\",\"urlTemplate\":\"https:\\\/\\\/accessrec.eu\\\/sv\\\/?s={search_term_string}\"},\"query-input\":{\"@type\":\"PropertyValueSpecification\",\"valueRequired\":true,\"valueName\":\"search_term_string\"}}],\"inLanguage\":\"sv-SE\"},{\"@type\":\"Organization\",\"@id\":\"https:\\\/\\\/accessrec.eu\\\/sv\\\/#organization\",\"name\":\"Accessrec\",\"url\":\"https:\\\/\\\/accessrec.eu\\\/sv\\\/\",\"logo\":{\"@type\":\"ImageObject\",\"inLanguage\":\"sv-SE\",\"@id\":\"https:\\\/\\\/accessrec.eu\\\/sv\\\/#\\\/schema\\\/logo\\\/image\\\/\",\"url\":\"https:\\\/\\\/accessrec.eu\\\/wp-content\\\/uploads\\\/2025\\\/11\\\/accessrec-by-deschamps.webp\",\"contentUrl\":\"https:\\\/\\\/accessrec.eu\\\/wp-content\\\/uploads\\\/2025\\\/11\\\/accessrec-by-deschamps.webp\",\"width\":600,\"height\":150,\"caption\":\"Accessrec\"},\"image\":{\"@id\":\"https:\\\/\\\/accessrec.eu\\\/sv\\\/#\\\/schema\\\/logo\\\/image\\\/\"}}]}<\/script>\n<!-- \/ Yoast SEO plugin. -->","yoast_head_json":{"title":"Aquaccess Mobile - Den mobila poolhissen | Accessrec","description":"Aquaccess Mobile \u00e4r en mobil hiss f\u00f6r inomhus- och utomhuspooler anpassade f\u00f6r personer med nedsatt r\u00f6rlighet (PRM), perfekt f\u00f6r f\u00f6rflyttning och bekv\u00e4m f\u00f6rflyttning fr\u00e5n omkl\u00e4dningsrummet till poolkanten.","robots":{"index":"index","follow":"follow","max-snippet":"max-snippet:-1","max-image-preview":"max-image-preview:large","max-video-preview":"max-video-preview:-1"},"canonical":"https:\/\/accessrec.eu\/sv\/rorelse-och-atkomstmattor\/utrustning\/utan-tillgang-till-pool\/","og_locale":"sv_SE","og_type":"article","og_title":"Aquaccess Mobile - Den mobila poolhissen | Accessrec","og_description":"Aquaccess Mobile \u00e4r en mobil hiss f\u00f6r inomhus- och utomhuspooler anpassade f\u00f6r personer med nedsatt r\u00f6rlighet (PRM), perfekt f\u00f6r f\u00f6rflyttning och bekv\u00e4m f\u00f6rflyttning fr\u00e5n omkl\u00e4dningsrummet till poolkanten.","og_url":"https:\/\/accessrec.eu\/sv\/rorelse-och-atkomstmattor\/utrustning\/utan-tillgang-till-pool\/","og_site_name":"Accessrec","article_modified_time":"2024-05-17T16:57:08+00:00","og_image":[{"width":855,"height":624,"url":"https:\/\/accessrec.eu\/wp-content\/uploads\/2024\/03\/aquaccess-mobile-1.png","type":"image\/png"}],"twitter_card":"summary_large_image","schema":{"@context":"https:\/\/schema.org","@graph":[{"@type":"WebPage","@id":"https:\/\/accessrec.eu\/sv\/rorelse-och-atkomstmattor\/utrustning\/utan-tillgang-till-pool\/","url":"https:\/\/accessrec.eu\/sv\/rorelse-och-atkomstmattor\/utrustning\/utan-tillgang-till-pool\/","name":"Aquaccess Mobile - Den mobila poolhissen | Accessrec","isPartOf":{"@id":"https:\/\/accessrec.eu\/sv\/#website"},"primaryImageOfPage":{"@id":"https:\/\/accessrec.eu\/sv\/rorelse-och-atkomstmattor\/utrustning\/utan-tillgang-till-pool\/#primaryimage"},"image":{"@id":"https:\/\/accessrec.eu\/sv\/rorelse-och-atkomstmattor\/utrustning\/utan-tillgang-till-pool\/#primaryimage"},"thumbnailUrl":"https:\/\/accessrec.eu\/wp-content\/uploads\/2023\/01\/DSCF6052-topaz-sharpen-scaled.jpg","datePublished":"2023-01-19T14:07:18+00:00","dateModified":"2024-05-17T16:57:08+00:00","description":"Aquaccess Mobile \u00e4r en mobil hiss f\u00f6r inomhus- och utomhuspooler anpassade f\u00f6r personer med nedsatt r\u00f6rlighet (PRM), perfekt f\u00f6r f\u00f6rflyttning och bekv\u00e4m f\u00f6rflyttning fr\u00e5n omkl\u00e4dningsrummet till poolkanten.","breadcrumb":{"@id":"https:\/\/accessrec.eu\/sv\/rorelse-och-atkomstmattor\/utrustning\/utan-tillgang-till-pool\/#breadcrumb"},"inLanguage":"sv-SE","potentialAction":[{"@type":"ReadAction","target":["https:\/\/accessrec.eu\/sv\/rorelse-och-atkomstmattor\/utrustning\/utan-tillgang-till-pool\/"]}]},{"@type":"ImageObject","inLanguage":"sv-SE","@id":"https:\/\/accessrec.eu\/sv\/rorelse-och-atkomstmattor\/utrustning\/utan-tillgang-till-pool\/#primaryimage","url":"https:\/\/accessrec.eu\/wp-content\/uploads\/2023\/01\/DSCF6052-topaz-sharpen-scaled.jpg","contentUrl":"https:\/\/accessrec.eu\/wp-content\/uploads\/2023\/01\/DSCF6052-topaz-sharpen-scaled.jpg","width":2560,"height":1707},{"@type":"BreadcrumbList","@id":"https:\/\/accessrec.eu\/sv\/rorelse-och-atkomstmattor\/utrustning\/utan-tillgang-till-pool\/#breadcrumb","itemListElement":[{"@type":"ListItem","position":1,"name":"Accueil","item":"https:\/\/accessrec.eu\/sv\/?page_id=36749"},{"@type":"ListItem","position":2,"name":"Produkter","item":"https:\/\/accessrec.eu\/sv\/shop\/"},{"@type":"ListItem","position":3,"name":"Simning och sj\u00f6s\u00e4ttning","item":"https:\/\/accessrec.eu\/sv\/simning-och-sjosattning\/"},{"@type":"ListItem","position":4,"name":"Sl\u00e5 samman","item":"https:\/\/accessrec.eu\/sv\/simning-och-sjosattning\/sla-samman\/"},{"@type":"ListItem","position":5,"name":"Aquaccess Mobile &#8211; Den mobila poolhissen"}]},{"@type":"WebSite","@id":"https:\/\/accessrec.eu\/sv\/#website","url":"https:\/\/accessrec.eu\/sv\/","name":"Accessrec","description":"","publisher":{"@id":"https:\/\/accessrec.eu\/sv\/#organization"},"potentialAction":[{"@type":"SearchAction","target":{"@type":"EntryPoint","urlTemplate":"https:\/\/accessrec.eu\/sv\/?s={search_term_string}"},"query-input":{"@type":"PropertyValueSpecification","valueRequired":true,"valueName":"search_term_string"}}],"inLanguage":"sv-SE"},{"@type":"Organization","@id":"https:\/\/accessrec.eu\/sv\/#organization","name":"Accessrec","url":"https:\/\/accessrec.eu\/sv\/","logo":{"@type":"ImageObject","inLanguage":"sv-SE","@id":"https:\/\/accessrec.eu\/sv\/#\/schema\/logo\/image\/","url":"https:\/\/accessrec.eu\/wp-content\/uploads\/2025\/11\/accessrec-by-deschamps.webp","contentUrl":"https:\/\/accessrec.eu\/wp-content\/uploads\/2025\/11\/accessrec-by-deschamps.webp","width":600,"height":150,"caption":"Accessrec"},"image":{"@id":"https:\/\/accessrec.eu\/sv\/#\/schema\/logo\/image\/"}}]}},"_links":{"self":[{"href":"https:\/\/accessrec.eu\/sv\/wp-json\/wp\/v2\/product\/15929","targetHints":{"allow":["GET"]}}],"collection":[{"href":"https:\/\/accessrec.eu\/sv\/wp-json\/wp\/v2\/product"}],"about":[{"href":"https:\/\/accessrec.eu\/sv\/wp-json\/wp\/v2\/types\/product"}],"replies":[{"embeddable":true,"href":"https:\/\/accessrec.eu\/sv\/wp-json\/wp\/v2\/comments?post=15929"}],"wp:featuredmedia":[{"embeddable":true,"href":"https:\/\/accessrec.eu\/sv\/wp-json\/wp\/v2\/media\/33456"}],"wp:attachment":[{"href":"https:\/\/accessrec.eu\/sv\/wp-json\/wp\/v2\/media?parent=15929"}],"wp:term":[{"taxonomy":"product_brand","embeddable":true,"href":"https:\/\/accessrec.eu\/sv\/wp-json\/wp\/v2\/product_brand?post=15929"},{"taxonomy":"product_cat","embeddable":true,"href":"https:\/\/accessrec.eu\/sv\/wp-json\/wp\/v2\/product_cat?post=15929"},{"taxonomy":"product_tag","embeddable":true,"href":"https:\/\/accessrec.eu\/sv\/wp-json\/wp\/v2\/product_tag?post=15929"}],"curies":[{"name":"wp","href":"https:\/\/api.w.org\/{rel}","templated":true}]}}