{"id":17274,"date":"2022-03-11T10:41:33","date_gmt":"2022-03-11T09:41:33","guid":{"rendered":"https:\/\/accessrec.eu\/product\/okategoriserad\/accessvox-ljudfyr-for-synskadade\/"},"modified":"2024-05-17T18:51:23","modified_gmt":"2024-05-17T16:51:23","slug":"accessvox","status":"publish","type":"product","link":"https:\/\/accessrec.eu\/sv\/rorelse-och-atkomstmattor\/utrustning\/accessvox\/","title":{"rendered":"Accessvox &#8211; Ljudsignal f\u00f6r synskadade"},"content":{"rendered":"<p class=\"title\">Den akustiska strandfyren f\u00f6r att v\u00e4gleda synskadade.<\/p>\n","protected":false},"excerpt":{"rendered":"<p>Ljudledningsfyr f\u00f6r synskadade<\/p>\n","protected":false},"featured_media":17280,"comment_status":"closed","ping_status":"closed","template":"","meta":{"_acf_changed":false,"site-sidebar-layout":"default","site-content-layout":"default","ast-site-content-layout":"default","site-content-style":"default","site-sidebar-style":"default","ast-global-header-display":"","ast-banner-title-visibility":"","ast-main-header-display":"","ast-hfb-above-header-display":"","ast-hfb-below-header-display":"","ast-hfb-mobile-header-display":"","site-post-title":"","ast-breadcrumbs-content":"","ast-featured-img":"","footer-sml-layout":"","theme-transparent-header-meta":"default","adv-header-id-meta":"","stick-header-meta":"","header-above-stick-meta":"","header-main-stick-meta":"","header-below-stick-meta":"","astra-migrate-meta-layouts":"default","ast-page-background-enabled":"default","ast-page-background-meta":{"desktop":{"background-color":"","background-image":"","background-repeat":"repeat","background-position":"center center","background-size":"auto","background-attachment":"scroll","background-type":"","background-media":"","overlay-type":"","overlay-color":"","overlay-opacity":"","overlay-gradient":""},"tablet":{"background-color":"","background-image":"","background-repeat":"repeat","background-position":"center center","background-size":"auto","background-attachment":"scroll","background-type":"","background-media":"","overlay-type":"","overlay-color":"","overlay-opacity":"","overlay-gradient":""},"mobile":{"background-color":"","background-image":"","background-repeat":"repeat","background-position":"center center","background-size":"auto","background-attachment":"scroll","background-type":"","background-media":"","overlay-type":"","overlay-color":"","overlay-opacity":"","overlay-gradient":""}},"ast-content-background-meta":{"desktop":{"background-color":"var(--ast-global-color-5)","background-image":"","background-repeat":"repeat","background-position":"center center","background-size":"auto","background-attachment":"scroll","background-type":"","background-media":"","overlay-type":"","overlay-color":"","overlay-opacity":"","overlay-gradient":""},"tablet":{"background-color":"var(--ast-global-color-5)","background-image":"","background-repeat":"repeat","background-position":"center center","background-size":"auto","background-attachment":"scroll","background-type":"","background-media":"","overlay-type":"","overlay-color":"","overlay-opacity":"","overlay-gradient":""},"mobile":{"background-color":"var(--ast-global-color-5)","background-image":"","background-repeat":"repeat","background-position":"center center","background-size":"auto","background-attachment":"scroll","background-type":"","background-media":"","overlay-type":"","overlay-color":"","overlay-opacity":"","overlay-gradient":""}}},"product_brand":[],"product_cat":[1341],"product_tag":[],"class_list":{"0":"post-17274","1":"product","2":"type-product","3":"status-publish","4":"has-post-thumbnail","6":"product_cat-utrustning","7":"desktop-align-left","8":"tablet-align-left","9":"mobile-align-left","11":"first","12":"instock","13":"taxable","14":"shipping-taxable","15":"purchasable","16":"product-type-simple"},"acf":[],"yoast_head":"<!-- This site is optimized with the Yoast SEO plugin v27.5 - https:\/\/yoast.com\/product\/yoast-seo-wordpress\/ -->\n<title>Accessvox - Ljudsignal f\u00f6r synskadade | Accessrec<\/title>\n<meta name=\"description\" content=\"Accessvox \u00e4r en ljudsignal f\u00f6r att v\u00e4gleda blinda eller synskadade personer med hj\u00e4lp av ljudsignaler.\" \/>\n<meta name=\"robots\" content=\"index, follow, max-snippet:-1, max-image-preview:large, max-video-preview:-1\" \/>\n<link rel=\"canonical\" href=\"https:\/\/accessrec.eu\/sv\/rorelse-och-atkomstmattor\/utrustning\/accessvox\/\" \/>\n<meta property=\"og:locale\" content=\"sv_SE\" \/>\n<meta property=\"og:type\" content=\"article\" \/>\n<meta property=\"og:title\" content=\"Accessvox - Ljudsignal f\u00f6r synskadade | Accessrec\" \/>\n<meta property=\"og:description\" content=\"Accessvox \u00e4r en ljudsignal f\u00f6r att v\u00e4gleda blinda eller synskadade personer med hj\u00e4lp av ljudsignaler.\" \/>\n<meta property=\"og:url\" content=\"https:\/\/accessrec.eu\/sv\/rorelse-och-atkomstmattor\/utrustning\/accessvox\/\" \/>\n<meta property=\"og:site_name\" content=\"Accessrec\" \/>\n<meta property=\"article:modified_time\" content=\"2024-05-17T16:51:23+00:00\" \/>\n<meta property=\"og:image\" content=\"https:\/\/accessrec.eu\/wp-content\/uploads\/2022\/03\/accessvox-min.png\" \/>\n\t<meta property=\"og:image:width\" content=\"855\" \/>\n\t<meta property=\"og:image:height\" content=\"624\" \/>\n\t<meta property=\"og:image:type\" content=\"image\/png\" \/>\n<meta name=\"twitter:card\" content=\"summary_large_image\" \/>\n<script type=\"application\/ld+json\" class=\"yoast-schema-graph\">{\"@context\":\"https:\\\/\\\/schema.org\",\"@graph\":[{\"@type\":\"WebPage\",\"@id\":\"https:\\\/\\\/accessrec.eu\\\/sv\\\/rorelse-och-atkomstmattor\\\/utrustning\\\/accessvox\\\/\",\"url\":\"https:\\\/\\\/accessrec.eu\\\/sv\\\/rorelse-och-atkomstmattor\\\/utrustning\\\/accessvox\\\/\",\"name\":\"Accessvox - Ljudsignal f\u00f6r synskadade | Accessrec\",\"isPartOf\":{\"@id\":\"https:\\\/\\\/accessrec.eu\\\/sv\\\/#website\"},\"primaryImageOfPage\":{\"@id\":\"https:\\\/\\\/accessrec.eu\\\/sv\\\/rorelse-och-atkomstmattor\\\/utrustning\\\/accessvox\\\/#primaryimage\"},\"image\":{\"@id\":\"https:\\\/\\\/accessrec.eu\\\/sv\\\/rorelse-och-atkomstmattor\\\/utrustning\\\/accessvox\\\/#primaryimage\"},\"thumbnailUrl\":\"https:\\\/\\\/accessrec.eu\\\/wp-content\\\/uploads\\\/2022\\\/03\\\/accessvox-min.png\",\"datePublished\":\"2022-03-11T09:41:33+00:00\",\"dateModified\":\"2024-05-17T16:51:23+00:00\",\"description\":\"Accessvox \u00e4r en ljudsignal f\u00f6r att v\u00e4gleda blinda eller synskadade personer med hj\u00e4lp av ljudsignaler.\",\"breadcrumb\":{\"@id\":\"https:\\\/\\\/accessrec.eu\\\/sv\\\/rorelse-och-atkomstmattor\\\/utrustning\\\/accessvox\\\/#breadcrumb\"},\"inLanguage\":\"sv-SE\",\"potentialAction\":[{\"@type\":\"ReadAction\",\"target\":[\"https:\\\/\\\/accessrec.eu\\\/sv\\\/rorelse-och-atkomstmattor\\\/utrustning\\\/accessvox\\\/\"]}]},{\"@type\":\"ImageObject\",\"inLanguage\":\"sv-SE\",\"@id\":\"https:\\\/\\\/accessrec.eu\\\/sv\\\/rorelse-och-atkomstmattor\\\/utrustning\\\/accessvox\\\/#primaryimage\",\"url\":\"https:\\\/\\\/accessrec.eu\\\/wp-content\\\/uploads\\\/2022\\\/03\\\/accessvox-min.png\",\"contentUrl\":\"https:\\\/\\\/accessrec.eu\\\/wp-content\\\/uploads\\\/2022\\\/03\\\/accessvox-min.png\",\"width\":855,\"height\":624,\"caption\":\"Accessvox\"},{\"@type\":\"BreadcrumbList\",\"@id\":\"https:\\\/\\\/accessrec.eu\\\/sv\\\/rorelse-och-atkomstmattor\\\/utrustning\\\/accessvox\\\/#breadcrumb\",\"itemListElement\":[{\"@type\":\"ListItem\",\"position\":1,\"name\":\"Accueil\",\"item\":\"https:\\\/\\\/accessrec.eu\\\/sv\\\/?page_id=36749\"},{\"@type\":\"ListItem\",\"position\":2,\"name\":\"Produkter\",\"item\":\"https:\\\/\\\/accessrec.eu\\\/sv\\\/shop\\\/\"},{\"@type\":\"ListItem\",\"position\":3,\"name\":\"S\u00e4rskilda rullstolar och utrustning f\u00f6r tillg\u00e4nglighet\",\"item\":\"https:\\\/\\\/accessrec.eu\\\/sv\\\/sarskilda-rullstolar-och-utrustning-for-tillganglighet\\\/\"},{\"@type\":\"ListItem\",\"position\":4,\"name\":\"Accessvox &#8211; Ljudsignal f\u00f6r synskadade\"}]},{\"@type\":\"WebSite\",\"@id\":\"https:\\\/\\\/accessrec.eu\\\/sv\\\/#website\",\"url\":\"https:\\\/\\\/accessrec.eu\\\/sv\\\/\",\"name\":\"Accessrec\",\"description\":\"\",\"publisher\":{\"@id\":\"https:\\\/\\\/accessrec.eu\\\/sv\\\/#organization\"},\"potentialAction\":[{\"@type\":\"SearchAction\",\"target\":{\"@type\":\"EntryPoint\",\"urlTemplate\":\"https:\\\/\\\/accessrec.eu\\\/sv\\\/?s={search_term_string}\"},\"query-input\":{\"@type\":\"PropertyValueSpecification\",\"valueRequired\":true,\"valueName\":\"search_term_string\"}}],\"inLanguage\":\"sv-SE\"},{\"@type\":\"Organization\",\"@id\":\"https:\\\/\\\/accessrec.eu\\\/sv\\\/#organization\",\"name\":\"Accessrec\",\"url\":\"https:\\\/\\\/accessrec.eu\\\/sv\\\/\",\"logo\":{\"@type\":\"ImageObject\",\"inLanguage\":\"sv-SE\",\"@id\":\"https:\\\/\\\/accessrec.eu\\\/sv\\\/#\\\/schema\\\/logo\\\/image\\\/\",\"url\":\"https:\\\/\\\/accessrec.eu\\\/wp-content\\\/uploads\\\/2025\\\/11\\\/accessrec-by-deschamps.webp\",\"contentUrl\":\"https:\\\/\\\/accessrec.eu\\\/wp-content\\\/uploads\\\/2025\\\/11\\\/accessrec-by-deschamps.webp\",\"width\":600,\"height\":150,\"caption\":\"Accessrec\"},\"image\":{\"@id\":\"https:\\\/\\\/accessrec.eu\\\/sv\\\/#\\\/schema\\\/logo\\\/image\\\/\"}}]}<\/script>\n<!-- \/ Yoast SEO plugin. -->","yoast_head_json":{"title":"Accessvox - Ljudsignal f\u00f6r synskadade | Accessrec","description":"Accessvox \u00e4r en ljudsignal f\u00f6r att v\u00e4gleda blinda eller synskadade personer med hj\u00e4lp av ljudsignaler.","robots":{"index":"index","follow":"follow","max-snippet":"max-snippet:-1","max-image-preview":"max-image-preview:large","max-video-preview":"max-video-preview:-1"},"canonical":"https:\/\/accessrec.eu\/sv\/rorelse-och-atkomstmattor\/utrustning\/accessvox\/","og_locale":"sv_SE","og_type":"article","og_title":"Accessvox - Ljudsignal f\u00f6r synskadade | Accessrec","og_description":"Accessvox \u00e4r en ljudsignal f\u00f6r att v\u00e4gleda blinda eller synskadade personer med hj\u00e4lp av ljudsignaler.","og_url":"https:\/\/accessrec.eu\/sv\/rorelse-och-atkomstmattor\/utrustning\/accessvox\/","og_site_name":"Accessrec","article_modified_time":"2024-05-17T16:51:23+00:00","og_image":[{"width":855,"height":624,"url":"https:\/\/accessrec.eu\/wp-content\/uploads\/2022\/03\/accessvox-min.png","type":"image\/png"}],"twitter_card":"summary_large_image","schema":{"@context":"https:\/\/schema.org","@graph":[{"@type":"WebPage","@id":"https:\/\/accessrec.eu\/sv\/rorelse-och-atkomstmattor\/utrustning\/accessvox\/","url":"https:\/\/accessrec.eu\/sv\/rorelse-och-atkomstmattor\/utrustning\/accessvox\/","name":"Accessvox - Ljudsignal f\u00f6r synskadade | Accessrec","isPartOf":{"@id":"https:\/\/accessrec.eu\/sv\/#website"},"primaryImageOfPage":{"@id":"https:\/\/accessrec.eu\/sv\/rorelse-och-atkomstmattor\/utrustning\/accessvox\/#primaryimage"},"image":{"@id":"https:\/\/accessrec.eu\/sv\/rorelse-och-atkomstmattor\/utrustning\/accessvox\/#primaryimage"},"thumbnailUrl":"https:\/\/accessrec.eu\/wp-content\/uploads\/2022\/03\/accessvox-min.png","datePublished":"2022-03-11T09:41:33+00:00","dateModified":"2024-05-17T16:51:23+00:00","description":"Accessvox \u00e4r en ljudsignal f\u00f6r att v\u00e4gleda blinda eller synskadade personer med hj\u00e4lp av ljudsignaler.","breadcrumb":{"@id":"https:\/\/accessrec.eu\/sv\/rorelse-och-atkomstmattor\/utrustning\/accessvox\/#breadcrumb"},"inLanguage":"sv-SE","potentialAction":[{"@type":"ReadAction","target":["https:\/\/accessrec.eu\/sv\/rorelse-och-atkomstmattor\/utrustning\/accessvox\/"]}]},{"@type":"ImageObject","inLanguage":"sv-SE","@id":"https:\/\/accessrec.eu\/sv\/rorelse-och-atkomstmattor\/utrustning\/accessvox\/#primaryimage","url":"https:\/\/accessrec.eu\/wp-content\/uploads\/2022\/03\/accessvox-min.png","contentUrl":"https:\/\/accessrec.eu\/wp-content\/uploads\/2022\/03\/accessvox-min.png","width":855,"height":624,"caption":"Accessvox"},{"@type":"BreadcrumbList","@id":"https:\/\/accessrec.eu\/sv\/rorelse-och-atkomstmattor\/utrustning\/accessvox\/#breadcrumb","itemListElement":[{"@type":"ListItem","position":1,"name":"Accueil","item":"https:\/\/accessrec.eu\/sv\/?page_id=36749"},{"@type":"ListItem","position":2,"name":"Produkter","item":"https:\/\/accessrec.eu\/sv\/shop\/"},{"@type":"ListItem","position":3,"name":"S\u00e4rskilda rullstolar och utrustning f\u00f6r tillg\u00e4nglighet","item":"https:\/\/accessrec.eu\/sv\/sarskilda-rullstolar-och-utrustning-for-tillganglighet\/"},{"@type":"ListItem","position":4,"name":"Accessvox &#8211; Ljudsignal f\u00f6r synskadade"}]},{"@type":"WebSite","@id":"https:\/\/accessrec.eu\/sv\/#website","url":"https:\/\/accessrec.eu\/sv\/","name":"Accessrec","description":"","publisher":{"@id":"https:\/\/accessrec.eu\/sv\/#organization"},"potentialAction":[{"@type":"SearchAction","target":{"@type":"EntryPoint","urlTemplate":"https:\/\/accessrec.eu\/sv\/?s={search_term_string}"},"query-input":{"@type":"PropertyValueSpecification","valueRequired":true,"valueName":"search_term_string"}}],"inLanguage":"sv-SE"},{"@type":"Organization","@id":"https:\/\/accessrec.eu\/sv\/#organization","name":"Accessrec","url":"https:\/\/accessrec.eu\/sv\/","logo":{"@type":"ImageObject","inLanguage":"sv-SE","@id":"https:\/\/accessrec.eu\/sv\/#\/schema\/logo\/image\/","url":"https:\/\/accessrec.eu\/wp-content\/uploads\/2025\/11\/accessrec-by-deschamps.webp","contentUrl":"https:\/\/accessrec.eu\/wp-content\/uploads\/2025\/11\/accessrec-by-deschamps.webp","width":600,"height":150,"caption":"Accessrec"},"image":{"@id":"https:\/\/accessrec.eu\/sv\/#\/schema\/logo\/image\/"}}]}},"_links":{"self":[{"href":"https:\/\/accessrec.eu\/sv\/wp-json\/wp\/v2\/product\/17274","targetHints":{"allow":["GET"]}}],"collection":[{"href":"https:\/\/accessrec.eu\/sv\/wp-json\/wp\/v2\/product"}],"about":[{"href":"https:\/\/accessrec.eu\/sv\/wp-json\/wp\/v2\/types\/product"}],"replies":[{"embeddable":true,"href":"https:\/\/accessrec.eu\/sv\/wp-json\/wp\/v2\/comments?post=17274"}],"wp:featuredmedia":[{"embeddable":true,"href":"https:\/\/accessrec.eu\/sv\/wp-json\/wp\/v2\/media\/17280"}],"wp:attachment":[{"href":"https:\/\/accessrec.eu\/sv\/wp-json\/wp\/v2\/media?parent=17274"}],"wp:term":[{"taxonomy":"product_brand","embeddable":true,"href":"https:\/\/accessrec.eu\/sv\/wp-json\/wp\/v2\/product_brand?post=17274"},{"taxonomy":"product_cat","embeddable":true,"href":"https:\/\/accessrec.eu\/sv\/wp-json\/wp\/v2\/product_cat?post=17274"},{"taxonomy":"product_tag","embeddable":true,"href":"https:\/\/accessrec.eu\/sv\/wp-json\/wp\/v2\/product_tag?post=17274"}],"curies":[{"name":"wp","href":"https:\/\/api.w.org\/{rel}","templated":true}]}}