{"id":16971,"date":"2022-04-14T10:54:39","date_gmt":"2022-04-14T08:54:39","guid":{"rendered":"https:\/\/accessrec.eu\/product\/kategorilenmemis\/hippocampe-cok-yonlu-arazi-tekerlekli-sandalyesi\/"},"modified":"2024-05-28T09:22:09","modified_gmt":"2024-05-28T07:22:09","slug":"denizati","status":"publish","type":"product","link":"https:\/\/accessrec.eu\/tr\/hareket-ve-erisim-paspaslari\/koltuklar\/denizati\/","title":{"rendered":"Hippocampe &#8211; \u00c7ok y\u00f6nl\u00fc arazi tekerlekli sandalyesi"},"content":{"rendered":"","protected":false},"excerpt":{"rendered":"<p>\u00c7ok y\u00f6nl\u00fc arazi tekerlekli sandalyesi<\/p>\n","protected":false},"featured_media":35260,"comment_status":"closed","ping_status":"closed","template":"","meta":{"_acf_changed":false,"site-sidebar-layout":"default","site-content-layout":"default","ast-site-content-layout":"default","site-content-style":"default","site-sidebar-style":"default","ast-global-header-display":"","ast-banner-title-visibility":"","ast-main-header-display":"","ast-hfb-above-header-display":"","ast-hfb-below-header-display":"","ast-hfb-mobile-header-display":"","site-post-title":"","ast-breadcrumbs-content":"","ast-featured-img":"","footer-sml-layout":"","theme-transparent-header-meta":"default","adv-header-id-meta":"","stick-header-meta":"","header-above-stick-meta":"","header-main-stick-meta":"","header-below-stick-meta":"","astra-migrate-meta-layouts":"default","ast-page-background-enabled":"default","ast-page-background-meta":{"desktop":{"background-color":"","background-image":"","background-repeat":"repeat","background-position":"center center","background-size":"auto","background-attachment":"scroll","background-type":"","background-media":"","overlay-type":"","overlay-color":"","overlay-opacity":"","overlay-gradient":""},"tablet":{"background-color":"","background-image":"","background-repeat":"repeat","background-position":"center center","background-size":"auto","background-attachment":"scroll","background-type":"","background-media":"","overlay-type":"","overlay-color":"","overlay-opacity":"","overlay-gradient":""},"mobile":{"background-color":"","background-image":"","background-repeat":"repeat","background-position":"center center","background-size":"auto","background-attachment":"scroll","background-type":"","background-media":"","overlay-type":"","overlay-color":"","overlay-opacity":"","overlay-gradient":""}},"ast-content-background-meta":{"desktop":{"background-color":"var(--ast-global-color-5)","background-image":"","background-repeat":"repeat","background-position":"center center","background-size":"auto","background-attachment":"scroll","background-type":"","background-media":"","overlay-type":"","overlay-color":"","overlay-opacity":"","overlay-gradient":""},"tablet":{"background-color":"var(--ast-global-color-5)","background-image":"","background-repeat":"repeat","background-position":"center center","background-size":"auto","background-attachment":"scroll","background-type":"","background-media":"","overlay-type":"","overlay-color":"","overlay-opacity":"","overlay-gradient":""},"mobile":{"background-color":"var(--ast-global-color-5)","background-image":"","background-repeat":"repeat","background-position":"center center","background-size":"auto","background-attachment":"scroll","background-type":"","background-media":"","overlay-type":"","overlay-color":"","overlay-opacity":"","overlay-gradient":""}}},"product_brand":[],"product_cat":[1348,1345],"product_tag":[],"class_list":{"0":"post-16971","1":"product","2":"type-product","3":"status-publish","4":"has-post-thumbnail","6":"product_cat-koltuklar","7":"product_cat-sahil","8":"desktop-align-left","9":"tablet-align-left","10":"mobile-align-left","12":"first","13":"instock","14":"taxable","15":"shipping-taxable","16":"purchasable","17":"product-type-simple"},"acf":[],"yoast_head":"<!-- This site is optimized with the Yoast SEO plugin v27.5 - https:\/\/yoast.com\/product\/yoast-seo-wordpress\/ -->\n<title>Hippocampe - \u00c7ok y\u00f6nl\u00fc arazi tekerlekli sandalyesi | Accessrec<\/title>\n<meta name=\"description\" content=\"Hippocampe arazi tipi tekerlekli sandalye, PRM&#039;lerin (hareket kabiliyeti k\u0131s\u0131tl\u0131 ki\u015filer) her t\u00fcrl\u00fc araziye ve zemine eri\u015fimini sa\u011flar.\" \/>\n<meta name=\"robots\" content=\"index, follow, max-snippet:-1, max-image-preview:large, max-video-preview:-1\" \/>\n<link rel=\"canonical\" href=\"https:\/\/accessrec.eu\/tr\/hareket-ve-erisim-paspaslari\/koltuklar\/denizati\/\" \/>\n<meta property=\"og:locale\" content=\"tr_TR\" \/>\n<meta property=\"og:type\" content=\"article\" \/>\n<meta property=\"og:title\" content=\"Hippocampe - \u00c7ok y\u00f6nl\u00fc arazi tekerlekli sandalyesi | Accessrec\" \/>\n<meta property=\"og:description\" content=\"Hippocampe arazi tipi tekerlekli sandalye, PRM&#039;lerin (hareket kabiliyeti k\u0131s\u0131tl\u0131 ki\u015filer) her t\u00fcrl\u00fc araziye ve zemine eri\u015fimini sa\u011flar.\" \/>\n<meta property=\"og:url\" content=\"https:\/\/accessrec.eu\/tr\/hareket-ve-erisim-paspaslari\/koltuklar\/denizati\/\" \/>\n<meta property=\"og:site_name\" content=\"Accessrec\" \/>\n<meta property=\"article:modified_time\" content=\"2024-05-28T07:22:09+00:00\" \/>\n<meta property=\"og:image\" content=\"https:\/\/accessrec.eu\/wp-content\/uploads\/2022\/02\/hippocampe-long.jpg\" \/>\n\t<meta property=\"og:image:width\" content=\"855\" \/>\n\t<meta property=\"og:image:height\" content=\"624\" \/>\n\t<meta property=\"og:image:type\" content=\"image\/jpeg\" \/>\n<meta name=\"twitter:card\" content=\"summary_large_image\" \/>\n<script type=\"application\/ld+json\" class=\"yoast-schema-graph\">{\"@context\":\"https:\\\/\\\/schema.org\",\"@graph\":[{\"@type\":\"WebPage\",\"@id\":\"https:\\\/\\\/accessrec.eu\\\/tr\\\/hareket-ve-erisim-paspaslari\\\/koltuklar\\\/denizati\\\/\",\"url\":\"https:\\\/\\\/accessrec.eu\\\/tr\\\/hareket-ve-erisim-paspaslari\\\/koltuklar\\\/denizati\\\/\",\"name\":\"Hippocampe - \u00c7ok y\u00f6nl\u00fc arazi tekerlekli sandalyesi | Accessrec\",\"isPartOf\":{\"@id\":\"https:\\\/\\\/accessrec.eu\\\/tr\\\/#website\"},\"primaryImageOfPage\":{\"@id\":\"https:\\\/\\\/accessrec.eu\\\/tr\\\/hareket-ve-erisim-paspaslari\\\/koltuklar\\\/denizati\\\/#primaryimage\"},\"image\":{\"@id\":\"https:\\\/\\\/accessrec.eu\\\/tr\\\/hareket-ve-erisim-paspaslari\\\/koltuklar\\\/denizati\\\/#primaryimage\"},\"thumbnailUrl\":\"https:\\\/\\\/accessrec.eu\\\/wp-content\\\/uploads\\\/2022\\\/02\\\/hippocampe_Hippocampe-fauteuil-tout-terrain-13.jpg\",\"datePublished\":\"2022-04-14T08:54:39+00:00\",\"dateModified\":\"2024-05-28T07:22:09+00:00\",\"description\":\"Hippocampe arazi tipi tekerlekli sandalye, PRM'lerin (hareket kabiliyeti k\u0131s\u0131tl\u0131 ki\u015filer) her t\u00fcrl\u00fc araziye ve zemine eri\u015fimini sa\u011flar.\",\"breadcrumb\":{\"@id\":\"https:\\\/\\\/accessrec.eu\\\/tr\\\/hareket-ve-erisim-paspaslari\\\/koltuklar\\\/denizati\\\/#breadcrumb\"},\"inLanguage\":\"tr\",\"potentialAction\":[{\"@type\":\"ReadAction\",\"target\":[\"https:\\\/\\\/accessrec.eu\\\/tr\\\/hareket-ve-erisim-paspaslari\\\/koltuklar\\\/denizati\\\/\"]}]},{\"@type\":\"ImageObject\",\"inLanguage\":\"tr\",\"@id\":\"https:\\\/\\\/accessrec.eu\\\/tr\\\/hareket-ve-erisim-paspaslari\\\/koltuklar\\\/denizati\\\/#primaryimage\",\"url\":\"https:\\\/\\\/accessrec.eu\\\/wp-content\\\/uploads\\\/2022\\\/02\\\/hippocampe_Hippocampe-fauteuil-tout-terrain-13.jpg\",\"contentUrl\":\"https:\\\/\\\/accessrec.eu\\\/wp-content\\\/uploads\\\/2022\\\/02\\\/hippocampe_Hippocampe-fauteuil-tout-terrain-13.jpg\",\"width\":855,\"height\":624},{\"@type\":\"BreadcrumbList\",\"@id\":\"https:\\\/\\\/accessrec.eu\\\/tr\\\/hareket-ve-erisim-paspaslari\\\/koltuklar\\\/denizati\\\/#breadcrumb\",\"itemListElement\":[{\"@type\":\"ListItem\",\"position\":1,\"name\":\"Accueil\",\"item\":\"https:\\\/\\\/accessrec.eu\\\/tr\\\/?page_id=36786\"},{\"@type\":\"ListItem\",\"position\":2,\"name\":\"\u00dcr\u00fcnler\",\"item\":\"https:\\\/\\\/accessrec.eu\\\/tr\\\/shop\\\/\"},{\"@type\":\"ListItem\",\"position\":3,\"name\":\"Hareket ve eri\u015fim paspaslar\u0131\",\"item\":\"https:\\\/\\\/accessrec.eu\\\/tr\\\/hareket-ve-erisim-paspaslari\\\/\"},{\"@type\":\"ListItem\",\"position\":4,\"name\":\"Koltuklar\",\"item\":\"https:\\\/\\\/accessrec.eu\\\/tr\\\/hareket-ve-erisim-paspaslari\\\/koltuklar\\\/\"},{\"@type\":\"ListItem\",\"position\":5,\"name\":\"Hippocampe &#8211; \u00c7ok y\u00f6nl\u00fc arazi tekerlekli sandalyesi\"}]},{\"@type\":\"WebSite\",\"@id\":\"https:\\\/\\\/accessrec.eu\\\/tr\\\/#website\",\"url\":\"https:\\\/\\\/accessrec.eu\\\/tr\\\/\",\"name\":\"Accessrec\",\"description\":\"\",\"publisher\":{\"@id\":\"https:\\\/\\\/accessrec.eu\\\/tr\\\/#organization\"},\"potentialAction\":[{\"@type\":\"SearchAction\",\"target\":{\"@type\":\"EntryPoint\",\"urlTemplate\":\"https:\\\/\\\/accessrec.eu\\\/tr\\\/?s={search_term_string}\"},\"query-input\":{\"@type\":\"PropertyValueSpecification\",\"valueRequired\":true,\"valueName\":\"search_term_string\"}}],\"inLanguage\":\"tr\"},{\"@type\":\"Organization\",\"@id\":\"https:\\\/\\\/accessrec.eu\\\/tr\\\/#organization\",\"name\":\"Accessrec\",\"url\":\"https:\\\/\\\/accessrec.eu\\\/tr\\\/\",\"logo\":{\"@type\":\"ImageObject\",\"inLanguage\":\"tr\",\"@id\":\"https:\\\/\\\/accessrec.eu\\\/tr\\\/#\\\/schema\\\/logo\\\/image\\\/\",\"url\":\"https:\\\/\\\/accessrec.eu\\\/wp-content\\\/uploads\\\/2025\\\/11\\\/accessrec-by-deschamps.webp\",\"contentUrl\":\"https:\\\/\\\/accessrec.eu\\\/wp-content\\\/uploads\\\/2025\\\/11\\\/accessrec-by-deschamps.webp\",\"width\":600,\"height\":150,\"caption\":\"Accessrec\"},\"image\":{\"@id\":\"https:\\\/\\\/accessrec.eu\\\/tr\\\/#\\\/schema\\\/logo\\\/image\\\/\"}}]}<\/script>\n<!-- \/ Yoast SEO plugin. -->","yoast_head_json":{"title":"Hippocampe - \u00c7ok y\u00f6nl\u00fc arazi tekerlekli sandalyesi | Accessrec","description":"Hippocampe arazi tipi tekerlekli sandalye, PRM'lerin (hareket kabiliyeti k\u0131s\u0131tl\u0131 ki\u015filer) her t\u00fcrl\u00fc araziye ve zemine eri\u015fimini sa\u011flar.","robots":{"index":"index","follow":"follow","max-snippet":"max-snippet:-1","max-image-preview":"max-image-preview:large","max-video-preview":"max-video-preview:-1"},"canonical":"https:\/\/accessrec.eu\/tr\/hareket-ve-erisim-paspaslari\/koltuklar\/denizati\/","og_locale":"tr_TR","og_type":"article","og_title":"Hippocampe - \u00c7ok y\u00f6nl\u00fc arazi tekerlekli sandalyesi | Accessrec","og_description":"Hippocampe arazi tipi tekerlekli sandalye, PRM'lerin (hareket kabiliyeti k\u0131s\u0131tl\u0131 ki\u015filer) her t\u00fcrl\u00fc araziye ve zemine eri\u015fimini sa\u011flar.","og_url":"https:\/\/accessrec.eu\/tr\/hareket-ve-erisim-paspaslari\/koltuklar\/denizati\/","og_site_name":"Accessrec","article_modified_time":"2024-05-28T07:22:09+00:00","og_image":[{"width":855,"height":624,"url":"https:\/\/accessrec.eu\/wp-content\/uploads\/2022\/02\/hippocampe-long.jpg","type":"image\/jpeg"}],"twitter_card":"summary_large_image","schema":{"@context":"https:\/\/schema.org","@graph":[{"@type":"WebPage","@id":"https:\/\/accessrec.eu\/tr\/hareket-ve-erisim-paspaslari\/koltuklar\/denizati\/","url":"https:\/\/accessrec.eu\/tr\/hareket-ve-erisim-paspaslari\/koltuklar\/denizati\/","name":"Hippocampe - \u00c7ok y\u00f6nl\u00fc arazi tekerlekli sandalyesi | Accessrec","isPartOf":{"@id":"https:\/\/accessrec.eu\/tr\/#website"},"primaryImageOfPage":{"@id":"https:\/\/accessrec.eu\/tr\/hareket-ve-erisim-paspaslari\/koltuklar\/denizati\/#primaryimage"},"image":{"@id":"https:\/\/accessrec.eu\/tr\/hareket-ve-erisim-paspaslari\/koltuklar\/denizati\/#primaryimage"},"thumbnailUrl":"https:\/\/accessrec.eu\/wp-content\/uploads\/2022\/02\/hippocampe_Hippocampe-fauteuil-tout-terrain-13.jpg","datePublished":"2022-04-14T08:54:39+00:00","dateModified":"2024-05-28T07:22:09+00:00","description":"Hippocampe arazi tipi tekerlekli sandalye, PRM'lerin (hareket kabiliyeti k\u0131s\u0131tl\u0131 ki\u015filer) her t\u00fcrl\u00fc araziye ve zemine eri\u015fimini sa\u011flar.","breadcrumb":{"@id":"https:\/\/accessrec.eu\/tr\/hareket-ve-erisim-paspaslari\/koltuklar\/denizati\/#breadcrumb"},"inLanguage":"tr","potentialAction":[{"@type":"ReadAction","target":["https:\/\/accessrec.eu\/tr\/hareket-ve-erisim-paspaslari\/koltuklar\/denizati\/"]}]},{"@type":"ImageObject","inLanguage":"tr","@id":"https:\/\/accessrec.eu\/tr\/hareket-ve-erisim-paspaslari\/koltuklar\/denizati\/#primaryimage","url":"https:\/\/accessrec.eu\/wp-content\/uploads\/2022\/02\/hippocampe_Hippocampe-fauteuil-tout-terrain-13.jpg","contentUrl":"https:\/\/accessrec.eu\/wp-content\/uploads\/2022\/02\/hippocampe_Hippocampe-fauteuil-tout-terrain-13.jpg","width":855,"height":624},{"@type":"BreadcrumbList","@id":"https:\/\/accessrec.eu\/tr\/hareket-ve-erisim-paspaslari\/koltuklar\/denizati\/#breadcrumb","itemListElement":[{"@type":"ListItem","position":1,"name":"Accueil","item":"https:\/\/accessrec.eu\/tr\/?page_id=36786"},{"@type":"ListItem","position":2,"name":"\u00dcr\u00fcnler","item":"https:\/\/accessrec.eu\/tr\/shop\/"},{"@type":"ListItem","position":3,"name":"Hareket ve eri\u015fim paspaslar\u0131","item":"https:\/\/accessrec.eu\/tr\/hareket-ve-erisim-paspaslari\/"},{"@type":"ListItem","position":4,"name":"Koltuklar","item":"https:\/\/accessrec.eu\/tr\/hareket-ve-erisim-paspaslari\/koltuklar\/"},{"@type":"ListItem","position":5,"name":"Hippocampe &#8211; \u00c7ok y\u00f6nl\u00fc arazi tekerlekli sandalyesi"}]},{"@type":"WebSite","@id":"https:\/\/accessrec.eu\/tr\/#website","url":"https:\/\/accessrec.eu\/tr\/","name":"Accessrec","description":"","publisher":{"@id":"https:\/\/accessrec.eu\/tr\/#organization"},"potentialAction":[{"@type":"SearchAction","target":{"@type":"EntryPoint","urlTemplate":"https:\/\/accessrec.eu\/tr\/?s={search_term_string}"},"query-input":{"@type":"PropertyValueSpecification","valueRequired":true,"valueName":"search_term_string"}}],"inLanguage":"tr"},{"@type":"Organization","@id":"https:\/\/accessrec.eu\/tr\/#organization","name":"Accessrec","url":"https:\/\/accessrec.eu\/tr\/","logo":{"@type":"ImageObject","inLanguage":"tr","@id":"https:\/\/accessrec.eu\/tr\/#\/schema\/logo\/image\/","url":"https:\/\/accessrec.eu\/wp-content\/uploads\/2025\/11\/accessrec-by-deschamps.webp","contentUrl":"https:\/\/accessrec.eu\/wp-content\/uploads\/2025\/11\/accessrec-by-deschamps.webp","width":600,"height":150,"caption":"Accessrec"},"image":{"@id":"https:\/\/accessrec.eu\/tr\/#\/schema\/logo\/image\/"}}]}},"_links":{"self":[{"href":"https:\/\/accessrec.eu\/tr\/wp-json\/wp\/v2\/product\/16971","targetHints":{"allow":["GET"]}}],"collection":[{"href":"https:\/\/accessrec.eu\/tr\/wp-json\/wp\/v2\/product"}],"about":[{"href":"https:\/\/accessrec.eu\/tr\/wp-json\/wp\/v2\/types\/product"}],"replies":[{"embeddable":true,"href":"https:\/\/accessrec.eu\/tr\/wp-json\/wp\/v2\/comments?post=16971"}],"wp:featuredmedia":[{"embeddable":true,"href":"https:\/\/accessrec.eu\/tr\/wp-json\/wp\/v2\/media\/35260"}],"wp:attachment":[{"href":"https:\/\/accessrec.eu\/tr\/wp-json\/wp\/v2\/media?parent=16971"}],"wp:term":[{"taxonomy":"product_brand","embeddable":true,"href":"https:\/\/accessrec.eu\/tr\/wp-json\/wp\/v2\/product_brand?post=16971"},{"taxonomy":"product_cat","embeddable":true,"href":"https:\/\/accessrec.eu\/tr\/wp-json\/wp\/v2\/product_cat?post=16971"},{"taxonomy":"product_tag","embeddable":true,"href":"https:\/\/accessrec.eu\/tr\/wp-json\/wp\/v2\/product_tag?post=16971"}],"curies":[{"name":"wp","href":"https:\/\/api.w.org\/{rel}","templated":true}]}}