{"id":16976,"date":"2022-07-20T19:08:56","date_gmt":"2022-07-20T17:08:56","guid":{"rendered":"https:\/\/accessrec.eu\/product\/kategorilenmemis\/accessdeck-light-moduler-erisim-noktalari-olusturmak-icin-sert-ekonomik-paneller\/"},"modified":"2024-05-28T09:23:12","modified_gmt":"2024-05-28T07:23:12","slug":"mobi-deck-light","status":"publish","type":"product","link":"https:\/\/accessrec.eu\/tr\/hareket-ve-erisim-paspaslari\/kosucular-ve-halilar\/accessdeck-light\/","title":{"rendered":"Mobi-Deck Light &#8211; Mod\u00fcler eri\u015fim yollar\u0131 olu\u015fturmak i\u00e7in sert, ekonomik paneller"},"content":{"rendered":"","protected":false},"excerpt":{"rendered":"<p>Uygun maliyetli, mod\u00fcler ve dayan\u0131kl\u0131 eri\u015fim plakalar\u0131<\/p>\n","protected":false},"featured_media":16991,"comment_status":"open","ping_status":"closed","template":"","meta":{"_acf_changed":false,"site-sidebar-layout":"default","site-content-layout":"default","ast-site-content-layout":"default","site-content-style":"default","site-sidebar-style":"default","ast-global-header-display":"","ast-banner-title-visibility":"","ast-main-header-display":"","ast-hfb-above-header-display":"","ast-hfb-below-header-display":"","ast-hfb-mobile-header-display":"","site-post-title":"","ast-breadcrumbs-content":"","ast-featured-img":"","footer-sml-layout":"","theme-transparent-header-meta":"default","adv-header-id-meta":"","stick-header-meta":"","header-above-stick-meta":"","header-main-stick-meta":"","header-below-stick-meta":"","astra-migrate-meta-layouts":"default","ast-page-background-enabled":"default","ast-page-background-meta":{"desktop":{"background-color":"","background-image":"","background-repeat":"repeat","background-position":"center center","background-size":"auto","background-attachment":"scroll","background-type":"","background-media":"","overlay-type":"","overlay-color":"","overlay-opacity":"","overlay-gradient":""},"tablet":{"background-color":"","background-image":"","background-repeat":"repeat","background-position":"center center","background-size":"auto","background-attachment":"scroll","background-type":"","background-media":"","overlay-type":"","overlay-color":"","overlay-opacity":"","overlay-gradient":""},"mobile":{"background-color":"","background-image":"","background-repeat":"repeat","background-position":"center center","background-size":"auto","background-attachment":"scroll","background-type":"","background-media":"","overlay-type":"","overlay-color":"","overlay-opacity":"","overlay-gradient":""}},"ast-content-background-meta":{"desktop":{"background-color":"var(--ast-global-color-5)","background-image":"","background-repeat":"repeat","background-position":"center center","background-size":"auto","background-attachment":"scroll","background-type":"","background-media":"","overlay-type":"","overlay-color":"","overlay-opacity":"","overlay-gradient":""},"tablet":{"background-color":"var(--ast-global-color-5)","background-image":"","background-repeat":"repeat","background-position":"center center","background-size":"auto","background-attachment":"scroll","background-type":"","background-media":"","overlay-type":"","overlay-color":"","overlay-opacity":"","overlay-gradient":""},"mobile":{"background-color":"var(--ast-global-color-5)","background-image":"","background-repeat":"repeat","background-position":"center center","background-size":"auto","background-attachment":"scroll","background-type":"","background-media":"","overlay-type":"","overlay-color":"","overlay-opacity":"","overlay-gradient":""}}},"product_brand":[],"product_cat":[1339],"product_tag":[],"class_list":{"0":"post-16976","1":"product","2":"type-product","3":"status-publish","4":"has-post-thumbnail","6":"product_cat-kosucular-ve-halilar","7":"desktop-align-left","8":"tablet-align-left","9":"mobile-align-left","11":"first","12":"instock","13":"taxable","14":"shipping-taxable","15":"purchasable","16":"product-type-variable"},"acf":[],"yoast_head":"<!-- This site is optimized with the Yoast SEO plugin v27.5 - https:\/\/yoast.com\/product\/yoast-seo-wordpress\/ -->\n<title>Mobi-Deck Light - Mod\u00fcler eri\u015fim yollar\u0131 olu\u015fturmak i\u00e7in sert, ekonomik paneller | Accessrec<\/title>\n<meta name=\"description\" content=\"Dengesiz zeminlerde esnek eri\u015fim noktalar\u0131 olu\u015fturmak i\u00e7in sert, hafif paneller. Accessdeck optimum bir eri\u015filebilirlik yoludur.\" \/>\n<meta name=\"robots\" content=\"index, follow, max-snippet:-1, max-image-preview:large, max-video-preview:-1\" \/>\n<link rel=\"canonical\" href=\"https:\/\/accessrec.eu\/tr\/hareket-ve-erisim-paspaslari\/kosucular-ve-halilar\/accessdeck-light\/\" \/>\n<meta property=\"og:locale\" content=\"tr_TR\" \/>\n<meta property=\"og:type\" content=\"article\" \/>\n<meta property=\"og:title\" content=\"Mobi-Deck Light - Mod\u00fcler eri\u015fim yollar\u0131 olu\u015fturmak i\u00e7in sert, ekonomik paneller | Accessrec\" \/>\n<meta property=\"og:description\" content=\"Dengesiz zeminlerde esnek eri\u015fim noktalar\u0131 olu\u015fturmak i\u00e7in sert, hafif paneller. Accessdeck optimum bir eri\u015filebilirlik yoludur.\" \/>\n<meta property=\"og:url\" content=\"https:\/\/accessrec.eu\/tr\/hareket-ve-erisim-paspaslari\/kosucular-ve-halilar\/accessdeck-light\/\" \/>\n<meta property=\"og:site_name\" content=\"Accessrec\" \/>\n<meta property=\"article:modified_time\" content=\"2024-05-28T07:23:12+00:00\" \/>\n<meta property=\"og:image\" content=\"https:\/\/accessrec.eu\/wp-content\/uploads\/2022\/07\/accessdeck-light-2-min.jpg\" \/>\n\t<meta property=\"og:image:width\" content=\"855\" \/>\n\t<meta property=\"og:image:height\" content=\"624\" \/>\n\t<meta property=\"og:image:type\" content=\"image\/jpeg\" \/>\n<meta name=\"twitter:card\" content=\"summary_large_image\" \/>\n<script type=\"application\/ld+json\" class=\"yoast-schema-graph\">{\"@context\":\"https:\\\/\\\/schema.org\",\"@graph\":[{\"@type\":\"WebPage\",\"@id\":\"https:\\\/\\\/accessrec.eu\\\/tr\\\/hareket-ve-erisim-paspaslari\\\/kosucular-ve-halilar\\\/accessdeck-light\\\/\",\"url\":\"https:\\\/\\\/accessrec.eu\\\/tr\\\/hareket-ve-erisim-paspaslari\\\/kosucular-ve-halilar\\\/accessdeck-light\\\/\",\"name\":\"Mobi-Deck Light - Mod\u00fcler eri\u015fim yollar\u0131 olu\u015fturmak i\u00e7in sert, ekonomik paneller | Accessrec\",\"isPartOf\":{\"@id\":\"https:\\\/\\\/accessrec.eu\\\/tr\\\/#website\"},\"primaryImageOfPage\":{\"@id\":\"https:\\\/\\\/accessrec.eu\\\/tr\\\/hareket-ve-erisim-paspaslari\\\/kosucular-ve-halilar\\\/accessdeck-light\\\/#primaryimage\"},\"image\":{\"@id\":\"https:\\\/\\\/accessrec.eu\\\/tr\\\/hareket-ve-erisim-paspaslari\\\/kosucular-ve-halilar\\\/accessdeck-light\\\/#primaryimage\"},\"thumbnailUrl\":\"https:\\\/\\\/accessrec.eu\\\/wp-content\\\/uploads\\\/2022\\\/07\\\/accessdeck-light-2-min.jpg\",\"datePublished\":\"2022-07-20T17:08:56+00:00\",\"dateModified\":\"2024-05-28T07:23:12+00:00\",\"description\":\"Dengesiz zeminlerde esnek eri\u015fim noktalar\u0131 olu\u015fturmak i\u00e7in sert, hafif paneller. Accessdeck optimum bir eri\u015filebilirlik yoludur.\",\"breadcrumb\":{\"@id\":\"https:\\\/\\\/accessrec.eu\\\/tr\\\/hareket-ve-erisim-paspaslari\\\/kosucular-ve-halilar\\\/accessdeck-light\\\/#breadcrumb\"},\"inLanguage\":\"tr\",\"potentialAction\":[{\"@type\":\"ReadAction\",\"target\":[\"https:\\\/\\\/accessrec.eu\\\/tr\\\/hareket-ve-erisim-paspaslari\\\/kosucular-ve-halilar\\\/accessdeck-light\\\/\"]}]},{\"@type\":\"ImageObject\",\"inLanguage\":\"tr\",\"@id\":\"https:\\\/\\\/accessrec.eu\\\/tr\\\/hareket-ve-erisim-paspaslari\\\/kosucular-ve-halilar\\\/accessdeck-light\\\/#primaryimage\",\"url\":\"https:\\\/\\\/accessrec.eu\\\/wp-content\\\/uploads\\\/2022\\\/07\\\/accessdeck-light-2-min.jpg\",\"contentUrl\":\"https:\\\/\\\/accessrec.eu\\\/wp-content\\\/uploads\\\/2022\\\/07\\\/accessdeck-light-2-min.jpg\",\"width\":855,\"height\":624,\"caption\":\"Accessdeck \u0131\u015f\u0131k\"},{\"@type\":\"BreadcrumbList\",\"@id\":\"https:\\\/\\\/accessrec.eu\\\/tr\\\/hareket-ve-erisim-paspaslari\\\/kosucular-ve-halilar\\\/accessdeck-light\\\/#breadcrumb\",\"itemListElement\":[{\"@type\":\"ListItem\",\"position\":1,\"name\":\"Accueil\",\"item\":\"https:\\\/\\\/accessrec.eu\\\/tr\\\/?page_id=36786\"},{\"@type\":\"ListItem\",\"position\":2,\"name\":\"\u00dcr\u00fcnler\",\"item\":\"https:\\\/\\\/accessrec.eu\\\/tr\\\/shop\\\/\"},{\"@type\":\"ListItem\",\"position\":3,\"name\":\"Hareket ve eri\u015fim paspaslar\u0131\",\"item\":\"https:\\\/\\\/accessrec.eu\\\/tr\\\/hareket-ve-erisim-paspaslari\\\/\"},{\"@type\":\"ListItem\",\"position\":4,\"name\":\"Ko\u015fucular ve hal\u0131lar\",\"item\":\"https:\\\/\\\/accessrec.eu\\\/tr\\\/hareket-ve-erisim-paspaslari\\\/kosucular-ve-halilar\\\/\"},{\"@type\":\"ListItem\",\"position\":5,\"name\":\"Accessdeck Light &#8211; Mod\u00fcler eri\u015fim yollar\u0131 olu\u015fturmak i\u00e7in sert, ekonomik paneller\"}]},{\"@type\":\"WebSite\",\"@id\":\"https:\\\/\\\/accessrec.eu\\\/tr\\\/#website\",\"url\":\"https:\\\/\\\/accessrec.eu\\\/tr\\\/\",\"name\":\"Accessrec\",\"description\":\"\",\"publisher\":{\"@id\":\"https:\\\/\\\/accessrec.eu\\\/tr\\\/#organization\"},\"potentialAction\":[{\"@type\":\"SearchAction\",\"target\":{\"@type\":\"EntryPoint\",\"urlTemplate\":\"https:\\\/\\\/accessrec.eu\\\/tr\\\/?s={search_term_string}\"},\"query-input\":{\"@type\":\"PropertyValueSpecification\",\"valueRequired\":true,\"valueName\":\"search_term_string\"}}],\"inLanguage\":\"tr\"},{\"@type\":\"Organization\",\"@id\":\"https:\\\/\\\/accessrec.eu\\\/tr\\\/#organization\",\"name\":\"Accessrec\",\"url\":\"https:\\\/\\\/accessrec.eu\\\/tr\\\/\",\"logo\":{\"@type\":\"ImageObject\",\"inLanguage\":\"tr\",\"@id\":\"https:\\\/\\\/accessrec.eu\\\/tr\\\/#\\\/schema\\\/logo\\\/image\\\/\",\"url\":\"https:\\\/\\\/accessrec.eu\\\/wp-content\\\/uploads\\\/2025\\\/11\\\/accessrec-by-deschamps.webp\",\"contentUrl\":\"https:\\\/\\\/accessrec.eu\\\/wp-content\\\/uploads\\\/2025\\\/11\\\/accessrec-by-deschamps.webp\",\"width\":600,\"height\":150,\"caption\":\"Accessrec\"},\"image\":{\"@id\":\"https:\\\/\\\/accessrec.eu\\\/tr\\\/#\\\/schema\\\/logo\\\/image\\\/\"}}]}<\/script>\n<!-- \/ Yoast SEO plugin. -->","yoast_head_json":{"title":"Mobi-Deck Light - Mod\u00fcler eri\u015fim yollar\u0131 olu\u015fturmak i\u00e7in sert, ekonomik paneller | Accessrec","description":"Dengesiz zeminlerde esnek eri\u015fim noktalar\u0131 olu\u015fturmak i\u00e7in sert, hafif paneller. Accessdeck optimum bir eri\u015filebilirlik yoludur.","robots":{"index":"index","follow":"follow","max-snippet":"max-snippet:-1","max-image-preview":"max-image-preview:large","max-video-preview":"max-video-preview:-1"},"canonical":"https:\/\/accessrec.eu\/tr\/hareket-ve-erisim-paspaslari\/kosucular-ve-halilar\/accessdeck-light\/","og_locale":"tr_TR","og_type":"article","og_title":"Mobi-Deck Light - Mod\u00fcler eri\u015fim yollar\u0131 olu\u015fturmak i\u00e7in sert, ekonomik paneller | Accessrec","og_description":"Dengesiz zeminlerde esnek eri\u015fim noktalar\u0131 olu\u015fturmak i\u00e7in sert, hafif paneller. Accessdeck optimum bir eri\u015filebilirlik yoludur.","og_url":"https:\/\/accessrec.eu\/tr\/hareket-ve-erisim-paspaslari\/kosucular-ve-halilar\/accessdeck-light\/","og_site_name":"Accessrec","article_modified_time":"2024-05-28T07:23:12+00:00","og_image":[{"width":855,"height":624,"url":"https:\/\/accessrec.eu\/wp-content\/uploads\/2022\/07\/accessdeck-light-2-min.jpg","type":"image\/jpeg"}],"twitter_card":"summary_large_image","schema":{"@context":"https:\/\/schema.org","@graph":[{"@type":"WebPage","@id":"https:\/\/accessrec.eu\/tr\/hareket-ve-erisim-paspaslari\/kosucular-ve-halilar\/accessdeck-light\/","url":"https:\/\/accessrec.eu\/tr\/hareket-ve-erisim-paspaslari\/kosucular-ve-halilar\/accessdeck-light\/","name":"Mobi-Deck Light - Mod\u00fcler eri\u015fim yollar\u0131 olu\u015fturmak i\u00e7in sert, ekonomik paneller | Accessrec","isPartOf":{"@id":"https:\/\/accessrec.eu\/tr\/#website"},"primaryImageOfPage":{"@id":"https:\/\/accessrec.eu\/tr\/hareket-ve-erisim-paspaslari\/kosucular-ve-halilar\/accessdeck-light\/#primaryimage"},"image":{"@id":"https:\/\/accessrec.eu\/tr\/hareket-ve-erisim-paspaslari\/kosucular-ve-halilar\/accessdeck-light\/#primaryimage"},"thumbnailUrl":"https:\/\/accessrec.eu\/wp-content\/uploads\/2022\/07\/accessdeck-light-2-min.jpg","datePublished":"2022-07-20T17:08:56+00:00","dateModified":"2024-05-28T07:23:12+00:00","description":"Dengesiz zeminlerde esnek eri\u015fim noktalar\u0131 olu\u015fturmak i\u00e7in sert, hafif paneller. Accessdeck optimum bir eri\u015filebilirlik yoludur.","breadcrumb":{"@id":"https:\/\/accessrec.eu\/tr\/hareket-ve-erisim-paspaslari\/kosucular-ve-halilar\/accessdeck-light\/#breadcrumb"},"inLanguage":"tr","potentialAction":[{"@type":"ReadAction","target":["https:\/\/accessrec.eu\/tr\/hareket-ve-erisim-paspaslari\/kosucular-ve-halilar\/accessdeck-light\/"]}]},{"@type":"ImageObject","inLanguage":"tr","@id":"https:\/\/accessrec.eu\/tr\/hareket-ve-erisim-paspaslari\/kosucular-ve-halilar\/accessdeck-light\/#primaryimage","url":"https:\/\/accessrec.eu\/wp-content\/uploads\/2022\/07\/accessdeck-light-2-min.jpg","contentUrl":"https:\/\/accessrec.eu\/wp-content\/uploads\/2022\/07\/accessdeck-light-2-min.jpg","width":855,"height":624,"caption":"Accessdeck \u0131\u015f\u0131k"},{"@type":"BreadcrumbList","@id":"https:\/\/accessrec.eu\/tr\/hareket-ve-erisim-paspaslari\/kosucular-ve-halilar\/accessdeck-light\/#breadcrumb","itemListElement":[{"@type":"ListItem","position":1,"name":"Accueil","item":"https:\/\/accessrec.eu\/tr\/?page_id=36786"},{"@type":"ListItem","position":2,"name":"\u00dcr\u00fcnler","item":"https:\/\/accessrec.eu\/tr\/shop\/"},{"@type":"ListItem","position":3,"name":"Hareket ve eri\u015fim paspaslar\u0131","item":"https:\/\/accessrec.eu\/tr\/hareket-ve-erisim-paspaslari\/"},{"@type":"ListItem","position":4,"name":"Ko\u015fucular ve hal\u0131lar","item":"https:\/\/accessrec.eu\/tr\/hareket-ve-erisim-paspaslari\/kosucular-ve-halilar\/"},{"@type":"ListItem","position":5,"name":"Accessdeck Light &#8211; Mod\u00fcler eri\u015fim yollar\u0131 olu\u015fturmak i\u00e7in sert, ekonomik paneller"}]},{"@type":"WebSite","@id":"https:\/\/accessrec.eu\/tr\/#website","url":"https:\/\/accessrec.eu\/tr\/","name":"Accessrec","description":"","publisher":{"@id":"https:\/\/accessrec.eu\/tr\/#organization"},"potentialAction":[{"@type":"SearchAction","target":{"@type":"EntryPoint","urlTemplate":"https:\/\/accessrec.eu\/tr\/?s={search_term_string}"},"query-input":{"@type":"PropertyValueSpecification","valueRequired":true,"valueName":"search_term_string"}}],"inLanguage":"tr"},{"@type":"Organization","@id":"https:\/\/accessrec.eu\/tr\/#organization","name":"Accessrec","url":"https:\/\/accessrec.eu\/tr\/","logo":{"@type":"ImageObject","inLanguage":"tr","@id":"https:\/\/accessrec.eu\/tr\/#\/schema\/logo\/image\/","url":"https:\/\/accessrec.eu\/wp-content\/uploads\/2025\/11\/accessrec-by-deschamps.webp","contentUrl":"https:\/\/accessrec.eu\/wp-content\/uploads\/2025\/11\/accessrec-by-deschamps.webp","width":600,"height":150,"caption":"Accessrec"},"image":{"@id":"https:\/\/accessrec.eu\/tr\/#\/schema\/logo\/image\/"}}]}},"_links":{"self":[{"href":"https:\/\/accessrec.eu\/tr\/wp-json\/wp\/v2\/product\/16976","targetHints":{"allow":["GET"]}}],"collection":[{"href":"https:\/\/accessrec.eu\/tr\/wp-json\/wp\/v2\/product"}],"about":[{"href":"https:\/\/accessrec.eu\/tr\/wp-json\/wp\/v2\/types\/product"}],"replies":[{"embeddable":true,"href":"https:\/\/accessrec.eu\/tr\/wp-json\/wp\/v2\/comments?post=16976"}],"wp:featuredmedia":[{"embeddable":true,"href":"https:\/\/accessrec.eu\/tr\/wp-json\/wp\/v2\/media\/16991"}],"wp:attachment":[{"href":"https:\/\/accessrec.eu\/tr\/wp-json\/wp\/v2\/media?parent=16976"}],"wp:term":[{"taxonomy":"product_brand","embeddable":true,"href":"https:\/\/accessrec.eu\/tr\/wp-json\/wp\/v2\/product_brand?post=16976"},{"taxonomy":"product_cat","embeddable":true,"href":"https:\/\/accessrec.eu\/tr\/wp-json\/wp\/v2\/product_cat?post=16976"},{"taxonomy":"product_tag","embeddable":true,"href":"https:\/\/accessrec.eu\/tr\/wp-json\/wp\/v2\/product_tag?post=16976"}],"curies":[{"name":"wp","href":"https:\/\/api.w.org\/{rel}","templated":true}]}}