{"id":17289,"date":"2022-03-11T10:41:33","date_gmt":"2022-03-11T09:41:33","guid":{"rendered":"https:\/\/accessrec.eu\/product\/kategorilenmemis\/accessvox-gorme-engelliler-icin-sesli-isaret\/"},"modified":"2024-05-17T18:51:26","modified_gmt":"2024-05-17T16:51:26","slug":"accessvox","status":"publish","type":"product","link":"https:\/\/accessrec.eu\/tr\/hareket-ve-erisim-paspaslari\/techizat\/accessvox\/","title":{"rendered":"Accessvox &#8211; G\u00f6rme engelliler i\u00e7in sesli i\u015faret"},"content":{"rendered":"<p class=\"title\">G\u00f6rme engellilere rehberlik etmek i\u00e7in sesli plaj i\u015faret\u00e7isi.<\/p>\n","protected":false},"excerpt":{"rendered":"<p>G\u00f6rme engelliler i\u00e7in sesli y\u00f6nlendirme i\u015fareti<\/p>\n","protected":false},"featured_media":17311,"comment_status":"closed","ping_status":"closed","template":"","meta":{"_acf_changed":false,"site-sidebar-layout":"default","site-content-layout":"default","ast-site-content-layout":"default","site-content-style":"default","site-sidebar-style":"default","ast-global-header-display":"","ast-banner-title-visibility":"","ast-main-header-display":"","ast-hfb-above-header-display":"","ast-hfb-below-header-display":"","ast-hfb-mobile-header-display":"","site-post-title":"","ast-breadcrumbs-content":"","ast-featured-img":"","footer-sml-layout":"","theme-transparent-header-meta":"default","adv-header-id-meta":"","stick-header-meta":"","header-above-stick-meta":"","header-main-stick-meta":"","header-below-stick-meta":"","astra-migrate-meta-layouts":"default","ast-page-background-enabled":"default","ast-page-background-meta":{"desktop":{"background-color":"","background-image":"","background-repeat":"repeat","background-position":"center center","background-size":"auto","background-attachment":"scroll","background-type":"","background-media":"","overlay-type":"","overlay-color":"","overlay-opacity":"","overlay-gradient":""},"tablet":{"background-color":"","background-image":"","background-repeat":"repeat","background-position":"center center","background-size":"auto","background-attachment":"scroll","background-type":"","background-media":"","overlay-type":"","overlay-color":"","overlay-opacity":"","overlay-gradient":""},"mobile":{"background-color":"","background-image":"","background-repeat":"repeat","background-position":"center center","background-size":"auto","background-attachment":"scroll","background-type":"","background-media":"","overlay-type":"","overlay-color":"","overlay-opacity":"","overlay-gradient":""}},"ast-content-background-meta":{"desktop":{"background-color":"var(--ast-global-color-5)","background-image":"","background-repeat":"repeat","background-position":"center center","background-size":"auto","background-attachment":"scroll","background-type":"","background-media":"","overlay-type":"","overlay-color":"","overlay-opacity":"","overlay-gradient":""},"tablet":{"background-color":"var(--ast-global-color-5)","background-image":"","background-repeat":"repeat","background-position":"center center","background-size":"auto","background-attachment":"scroll","background-type":"","background-media":"","overlay-type":"","overlay-color":"","overlay-opacity":"","overlay-gradient":""},"mobile":{"background-color":"var(--ast-global-color-5)","background-image":"","background-repeat":"repeat","background-position":"center center","background-size":"auto","background-attachment":"scroll","background-type":"","background-media":"","overlay-type":"","overlay-color":"","overlay-opacity":"","overlay-gradient":""}}},"product_brand":[],"product_cat":[1347],"product_tag":[],"class_list":{"0":"post-17289","1":"product","2":"type-product","3":"status-publish","4":"has-post-thumbnail","6":"product_cat-techizat","7":"desktop-align-left","8":"tablet-align-left","9":"mobile-align-left","11":"first","12":"instock","13":"taxable","14":"shipping-taxable","15":"purchasable","16":"product-type-simple"},"acf":[],"yoast_head":"<!-- This site is optimized with the Yoast SEO plugin v27.5 - https:\/\/yoast.com\/product\/yoast-seo-wordpress\/ -->\n<title>Accessvox - G\u00f6rme engelliler i\u00e7in sesli i\u015faret | Accessrec<\/title>\n<meta name=\"description\" content=\"Accessvox, g\u00f6rme engelli veya az g\u00f6ren ki\u015filere sesli i\u015faretler arac\u0131l\u0131\u011f\u0131yla rehberlik eden bir sesli i\u015farettir.\" \/>\n<meta name=\"robots\" content=\"index, follow, max-snippet:-1, max-image-preview:large, max-video-preview:-1\" \/>\n<link rel=\"canonical\" href=\"https:\/\/accessrec.eu\/tr\/hareket-ve-erisim-paspaslari\/techizat\/accessvox\/\" \/>\n<meta property=\"og:locale\" content=\"tr_TR\" \/>\n<meta property=\"og:type\" content=\"article\" \/>\n<meta property=\"og:title\" content=\"Accessvox - G\u00f6rme engelliler i\u00e7in sesli i\u015faret | Accessrec\" \/>\n<meta property=\"og:description\" content=\"Accessvox, g\u00f6rme engelli veya az g\u00f6ren ki\u015filere sesli i\u015faretler arac\u0131l\u0131\u011f\u0131yla rehberlik eden bir sesli i\u015farettir.\" \/>\n<meta property=\"og:url\" content=\"https:\/\/accessrec.eu\/tr\/hareket-ve-erisim-paspaslari\/techizat\/accessvox\/\" \/>\n<meta property=\"og:site_name\" content=\"Accessrec\" \/>\n<meta property=\"article:modified_time\" content=\"2024-05-17T16:51:26+00:00\" \/>\n<meta property=\"og:image\" content=\"https:\/\/accessrec.eu\/wp-content\/uploads\/2022\/03\/accessvox-min.png\" \/>\n\t<meta property=\"og:image:width\" content=\"855\" \/>\n\t<meta property=\"og:image:height\" content=\"624\" \/>\n\t<meta property=\"og:image:type\" content=\"image\/png\" \/>\n<meta name=\"twitter:card\" content=\"summary_large_image\" \/>\n<script type=\"application\/ld+json\" class=\"yoast-schema-graph\">{\"@context\":\"https:\\\/\\\/schema.org\",\"@graph\":[{\"@type\":\"WebPage\",\"@id\":\"https:\\\/\\\/accessrec.eu\\\/tr\\\/hareket-ve-erisim-paspaslari\\\/techizat\\\/accessvox\\\/\",\"url\":\"https:\\\/\\\/accessrec.eu\\\/tr\\\/hareket-ve-erisim-paspaslari\\\/techizat\\\/accessvox\\\/\",\"name\":\"Accessvox - G\u00f6rme engelliler i\u00e7in sesli i\u015faret | Accessrec\",\"isPartOf\":{\"@id\":\"https:\\\/\\\/accessrec.eu\\\/tr\\\/#website\"},\"primaryImageOfPage\":{\"@id\":\"https:\\\/\\\/accessrec.eu\\\/tr\\\/hareket-ve-erisim-paspaslari\\\/techizat\\\/accessvox\\\/#primaryimage\"},\"image\":{\"@id\":\"https:\\\/\\\/accessrec.eu\\\/tr\\\/hareket-ve-erisim-paspaslari\\\/techizat\\\/accessvox\\\/#primaryimage\"},\"thumbnailUrl\":\"https:\\\/\\\/accessrec.eu\\\/wp-content\\\/uploads\\\/2022\\\/03\\\/accessvox-min.png\",\"datePublished\":\"2022-03-11T09:41:33+00:00\",\"dateModified\":\"2024-05-17T16:51:26+00:00\",\"description\":\"Accessvox, g\u00f6rme engelli veya az g\u00f6ren ki\u015filere sesli i\u015faretler arac\u0131l\u0131\u011f\u0131yla rehberlik eden bir sesli i\u015farettir.\",\"breadcrumb\":{\"@id\":\"https:\\\/\\\/accessrec.eu\\\/tr\\\/hareket-ve-erisim-paspaslari\\\/techizat\\\/accessvox\\\/#breadcrumb\"},\"inLanguage\":\"tr\",\"potentialAction\":[{\"@type\":\"ReadAction\",\"target\":[\"https:\\\/\\\/accessrec.eu\\\/tr\\\/hareket-ve-erisim-paspaslari\\\/techizat\\\/accessvox\\\/\"]}]},{\"@type\":\"ImageObject\",\"inLanguage\":\"tr\",\"@id\":\"https:\\\/\\\/accessrec.eu\\\/tr\\\/hareket-ve-erisim-paspaslari\\\/techizat\\\/accessvox\\\/#primaryimage\",\"url\":\"https:\\\/\\\/accessrec.eu\\\/wp-content\\\/uploads\\\/2022\\\/03\\\/accessvox-min.png\",\"contentUrl\":\"https:\\\/\\\/accessrec.eu\\\/wp-content\\\/uploads\\\/2022\\\/03\\\/accessvox-min.png\",\"width\":855,\"height\":624,\"caption\":\"Accessvox\"},{\"@type\":\"BreadcrumbList\",\"@id\":\"https:\\\/\\\/accessrec.eu\\\/tr\\\/hareket-ve-erisim-paspaslari\\\/techizat\\\/accessvox\\\/#breadcrumb\",\"itemListElement\":[{\"@type\":\"ListItem\",\"position\":1,\"name\":\"Accueil\",\"item\":\"https:\\\/\\\/accessrec.eu\\\/tr\\\/?page_id=36786\"},{\"@type\":\"ListItem\",\"position\":2,\"name\":\"\u00dcr\u00fcnler\",\"item\":\"https:\\\/\\\/accessrec.eu\\\/tr\\\/shop\\\/\"},{\"@type\":\"ListItem\",\"position\":3,\"name\":\"\u00d6zel tekerlekli sandalyeler ve eri\u015filebilirlik ekipmanlar\u0131\",\"item\":\"https:\\\/\\\/accessrec.eu\\\/tr\\\/ozel-tekerlekli-sandalyeler-ve-erisilebilirlik-ekipmanlari\\\/\"},{\"@type\":\"ListItem\",\"position\":4,\"name\":\"Accessvox &#8211; G\u00f6rme engelliler i\u00e7in sesli i\u015faret\"}]},{\"@type\":\"WebSite\",\"@id\":\"https:\\\/\\\/accessrec.eu\\\/tr\\\/#website\",\"url\":\"https:\\\/\\\/accessrec.eu\\\/tr\\\/\",\"name\":\"Accessrec\",\"description\":\"\",\"publisher\":{\"@id\":\"https:\\\/\\\/accessrec.eu\\\/tr\\\/#organization\"},\"potentialAction\":[{\"@type\":\"SearchAction\",\"target\":{\"@type\":\"EntryPoint\",\"urlTemplate\":\"https:\\\/\\\/accessrec.eu\\\/tr\\\/?s={search_term_string}\"},\"query-input\":{\"@type\":\"PropertyValueSpecification\",\"valueRequired\":true,\"valueName\":\"search_term_string\"}}],\"inLanguage\":\"tr\"},{\"@type\":\"Organization\",\"@id\":\"https:\\\/\\\/accessrec.eu\\\/tr\\\/#organization\",\"name\":\"Accessrec\",\"url\":\"https:\\\/\\\/accessrec.eu\\\/tr\\\/\",\"logo\":{\"@type\":\"ImageObject\",\"inLanguage\":\"tr\",\"@id\":\"https:\\\/\\\/accessrec.eu\\\/tr\\\/#\\\/schema\\\/logo\\\/image\\\/\",\"url\":\"https:\\\/\\\/accessrec.eu\\\/wp-content\\\/uploads\\\/2025\\\/11\\\/accessrec-by-deschamps.webp\",\"contentUrl\":\"https:\\\/\\\/accessrec.eu\\\/wp-content\\\/uploads\\\/2025\\\/11\\\/accessrec-by-deschamps.webp\",\"width\":600,\"height\":150,\"caption\":\"Accessrec\"},\"image\":{\"@id\":\"https:\\\/\\\/accessrec.eu\\\/tr\\\/#\\\/schema\\\/logo\\\/image\\\/\"}}]}<\/script>\n<!-- \/ Yoast SEO plugin. -->","yoast_head_json":{"title":"Accessvox - G\u00f6rme engelliler i\u00e7in sesli i\u015faret | Accessrec","description":"Accessvox, g\u00f6rme engelli veya az g\u00f6ren ki\u015filere sesli i\u015faretler arac\u0131l\u0131\u011f\u0131yla rehberlik eden bir sesli i\u015farettir.","robots":{"index":"index","follow":"follow","max-snippet":"max-snippet:-1","max-image-preview":"max-image-preview:large","max-video-preview":"max-video-preview:-1"},"canonical":"https:\/\/accessrec.eu\/tr\/hareket-ve-erisim-paspaslari\/techizat\/accessvox\/","og_locale":"tr_TR","og_type":"article","og_title":"Accessvox - G\u00f6rme engelliler i\u00e7in sesli i\u015faret | Accessrec","og_description":"Accessvox, g\u00f6rme engelli veya az g\u00f6ren ki\u015filere sesli i\u015faretler arac\u0131l\u0131\u011f\u0131yla rehberlik eden bir sesli i\u015farettir.","og_url":"https:\/\/accessrec.eu\/tr\/hareket-ve-erisim-paspaslari\/techizat\/accessvox\/","og_site_name":"Accessrec","article_modified_time":"2024-05-17T16:51:26+00:00","og_image":[{"width":855,"height":624,"url":"https:\/\/accessrec.eu\/wp-content\/uploads\/2022\/03\/accessvox-min.png","type":"image\/png"}],"twitter_card":"summary_large_image","schema":{"@context":"https:\/\/schema.org","@graph":[{"@type":"WebPage","@id":"https:\/\/accessrec.eu\/tr\/hareket-ve-erisim-paspaslari\/techizat\/accessvox\/","url":"https:\/\/accessrec.eu\/tr\/hareket-ve-erisim-paspaslari\/techizat\/accessvox\/","name":"Accessvox - G\u00f6rme engelliler i\u00e7in sesli i\u015faret | Accessrec","isPartOf":{"@id":"https:\/\/accessrec.eu\/tr\/#website"},"primaryImageOfPage":{"@id":"https:\/\/accessrec.eu\/tr\/hareket-ve-erisim-paspaslari\/techizat\/accessvox\/#primaryimage"},"image":{"@id":"https:\/\/accessrec.eu\/tr\/hareket-ve-erisim-paspaslari\/techizat\/accessvox\/#primaryimage"},"thumbnailUrl":"https:\/\/accessrec.eu\/wp-content\/uploads\/2022\/03\/accessvox-min.png","datePublished":"2022-03-11T09:41:33+00:00","dateModified":"2024-05-17T16:51:26+00:00","description":"Accessvox, g\u00f6rme engelli veya az g\u00f6ren ki\u015filere sesli i\u015faretler arac\u0131l\u0131\u011f\u0131yla rehberlik eden bir sesli i\u015farettir.","breadcrumb":{"@id":"https:\/\/accessrec.eu\/tr\/hareket-ve-erisim-paspaslari\/techizat\/accessvox\/#breadcrumb"},"inLanguage":"tr","potentialAction":[{"@type":"ReadAction","target":["https:\/\/accessrec.eu\/tr\/hareket-ve-erisim-paspaslari\/techizat\/accessvox\/"]}]},{"@type":"ImageObject","inLanguage":"tr","@id":"https:\/\/accessrec.eu\/tr\/hareket-ve-erisim-paspaslari\/techizat\/accessvox\/#primaryimage","url":"https:\/\/accessrec.eu\/wp-content\/uploads\/2022\/03\/accessvox-min.png","contentUrl":"https:\/\/accessrec.eu\/wp-content\/uploads\/2022\/03\/accessvox-min.png","width":855,"height":624,"caption":"Accessvox"},{"@type":"BreadcrumbList","@id":"https:\/\/accessrec.eu\/tr\/hareket-ve-erisim-paspaslari\/techizat\/accessvox\/#breadcrumb","itemListElement":[{"@type":"ListItem","position":1,"name":"Accueil","item":"https:\/\/accessrec.eu\/tr\/?page_id=36786"},{"@type":"ListItem","position":2,"name":"\u00dcr\u00fcnler","item":"https:\/\/accessrec.eu\/tr\/shop\/"},{"@type":"ListItem","position":3,"name":"\u00d6zel tekerlekli sandalyeler ve eri\u015filebilirlik ekipmanlar\u0131","item":"https:\/\/accessrec.eu\/tr\/ozel-tekerlekli-sandalyeler-ve-erisilebilirlik-ekipmanlari\/"},{"@type":"ListItem","position":4,"name":"Accessvox &#8211; G\u00f6rme engelliler i\u00e7in sesli i\u015faret"}]},{"@type":"WebSite","@id":"https:\/\/accessrec.eu\/tr\/#website","url":"https:\/\/accessrec.eu\/tr\/","name":"Accessrec","description":"","publisher":{"@id":"https:\/\/accessrec.eu\/tr\/#organization"},"potentialAction":[{"@type":"SearchAction","target":{"@type":"EntryPoint","urlTemplate":"https:\/\/accessrec.eu\/tr\/?s={search_term_string}"},"query-input":{"@type":"PropertyValueSpecification","valueRequired":true,"valueName":"search_term_string"}}],"inLanguage":"tr"},{"@type":"Organization","@id":"https:\/\/accessrec.eu\/tr\/#organization","name":"Accessrec","url":"https:\/\/accessrec.eu\/tr\/","logo":{"@type":"ImageObject","inLanguage":"tr","@id":"https:\/\/accessrec.eu\/tr\/#\/schema\/logo\/image\/","url":"https:\/\/accessrec.eu\/wp-content\/uploads\/2025\/11\/accessrec-by-deschamps.webp","contentUrl":"https:\/\/accessrec.eu\/wp-content\/uploads\/2025\/11\/accessrec-by-deschamps.webp","width":600,"height":150,"caption":"Accessrec"},"image":{"@id":"https:\/\/accessrec.eu\/tr\/#\/schema\/logo\/image\/"}}]}},"_links":{"self":[{"href":"https:\/\/accessrec.eu\/tr\/wp-json\/wp\/v2\/product\/17289","targetHints":{"allow":["GET"]}}],"collection":[{"href":"https:\/\/accessrec.eu\/tr\/wp-json\/wp\/v2\/product"}],"about":[{"href":"https:\/\/accessrec.eu\/tr\/wp-json\/wp\/v2\/types\/product"}],"replies":[{"embeddable":true,"href":"https:\/\/accessrec.eu\/tr\/wp-json\/wp\/v2\/comments?post=17289"}],"wp:featuredmedia":[{"embeddable":true,"href":"https:\/\/accessrec.eu\/tr\/wp-json\/wp\/v2\/media\/17311"}],"wp:attachment":[{"href":"https:\/\/accessrec.eu\/tr\/wp-json\/wp\/v2\/media?parent=17289"}],"wp:term":[{"taxonomy":"product_brand","embeddable":true,"href":"https:\/\/accessrec.eu\/tr\/wp-json\/wp\/v2\/product_brand?post=17289"},{"taxonomy":"product_cat","embeddable":true,"href":"https:\/\/accessrec.eu\/tr\/wp-json\/wp\/v2\/product_cat?post=17289"},{"taxonomy":"product_tag","embeddable":true,"href":"https:\/\/accessrec.eu\/tr\/wp-json\/wp\/v2\/product_tag?post=17289"}],"curies":[{"name":"wp","href":"https:\/\/api.w.org\/{rel}","templated":true}]}}